{"id":13617,"date":"2021-02-03T11:05:53","date_gmt":"2021-02-03T16:05:53","guid":{"rendered":"https:\/\/www.qnde.ca\/?post_type=product&#038;p=13617"},"modified":"2025-08-07T08:52:22","modified_gmt":"2025-08-07T12:52:22","slug":"carestream-phantom","status":"publish","type":"product","link":"https:\/\/www.qnde.ca\/fr\/produit\/carestream-phantom\/","title":{"rendered":"Carestream HPX-1 CR Phantom"},"content":{"rendered":"<h3><strong>Carestream HPX-1 CR Phantom<\/strong><\/h3>\n<p>L\u2019outil de diagnostic HPX-1 CR Phantom est un syst\u00e8me de v\u00e9rification automatis\u00e9 qui v\u00e9rifie; la taille de pixel, proportions de pixels, lin\u00e9arit\u00e9 de la vitesse de num\u00e9risation, latitude d&rsquo;exposition, le bruit, Fonction de Transfert Modulaire (MTF), erreur de position de pixel, uniformit\u00e9 du champ, parasites de transport, bruit de position de ligne, bandes, tra\u00een\u00e9es et le ratio signal\/bruit (SNR).<\/p>\n<p>Le logiciel vous informe automatiquement si vous \u00eates pr\u00eat \u00e0 proc\u00e9der avec un indicateur VERT, JAUNE ou ROUGE. De plus, tous les param\u00e8tres du syst\u00e8me v\u00e9rifi\u00e9s sont document\u00e9s dans un rapport d\u00e9taill\u00e9.<\/p>\n<ul>\n<li>1008804: Ensemble CR Phantom pour HPX-1 <em>Plus<\/em> et HPX-PRO.<\/li>\n<\/ul>\n","protected":false},"excerpt":{"rendered":"<p>Carestream HPX-1 CR Phantom L\u2019outil de diagnostic HPX-1 CR Phantom est un syst\u00e8me de v\u00e9rification automatis\u00e9 qui v\u00e9rifie; la taille de pixel, proportions de pixels, lin\u00e9arit\u00e9 de la vitesse de num\u00e9risation, latitude d&rsquo;exposition, le bruit, Fonction de Transfert Modulaire (MTF), erreur de position de pixel, uniformit\u00e9 du champ, parasites de transport, bruit de position de [&hellip;]<\/p>\n","protected":false},"featured_media":13618,"template":"","meta":{"_monsterinsights_skip_tracking":false,"_monsterinsights_sitenote_active":false,"_monsterinsights_sitenote_note":"","_monsterinsights_sitenote_category":0},"product_brand":[],"product_cat":[388,144,141],"product_tag":[],"class_list":{"0":"post-13617","1":"product","2":"type-product","3":"status-publish","4":"has-post-thumbnail","6":"product_cat-carestream-fr","7":"product_cat-accessoires-exposition","8":"product_cat-radiologie-numerique-cr","10":"first","11":"instock","12":"shipping-taxable","13":"purchasable","14":"product-type-simple"},"yoast_head":"<!-- This site is optimized with the Yoast SEO plugin v23.9 - https:\/\/yoast.com\/wordpress\/plugins\/seo\/ -->\n<title>Carestream HPX-1 CR Phantom &#060; Qualit\u00e9 NDE<\/title>\n<meta name=\"description\" content=\"Outil de diagnostique pour verifier la taille et proportions de pixel, lin\u00e9arit\u00e9 de la vitesse de num\u00e9risation, et plus. Indicateur vert, jaune, et rouge.\" \/>\n<meta name=\"robots\" content=\"index, follow, max-snippet:-1, max-image-preview:large, max-video-preview:-1\" \/>\n<link rel=\"canonical\" href=\"https:\/\/www.qnde.ca\/fr\/produit\/carestream-phantom\/\" \/>\n<meta name=\"twitter:label1\" content=\"Dur\u00e9e de lecture estim\u00e9e\" \/>\n\t<meta name=\"twitter:data1\" content=\"1 minute\" \/>\n<script type=\"application\/ld+json\" class=\"yoast-schema-graph\">{\"@context\":\"https:\/\/schema.org\",\"@graph\":[{\"@type\":[\"WebPage\",\"ItemPage\"],\"@id\":\"https:\/\/www.qnde.ca\/fr\/produit\/carestream-phantom\/\",\"url\":\"https:\/\/www.qnde.ca\/fr\/produit\/carestream-phantom\/\",\"name\":\"Carestream HPX-1 CR Phantom &#060; Qualit\u00e9 NDE\",\"isPartOf\":{\"@id\":\"https:\/\/www.qnde.ca\/#website\"},\"primaryImageOfPage\":{\"@id\":\"https:\/\/www.qnde.ca\/fr\/produit\/carestream-phantom\/#primaryimage\"},\"image\":{\"@id\":\"https:\/\/www.qnde.ca\/fr\/produit\/carestream-phantom\/#primaryimage\"},\"thumbnailUrl\":\"https:\/\/www.qnde.ca\/wp-content\/uploads\/2021\/02\/Carestream-HPX-1-CR-Phantom-\u2013-Automated-verification-system.jpg\",\"datePublished\":\"2021-02-03T16:05:53+00:00\",\"dateModified\":\"2025-08-07T12:52:22+00:00\",\"description\":\"Outil de diagnostique pour verifier la taille et proportions de pixel, lin\u00e9arit\u00e9 de la vitesse de num\u00e9risation, et plus. Indicateur vert, jaune, et rouge.\",\"breadcrumb\":{\"@id\":\"https:\/\/www.qnde.ca\/fr\/produit\/carestream-phantom\/#breadcrumb\"},\"inLanguage\":\"fr-FR\",\"potentialAction\":[{\"@type\":\"ReadAction\",\"target\":[\"https:\/\/www.qnde.ca\/fr\/produit\/carestream-phantom\/\"]}]},{\"@type\":\"ImageObject\",\"inLanguage\":\"fr-FR\",\"@id\":\"https:\/\/www.qnde.ca\/fr\/produit\/carestream-phantom\/#primaryimage\",\"url\":\"https:\/\/www.qnde.ca\/wp-content\/uploads\/2021\/02\/Carestream-HPX-1-CR-Phantom-\u2013-Automated-verification-system.jpg\",\"contentUrl\":\"https:\/\/www.qnde.ca\/wp-content\/uploads\/2021\/02\/Carestream-HPX-1-CR-Phantom-\u2013-Automated-verification-system.jpg\",\"width\":1101,\"height\":1101},{\"@type\":\"BreadcrumbList\",\"@id\":\"https:\/\/www.qnde.ca\/fr\/produit\/carestream-phantom\/#breadcrumb\",\"itemListElement\":[{\"@type\":\"ListItem\",\"position\":1,\"name\":\"Accueil\",\"item\":\"https:\/\/www.qnde.ca\/fr\/\"},{\"@type\":\"ListItem\",\"position\":2,\"name\":\"Produits\",\"item\":\"https:\/\/www.qnde.ca\/fr\/produits\/\"},{\"@type\":\"ListItem\",\"position\":3,\"name\":\"Radiographie\",\"item\":\"https:\/\/www.qnde.ca\/fr\/product-category\/radiographie\/\"},{\"@type\":\"ListItem\",\"position\":4,\"name\":\"Accessoires d\u2019Exposition\",\"item\":\"https:\/\/www.qnde.ca\/fr\/product-category\/radiographie\/accessoires-exposition\/\"},{\"@type\":\"ListItem\",\"position\":5,\"name\":\"Carestream HPX-1 CR Phantom\"}]},{\"@type\":\"WebSite\",\"@id\":\"https:\/\/www.qnde.ca\/#website\",\"url\":\"https:\/\/www.qnde.ca\/\",\"name\":\"Qualit\u00e9 NDE\",\"description\":\"\u00c9quipements d&#039;essais non destructifs \",\"publisher\":{\"@id\":\"https:\/\/www.qnde.ca\/#organization\"},\"potentialAction\":[{\"@type\":\"SearchAction\",\"target\":{\"@type\":\"EntryPoint\",\"urlTemplate\":\"https:\/\/www.qnde.ca\/?s={search_term_string}\"},\"query-input\":{\"@type\":\"PropertyValueSpecification\",\"valueRequired\":true,\"valueName\":\"search_term_string\"}}],\"inLanguage\":\"fr-FR\"},{\"@type\":\"Organization\",\"@id\":\"https:\/\/www.qnde.ca\/#organization\",\"name\":\"Quality NDT Ltd.\",\"url\":\"https:\/\/www.qnde.ca\/\",\"logo\":{\"@type\":\"ImageObject\",\"inLanguage\":\"fr-FR\",\"@id\":\"https:\/\/www.qnde.ca\/#\/schema\/logo\/image\/\",\"url\":\"https:\/\/www.qnde.ca\/wp-content\/uploads\/2022\/02\/QNDE_logo_RGB-gif.gif\",\"contentUrl\":\"https:\/\/www.qnde.ca\/wp-content\/uploads\/2022\/02\/QNDE_logo_RGB-gif.gif\",\"width\":250,\"height\":64,\"caption\":\"Quality NDT Ltd.\"},\"image\":{\"@id\":\"https:\/\/www.qnde.ca\/#\/schema\/logo\/image\/\"},\"sameAs\":[\"https:\/\/www.linkedin.com\/company\/qnde\/about\/?viewAsMember=true\"]}]}<\/script>\n<!-- \/ Yoast SEO plugin. -->","yoast_head_json":{"title":"Carestream HPX-1 CR Phantom &#060; Qualit\u00e9 NDE","description":"Outil de diagnostique pour verifier la taille et proportions de pixel, lin\u00e9arit\u00e9 de la vitesse de num\u00e9risation, et plus. Indicateur vert, jaune, et rouge.","robots":{"index":"index","follow":"follow","max-snippet":"max-snippet:-1","max-image-preview":"max-image-preview:large","max-video-preview":"max-video-preview:-1"},"canonical":"https:\/\/www.qnde.ca\/fr\/produit\/carestream-phantom\/","twitter_misc":{"Dur\u00e9e de lecture estim\u00e9e":"1 minute"},"schema":{"@context":"https:\/\/schema.org","@graph":[{"@type":["WebPage","ItemPage"],"@id":"https:\/\/www.qnde.ca\/fr\/produit\/carestream-phantom\/","url":"https:\/\/www.qnde.ca\/fr\/produit\/carestream-phantom\/","name":"Carestream HPX-1 CR Phantom &#060; Qualit\u00e9 NDE","isPartOf":{"@id":"https:\/\/www.qnde.ca\/#website"},"primaryImageOfPage":{"@id":"https:\/\/www.qnde.ca\/fr\/produit\/carestream-phantom\/#primaryimage"},"image":{"@id":"https:\/\/www.qnde.ca\/fr\/produit\/carestream-phantom\/#primaryimage"},"thumbnailUrl":"https:\/\/www.qnde.ca\/wp-content\/uploads\/2021\/02\/Carestream-HPX-1-CR-Phantom-\u2013-Automated-verification-system.jpg","datePublished":"2021-02-03T16:05:53+00:00","dateModified":"2025-08-07T12:52:22+00:00","description":"Outil de diagnostique pour verifier la taille et proportions de pixel, lin\u00e9arit\u00e9 de la vitesse de num\u00e9risation, et plus. Indicateur vert, jaune, et rouge.","breadcrumb":{"@id":"https:\/\/www.qnde.ca\/fr\/produit\/carestream-phantom\/#breadcrumb"},"inLanguage":"fr-FR","potentialAction":[{"@type":"ReadAction","target":["https:\/\/www.qnde.ca\/fr\/produit\/carestream-phantom\/"]}]},{"@type":"ImageObject","inLanguage":"fr-FR","@id":"https:\/\/www.qnde.ca\/fr\/produit\/carestream-phantom\/#primaryimage","url":"https:\/\/www.qnde.ca\/wp-content\/uploads\/2021\/02\/Carestream-HPX-1-CR-Phantom-\u2013-Automated-verification-system.jpg","contentUrl":"https:\/\/www.qnde.ca\/wp-content\/uploads\/2021\/02\/Carestream-HPX-1-CR-Phantom-\u2013-Automated-verification-system.jpg","width":1101,"height":1101},{"@type":"BreadcrumbList","@id":"https:\/\/www.qnde.ca\/fr\/produit\/carestream-phantom\/#breadcrumb","itemListElement":[{"@type":"ListItem","position":1,"name":"Accueil","item":"https:\/\/www.qnde.ca\/fr\/"},{"@type":"ListItem","position":2,"name":"Produits","item":"https:\/\/www.qnde.ca\/fr\/produits\/"},{"@type":"ListItem","position":3,"name":"Radiographie","item":"https:\/\/www.qnde.ca\/fr\/product-category\/radiographie\/"},{"@type":"ListItem","position":4,"name":"Accessoires d\u2019Exposition","item":"https:\/\/www.qnde.ca\/fr\/product-category\/radiographie\/accessoires-exposition\/"},{"@type":"ListItem","position":5,"name":"Carestream HPX-1 CR Phantom"}]},{"@type":"WebSite","@id":"https:\/\/www.qnde.ca\/#website","url":"https:\/\/www.qnde.ca\/","name":"Qualit\u00e9 NDE","description":"\u00c9quipements d&#039;essais non destructifs ","publisher":{"@id":"https:\/\/www.qnde.ca\/#organization"},"potentialAction":[{"@type":"SearchAction","target":{"@type":"EntryPoint","urlTemplate":"https:\/\/www.qnde.ca\/?s={search_term_string}"},"query-input":{"@type":"PropertyValueSpecification","valueRequired":true,"valueName":"search_term_string"}}],"inLanguage":"fr-FR"},{"@type":"Organization","@id":"https:\/\/www.qnde.ca\/#organization","name":"Quality NDT Ltd.","url":"https:\/\/www.qnde.ca\/","logo":{"@type":"ImageObject","inLanguage":"fr-FR","@id":"https:\/\/www.qnde.ca\/#\/schema\/logo\/image\/","url":"https:\/\/www.qnde.ca\/wp-content\/uploads\/2022\/02\/QNDE_logo_RGB-gif.gif","contentUrl":"https:\/\/www.qnde.ca\/wp-content\/uploads\/2022\/02\/QNDE_logo_RGB-gif.gif","width":250,"height":64,"caption":"Quality NDT Ltd."},"image":{"@id":"https:\/\/www.qnde.ca\/#\/schema\/logo\/image\/"},"sameAs":["https:\/\/www.linkedin.com\/company\/qnde\/about\/?viewAsMember=true"]}]}},"jetpack_sharing_enabled":true,"_links":{"self":[{"href":"https:\/\/www.qnde.ca\/fr\/wp-json\/wp\/v2\/product\/13617","targetHints":{"allow":["GET"]}}],"collection":[{"href":"https:\/\/www.qnde.ca\/fr\/wp-json\/wp\/v2\/product"}],"about":[{"href":"https:\/\/www.qnde.ca\/fr\/wp-json\/wp\/v2\/types\/product"}],"wp:featuredmedia":[{"embeddable":true,"href":"https:\/\/www.qnde.ca\/fr\/wp-json\/wp\/v2\/media\/13618"}],"wp:attachment":[{"href":"https:\/\/www.qnde.ca\/fr\/wp-json\/wp\/v2\/media?parent=13617"}],"wp:term":[{"taxonomy":"product_brand","embeddable":true,"href":"https:\/\/www.qnde.ca\/fr\/wp-json\/wp\/v2\/product_brand?post=13617"},{"taxonomy":"product_cat","embeddable":true,"href":"https:\/\/www.qnde.ca\/fr\/wp-json\/wp\/v2\/product_cat?post=13617"},{"taxonomy":"product_tag","embeddable":true,"href":"https:\/\/www.qnde.ca\/fr\/wp-json\/wp\/v2\/product_tag?post=13617"}],"curies":[{"name":"wp","href":"https:\/\/api.w.org\/{rel}","templated":true}]}}