{"id":13565,"date":"2021-01-29T09:58:42","date_gmt":"2021-01-29T14:58:42","guid":{"rendered":"https:\/\/www.qnde.ca\/?post_type=product&#038;p=13565"},"modified":"2025-08-12T14:21:57","modified_gmt":"2025-08-12T18:21:57","slug":"manipulateur-pour-tube-a-rayons-x-au-plafond-qnde-ndt","status":"publish","type":"product","link":"https:\/\/www.qnde.ca\/fr\/produit\/manipulateur-pour-tube-a-rayons-x-au-plafond-qnde-ndt\/","title":{"rendered":"Manipulateur pour Tube \u00e0 Rayons-X au Plafond"},"content":{"rendered":"<h3><strong>Manipulateur pour Tube \u00e0 Rayons-X au Plafond<\/strong><\/h3>\n<p>Caract\u00e9ristiques du manipulateur au plafond:<\/p>\n<ul>\n<li>Manipulateur \u00e0 3 axes motoris\u00e9 au plafond de \u00ab\u00a0type Courroie\u00a0\u00bb.<\/li>\n<li>T\u00e9l\u00e9commande filaire pour le contr\u00f4le du d\u00e9placement sur tous les axes.<\/li>\n<li>D\u00e9placements X, Y et Z, distances \u00e0 \u00eatre sp\u00e9cifi\u00e9s.<\/li>\n<li>\u00c9trier pour tubes Comet, Gulmay, GE, Balteau, Lorad et autres (\u00e0 \u00eatre confirm\u00e9).<\/li>\n<li>240VAC une phase.<\/li>\n<\/ul>\n<p>OPTIONS<\/p>\n<ul>\n<li>Manipulateur de plafond autoportant.<\/li>\n<li>Manipulateur sur rails muraux.<\/li>\n<li>Manipulateur stationnaire mural de type girafe.<\/li>\n<\/ul>\n<p>Contactez-nous afin de discuter de votre application, de vos exigences, des options disponibles et\/ou recevoir une soumission.<\/p>\n","protected":false},"excerpt":{"rendered":"<p>Manipulateur pour Tube \u00e0 Rayons-X au Plafond Caract\u00e9ristiques du manipulateur au plafond: Manipulateur \u00e0 3 axes motoris\u00e9 au plafond de \u00ab\u00a0type Courroie\u00a0\u00bb. T\u00e9l\u00e9commande filaire pour le contr\u00f4le du d\u00e9placement sur tous les axes. D\u00e9placements X, Y et Z, distances \u00e0 \u00eatre sp\u00e9cifi\u00e9s. \u00c9trier pour tubes Comet, Gulmay, GE, Balteau, Lorad et autres (\u00e0 \u00eatre confirm\u00e9). [&hellip;]<\/p>\n","protected":false},"featured_media":13569,"template":"","meta":{"_monsterinsights_skip_tracking":false,"_monsterinsights_sitenote_active":false,"_monsterinsights_sitenote_note":"","_monsterinsights_sitenote_category":0},"product_brand":[],"product_cat":[402,365],"product_tag":[],"class_list":{"0":"post-13565","1":"product","2":"type-product","3":"status-publish","4":"has-post-thumbnail","6":"product_cat-autres-marques","7":"product_cat-systeme-rayons-x","9":"first","10":"instock","11":"shipping-taxable","12":"purchasable","13":"product-type-variable"},"yoast_head":"<!-- This site is optimized with the Yoast SEO plugin v23.9 - https:\/\/yoast.com\/wordpress\/plugins\/seo\/ -->\n<title>Manipulateur pour Tube \u00e0 Rayons-X au Plafond &#060; Qualit\u00e9 NDE<\/title>\n<meta name=\"description\" content=\"Manipulateur plafond 3 axes motoris\u00e9 type courroie, t\u00e9l\u00e9commande filaire, compatible Comet, Gulmay, GE, etc. D\u00e9placements X\/Y\/Z personnalis\u00e9s. 240V.\" \/>\n<meta name=\"robots\" content=\"index, follow, max-snippet:-1, max-image-preview:large, max-video-preview:-1\" \/>\n<link rel=\"canonical\" href=\"https:\/\/www.qnde.ca\/fr\/produit\/manipulateur-pour-tube-a-rayons-x-au-plafond-qnde-ndt\/\" \/>\n<meta name=\"twitter:label1\" content=\"Dur\u00e9e de lecture estim\u00e9e\" \/>\n\t<meta name=\"twitter:data1\" content=\"1 minute\" \/>\n<script type=\"application\/ld+json\" class=\"yoast-schema-graph\">{\"@context\":\"https:\/\/schema.org\",\"@graph\":[{\"@type\":[\"WebPage\",\"ItemPage\"],\"@id\":\"https:\/\/www.qnde.ca\/fr\/produit\/manipulateur-pour-tube-a-rayons-x-au-plafond-qnde-ndt\/\",\"url\":\"https:\/\/www.qnde.ca\/fr\/produit\/manipulateur-pour-tube-a-rayons-x-au-plafond-qnde-ndt\/\",\"name\":\"Manipulateur pour Tube \u00e0 Rayons-X au Plafond &#060; Qualit\u00e9 NDE\",\"isPartOf\":{\"@id\":\"https:\/\/www.qnde.ca\/#website\"},\"primaryImageOfPage\":{\"@id\":\"https:\/\/www.qnde.ca\/fr\/produit\/manipulateur-pour-tube-a-rayons-x-au-plafond-qnde-ndt\/#primaryimage\"},\"image\":{\"@id\":\"https:\/\/www.qnde.ca\/fr\/produit\/manipulateur-pour-tube-a-rayons-x-au-plafond-qnde-ndt\/#primaryimage\"},\"thumbnailUrl\":\"https:\/\/www.qnde.ca\/wp-content\/uploads\/2021\/01\/Gantry-Overhead-Free-Standing.jpg\",\"datePublished\":\"2021-01-29T14:58:42+00:00\",\"dateModified\":\"2025-08-12T18:21:57+00:00\",\"description\":\"Manipulateur plafond 3 axes motoris\u00e9 type courroie, t\u00e9l\u00e9commande filaire, compatible Comet, Gulmay, GE, etc. D\u00e9placements X\/Y\/Z personnalis\u00e9s. 240V.\",\"breadcrumb\":{\"@id\":\"https:\/\/www.qnde.ca\/fr\/produit\/manipulateur-pour-tube-a-rayons-x-au-plafond-qnde-ndt\/#breadcrumb\"},\"inLanguage\":\"fr-FR\",\"potentialAction\":[{\"@type\":\"ReadAction\",\"target\":[\"https:\/\/www.qnde.ca\/fr\/produit\/manipulateur-pour-tube-a-rayons-x-au-plafond-qnde-ndt\/\"]}]},{\"@type\":\"ImageObject\",\"inLanguage\":\"fr-FR\",\"@id\":\"https:\/\/www.qnde.ca\/fr\/produit\/manipulateur-pour-tube-a-rayons-x-au-plafond-qnde-ndt\/#primaryimage\",\"url\":\"https:\/\/www.qnde.ca\/wp-content\/uploads\/2021\/01\/Gantry-Overhead-Free-Standing.jpg\",\"contentUrl\":\"https:\/\/www.qnde.ca\/wp-content\/uploads\/2021\/01\/Gantry-Overhead-Free-Standing.jpg\",\"width\":720,\"height\":960},{\"@type\":\"BreadcrumbList\",\"@id\":\"https:\/\/www.qnde.ca\/fr\/produit\/manipulateur-pour-tube-a-rayons-x-au-plafond-qnde-ndt\/#breadcrumb\",\"itemListElement\":[{\"@type\":\"ListItem\",\"position\":1,\"name\":\"Accueil\",\"item\":\"https:\/\/www.qnde.ca\/fr\/\"},{\"@type\":\"ListItem\",\"position\":2,\"name\":\"Produits\",\"item\":\"https:\/\/www.qnde.ca\/fr\/produits\/\"},{\"@type\":\"ListItem\",\"position\":3,\"name\":\"Marques\",\"item\":\"https:\/\/www.qnde.ca\/fr\/product-category\/marques\/\"},{\"@type\":\"ListItem\",\"position\":4,\"name\":\"Autres Marques\",\"item\":\"https:\/\/www.qnde.ca\/fr\/product-category\/marques\/autres-marques\/\"},{\"@type\":\"ListItem\",\"position\":5,\"name\":\"Manipulateur pour Tube \u00e0 Rayons-X au Plafond\"}]},{\"@type\":\"WebSite\",\"@id\":\"https:\/\/www.qnde.ca\/#website\",\"url\":\"https:\/\/www.qnde.ca\/\",\"name\":\"Qualit\u00e9 NDE\",\"description\":\"\u00c9quipements d&#039;essais non destructifs \",\"publisher\":{\"@id\":\"https:\/\/www.qnde.ca\/#organization\"},\"potentialAction\":[{\"@type\":\"SearchAction\",\"target\":{\"@type\":\"EntryPoint\",\"urlTemplate\":\"https:\/\/www.qnde.ca\/?s={search_term_string}\"},\"query-input\":{\"@type\":\"PropertyValueSpecification\",\"valueRequired\":true,\"valueName\":\"search_term_string\"}}],\"inLanguage\":\"fr-FR\"},{\"@type\":\"Organization\",\"@id\":\"https:\/\/www.qnde.ca\/#organization\",\"name\":\"Quality NDT Ltd.\",\"url\":\"https:\/\/www.qnde.ca\/\",\"logo\":{\"@type\":\"ImageObject\",\"inLanguage\":\"fr-FR\",\"@id\":\"https:\/\/www.qnde.ca\/#\/schema\/logo\/image\/\",\"url\":\"https:\/\/www.qnde.ca\/wp-content\/uploads\/2022\/02\/QNDE_logo_RGB-gif.gif\",\"contentUrl\":\"https:\/\/www.qnde.ca\/wp-content\/uploads\/2022\/02\/QNDE_logo_RGB-gif.gif\",\"width\":250,\"height\":64,\"caption\":\"Quality NDT Ltd.\"},\"image\":{\"@id\":\"https:\/\/www.qnde.ca\/#\/schema\/logo\/image\/\"},\"sameAs\":[\"https:\/\/www.linkedin.com\/company\/qnde\/about\/?viewAsMember=true\"]}]}<\/script>\n<!-- \/ Yoast SEO plugin. -->","yoast_head_json":{"title":"Manipulateur pour Tube \u00e0 Rayons-X au Plafond &#060; Qualit\u00e9 NDE","description":"Manipulateur plafond 3 axes motoris\u00e9 type courroie, t\u00e9l\u00e9commande filaire, compatible Comet, Gulmay, GE, etc. D\u00e9placements X\/Y\/Z personnalis\u00e9s. 240V.","robots":{"index":"index","follow":"follow","max-snippet":"max-snippet:-1","max-image-preview":"max-image-preview:large","max-video-preview":"max-video-preview:-1"},"canonical":"https:\/\/www.qnde.ca\/fr\/produit\/manipulateur-pour-tube-a-rayons-x-au-plafond-qnde-ndt\/","twitter_misc":{"Dur\u00e9e de lecture estim\u00e9e":"1 minute"},"schema":{"@context":"https:\/\/schema.org","@graph":[{"@type":["WebPage","ItemPage"],"@id":"https:\/\/www.qnde.ca\/fr\/produit\/manipulateur-pour-tube-a-rayons-x-au-plafond-qnde-ndt\/","url":"https:\/\/www.qnde.ca\/fr\/produit\/manipulateur-pour-tube-a-rayons-x-au-plafond-qnde-ndt\/","name":"Manipulateur pour Tube \u00e0 Rayons-X au Plafond &#060; Qualit\u00e9 NDE","isPartOf":{"@id":"https:\/\/www.qnde.ca\/#website"},"primaryImageOfPage":{"@id":"https:\/\/www.qnde.ca\/fr\/produit\/manipulateur-pour-tube-a-rayons-x-au-plafond-qnde-ndt\/#primaryimage"},"image":{"@id":"https:\/\/www.qnde.ca\/fr\/produit\/manipulateur-pour-tube-a-rayons-x-au-plafond-qnde-ndt\/#primaryimage"},"thumbnailUrl":"https:\/\/www.qnde.ca\/wp-content\/uploads\/2021\/01\/Gantry-Overhead-Free-Standing.jpg","datePublished":"2021-01-29T14:58:42+00:00","dateModified":"2025-08-12T18:21:57+00:00","description":"Manipulateur plafond 3 axes motoris\u00e9 type courroie, t\u00e9l\u00e9commande filaire, compatible Comet, Gulmay, GE, etc. D\u00e9placements X\/Y\/Z personnalis\u00e9s. 240V.","breadcrumb":{"@id":"https:\/\/www.qnde.ca\/fr\/produit\/manipulateur-pour-tube-a-rayons-x-au-plafond-qnde-ndt\/#breadcrumb"},"inLanguage":"fr-FR","potentialAction":[{"@type":"ReadAction","target":["https:\/\/www.qnde.ca\/fr\/produit\/manipulateur-pour-tube-a-rayons-x-au-plafond-qnde-ndt\/"]}]},{"@type":"ImageObject","inLanguage":"fr-FR","@id":"https:\/\/www.qnde.ca\/fr\/produit\/manipulateur-pour-tube-a-rayons-x-au-plafond-qnde-ndt\/#primaryimage","url":"https:\/\/www.qnde.ca\/wp-content\/uploads\/2021\/01\/Gantry-Overhead-Free-Standing.jpg","contentUrl":"https:\/\/www.qnde.ca\/wp-content\/uploads\/2021\/01\/Gantry-Overhead-Free-Standing.jpg","width":720,"height":960},{"@type":"BreadcrumbList","@id":"https:\/\/www.qnde.ca\/fr\/produit\/manipulateur-pour-tube-a-rayons-x-au-plafond-qnde-ndt\/#breadcrumb","itemListElement":[{"@type":"ListItem","position":1,"name":"Accueil","item":"https:\/\/www.qnde.ca\/fr\/"},{"@type":"ListItem","position":2,"name":"Produits","item":"https:\/\/www.qnde.ca\/fr\/produits\/"},{"@type":"ListItem","position":3,"name":"Marques","item":"https:\/\/www.qnde.ca\/fr\/product-category\/marques\/"},{"@type":"ListItem","position":4,"name":"Autres Marques","item":"https:\/\/www.qnde.ca\/fr\/product-category\/marques\/autres-marques\/"},{"@type":"ListItem","position":5,"name":"Manipulateur pour Tube \u00e0 Rayons-X au Plafond"}]},{"@type":"WebSite","@id":"https:\/\/www.qnde.ca\/#website","url":"https:\/\/www.qnde.ca\/","name":"Qualit\u00e9 NDE","description":"\u00c9quipements d&#039;essais non destructifs ","publisher":{"@id":"https:\/\/www.qnde.ca\/#organization"},"potentialAction":[{"@type":"SearchAction","target":{"@type":"EntryPoint","urlTemplate":"https:\/\/www.qnde.ca\/?s={search_term_string}"},"query-input":{"@type":"PropertyValueSpecification","valueRequired":true,"valueName":"search_term_string"}}],"inLanguage":"fr-FR"},{"@type":"Organization","@id":"https:\/\/www.qnde.ca\/#organization","name":"Quality NDT Ltd.","url":"https:\/\/www.qnde.ca\/","logo":{"@type":"ImageObject","inLanguage":"fr-FR","@id":"https:\/\/www.qnde.ca\/#\/schema\/logo\/image\/","url":"https:\/\/www.qnde.ca\/wp-content\/uploads\/2022\/02\/QNDE_logo_RGB-gif.gif","contentUrl":"https:\/\/www.qnde.ca\/wp-content\/uploads\/2022\/02\/QNDE_logo_RGB-gif.gif","width":250,"height":64,"caption":"Quality NDT Ltd."},"image":{"@id":"https:\/\/www.qnde.ca\/#\/schema\/logo\/image\/"},"sameAs":["https:\/\/www.linkedin.com\/company\/qnde\/about\/?viewAsMember=true"]}]}},"jetpack_sharing_enabled":true,"_links":{"self":[{"href":"https:\/\/www.qnde.ca\/fr\/wp-json\/wp\/v2\/product\/13565","targetHints":{"allow":["GET"]}}],"collection":[{"href":"https:\/\/www.qnde.ca\/fr\/wp-json\/wp\/v2\/product"}],"about":[{"href":"https:\/\/www.qnde.ca\/fr\/wp-json\/wp\/v2\/types\/product"}],"wp:featuredmedia":[{"embeddable":true,"href":"https:\/\/www.qnde.ca\/fr\/wp-json\/wp\/v2\/media\/13569"}],"wp:attachment":[{"href":"https:\/\/www.qnde.ca\/fr\/wp-json\/wp\/v2\/media?parent=13565"}],"wp:term":[{"taxonomy":"product_brand","embeddable":true,"href":"https:\/\/www.qnde.ca\/fr\/wp-json\/wp\/v2\/product_brand?post=13565"},{"taxonomy":"product_cat","embeddable":true,"href":"https:\/\/www.qnde.ca\/fr\/wp-json\/wp\/v2\/product_cat?post=13565"},{"taxonomy":"product_tag","embeddable":true,"href":"https:\/\/www.qnde.ca\/fr\/wp-json\/wp\/v2\/product_tag?post=13565"}],"curies":[{"name":"wp","href":"https:\/\/api.w.org\/{rel}","templated":true}]}}