{"id":13541,"date":"2021-01-28T16:56:42","date_gmt":"2021-01-28T21:56:42","guid":{"rendered":"https:\/\/www.qnde.ca\/?post_type=product&#038;p=13541"},"modified":"2025-08-12T14:25:52","modified_gmt":"2025-08-12T18:25:52","slug":"manipulateur-mobile-pour-tube-a-rayons-x-qnde-ndt","status":"publish","type":"product","link":"https:\/\/www.qnde.ca\/fr\/produit\/manipulateur-mobile-pour-tube-a-rayons-x-qnde-ndt\/","title":{"rendered":"QNDE Manipulateur Mobile pour Tube \u00e0 Rayons-X"},"content":{"rendered":"<h3><strong>QNDE Manipulateur Mobile pour Tube \u00e0 Rayons-X<\/strong><\/h3>\n<p>Le manipulateur mobile de Qualit\u00e9 NDE peut recevoir n\u2019importe quelle t\u00eate de tube \u00e0 rayons-x (Comet, Teledyne\/ICM, Hamamatsu, Balteau ou autres).<\/p>\n<ul>\n<li>Treuil \u00e0 main \u2013 Distance, Source \u00e0 Image: 6&Prime; \u00e0 98&Prime; (15 \u00e0 248cm).<\/li>\n<li>\u00c9trier du tube (rotation: 360\u00b0).<\/li>\n<li>Inclinaison de l\u2019\u00e9trier: -90\u00b0 \u00e0 +90\u00b0.<\/li>\n<li>Capacit\u00e9 de levage: 400lb (180kg).<\/li>\n<li>Dimensions globales: 24&Prime;L x 35&Prime;P x 67&Prime;H (61cm x 89cm x 171cm)<\/li>\n<li>Roues; deux fixes et deux \u00e0 pivots (avec frein).<\/li>\n<\/ul>\n<p>Contactez-nous afin de discuter de votre application, de vos exigences, des options disponibles et\/ou recevoir une soumission.<\/p>\n<ul>\n<li style=\"list-style-type: none;\">\n<ul>\n<li>23902C: Manipulateur mobile de Qualit\u00e9 NDE avec \u00e9trier pour tube \u00e0 rayons-x de Comet.<\/li>\n<li>23902H: Manipulateur mobile de Qualit\u00e9 NDE avec \u00e9trier pour tube \u00e0 rayons-x de Hamamatsu (la rotation et l\u2019inclinaison sont l\u00e9g\u00e8rement diff\u00e9rents).<\/li>\n<\/ul>\n<\/li>\n<\/ul>\n","protected":false},"excerpt":{"rendered":"<p>QNDE Manipulateur Mobile pour Tube \u00e0 Rayons-X Le manipulateur mobile de Qualit\u00e9 NDE peut recevoir n\u2019importe quelle t\u00eate de tube \u00e0 rayons-x (Comet, Teledyne\/ICM, Hamamatsu, Balteau ou autres). Treuil \u00e0 main \u2013 Distance, Source \u00e0 Image: 6&Prime; \u00e0 98&Prime; (15 \u00e0 248cm). \u00c9trier du tube (rotation: 360\u00b0). Inclinaison de l\u2019\u00e9trier: -90\u00b0 \u00e0 +90\u00b0. Capacit\u00e9 de [&hellip;]<\/p>\n","protected":false},"featured_media":13543,"template":"","meta":{"_monsterinsights_skip_tracking":false,"_monsterinsights_sitenote_active":false,"_monsterinsights_sitenote_note":"","_monsterinsights_sitenote_category":0},"product_brand":[],"product_cat":[392,365],"product_tag":[],"class_list":{"0":"post-13541","1":"product","2":"type-product","3":"status-publish","4":"has-post-thumbnail","6":"product_cat-qnde-fr","7":"product_cat-systeme-rayons-x","9":"first","10":"instock","11":"shipping-taxable","12":"purchasable","13":"product-type-variable"},"yoast_head":"<!-- This site is optimized with the Yoast SEO plugin v23.9 - https:\/\/yoast.com\/wordpress\/plugins\/seo\/ -->\n<title>QNDE Manipulateur Mobile pour Tube \u00e0 Rayons-X &#060; Qualit\u00e9 NDE<\/title>\n<meta name=\"description\" content=\"Manipulateur mobile QNDE pour tube \u00e0 rayons-X, rotation 360\u00b0, inclinaison -90\u00b0\/+90\u00b0, lev\u00e9e 180\u202fkg, distance 15\u2013248\u202fcm. Compatible Comet, ICM, Balteau, etc.\" \/>\n<meta name=\"robots\" content=\"index, follow, max-snippet:-1, max-image-preview:large, max-video-preview:-1\" \/>\n<link rel=\"canonical\" href=\"https:\/\/www.qnde.ca\/fr\/produit\/manipulateur-mobile-pour-tube-a-rayons-x-qnde-ndt\/\" \/>\n<meta name=\"twitter:label1\" content=\"Dur\u00e9e de lecture estim\u00e9e\" \/>\n\t<meta name=\"twitter:data1\" content=\"1 minute\" \/>\n<script type=\"application\/ld+json\" class=\"yoast-schema-graph\">{\"@context\":\"https:\/\/schema.org\",\"@graph\":[{\"@type\":[\"WebPage\",\"ItemPage\"],\"@id\":\"https:\/\/www.qnde.ca\/fr\/produit\/manipulateur-mobile-pour-tube-a-rayons-x-qnde-ndt\/\",\"url\":\"https:\/\/www.qnde.ca\/fr\/produit\/manipulateur-mobile-pour-tube-a-rayons-x-qnde-ndt\/\",\"name\":\"QNDE Manipulateur Mobile pour Tube \u00e0 Rayons-X &#060; Qualit\u00e9 NDE\",\"isPartOf\":{\"@id\":\"https:\/\/www.qnde.ca\/#website\"},\"primaryImageOfPage\":{\"@id\":\"https:\/\/www.qnde.ca\/fr\/produit\/manipulateur-mobile-pour-tube-a-rayons-x-qnde-ndt\/#primaryimage\"},\"image\":{\"@id\":\"https:\/\/www.qnde.ca\/fr\/produit\/manipulateur-mobile-pour-tube-a-rayons-x-qnde-ndt\/#primaryimage\"},\"thumbnailUrl\":\"https:\/\/www.qnde.ca\/wp-content\/uploads\/2021\/01\/Quality-NDE-Mobile-Tube-Stand-Comet-MXR-tubehead-450kV-shown-scaled-scaled.jpg\",\"datePublished\":\"2021-01-28T21:56:42+00:00\",\"dateModified\":\"2025-08-12T18:25:52+00:00\",\"description\":\"Manipulateur mobile QNDE pour tube \u00e0 rayons-X, rotation 360\u00b0, inclinaison -90\u00b0\/+90\u00b0, lev\u00e9e 180\u202fkg, distance 15\u2013248\u202fcm. Compatible Comet, ICM, Balteau, etc.\",\"breadcrumb\":{\"@id\":\"https:\/\/www.qnde.ca\/fr\/produit\/manipulateur-mobile-pour-tube-a-rayons-x-qnde-ndt\/#breadcrumb\"},\"inLanguage\":\"fr-FR\",\"potentialAction\":[{\"@type\":\"ReadAction\",\"target\":[\"https:\/\/www.qnde.ca\/fr\/produit\/manipulateur-mobile-pour-tube-a-rayons-x-qnde-ndt\/\"]}]},{\"@type\":\"ImageObject\",\"inLanguage\":\"fr-FR\",\"@id\":\"https:\/\/www.qnde.ca\/fr\/produit\/manipulateur-mobile-pour-tube-a-rayons-x-qnde-ndt\/#primaryimage\",\"url\":\"https:\/\/www.qnde.ca\/wp-content\/uploads\/2021\/01\/Quality-NDE-Mobile-Tube-Stand-Comet-MXR-tubehead-450kV-shown-scaled-scaled.jpg\",\"contentUrl\":\"https:\/\/www.qnde.ca\/wp-content\/uploads\/2021\/01\/Quality-NDE-Mobile-Tube-Stand-Comet-MXR-tubehead-450kV-shown-scaled-scaled.jpg\",\"width\":1536,\"height\":2048},{\"@type\":\"BreadcrumbList\",\"@id\":\"https:\/\/www.qnde.ca\/fr\/produit\/manipulateur-mobile-pour-tube-a-rayons-x-qnde-ndt\/#breadcrumb\",\"itemListElement\":[{\"@type\":\"ListItem\",\"position\":1,\"name\":\"Accueil\",\"item\":\"https:\/\/www.qnde.ca\/fr\/\"},{\"@type\":\"ListItem\",\"position\":2,\"name\":\"Produits\",\"item\":\"https:\/\/www.qnde.ca\/fr\/produits\/\"},{\"@type\":\"ListItem\",\"position\":3,\"name\":\"Marques\",\"item\":\"https:\/\/www.qnde.ca\/fr\/product-category\/marques\/\"},{\"@type\":\"ListItem\",\"position\":4,\"name\":\"QNDE\",\"item\":\"https:\/\/www.qnde.ca\/fr\/product-category\/marques\/qnde-fr\/\"},{\"@type\":\"ListItem\",\"position\":5,\"name\":\"QNDE Manipulateur Mobile pour Tube \u00e0 Rayons-X\"}]},{\"@type\":\"WebSite\",\"@id\":\"https:\/\/www.qnde.ca\/#website\",\"url\":\"https:\/\/www.qnde.ca\/\",\"name\":\"Qualit\u00e9 NDE\",\"description\":\"\u00c9quipements d&#039;essais non destructifs \",\"publisher\":{\"@id\":\"https:\/\/www.qnde.ca\/#organization\"},\"potentialAction\":[{\"@type\":\"SearchAction\",\"target\":{\"@type\":\"EntryPoint\",\"urlTemplate\":\"https:\/\/www.qnde.ca\/?s={search_term_string}\"},\"query-input\":{\"@type\":\"PropertyValueSpecification\",\"valueRequired\":true,\"valueName\":\"search_term_string\"}}],\"inLanguage\":\"fr-FR\"},{\"@type\":\"Organization\",\"@id\":\"https:\/\/www.qnde.ca\/#organization\",\"name\":\"Quality NDT Ltd.\",\"url\":\"https:\/\/www.qnde.ca\/\",\"logo\":{\"@type\":\"ImageObject\",\"inLanguage\":\"fr-FR\",\"@id\":\"https:\/\/www.qnde.ca\/#\/schema\/logo\/image\/\",\"url\":\"https:\/\/www.qnde.ca\/wp-content\/uploads\/2022\/02\/QNDE_logo_RGB-gif.gif\",\"contentUrl\":\"https:\/\/www.qnde.ca\/wp-content\/uploads\/2022\/02\/QNDE_logo_RGB-gif.gif\",\"width\":250,\"height\":64,\"caption\":\"Quality NDT Ltd.\"},\"image\":{\"@id\":\"https:\/\/www.qnde.ca\/#\/schema\/logo\/image\/\"},\"sameAs\":[\"https:\/\/www.linkedin.com\/company\/qnde\/about\/?viewAsMember=true\"]}]}<\/script>\n<!-- \/ Yoast SEO plugin. -->","yoast_head_json":{"title":"QNDE Manipulateur Mobile pour Tube \u00e0 Rayons-X &#060; Qualit\u00e9 NDE","description":"Manipulateur mobile QNDE pour tube \u00e0 rayons-X, rotation 360\u00b0, inclinaison -90\u00b0\/+90\u00b0, lev\u00e9e 180\u202fkg, distance 15\u2013248\u202fcm. Compatible Comet, ICM, Balteau, etc.","robots":{"index":"index","follow":"follow","max-snippet":"max-snippet:-1","max-image-preview":"max-image-preview:large","max-video-preview":"max-video-preview:-1"},"canonical":"https:\/\/www.qnde.ca\/fr\/produit\/manipulateur-mobile-pour-tube-a-rayons-x-qnde-ndt\/","twitter_misc":{"Dur\u00e9e de lecture estim\u00e9e":"1 minute"},"schema":{"@context":"https:\/\/schema.org","@graph":[{"@type":["WebPage","ItemPage"],"@id":"https:\/\/www.qnde.ca\/fr\/produit\/manipulateur-mobile-pour-tube-a-rayons-x-qnde-ndt\/","url":"https:\/\/www.qnde.ca\/fr\/produit\/manipulateur-mobile-pour-tube-a-rayons-x-qnde-ndt\/","name":"QNDE Manipulateur Mobile pour Tube \u00e0 Rayons-X &#060; Qualit\u00e9 NDE","isPartOf":{"@id":"https:\/\/www.qnde.ca\/#website"},"primaryImageOfPage":{"@id":"https:\/\/www.qnde.ca\/fr\/produit\/manipulateur-mobile-pour-tube-a-rayons-x-qnde-ndt\/#primaryimage"},"image":{"@id":"https:\/\/www.qnde.ca\/fr\/produit\/manipulateur-mobile-pour-tube-a-rayons-x-qnde-ndt\/#primaryimage"},"thumbnailUrl":"https:\/\/www.qnde.ca\/wp-content\/uploads\/2021\/01\/Quality-NDE-Mobile-Tube-Stand-Comet-MXR-tubehead-450kV-shown-scaled-scaled.jpg","datePublished":"2021-01-28T21:56:42+00:00","dateModified":"2025-08-12T18:25:52+00:00","description":"Manipulateur mobile QNDE pour tube \u00e0 rayons-X, rotation 360\u00b0, inclinaison -90\u00b0\/+90\u00b0, lev\u00e9e 180\u202fkg, distance 15\u2013248\u202fcm. Compatible Comet, ICM, Balteau, etc.","breadcrumb":{"@id":"https:\/\/www.qnde.ca\/fr\/produit\/manipulateur-mobile-pour-tube-a-rayons-x-qnde-ndt\/#breadcrumb"},"inLanguage":"fr-FR","potentialAction":[{"@type":"ReadAction","target":["https:\/\/www.qnde.ca\/fr\/produit\/manipulateur-mobile-pour-tube-a-rayons-x-qnde-ndt\/"]}]},{"@type":"ImageObject","inLanguage":"fr-FR","@id":"https:\/\/www.qnde.ca\/fr\/produit\/manipulateur-mobile-pour-tube-a-rayons-x-qnde-ndt\/#primaryimage","url":"https:\/\/www.qnde.ca\/wp-content\/uploads\/2021\/01\/Quality-NDE-Mobile-Tube-Stand-Comet-MXR-tubehead-450kV-shown-scaled-scaled.jpg","contentUrl":"https:\/\/www.qnde.ca\/wp-content\/uploads\/2021\/01\/Quality-NDE-Mobile-Tube-Stand-Comet-MXR-tubehead-450kV-shown-scaled-scaled.jpg","width":1536,"height":2048},{"@type":"BreadcrumbList","@id":"https:\/\/www.qnde.ca\/fr\/produit\/manipulateur-mobile-pour-tube-a-rayons-x-qnde-ndt\/#breadcrumb","itemListElement":[{"@type":"ListItem","position":1,"name":"Accueil","item":"https:\/\/www.qnde.ca\/fr\/"},{"@type":"ListItem","position":2,"name":"Produits","item":"https:\/\/www.qnde.ca\/fr\/produits\/"},{"@type":"ListItem","position":3,"name":"Marques","item":"https:\/\/www.qnde.ca\/fr\/product-category\/marques\/"},{"@type":"ListItem","position":4,"name":"QNDE","item":"https:\/\/www.qnde.ca\/fr\/product-category\/marques\/qnde-fr\/"},{"@type":"ListItem","position":5,"name":"QNDE Manipulateur Mobile pour Tube \u00e0 Rayons-X"}]},{"@type":"WebSite","@id":"https:\/\/www.qnde.ca\/#website","url":"https:\/\/www.qnde.ca\/","name":"Qualit\u00e9 NDE","description":"\u00c9quipements d&#039;essais non destructifs ","publisher":{"@id":"https:\/\/www.qnde.ca\/#organization"},"potentialAction":[{"@type":"SearchAction","target":{"@type":"EntryPoint","urlTemplate":"https:\/\/www.qnde.ca\/?s={search_term_string}"},"query-input":{"@type":"PropertyValueSpecification","valueRequired":true,"valueName":"search_term_string"}}],"inLanguage":"fr-FR"},{"@type":"Organization","@id":"https:\/\/www.qnde.ca\/#organization","name":"Quality NDT Ltd.","url":"https:\/\/www.qnde.ca\/","logo":{"@type":"ImageObject","inLanguage":"fr-FR","@id":"https:\/\/www.qnde.ca\/#\/schema\/logo\/image\/","url":"https:\/\/www.qnde.ca\/wp-content\/uploads\/2022\/02\/QNDE_logo_RGB-gif.gif","contentUrl":"https:\/\/www.qnde.ca\/wp-content\/uploads\/2022\/02\/QNDE_logo_RGB-gif.gif","width":250,"height":64,"caption":"Quality NDT Ltd."},"image":{"@id":"https:\/\/www.qnde.ca\/#\/schema\/logo\/image\/"},"sameAs":["https:\/\/www.linkedin.com\/company\/qnde\/about\/?viewAsMember=true"]}]}},"jetpack_sharing_enabled":true,"_links":{"self":[{"href":"https:\/\/www.qnde.ca\/fr\/wp-json\/wp\/v2\/product\/13541","targetHints":{"allow":["GET"]}}],"collection":[{"href":"https:\/\/www.qnde.ca\/fr\/wp-json\/wp\/v2\/product"}],"about":[{"href":"https:\/\/www.qnde.ca\/fr\/wp-json\/wp\/v2\/types\/product"}],"wp:featuredmedia":[{"embeddable":true,"href":"https:\/\/www.qnde.ca\/fr\/wp-json\/wp\/v2\/media\/13543"}],"wp:attachment":[{"href":"https:\/\/www.qnde.ca\/fr\/wp-json\/wp\/v2\/media?parent=13541"}],"wp:term":[{"taxonomy":"product_brand","embeddable":true,"href":"https:\/\/www.qnde.ca\/fr\/wp-json\/wp\/v2\/product_brand?post=13541"},{"taxonomy":"product_cat","embeddable":true,"href":"https:\/\/www.qnde.ca\/fr\/wp-json\/wp\/v2\/product_cat?post=13541"},{"taxonomy":"product_tag","embeddable":true,"href":"https:\/\/www.qnde.ca\/fr\/wp-json\/wp\/v2\/product_tag?post=13541"}],"curies":[{"name":"wp","href":"https:\/\/api.w.org\/{rel}","templated":true}]}}