{"id":13530,"date":"2021-01-28T16:26:19","date_gmt":"2021-01-28T21:26:19","guid":{"rendered":"https:\/\/www.qnde.ca\/?post_type=product&#038;p=13530"},"modified":"2025-11-05T11:13:41","modified_gmt":"2025-11-05T16:13:41","slug":"support3-golden","status":"publish","type":"product","link":"https:\/\/www.qnde.ca\/fr\/produit\/support3-golden\/","title":{"rendered":"Golden Support \u00e0 3 Pattes pour Tube"},"content":{"rendered":"<h3><strong>Golden Support \u00e0 3 Pattes pour Tube<\/strong><\/h3>\n<p>Le tr\u00e9pied \u00e0 3 pattes permet le mouvement et l\u2019inclinaison du tube \u00e0 rayons-x. Fait d\u2019aluminium anodis\u00e9, il peut \u00eatre ajust\u00e9 de 16.9&Prime; \u00e0 74&Prime; (42.9 \u00e0 188cm) en hauteur et la t\u00eate SuperPro peut \u00eatre ajust\u00e9e horizontalement et verticalement.<\/p>\n<ul>\n<li>3035: Tr\u00e9pied 475B \u00e9quip\u00e9 de la t\u00eate 808 \u00e0 3 axes (pour tubes XRS-3, XR200 et XR150).<\/li>\n<li>TRI-XRS4: Tr\u00e9pied 475B \u00e9quip\u00e9 de la t\u00eate Super Pro (pour tubes XRS-4).<\/li>\n<\/ul>\n","protected":false},"excerpt":{"rendered":"<p>Golden Support \u00e0 3 Pattes pour Tube Le tr\u00e9pied \u00e0 3 pattes permet le mouvement et l\u2019inclinaison du tube \u00e0 rayons-x. Fait d\u2019aluminium anodis\u00e9, il peut \u00eatre ajust\u00e9 de 16.9&Prime; \u00e0 74&Prime; (42.9 \u00e0 188cm) en hauteur et la t\u00eate SuperPro peut \u00eatre ajust\u00e9e horizontalement et verticalement. 3035: Tr\u00e9pied 475B \u00e9quip\u00e9 de la t\u00eate 808 [&hellip;]<\/p>\n","protected":false},"featured_media":13534,"template":"","meta":{"_monsterinsights_skip_tracking":false,"_monsterinsights_sitenote_active":false,"_monsterinsights_sitenote_note":"","_monsterinsights_sitenote_category":0},"product_brand":[],"product_cat":[402,365],"product_tag":[],"class_list":{"0":"post-13530","1":"product","2":"type-product","3":"status-publish","4":"has-post-thumbnail","6":"product_cat-autres-marques","7":"product_cat-systeme-rayons-x","9":"first","10":"instock","11":"shipping-taxable","12":"purchasable","13":"product-type-variable"},"yoast_head":"<!-- This site is optimized with the Yoast SEO plugin v23.9 - https:\/\/yoast.com\/wordpress\/plugins\/seo\/ -->\n<title>Golden Support \u00e0 3 Pattes pour Tube &#060; Qualit\u00e9 NDE<\/title>\n<meta name=\"description\" content=\"Support \u00e0 3 pattes permet le mouvement et l\u2019inclinaison du tube \u00e0 rayons-x. Fait d\u2019aluminium anodis\u00e9, il peut \u00eatre ajust\u00e9 de 16.9&quot; \u00e0 74&quot; (42.9 \u00e0 188cm).\" \/>\n<meta name=\"robots\" content=\"index, follow, max-snippet:-1, max-image-preview:large, max-video-preview:-1\" \/>\n<link rel=\"canonical\" href=\"https:\/\/www.qnde.ca\/fr\/produit\/support3-golden\/\" \/>\n<meta name=\"twitter:label1\" content=\"Dur\u00e9e de lecture estim\u00e9e\" \/>\n\t<meta name=\"twitter:data1\" content=\"1 minute\" \/>\n<script type=\"application\/ld+json\" class=\"yoast-schema-graph\">{\"@context\":\"https:\/\/schema.org\",\"@graph\":[{\"@type\":[\"WebPage\",\"ItemPage\"],\"@id\":\"https:\/\/www.qnde.ca\/fr\/produit\/support3-golden\/\",\"url\":\"https:\/\/www.qnde.ca\/fr\/produit\/support3-golden\/\",\"name\":\"Golden Support \u00e0 3 Pattes pour Tube &#060; Qualit\u00e9 NDE\",\"isPartOf\":{\"@id\":\"https:\/\/www.qnde.ca\/#website\"},\"primaryImageOfPage\":{\"@id\":\"https:\/\/www.qnde.ca\/fr\/produit\/support3-golden\/#primaryimage\"},\"image\":{\"@id\":\"https:\/\/www.qnde.ca\/fr\/produit\/support3-golden\/#primaryimage\"},\"thumbnailUrl\":\"https:\/\/www.qnde.ca\/wp-content\/uploads\/2021\/01\/Tripod-for-XRS-4.jpg\",\"datePublished\":\"2021-01-28T21:26:19+00:00\",\"dateModified\":\"2025-11-05T16:13:41+00:00\",\"description\":\"Support \u00e0 3 pattes permet le mouvement et l\u2019inclinaison du tube \u00e0 rayons-x. Fait d\u2019aluminium anodis\u00e9, il peut \u00eatre ajust\u00e9 de 16.9\\\" \u00e0 74\\\" (42.9 \u00e0 188cm).\",\"breadcrumb\":{\"@id\":\"https:\/\/www.qnde.ca\/fr\/produit\/support3-golden\/#breadcrumb\"},\"inLanguage\":\"fr-FR\",\"potentialAction\":[{\"@type\":\"ReadAction\",\"target\":[\"https:\/\/www.qnde.ca\/fr\/produit\/support3-golden\/\"]}]},{\"@type\":\"ImageObject\",\"inLanguage\":\"fr-FR\",\"@id\":\"https:\/\/www.qnde.ca\/fr\/produit\/support3-golden\/#primaryimage\",\"url\":\"https:\/\/www.qnde.ca\/wp-content\/uploads\/2021\/01\/Tripod-for-XRS-4.jpg\",\"contentUrl\":\"https:\/\/www.qnde.ca\/wp-content\/uploads\/2021\/01\/Tripod-for-XRS-4.jpg\",\"width\":500,\"height\":604},{\"@type\":\"BreadcrumbList\",\"@id\":\"https:\/\/www.qnde.ca\/fr\/produit\/support3-golden\/#breadcrumb\",\"itemListElement\":[{\"@type\":\"ListItem\",\"position\":1,\"name\":\"Accueil\",\"item\":\"https:\/\/www.qnde.ca\/fr\/\"},{\"@type\":\"ListItem\",\"position\":2,\"name\":\"Produits\",\"item\":\"https:\/\/www.qnde.ca\/fr\/produits\/\"},{\"@type\":\"ListItem\",\"position\":3,\"name\":\"Marques\",\"item\":\"https:\/\/www.qnde.ca\/fr\/product-category\/marques\/\"},{\"@type\":\"ListItem\",\"position\":4,\"name\":\"Autres Marques\",\"item\":\"https:\/\/www.qnde.ca\/fr\/product-category\/marques\/autres-marques\/\"},{\"@type\":\"ListItem\",\"position\":5,\"name\":\"Golden Support \u00e0 3 Pattes pour Tube\"}]},{\"@type\":\"WebSite\",\"@id\":\"https:\/\/www.qnde.ca\/#website\",\"url\":\"https:\/\/www.qnde.ca\/\",\"name\":\"Qualit\u00e9 NDE\",\"description\":\"\u00c9quipements d&#039;essais non destructifs \",\"publisher\":{\"@id\":\"https:\/\/www.qnde.ca\/#organization\"},\"potentialAction\":[{\"@type\":\"SearchAction\",\"target\":{\"@type\":\"EntryPoint\",\"urlTemplate\":\"https:\/\/www.qnde.ca\/?s={search_term_string}\"},\"query-input\":{\"@type\":\"PropertyValueSpecification\",\"valueRequired\":true,\"valueName\":\"search_term_string\"}}],\"inLanguage\":\"fr-FR\"},{\"@type\":\"Organization\",\"@id\":\"https:\/\/www.qnde.ca\/#organization\",\"name\":\"Quality NDT Ltd.\",\"url\":\"https:\/\/www.qnde.ca\/\",\"logo\":{\"@type\":\"ImageObject\",\"inLanguage\":\"fr-FR\",\"@id\":\"https:\/\/www.qnde.ca\/#\/schema\/logo\/image\/\",\"url\":\"https:\/\/www.qnde.ca\/wp-content\/uploads\/2022\/02\/QNDE_logo_RGB-gif.gif\",\"contentUrl\":\"https:\/\/www.qnde.ca\/wp-content\/uploads\/2022\/02\/QNDE_logo_RGB-gif.gif\",\"width\":250,\"height\":64,\"caption\":\"Quality NDT Ltd.\"},\"image\":{\"@id\":\"https:\/\/www.qnde.ca\/#\/schema\/logo\/image\/\"},\"sameAs\":[\"https:\/\/www.linkedin.com\/company\/qnde\/about\/?viewAsMember=true\"]}]}<\/script>\n<!-- \/ Yoast SEO plugin. -->","yoast_head_json":{"title":"Golden Support \u00e0 3 Pattes pour Tube &#060; Qualit\u00e9 NDE","description":"Support \u00e0 3 pattes permet le mouvement et l\u2019inclinaison du tube \u00e0 rayons-x. Fait d\u2019aluminium anodis\u00e9, il peut \u00eatre ajust\u00e9 de 16.9\" \u00e0 74\" (42.9 \u00e0 188cm).","robots":{"index":"index","follow":"follow","max-snippet":"max-snippet:-1","max-image-preview":"max-image-preview:large","max-video-preview":"max-video-preview:-1"},"canonical":"https:\/\/www.qnde.ca\/fr\/produit\/support3-golden\/","twitter_misc":{"Dur\u00e9e de lecture estim\u00e9e":"1 minute"},"schema":{"@context":"https:\/\/schema.org","@graph":[{"@type":["WebPage","ItemPage"],"@id":"https:\/\/www.qnde.ca\/fr\/produit\/support3-golden\/","url":"https:\/\/www.qnde.ca\/fr\/produit\/support3-golden\/","name":"Golden Support \u00e0 3 Pattes pour Tube &#060; Qualit\u00e9 NDE","isPartOf":{"@id":"https:\/\/www.qnde.ca\/#website"},"primaryImageOfPage":{"@id":"https:\/\/www.qnde.ca\/fr\/produit\/support3-golden\/#primaryimage"},"image":{"@id":"https:\/\/www.qnde.ca\/fr\/produit\/support3-golden\/#primaryimage"},"thumbnailUrl":"https:\/\/www.qnde.ca\/wp-content\/uploads\/2021\/01\/Tripod-for-XRS-4.jpg","datePublished":"2021-01-28T21:26:19+00:00","dateModified":"2025-11-05T16:13:41+00:00","description":"Support \u00e0 3 pattes permet le mouvement et l\u2019inclinaison du tube \u00e0 rayons-x. Fait d\u2019aluminium anodis\u00e9, il peut \u00eatre ajust\u00e9 de 16.9\" \u00e0 74\" (42.9 \u00e0 188cm).","breadcrumb":{"@id":"https:\/\/www.qnde.ca\/fr\/produit\/support3-golden\/#breadcrumb"},"inLanguage":"fr-FR","potentialAction":[{"@type":"ReadAction","target":["https:\/\/www.qnde.ca\/fr\/produit\/support3-golden\/"]}]},{"@type":"ImageObject","inLanguage":"fr-FR","@id":"https:\/\/www.qnde.ca\/fr\/produit\/support3-golden\/#primaryimage","url":"https:\/\/www.qnde.ca\/wp-content\/uploads\/2021\/01\/Tripod-for-XRS-4.jpg","contentUrl":"https:\/\/www.qnde.ca\/wp-content\/uploads\/2021\/01\/Tripod-for-XRS-4.jpg","width":500,"height":604},{"@type":"BreadcrumbList","@id":"https:\/\/www.qnde.ca\/fr\/produit\/support3-golden\/#breadcrumb","itemListElement":[{"@type":"ListItem","position":1,"name":"Accueil","item":"https:\/\/www.qnde.ca\/fr\/"},{"@type":"ListItem","position":2,"name":"Produits","item":"https:\/\/www.qnde.ca\/fr\/produits\/"},{"@type":"ListItem","position":3,"name":"Marques","item":"https:\/\/www.qnde.ca\/fr\/product-category\/marques\/"},{"@type":"ListItem","position":4,"name":"Autres Marques","item":"https:\/\/www.qnde.ca\/fr\/product-category\/marques\/autres-marques\/"},{"@type":"ListItem","position":5,"name":"Golden Support \u00e0 3 Pattes pour Tube"}]},{"@type":"WebSite","@id":"https:\/\/www.qnde.ca\/#website","url":"https:\/\/www.qnde.ca\/","name":"Qualit\u00e9 NDE","description":"\u00c9quipements d&#039;essais non destructifs ","publisher":{"@id":"https:\/\/www.qnde.ca\/#organization"},"potentialAction":[{"@type":"SearchAction","target":{"@type":"EntryPoint","urlTemplate":"https:\/\/www.qnde.ca\/?s={search_term_string}"},"query-input":{"@type":"PropertyValueSpecification","valueRequired":true,"valueName":"search_term_string"}}],"inLanguage":"fr-FR"},{"@type":"Organization","@id":"https:\/\/www.qnde.ca\/#organization","name":"Quality NDT Ltd.","url":"https:\/\/www.qnde.ca\/","logo":{"@type":"ImageObject","inLanguage":"fr-FR","@id":"https:\/\/www.qnde.ca\/#\/schema\/logo\/image\/","url":"https:\/\/www.qnde.ca\/wp-content\/uploads\/2022\/02\/QNDE_logo_RGB-gif.gif","contentUrl":"https:\/\/www.qnde.ca\/wp-content\/uploads\/2022\/02\/QNDE_logo_RGB-gif.gif","width":250,"height":64,"caption":"Quality NDT Ltd."},"image":{"@id":"https:\/\/www.qnde.ca\/#\/schema\/logo\/image\/"},"sameAs":["https:\/\/www.linkedin.com\/company\/qnde\/about\/?viewAsMember=true"]}]}},"jetpack_sharing_enabled":true,"_links":{"self":[{"href":"https:\/\/www.qnde.ca\/fr\/wp-json\/wp\/v2\/product\/13530","targetHints":{"allow":["GET"]}}],"collection":[{"href":"https:\/\/www.qnde.ca\/fr\/wp-json\/wp\/v2\/product"}],"about":[{"href":"https:\/\/www.qnde.ca\/fr\/wp-json\/wp\/v2\/types\/product"}],"wp:featuredmedia":[{"embeddable":true,"href":"https:\/\/www.qnde.ca\/fr\/wp-json\/wp\/v2\/media\/13534"}],"wp:attachment":[{"href":"https:\/\/www.qnde.ca\/fr\/wp-json\/wp\/v2\/media?parent=13530"}],"wp:term":[{"taxonomy":"product_brand","embeddable":true,"href":"https:\/\/www.qnde.ca\/fr\/wp-json\/wp\/v2\/product_brand?post=13530"},{"taxonomy":"product_cat","embeddable":true,"href":"https:\/\/www.qnde.ca\/fr\/wp-json\/wp\/v2\/product_cat?post=13530"},{"taxonomy":"product_tag","embeddable":true,"href":"https:\/\/www.qnde.ca\/fr\/wp-json\/wp\/v2\/product_tag?post=13530"}],"curies":[{"name":"wp","href":"https:\/\/api.w.org\/{rel}","templated":true}]}}