{"id":13524,"date":"2021-01-28T16:09:51","date_gmt":"2021-01-28T21:09:51","guid":{"rendered":"https:\/\/www.qnde.ca\/?post_type=product&#038;p=13524"},"modified":"2025-08-12T14:17:05","modified_gmt":"2025-08-12T18:17:05","slug":"support3-lorad","status":"publish","type":"product","link":"https:\/\/www.qnde.ca\/fr\/produit\/support3-lorad\/","title":{"rendered":"Lorad Support \u00e0 3 Pattes pour Tube"},"content":{"rendered":"<h3><strong>Lorad Support \u00e0 3 Pattes pour Tube<\/strong><\/h3>\n<p>Le tr\u00e9pied \u00e0 3 pattes de Lorad permet un positionnement 3 axes du tube. Fait d\u2019aluminium anodis\u00e9, la hauteur est ajustable (45.5&Prime; \u00e0 83.5&Prime; (115 \u00e0 212 cm)) \u00e0 l\u2019aide d\u2019une manivelle, l\u2019inclinaison (-45\u00b0 \u00e0 90\u00b0) ainsi que la rotation (360\u00b0) du tube sont ajustables \u00e0 l\u2019aide d\u2019une manivelle verrouillable. Le berceau du tube est matelass\u00e9 pour un montage s\u00e9curis\u00e9 et un amortissement des vibrations<\/p>\n<ul>\n<li>LPX1620: Tr\u00e9pied \u00e0 3 pattes pour tube Lorad (LPX160 et LPX200). <em>NOTE: le support peut \u00eatre adapt\u00e9 aux tubes portatifs Comet.<\/em><\/li>\n<li>20046958: Tr\u00e9pied \u00e0 3 pattes (pour tube Comet portatif).<\/li>\n<li>20074052: Tr\u00e9pied \u00e0 4 pattes (pour tube Comet portatif).<\/li>\n<\/ul>\n","protected":false},"excerpt":{"rendered":"<p>Lorad Support \u00e0 3 Pattes pour Tube Le tr\u00e9pied \u00e0 3 pattes de Lorad permet un positionnement 3 axes du tube. Fait d\u2019aluminium anodis\u00e9, la hauteur est ajustable (45.5&Prime; \u00e0 83.5&Prime; (115 \u00e0 212 cm)) \u00e0 l\u2019aide d\u2019une manivelle, l\u2019inclinaison (-45\u00b0 \u00e0 90\u00b0) ainsi que la rotation (360\u00b0) du tube sont ajustables \u00e0 l\u2019aide d\u2019une [&hellip;]<\/p>\n","protected":false},"featured_media":13522,"template":"","meta":{"_monsterinsights_skip_tracking":false,"_monsterinsights_sitenote_active":false,"_monsterinsights_sitenote_note":"","_monsterinsights_sitenote_category":0},"product_brand":[],"product_cat":[402,365],"product_tag":[],"class_list":{"0":"post-13524","1":"product","2":"type-product","3":"status-publish","4":"has-post-thumbnail","6":"product_cat-autres-marques","7":"product_cat-systeme-rayons-x","9":"first","10":"instock","11":"shipping-taxable","12":"purchasable","13":"product-type-variable"},"yoast_head":"<!-- This site is optimized with the Yoast SEO plugin v23.9 - https:\/\/yoast.com\/wordpress\/plugins\/seo\/ -->\n<title>Lorad Support \u00e0 3 Pattes pour Tube &#060; Qualit\u00e9 NDE<\/title>\n<meta name=\"description\" content=\"Tr\u00e9pied Lorad 3 pattes en alu anodis\u00e9, hauteur r\u00e9glable 115\u2013212 cm, inclinaison -45\u00b0 \u00e0 90\u00b0, rotation 360\u00b0, berceau matelass\u00e9 anti-vibrations.\" \/>\n<meta name=\"robots\" content=\"index, follow, max-snippet:-1, max-image-preview:large, max-video-preview:-1\" \/>\n<link rel=\"canonical\" href=\"https:\/\/www.qnde.ca\/fr\/produit\/support3-lorad\/\" \/>\n<meta name=\"twitter:label1\" content=\"Dur\u00e9e de lecture estim\u00e9e\" \/>\n\t<meta name=\"twitter:data1\" content=\"1 minute\" \/>\n<script type=\"application\/ld+json\" class=\"yoast-schema-graph\">{\"@context\":\"https:\/\/schema.org\",\"@graph\":[{\"@type\":[\"WebPage\",\"ItemPage\"],\"@id\":\"https:\/\/www.qnde.ca\/fr\/produit\/support3-lorad\/\",\"url\":\"https:\/\/www.qnde.ca\/fr\/produit\/support3-lorad\/\",\"name\":\"Lorad Support \u00e0 3 Pattes pour Tube &#060; Qualit\u00e9 NDE\",\"isPartOf\":{\"@id\":\"https:\/\/www.qnde.ca\/#website\"},\"primaryImageOfPage\":{\"@id\":\"https:\/\/www.qnde.ca\/fr\/produit\/support3-lorad\/#primaryimage\"},\"image\":{\"@id\":\"https:\/\/www.qnde.ca\/fr\/produit\/support3-lorad\/#primaryimage\"},\"thumbnailUrl\":\"https:\/\/www.qnde.ca\/wp-content\/uploads\/2021\/01\/LPX1620-Tripod.jpg\",\"datePublished\":\"2021-01-28T21:09:51+00:00\",\"dateModified\":\"2025-08-12T18:17:05+00:00\",\"description\":\"Tr\u00e9pied Lorad 3 pattes en alu anodis\u00e9, hauteur r\u00e9glable 115\u2013212 cm, inclinaison -45\u00b0 \u00e0 90\u00b0, rotation 360\u00b0, berceau matelass\u00e9 anti-vibrations.\",\"breadcrumb\":{\"@id\":\"https:\/\/www.qnde.ca\/fr\/produit\/support3-lorad\/#breadcrumb\"},\"inLanguage\":\"fr-FR\",\"potentialAction\":[{\"@type\":\"ReadAction\",\"target\":[\"https:\/\/www.qnde.ca\/fr\/produit\/support3-lorad\/\"]}]},{\"@type\":\"ImageObject\",\"inLanguage\":\"fr-FR\",\"@id\":\"https:\/\/www.qnde.ca\/fr\/produit\/support3-lorad\/#primaryimage\",\"url\":\"https:\/\/www.qnde.ca\/wp-content\/uploads\/2021\/01\/LPX1620-Tripod.jpg\",\"contentUrl\":\"https:\/\/www.qnde.ca\/wp-content\/uploads\/2021\/01\/LPX1620-Tripod.jpg\",\"width\":720,\"height\":1086},{\"@type\":\"BreadcrumbList\",\"@id\":\"https:\/\/www.qnde.ca\/fr\/produit\/support3-lorad\/#breadcrumb\",\"itemListElement\":[{\"@type\":\"ListItem\",\"position\":1,\"name\":\"Accueil\",\"item\":\"https:\/\/www.qnde.ca\/fr\/\"},{\"@type\":\"ListItem\",\"position\":2,\"name\":\"Produits\",\"item\":\"https:\/\/www.qnde.ca\/fr\/produits\/\"},{\"@type\":\"ListItem\",\"position\":3,\"name\":\"Marques\",\"item\":\"https:\/\/www.qnde.ca\/fr\/product-category\/marques\/\"},{\"@type\":\"ListItem\",\"position\":4,\"name\":\"Autres Marques\",\"item\":\"https:\/\/www.qnde.ca\/fr\/product-category\/marques\/autres-marques\/\"},{\"@type\":\"ListItem\",\"position\":5,\"name\":\"Lorad Support \u00e0 3 Pattes pour Tube\"}]},{\"@type\":\"WebSite\",\"@id\":\"https:\/\/www.qnde.ca\/#website\",\"url\":\"https:\/\/www.qnde.ca\/\",\"name\":\"Qualit\u00e9 NDE\",\"description\":\"\u00c9quipements d&#039;essais non destructifs \",\"publisher\":{\"@id\":\"https:\/\/www.qnde.ca\/#organization\"},\"potentialAction\":[{\"@type\":\"SearchAction\",\"target\":{\"@type\":\"EntryPoint\",\"urlTemplate\":\"https:\/\/www.qnde.ca\/?s={search_term_string}\"},\"query-input\":{\"@type\":\"PropertyValueSpecification\",\"valueRequired\":true,\"valueName\":\"search_term_string\"}}],\"inLanguage\":\"fr-FR\"},{\"@type\":\"Organization\",\"@id\":\"https:\/\/www.qnde.ca\/#organization\",\"name\":\"Quality NDT Ltd.\",\"url\":\"https:\/\/www.qnde.ca\/\",\"logo\":{\"@type\":\"ImageObject\",\"inLanguage\":\"fr-FR\",\"@id\":\"https:\/\/www.qnde.ca\/#\/schema\/logo\/image\/\",\"url\":\"https:\/\/www.qnde.ca\/wp-content\/uploads\/2022\/02\/QNDE_logo_RGB-gif.gif\",\"contentUrl\":\"https:\/\/www.qnde.ca\/wp-content\/uploads\/2022\/02\/QNDE_logo_RGB-gif.gif\",\"width\":250,\"height\":64,\"caption\":\"Quality NDT Ltd.\"},\"image\":{\"@id\":\"https:\/\/www.qnde.ca\/#\/schema\/logo\/image\/\"},\"sameAs\":[\"https:\/\/www.linkedin.com\/company\/qnde\/about\/?viewAsMember=true\"]}]}<\/script>\n<!-- \/ Yoast SEO plugin. -->","yoast_head_json":{"title":"Lorad Support \u00e0 3 Pattes pour Tube &#060; Qualit\u00e9 NDE","description":"Tr\u00e9pied Lorad 3 pattes en alu anodis\u00e9, hauteur r\u00e9glable 115\u2013212 cm, inclinaison -45\u00b0 \u00e0 90\u00b0, rotation 360\u00b0, berceau matelass\u00e9 anti-vibrations.","robots":{"index":"index","follow":"follow","max-snippet":"max-snippet:-1","max-image-preview":"max-image-preview:large","max-video-preview":"max-video-preview:-1"},"canonical":"https:\/\/www.qnde.ca\/fr\/produit\/support3-lorad\/","twitter_misc":{"Dur\u00e9e de lecture estim\u00e9e":"1 minute"},"schema":{"@context":"https:\/\/schema.org","@graph":[{"@type":["WebPage","ItemPage"],"@id":"https:\/\/www.qnde.ca\/fr\/produit\/support3-lorad\/","url":"https:\/\/www.qnde.ca\/fr\/produit\/support3-lorad\/","name":"Lorad Support \u00e0 3 Pattes pour Tube &#060; Qualit\u00e9 NDE","isPartOf":{"@id":"https:\/\/www.qnde.ca\/#website"},"primaryImageOfPage":{"@id":"https:\/\/www.qnde.ca\/fr\/produit\/support3-lorad\/#primaryimage"},"image":{"@id":"https:\/\/www.qnde.ca\/fr\/produit\/support3-lorad\/#primaryimage"},"thumbnailUrl":"https:\/\/www.qnde.ca\/wp-content\/uploads\/2021\/01\/LPX1620-Tripod.jpg","datePublished":"2021-01-28T21:09:51+00:00","dateModified":"2025-08-12T18:17:05+00:00","description":"Tr\u00e9pied Lorad 3 pattes en alu anodis\u00e9, hauteur r\u00e9glable 115\u2013212 cm, inclinaison -45\u00b0 \u00e0 90\u00b0, rotation 360\u00b0, berceau matelass\u00e9 anti-vibrations.","breadcrumb":{"@id":"https:\/\/www.qnde.ca\/fr\/produit\/support3-lorad\/#breadcrumb"},"inLanguage":"fr-FR","potentialAction":[{"@type":"ReadAction","target":["https:\/\/www.qnde.ca\/fr\/produit\/support3-lorad\/"]}]},{"@type":"ImageObject","inLanguage":"fr-FR","@id":"https:\/\/www.qnde.ca\/fr\/produit\/support3-lorad\/#primaryimage","url":"https:\/\/www.qnde.ca\/wp-content\/uploads\/2021\/01\/LPX1620-Tripod.jpg","contentUrl":"https:\/\/www.qnde.ca\/wp-content\/uploads\/2021\/01\/LPX1620-Tripod.jpg","width":720,"height":1086},{"@type":"BreadcrumbList","@id":"https:\/\/www.qnde.ca\/fr\/produit\/support3-lorad\/#breadcrumb","itemListElement":[{"@type":"ListItem","position":1,"name":"Accueil","item":"https:\/\/www.qnde.ca\/fr\/"},{"@type":"ListItem","position":2,"name":"Produits","item":"https:\/\/www.qnde.ca\/fr\/produits\/"},{"@type":"ListItem","position":3,"name":"Marques","item":"https:\/\/www.qnde.ca\/fr\/product-category\/marques\/"},{"@type":"ListItem","position":4,"name":"Autres Marques","item":"https:\/\/www.qnde.ca\/fr\/product-category\/marques\/autres-marques\/"},{"@type":"ListItem","position":5,"name":"Lorad Support \u00e0 3 Pattes pour Tube"}]},{"@type":"WebSite","@id":"https:\/\/www.qnde.ca\/#website","url":"https:\/\/www.qnde.ca\/","name":"Qualit\u00e9 NDE","description":"\u00c9quipements d&#039;essais non destructifs ","publisher":{"@id":"https:\/\/www.qnde.ca\/#organization"},"potentialAction":[{"@type":"SearchAction","target":{"@type":"EntryPoint","urlTemplate":"https:\/\/www.qnde.ca\/?s={search_term_string}"},"query-input":{"@type":"PropertyValueSpecification","valueRequired":true,"valueName":"search_term_string"}}],"inLanguage":"fr-FR"},{"@type":"Organization","@id":"https:\/\/www.qnde.ca\/#organization","name":"Quality NDT Ltd.","url":"https:\/\/www.qnde.ca\/","logo":{"@type":"ImageObject","inLanguage":"fr-FR","@id":"https:\/\/www.qnde.ca\/#\/schema\/logo\/image\/","url":"https:\/\/www.qnde.ca\/wp-content\/uploads\/2022\/02\/QNDE_logo_RGB-gif.gif","contentUrl":"https:\/\/www.qnde.ca\/wp-content\/uploads\/2022\/02\/QNDE_logo_RGB-gif.gif","width":250,"height":64,"caption":"Quality NDT Ltd."},"image":{"@id":"https:\/\/www.qnde.ca\/#\/schema\/logo\/image\/"},"sameAs":["https:\/\/www.linkedin.com\/company\/qnde\/about\/?viewAsMember=true"]}]}},"jetpack_sharing_enabled":true,"_links":{"self":[{"href":"https:\/\/www.qnde.ca\/fr\/wp-json\/wp\/v2\/product\/13524","targetHints":{"allow":["GET"]}}],"collection":[{"href":"https:\/\/www.qnde.ca\/fr\/wp-json\/wp\/v2\/product"}],"about":[{"href":"https:\/\/www.qnde.ca\/fr\/wp-json\/wp\/v2\/types\/product"}],"wp:featuredmedia":[{"embeddable":true,"href":"https:\/\/www.qnde.ca\/fr\/wp-json\/wp\/v2\/media\/13522"}],"wp:attachment":[{"href":"https:\/\/www.qnde.ca\/fr\/wp-json\/wp\/v2\/media?parent=13524"}],"wp:term":[{"taxonomy":"product_brand","embeddable":true,"href":"https:\/\/www.qnde.ca\/fr\/wp-json\/wp\/v2\/product_brand?post=13524"},{"taxonomy":"product_cat","embeddable":true,"href":"https:\/\/www.qnde.ca\/fr\/wp-json\/wp\/v2\/product_cat?post=13524"},{"taxonomy":"product_tag","embeddable":true,"href":"https:\/\/www.qnde.ca\/fr\/wp-json\/wp\/v2\/product_tag?post=13524"}],"curies":[{"name":"wp","href":"https:\/\/api.w.org\/{rel}","templated":true}]}}