{"id":13511,"date":"2021-01-28T15:48:28","date_gmt":"2021-01-28T20:48:28","guid":{"rendered":"https:\/\/www.qnde.ca\/?post_type=product&#038;p=13511"},"modified":"2025-08-12T14:07:04","modified_gmt":"2025-08-12T18:07:04","slug":"support3-comet","status":"publish","type":"product","link":"https:\/\/www.qnde.ca\/fr\/produit\/support3-comet\/","title":{"rendered":"Comet Support \u00e0 3 Pattes pour Tube"},"content":{"rendered":"<h3><strong>Comet Support \u00e0 3 Pattes pour Tube<\/strong><\/h3>\n<p>Le tr\u00e9pied \u00e0 3 pattes pour tube avec berceau gradu\u00e9; permet une rotation de 360\u00b0 sur 2 axes. Fait d\u2019aluminium anodis\u00e9 et d\u2019acier inoxydable, les pattes peuvent \u00eatre ajust\u00e9es pour une hauteur focale de 46.5&Prime; \u00e0 72&Prime; (118cm \u00e0 183cm) avec n\u2019importe tube portatif de Comet et Yxlon. Poids: 19kg (8.6lb).<\/p>\n<ul>\n<li>20046958: Tr\u00e9pied \u00e0 3 pattes de Comet (pour tubes portatifs).<\/li>\n<li>LPX1620: Tr\u00e9pied \u00e0 3 pattes de Lorad (pour tubes Lorad LPX160 et LPX200). <em>NOTE: le support peut \u00eatre adapt\u00e9 aux tubes portatifs Comet.<\/em><\/li>\n<li>20074052: Tr\u00e9pied \u00e0 4 pattes de Comet (pour tubes portatifs).<\/li>\n<\/ul>\n","protected":false},"excerpt":{"rendered":"<p>Comet Support \u00e0 3 Pattes pour Tube Le tr\u00e9pied \u00e0 3 pattes pour tube avec berceau gradu\u00e9; permet une rotation de 360\u00b0 sur 2 axes. Fait d\u2019aluminium anodis\u00e9 et d\u2019acier inoxydable, les pattes peuvent \u00eatre ajust\u00e9es pour une hauteur focale de 46.5&Prime; \u00e0 72&Prime; (118cm \u00e0 183cm) avec n\u2019importe tube portatif de Comet et Yxlon. [&hellip;]<\/p>\n","protected":false},"featured_media":13513,"template":"","meta":{"_monsterinsights_skip_tracking":false,"_monsterinsights_sitenote_active":false,"_monsterinsights_sitenote_note":"","_monsterinsights_sitenote_category":0},"product_brand":[],"product_cat":[394,365],"product_tag":[],"class_list":{"0":"post-13511","1":"product","2":"type-product","3":"status-publish","4":"has-post-thumbnail","6":"product_cat-comet-fr","7":"product_cat-systeme-rayons-x","9":"first","10":"instock","11":"shipping-taxable","12":"purchasable","13":"product-type-variable"},"yoast_head":"<!-- This site is optimized with the Yoast SEO plugin v23.9 - https:\/\/yoast.com\/wordpress\/plugins\/seo\/ -->\n<title>Comet Support \u00e0 3 Pattes pour Tube &#060; Qualit\u00e9 NDE<\/title>\n<meta name=\"description\" content=\"Tr\u00e9pied Comet 3 pattes en alu et inox, rotation 360\u00b0 sur 2 axes, hauteur r\u00e9glable 118\u2013183 cm, compatible tubes portatifs Comet et Yxlon. Poids 8,6 kg.\" \/>\n<meta name=\"robots\" content=\"index, follow, max-snippet:-1, max-image-preview:large, max-video-preview:-1\" \/>\n<link rel=\"canonical\" href=\"https:\/\/www.qnde.ca\/fr\/produit\/support3-comet\/\" \/>\n<meta name=\"twitter:label1\" content=\"Dur\u00e9e de lecture estim\u00e9e\" \/>\n\t<meta name=\"twitter:data1\" content=\"1 minute\" \/>\n<script type=\"application\/ld+json\" class=\"yoast-schema-graph\">{\"@context\":\"https:\/\/schema.org\",\"@graph\":[{\"@type\":[\"WebPage\",\"ItemPage\"],\"@id\":\"https:\/\/www.qnde.ca\/fr\/produit\/support3-comet\/\",\"url\":\"https:\/\/www.qnde.ca\/fr\/produit\/support3-comet\/\",\"name\":\"Comet Support \u00e0 3 Pattes pour Tube &#060; Qualit\u00e9 NDE\",\"isPartOf\":{\"@id\":\"https:\/\/www.qnde.ca\/#website\"},\"primaryImageOfPage\":{\"@id\":\"https:\/\/www.qnde.ca\/fr\/produit\/support3-comet\/#primaryimage\"},\"image\":{\"@id\":\"https:\/\/www.qnde.ca\/fr\/produit\/support3-comet\/#primaryimage\"},\"thumbnailUrl\":\"https:\/\/www.qnde.ca\/wp-content\/uploads\/2021\/01\/20046958-COMET-3-legged-tube-stand-for-portable-tubes.jpg\",\"datePublished\":\"2021-01-28T20:48:28+00:00\",\"dateModified\":\"2025-08-12T18:07:04+00:00\",\"description\":\"Tr\u00e9pied Comet 3 pattes en alu et inox, rotation 360\u00b0 sur 2 axes, hauteur r\u00e9glable 118\u2013183 cm, compatible tubes portatifs Comet et Yxlon. Poids 8,6 kg.\",\"breadcrumb\":{\"@id\":\"https:\/\/www.qnde.ca\/fr\/produit\/support3-comet\/#breadcrumb\"},\"inLanguage\":\"fr-FR\",\"potentialAction\":[{\"@type\":\"ReadAction\",\"target\":[\"https:\/\/www.qnde.ca\/fr\/produit\/support3-comet\/\"]}]},{\"@type\":\"ImageObject\",\"inLanguage\":\"fr-FR\",\"@id\":\"https:\/\/www.qnde.ca\/fr\/produit\/support3-comet\/#primaryimage\",\"url\":\"https:\/\/www.qnde.ca\/wp-content\/uploads\/2021\/01\/20046958-COMET-3-legged-tube-stand-for-portable-tubes.jpg\",\"contentUrl\":\"https:\/\/www.qnde.ca\/wp-content\/uploads\/2021\/01\/20046958-COMET-3-legged-tube-stand-for-portable-tubes.jpg\",\"width\":1255,\"height\":1909},{\"@type\":\"BreadcrumbList\",\"@id\":\"https:\/\/www.qnde.ca\/fr\/produit\/support3-comet\/#breadcrumb\",\"itemListElement\":[{\"@type\":\"ListItem\",\"position\":1,\"name\":\"Accueil\",\"item\":\"https:\/\/www.qnde.ca\/fr\/\"},{\"@type\":\"ListItem\",\"position\":2,\"name\":\"Produits\",\"item\":\"https:\/\/www.qnde.ca\/fr\/produits\/\"},{\"@type\":\"ListItem\",\"position\":3,\"name\":\"Marques\",\"item\":\"https:\/\/www.qnde.ca\/fr\/product-category\/marques\/\"},{\"@type\":\"ListItem\",\"position\":4,\"name\":\"Comet\",\"item\":\"https:\/\/www.qnde.ca\/fr\/product-category\/marques\/comet-fr\/\"},{\"@type\":\"ListItem\",\"position\":5,\"name\":\"Comet Support \u00e0 3 Pattes pour Tube\"}]},{\"@type\":\"WebSite\",\"@id\":\"https:\/\/www.qnde.ca\/#website\",\"url\":\"https:\/\/www.qnde.ca\/\",\"name\":\"Qualit\u00e9 NDE\",\"description\":\"\u00c9quipements d&#039;essais non destructifs \",\"publisher\":{\"@id\":\"https:\/\/www.qnde.ca\/#organization\"},\"potentialAction\":[{\"@type\":\"SearchAction\",\"target\":{\"@type\":\"EntryPoint\",\"urlTemplate\":\"https:\/\/www.qnde.ca\/?s={search_term_string}\"},\"query-input\":{\"@type\":\"PropertyValueSpecification\",\"valueRequired\":true,\"valueName\":\"search_term_string\"}}],\"inLanguage\":\"fr-FR\"},{\"@type\":\"Organization\",\"@id\":\"https:\/\/www.qnde.ca\/#organization\",\"name\":\"Quality NDT Ltd.\",\"url\":\"https:\/\/www.qnde.ca\/\",\"logo\":{\"@type\":\"ImageObject\",\"inLanguage\":\"fr-FR\",\"@id\":\"https:\/\/www.qnde.ca\/#\/schema\/logo\/image\/\",\"url\":\"https:\/\/www.qnde.ca\/wp-content\/uploads\/2022\/02\/QNDE_logo_RGB-gif.gif\",\"contentUrl\":\"https:\/\/www.qnde.ca\/wp-content\/uploads\/2022\/02\/QNDE_logo_RGB-gif.gif\",\"width\":250,\"height\":64,\"caption\":\"Quality NDT Ltd.\"},\"image\":{\"@id\":\"https:\/\/www.qnde.ca\/#\/schema\/logo\/image\/\"},\"sameAs\":[\"https:\/\/www.linkedin.com\/company\/qnde\/about\/?viewAsMember=true\"]}]}<\/script>\n<!-- \/ Yoast SEO plugin. -->","yoast_head_json":{"title":"Comet Support \u00e0 3 Pattes pour Tube &#060; Qualit\u00e9 NDE","description":"Tr\u00e9pied Comet 3 pattes en alu et inox, rotation 360\u00b0 sur 2 axes, hauteur r\u00e9glable 118\u2013183 cm, compatible tubes portatifs Comet et Yxlon. Poids 8,6 kg.","robots":{"index":"index","follow":"follow","max-snippet":"max-snippet:-1","max-image-preview":"max-image-preview:large","max-video-preview":"max-video-preview:-1"},"canonical":"https:\/\/www.qnde.ca\/fr\/produit\/support3-comet\/","twitter_misc":{"Dur\u00e9e de lecture estim\u00e9e":"1 minute"},"schema":{"@context":"https:\/\/schema.org","@graph":[{"@type":["WebPage","ItemPage"],"@id":"https:\/\/www.qnde.ca\/fr\/produit\/support3-comet\/","url":"https:\/\/www.qnde.ca\/fr\/produit\/support3-comet\/","name":"Comet Support \u00e0 3 Pattes pour Tube &#060; Qualit\u00e9 NDE","isPartOf":{"@id":"https:\/\/www.qnde.ca\/#website"},"primaryImageOfPage":{"@id":"https:\/\/www.qnde.ca\/fr\/produit\/support3-comet\/#primaryimage"},"image":{"@id":"https:\/\/www.qnde.ca\/fr\/produit\/support3-comet\/#primaryimage"},"thumbnailUrl":"https:\/\/www.qnde.ca\/wp-content\/uploads\/2021\/01\/20046958-COMET-3-legged-tube-stand-for-portable-tubes.jpg","datePublished":"2021-01-28T20:48:28+00:00","dateModified":"2025-08-12T18:07:04+00:00","description":"Tr\u00e9pied Comet 3 pattes en alu et inox, rotation 360\u00b0 sur 2 axes, hauteur r\u00e9glable 118\u2013183 cm, compatible tubes portatifs Comet et Yxlon. Poids 8,6 kg.","breadcrumb":{"@id":"https:\/\/www.qnde.ca\/fr\/produit\/support3-comet\/#breadcrumb"},"inLanguage":"fr-FR","potentialAction":[{"@type":"ReadAction","target":["https:\/\/www.qnde.ca\/fr\/produit\/support3-comet\/"]}]},{"@type":"ImageObject","inLanguage":"fr-FR","@id":"https:\/\/www.qnde.ca\/fr\/produit\/support3-comet\/#primaryimage","url":"https:\/\/www.qnde.ca\/wp-content\/uploads\/2021\/01\/20046958-COMET-3-legged-tube-stand-for-portable-tubes.jpg","contentUrl":"https:\/\/www.qnde.ca\/wp-content\/uploads\/2021\/01\/20046958-COMET-3-legged-tube-stand-for-portable-tubes.jpg","width":1255,"height":1909},{"@type":"BreadcrumbList","@id":"https:\/\/www.qnde.ca\/fr\/produit\/support3-comet\/#breadcrumb","itemListElement":[{"@type":"ListItem","position":1,"name":"Accueil","item":"https:\/\/www.qnde.ca\/fr\/"},{"@type":"ListItem","position":2,"name":"Produits","item":"https:\/\/www.qnde.ca\/fr\/produits\/"},{"@type":"ListItem","position":3,"name":"Marques","item":"https:\/\/www.qnde.ca\/fr\/product-category\/marques\/"},{"@type":"ListItem","position":4,"name":"Comet","item":"https:\/\/www.qnde.ca\/fr\/product-category\/marques\/comet-fr\/"},{"@type":"ListItem","position":5,"name":"Comet Support \u00e0 3 Pattes pour Tube"}]},{"@type":"WebSite","@id":"https:\/\/www.qnde.ca\/#website","url":"https:\/\/www.qnde.ca\/","name":"Qualit\u00e9 NDE","description":"\u00c9quipements d&#039;essais non destructifs ","publisher":{"@id":"https:\/\/www.qnde.ca\/#organization"},"potentialAction":[{"@type":"SearchAction","target":{"@type":"EntryPoint","urlTemplate":"https:\/\/www.qnde.ca\/?s={search_term_string}"},"query-input":{"@type":"PropertyValueSpecification","valueRequired":true,"valueName":"search_term_string"}}],"inLanguage":"fr-FR"},{"@type":"Organization","@id":"https:\/\/www.qnde.ca\/#organization","name":"Quality NDT Ltd.","url":"https:\/\/www.qnde.ca\/","logo":{"@type":"ImageObject","inLanguage":"fr-FR","@id":"https:\/\/www.qnde.ca\/#\/schema\/logo\/image\/","url":"https:\/\/www.qnde.ca\/wp-content\/uploads\/2022\/02\/QNDE_logo_RGB-gif.gif","contentUrl":"https:\/\/www.qnde.ca\/wp-content\/uploads\/2022\/02\/QNDE_logo_RGB-gif.gif","width":250,"height":64,"caption":"Quality NDT Ltd."},"image":{"@id":"https:\/\/www.qnde.ca\/#\/schema\/logo\/image\/"},"sameAs":["https:\/\/www.linkedin.com\/company\/qnde\/about\/?viewAsMember=true"]}]}},"jetpack_sharing_enabled":true,"_links":{"self":[{"href":"https:\/\/www.qnde.ca\/fr\/wp-json\/wp\/v2\/product\/13511","targetHints":{"allow":["GET"]}}],"collection":[{"href":"https:\/\/www.qnde.ca\/fr\/wp-json\/wp\/v2\/product"}],"about":[{"href":"https:\/\/www.qnde.ca\/fr\/wp-json\/wp\/v2\/types\/product"}],"wp:featuredmedia":[{"embeddable":true,"href":"https:\/\/www.qnde.ca\/fr\/wp-json\/wp\/v2\/media\/13513"}],"wp:attachment":[{"href":"https:\/\/www.qnde.ca\/fr\/wp-json\/wp\/v2\/media?parent=13511"}],"wp:term":[{"taxonomy":"product_brand","embeddable":true,"href":"https:\/\/www.qnde.ca\/fr\/wp-json\/wp\/v2\/product_brand?post=13511"},{"taxonomy":"product_cat","embeddable":true,"href":"https:\/\/www.qnde.ca\/fr\/wp-json\/wp\/v2\/product_cat?post=13511"},{"taxonomy":"product_tag","embeddable":true,"href":"https:\/\/www.qnde.ca\/fr\/wp-json\/wp\/v2\/product_tag?post=13511"}],"curies":[{"name":"wp","href":"https:\/\/api.w.org\/{rel}","templated":true}]}}