{"id":13469,"date":"2021-01-28T09:06:54","date_gmt":"2021-01-28T14:06:54","guid":{"rendered":"https:\/\/www.qnde.ca\/?post_type=product&#038;p=13469"},"modified":"2025-08-12T14:04:52","modified_gmt":"2025-08-12T18:04:52","slug":"comet-evo-crawler-systemes-a-rayons-x-pour-chariot-qnde-ndt","status":"publish","type":"product","link":"https:\/\/www.qnde.ca\/fr\/produit\/comet-evo-crawler-systemes-a-rayons-x-pour-chariot-qnde-ndt\/","title":{"rendered":"Comet EVO Crawler, Syst\u00e8mes \u00e0 Rayons-X pour Chariot"},"content":{"rendered":"<h3><strong>Comet EVO Crawler, Syst\u00e8mes \u00e0 Rayons-X pour Chariot<\/strong><\/h3>\n<p>Les syst\u00e8mes \u00e0 rayons-x pour chariot Comet Crawler sont compacts et IP65 pour tous les types d\u2019environnements industriels et viennent avec une garantie COMPL\u00c8TE de 2 ans.<\/p>\n<p>Le syst\u00e8me refroidi \u00e0 l\u2019eau op\u00e8re 24\/7 \u00e0 des temp\u00e9ratures ambiantes allant jusqu\u2019\u00e0 30\u00b0C pour les inspections en ligne des conduites et des r\u00e9servoirs. Disponible de 160kV \u00e0 300kV.<\/p>\n<p>Contactez-nous afin de discuter de votre application, de vos exigences, des options disponibles et\/ou recevoir une soumission.<\/p>\n\n<table id=\"tablepress-EVOCrawler-FR\" class=\"tablepress tablepress-id-EVOCrawler-FR\">\n<thead>\n<tr class=\"row-1\">\n\t<th class=\"column-1\">Mod\u00e8le<\/th><th class=\"column-2\">kV<\/th><th class=\"column-3\">Puissance du tube<\/th><th class=\"column-4\">Point focal EN 12543<\/th><th class=\"column-5\">Couverture du rayonnement<\/th>\n<\/tr>\n<\/thead>\n<tbody class=\"row-striping row-hover\">\n<tr class=\"row-2\">\n\t<td class=\"column-1\">PXS EVO 160DW<\/td><td class=\"column-2\">160kV<\/td><td class=\"column-3\">750W<\/td><td class=\"column-4\">1.0mm<\/td><td class=\"column-5\">40\u00ba x 60\u00ba<\/td>\n<\/tr>\n<tr class=\"row-3\">\n\t<td class=\"column-1\">PXS EVO 200DW<\/td><td class=\"column-2\">200kV<\/td><td class=\"column-3\">750W<\/td><td class=\"column-4\">1.0mm<\/td><td class=\"column-5\">40\u00ba x 60\u00ba<\/td>\n<\/tr>\n<tr class=\"row-4\">\n\t<td class=\"column-1\">PXS EVO 225DSW<\/td><td class=\"column-2\">225kV<\/td><td class=\"column-3\">900W<\/td><td class=\"column-4\">1.0mm<\/td><td class=\"column-5\">30\u00ba x 60\u00ba<\/td>\n<\/tr>\n<tr class=\"row-5\">\n\t<td class=\"column-1\">PXS EVO 225DW<\/td><td class=\"column-2\">225kV<\/td><td class=\"column-3\">900W<\/td><td class=\"column-4\">3.0mm<\/td><td class=\"column-5\">40\u00ba x 60\u00ba<\/td>\n<\/tr>\n<tr class=\"row-6\">\n\t<td class=\"column-1\">PXS EVO 300DSW<\/td><td class=\"column-2\">300kV<\/td><td class=\"column-3\">900W<\/td><td class=\"column-4\">1.0mm<\/td><td class=\"column-5\">30\u00ba x 60\u00ba<\/td>\n<\/tr>\n<tr class=\"row-7\">\n\t<td class=\"column-1\">PXS EVO 300DW<\/td><td class=\"column-2\">300kV<\/td><td class=\"column-3\">900W<\/td><td class=\"column-4\">3.0mm<\/td><td class=\"column-5\">40\u00ba x 60\u00ba<\/td>\n<\/tr>\n<tr class=\"row-8\">\n\t<td class=\"column-1\"><\/td><td class=\"column-2\"><\/td><td class=\"column-3\"><\/td><td class=\"column-4\"><\/td><td class=\"column-5\"><\/td>\n<\/tr>\n<tr class=\"row-9\">\n\t<td class=\"column-1\">PXS EVO 200P-C<\/td><td class=\"column-2\">200kV<\/td><td class=\"column-3\">750W<\/td><td class=\"column-4\">0.4 x 4.0mm<\/td><td class=\"column-5\">38\u00ba x 360\u00ba<\/td>\n<\/tr>\n<tr class=\"row-10\">\n\t<td class=\"column-1\">PXS EVO 300P-C<\/td><td class=\"column-2\">300kV<\/td><td class=\"column-3\">750W<\/td><td class=\"column-4\">0.5 x 5.5mm<\/td><td class=\"column-5\">38\u00ba x 360\u00ba<\/td>\n<\/tr>\n<\/tbody>\n<tfoot>\n<tr class=\"row-11\">\n\t<th class=\"column-1\"><\/th><th class=\"column-2\"><\/th><th class=\"column-3\"><\/th><th class=\"column-4\"><\/th><th class=\"column-5\"><\/th>\n<\/tr>\n<\/tfoot>\n<\/table>\n<!-- #tablepress-EVOCrawler-FR from cache -->\n","protected":false},"excerpt":{"rendered":"<p>Comet EVO Crawler, Syst\u00e8mes \u00e0 Rayons-X pour Chariot Les syst\u00e8mes \u00e0 rayons-x pour chariot Comet Crawler sont compacts et IP65 pour tous les types d\u2019environnements industriels et viennent avec une garantie COMPL\u00c8TE de 2 ans. Le syst\u00e8me refroidi \u00e0 l\u2019eau op\u00e8re 24\/7 \u00e0 des temp\u00e9ratures ambiantes allant jusqu\u2019\u00e0 30\u00b0C pour les inspections en ligne des [&hellip;]<\/p>\n","protected":false},"featured_media":13489,"template":"","meta":{"_monsterinsights_skip_tracking":false,"_monsterinsights_sitenote_active":false,"_monsterinsights_sitenote_note":"","_monsterinsights_sitenote_category":0},"product_brand":[],"product_cat":[394,138,365],"product_tag":[],"class_list":{"0":"post-13469","1":"product","2":"type-product","3":"status-publish","4":"has-post-thumbnail","6":"product_cat-comet-fr","7":"product_cat-radiographie","8":"product_cat-systeme-rayons-x","10":"first","11":"instock","12":"shipping-taxable","13":"purchasable","14":"product-type-variable"},"yoast_head":"<!-- This site is optimized with the Yoast SEO plugin v23.9 - https:\/\/yoast.com\/wordpress\/plugins\/seo\/ -->\n<title>Comet EVO Crawler, Syst\u00e8mes \u00e0 Rayons-X pour Chariot &#060; Qualit\u00e9 NDE<\/title>\n<meta name=\"description\" content=\"Syst\u00e8me Comet EVO Crawler \u00e0 rayons X compact, IP65, refroidi \u00e0 l&#039;eau, garanti 2 ans. Op\u00e8re 24\/7 jusqu\u2019\u00e0 30\u00b0C pour inspections industrielles.\" \/>\n<meta name=\"robots\" content=\"index, follow, max-snippet:-1, max-image-preview:large, max-video-preview:-1\" \/>\n<link rel=\"canonical\" href=\"https:\/\/www.qnde.ca\/fr\/produit\/comet-evo-crawler-systemes-a-rayons-x-pour-chariot-qnde-ndt\/\" \/>\n<meta name=\"twitter:label1\" content=\"Dur\u00e9e de lecture estim\u00e9e\" \/>\n\t<meta name=\"twitter:data1\" content=\"1 minute\" \/>\n<script type=\"application\/ld+json\" class=\"yoast-schema-graph\">{\"@context\":\"https:\/\/schema.org\",\"@graph\":[{\"@type\":[\"WebPage\",\"ItemPage\"],\"@id\":\"https:\/\/www.qnde.ca\/fr\/produit\/comet-evo-crawler-systemes-a-rayons-x-pour-chariot-qnde-ndt\/\",\"url\":\"https:\/\/www.qnde.ca\/fr\/produit\/comet-evo-crawler-systemes-a-rayons-x-pour-chariot-qnde-ndt\/\",\"name\":\"Comet EVO Crawler, Syst\u00e8mes \u00e0 Rayons-X pour Chariot &#060; Qualit\u00e9 NDE\",\"isPartOf\":{\"@id\":\"https:\/\/www.qnde.ca\/#website\"},\"primaryImageOfPage\":{\"@id\":\"https:\/\/www.qnde.ca\/fr\/produit\/comet-evo-crawler-systemes-a-rayons-x-pour-chariot-qnde-ndt\/#primaryimage\"},\"image\":{\"@id\":\"https:\/\/www.qnde.ca\/fr\/produit\/comet-evo-crawler-systemes-a-rayons-x-pour-chariot-qnde-ndt\/#primaryimage\"},\"thumbnailUrl\":\"https:\/\/www.qnde.ca\/wp-content\/uploads\/2021\/01\/Comet-Crawler-1.jpg\",\"datePublished\":\"2021-01-28T14:06:54+00:00\",\"dateModified\":\"2025-08-12T18:04:52+00:00\",\"description\":\"Syst\u00e8me Comet EVO Crawler \u00e0 rayons X compact, IP65, refroidi \u00e0 l'eau, garanti 2 ans. Op\u00e8re 24\/7 jusqu\u2019\u00e0 30\u00b0C pour inspections industrielles.\",\"breadcrumb\":{\"@id\":\"https:\/\/www.qnde.ca\/fr\/produit\/comet-evo-crawler-systemes-a-rayons-x-pour-chariot-qnde-ndt\/#breadcrumb\"},\"inLanguage\":\"fr-FR\",\"potentialAction\":[{\"@type\":\"ReadAction\",\"target\":[\"https:\/\/www.qnde.ca\/fr\/produit\/comet-evo-crawler-systemes-a-rayons-x-pour-chariot-qnde-ndt\/\"]}]},{\"@type\":\"ImageObject\",\"inLanguage\":\"fr-FR\",\"@id\":\"https:\/\/www.qnde.ca\/fr\/produit\/comet-evo-crawler-systemes-a-rayons-x-pour-chariot-qnde-ndt\/#primaryimage\",\"url\":\"https:\/\/www.qnde.ca\/wp-content\/uploads\/2021\/01\/Comet-Crawler-1.jpg\",\"contentUrl\":\"https:\/\/www.qnde.ca\/wp-content\/uploads\/2021\/01\/Comet-Crawler-1.jpg\",\"width\":698,\"height\":400},{\"@type\":\"BreadcrumbList\",\"@id\":\"https:\/\/www.qnde.ca\/fr\/produit\/comet-evo-crawler-systemes-a-rayons-x-pour-chariot-qnde-ndt\/#breadcrumb\",\"itemListElement\":[{\"@type\":\"ListItem\",\"position\":1,\"name\":\"Accueil\",\"item\":\"https:\/\/www.qnde.ca\/fr\/\"},{\"@type\":\"ListItem\",\"position\":2,\"name\":\"Produits\",\"item\":\"https:\/\/www.qnde.ca\/fr\/produits\/\"},{\"@type\":\"ListItem\",\"position\":3,\"name\":\"Marques\",\"item\":\"https:\/\/www.qnde.ca\/fr\/product-category\/marques\/\"},{\"@type\":\"ListItem\",\"position\":4,\"name\":\"Comet\",\"item\":\"https:\/\/www.qnde.ca\/fr\/product-category\/marques\/comet-fr\/\"},{\"@type\":\"ListItem\",\"position\":5,\"name\":\"Comet EVO Crawler, Syst\u00e8mes \u00e0 Rayons-X pour Chariot\"}]},{\"@type\":\"WebSite\",\"@id\":\"https:\/\/www.qnde.ca\/#website\",\"url\":\"https:\/\/www.qnde.ca\/\",\"name\":\"Qualit\u00e9 NDE\",\"description\":\"\u00c9quipements d&#039;essais non destructifs \",\"publisher\":{\"@id\":\"https:\/\/www.qnde.ca\/#organization\"},\"potentialAction\":[{\"@type\":\"SearchAction\",\"target\":{\"@type\":\"EntryPoint\",\"urlTemplate\":\"https:\/\/www.qnde.ca\/?s={search_term_string}\"},\"query-input\":{\"@type\":\"PropertyValueSpecification\",\"valueRequired\":true,\"valueName\":\"search_term_string\"}}],\"inLanguage\":\"fr-FR\"},{\"@type\":\"Organization\",\"@id\":\"https:\/\/www.qnde.ca\/#organization\",\"name\":\"Quality NDT Ltd.\",\"url\":\"https:\/\/www.qnde.ca\/\",\"logo\":{\"@type\":\"ImageObject\",\"inLanguage\":\"fr-FR\",\"@id\":\"https:\/\/www.qnde.ca\/#\/schema\/logo\/image\/\",\"url\":\"https:\/\/www.qnde.ca\/wp-content\/uploads\/2022\/02\/QNDE_logo_RGB-gif.gif\",\"contentUrl\":\"https:\/\/www.qnde.ca\/wp-content\/uploads\/2022\/02\/QNDE_logo_RGB-gif.gif\",\"width\":250,\"height\":64,\"caption\":\"Quality NDT Ltd.\"},\"image\":{\"@id\":\"https:\/\/www.qnde.ca\/#\/schema\/logo\/image\/\"},\"sameAs\":[\"https:\/\/www.linkedin.com\/company\/qnde\/about\/?viewAsMember=true\"]}]}<\/script>\n<!-- \/ Yoast SEO plugin. -->","yoast_head_json":{"title":"Comet EVO Crawler, Syst\u00e8mes \u00e0 Rayons-X pour Chariot &#060; Qualit\u00e9 NDE","description":"Syst\u00e8me Comet EVO Crawler \u00e0 rayons X compact, IP65, refroidi \u00e0 l'eau, garanti 2 ans. Op\u00e8re 24\/7 jusqu\u2019\u00e0 30\u00b0C pour inspections industrielles.","robots":{"index":"index","follow":"follow","max-snippet":"max-snippet:-1","max-image-preview":"max-image-preview:large","max-video-preview":"max-video-preview:-1"},"canonical":"https:\/\/www.qnde.ca\/fr\/produit\/comet-evo-crawler-systemes-a-rayons-x-pour-chariot-qnde-ndt\/","twitter_misc":{"Dur\u00e9e de lecture estim\u00e9e":"1 minute"},"schema":{"@context":"https:\/\/schema.org","@graph":[{"@type":["WebPage","ItemPage"],"@id":"https:\/\/www.qnde.ca\/fr\/produit\/comet-evo-crawler-systemes-a-rayons-x-pour-chariot-qnde-ndt\/","url":"https:\/\/www.qnde.ca\/fr\/produit\/comet-evo-crawler-systemes-a-rayons-x-pour-chariot-qnde-ndt\/","name":"Comet EVO Crawler, Syst\u00e8mes \u00e0 Rayons-X pour Chariot &#060; Qualit\u00e9 NDE","isPartOf":{"@id":"https:\/\/www.qnde.ca\/#website"},"primaryImageOfPage":{"@id":"https:\/\/www.qnde.ca\/fr\/produit\/comet-evo-crawler-systemes-a-rayons-x-pour-chariot-qnde-ndt\/#primaryimage"},"image":{"@id":"https:\/\/www.qnde.ca\/fr\/produit\/comet-evo-crawler-systemes-a-rayons-x-pour-chariot-qnde-ndt\/#primaryimage"},"thumbnailUrl":"https:\/\/www.qnde.ca\/wp-content\/uploads\/2021\/01\/Comet-Crawler-1.jpg","datePublished":"2021-01-28T14:06:54+00:00","dateModified":"2025-08-12T18:04:52+00:00","description":"Syst\u00e8me Comet EVO Crawler \u00e0 rayons X compact, IP65, refroidi \u00e0 l'eau, garanti 2 ans. Op\u00e8re 24\/7 jusqu\u2019\u00e0 30\u00b0C pour inspections industrielles.","breadcrumb":{"@id":"https:\/\/www.qnde.ca\/fr\/produit\/comet-evo-crawler-systemes-a-rayons-x-pour-chariot-qnde-ndt\/#breadcrumb"},"inLanguage":"fr-FR","potentialAction":[{"@type":"ReadAction","target":["https:\/\/www.qnde.ca\/fr\/produit\/comet-evo-crawler-systemes-a-rayons-x-pour-chariot-qnde-ndt\/"]}]},{"@type":"ImageObject","inLanguage":"fr-FR","@id":"https:\/\/www.qnde.ca\/fr\/produit\/comet-evo-crawler-systemes-a-rayons-x-pour-chariot-qnde-ndt\/#primaryimage","url":"https:\/\/www.qnde.ca\/wp-content\/uploads\/2021\/01\/Comet-Crawler-1.jpg","contentUrl":"https:\/\/www.qnde.ca\/wp-content\/uploads\/2021\/01\/Comet-Crawler-1.jpg","width":698,"height":400},{"@type":"BreadcrumbList","@id":"https:\/\/www.qnde.ca\/fr\/produit\/comet-evo-crawler-systemes-a-rayons-x-pour-chariot-qnde-ndt\/#breadcrumb","itemListElement":[{"@type":"ListItem","position":1,"name":"Accueil","item":"https:\/\/www.qnde.ca\/fr\/"},{"@type":"ListItem","position":2,"name":"Produits","item":"https:\/\/www.qnde.ca\/fr\/produits\/"},{"@type":"ListItem","position":3,"name":"Marques","item":"https:\/\/www.qnde.ca\/fr\/product-category\/marques\/"},{"@type":"ListItem","position":4,"name":"Comet","item":"https:\/\/www.qnde.ca\/fr\/product-category\/marques\/comet-fr\/"},{"@type":"ListItem","position":5,"name":"Comet EVO Crawler, Syst\u00e8mes \u00e0 Rayons-X pour Chariot"}]},{"@type":"WebSite","@id":"https:\/\/www.qnde.ca\/#website","url":"https:\/\/www.qnde.ca\/","name":"Qualit\u00e9 NDE","description":"\u00c9quipements d&#039;essais non destructifs ","publisher":{"@id":"https:\/\/www.qnde.ca\/#organization"},"potentialAction":[{"@type":"SearchAction","target":{"@type":"EntryPoint","urlTemplate":"https:\/\/www.qnde.ca\/?s={search_term_string}"},"query-input":{"@type":"PropertyValueSpecification","valueRequired":true,"valueName":"search_term_string"}}],"inLanguage":"fr-FR"},{"@type":"Organization","@id":"https:\/\/www.qnde.ca\/#organization","name":"Quality NDT Ltd.","url":"https:\/\/www.qnde.ca\/","logo":{"@type":"ImageObject","inLanguage":"fr-FR","@id":"https:\/\/www.qnde.ca\/#\/schema\/logo\/image\/","url":"https:\/\/www.qnde.ca\/wp-content\/uploads\/2022\/02\/QNDE_logo_RGB-gif.gif","contentUrl":"https:\/\/www.qnde.ca\/wp-content\/uploads\/2022\/02\/QNDE_logo_RGB-gif.gif","width":250,"height":64,"caption":"Quality NDT Ltd."},"image":{"@id":"https:\/\/www.qnde.ca\/#\/schema\/logo\/image\/"},"sameAs":["https:\/\/www.linkedin.com\/company\/qnde\/about\/?viewAsMember=true"]}]}},"jetpack_sharing_enabled":true,"_links":{"self":[{"href":"https:\/\/www.qnde.ca\/fr\/wp-json\/wp\/v2\/product\/13469","targetHints":{"allow":["GET"]}}],"collection":[{"href":"https:\/\/www.qnde.ca\/fr\/wp-json\/wp\/v2\/product"}],"about":[{"href":"https:\/\/www.qnde.ca\/fr\/wp-json\/wp\/v2\/types\/product"}],"wp:featuredmedia":[{"embeddable":true,"href":"https:\/\/www.qnde.ca\/fr\/wp-json\/wp\/v2\/media\/13489"}],"wp:attachment":[{"href":"https:\/\/www.qnde.ca\/fr\/wp-json\/wp\/v2\/media?parent=13469"}],"wp:term":[{"taxonomy":"product_brand","embeddable":true,"href":"https:\/\/www.qnde.ca\/fr\/wp-json\/wp\/v2\/product_brand?post=13469"},{"taxonomy":"product_cat","embeddable":true,"href":"https:\/\/www.qnde.ca\/fr\/wp-json\/wp\/v2\/product_cat?post=13469"},{"taxonomy":"product_tag","embeddable":true,"href":"https:\/\/www.qnde.ca\/fr\/wp-json\/wp\/v2\/product_tag?post=13469"}],"curies":[{"name":"wp","href":"https:\/\/api.w.org\/{rel}","templated":true}]}}