{"id":13457,"date":"2021-01-27T16:59:03","date_gmt":"2021-01-27T21:59:03","guid":{"rendered":"https:\/\/www.qnde.ca\/?post_type=product&#038;p=13457"},"modified":"2025-08-07T10:13:12","modified_gmt":"2025-08-07T14:13:12","slug":"teledyne-icm-cp-rayons-x-potentiel-constant","status":"publish","type":"product","link":"https:\/\/www.qnde.ca\/fr\/produit\/teledyne-icm-cp-rayons-x-potentiel-constant\/","title":{"rendered":"Teledyne\/ICM CP, Rayons-X \u00e0 Potentiel Constant \u00e0 Batterie"},"content":{"rendered":"<h3><strong>Teledyne\/ICM CP, Rayons-x\u00a0\u00e0 Potentiel Constant \u00e0 Batterie<\/strong><\/h3>\n<p>Les sources \u00e0 rayons-x \u00e0 potentiel constant Teledyne\/ICM CP \u00e0 batterie peuvent op\u00e9rer plusieurs minutes sans interruption de refroidissement. Avec les kV et mA ajustables, un petit point focal et un angle de rayonnement orientable de 50\u00ba x 50\u00ba, ils sont parfaits pour la radiographie digitale. L\u2019ensemble inclus une batterie Li-ion de 37V, un chargeur 120VAC, un manuel d\u2019utilisation et une valise de transport.<\/p>\n<p>Contactez-nous afin de discuter de votre application, de vos exigences, des options disponibles et\/ou recevoir une soumission.<\/p>\n<ul>\n<li>CP120B: Ensemble Rayons-X CP \u00e0 batterie, 40 \u00e0 120kV, 0.1 \u00e0 1.0mA, point focal de 0.8 x 0.5mm. P\u00e9n\u00e9tration jusqu\u2019\u00e0 0.4&Prime; (10mm) d\u2019acier.<\/li>\n<li>CP160B: Ensemble Rayons-X CP \u00e0 batterie, 40 \u00e0 160kV, 0.1 \u00e0 0.5mA, point focal de 0.8 x 0.7mm. P\u00e9n\u00e9tration jusqu\u2019\u00e0 0.83&Prime; (21mm) d\u2019acier.<\/li>\n<\/ul>\n<h4>Accessoire<\/h4>\n<ul>\n<li><a href=\"https:\/\/www.qnde.ca\/fr\/produit\/lampe-alarme-perimetre-securite\/\">QPWL-ICM<\/a>: Lampe et alarme sonore pour p\u00e9rim\u00e8tre de s\u00e9curit\u00e9 \u2013 R\u00e9sistante aux chocs et \u00e9tanche \u00e0 l\u2019eau \u2013 Pour syst\u00e8me Teledyne\/ICM.<\/li>\n<\/ul>\n","protected":false},"excerpt":{"rendered":"<p>Teledyne\/ICM CP, Rayons-x\u00a0\u00e0 Potentiel Constant \u00e0 Batterie Les sources \u00e0 rayons-x \u00e0 potentiel constant Teledyne\/ICM CP \u00e0 batterie peuvent op\u00e9rer plusieurs minutes sans interruption de refroidissement. Avec les kV et mA ajustables, un petit point focal et un angle de rayonnement orientable de 50\u00ba x 50\u00ba, ils sont parfaits pour la radiographie digitale. L\u2019ensemble inclus [&hellip;]<\/p>\n","protected":false},"featured_media":13459,"template":"","meta":{"_monsterinsights_skip_tracking":false,"_monsterinsights_sitenote_active":false,"_monsterinsights_sitenote_note":"","_monsterinsights_sitenote_category":0},"product_brand":[],"product_cat":[399],"product_tag":[],"class_list":{"0":"post-13457","1":"product","2":"type-product","3":"status-publish","4":"has-post-thumbnail","6":"product_cat-teledyne-fr","8":"first","9":"instock","10":"shipping-taxable","11":"purchasable","12":"product-type-variable"},"yoast_head":"<!-- This site is optimized with the Yoast SEO plugin v23.9 - https:\/\/yoast.com\/wordpress\/plugins\/seo\/ -->\n<title>Teledyne\/ICM CP, Rayons-X \u00e0 Potentiel Constant \u00e0 Batterie &#060; Qualit\u00e9 NDE<\/title>\n<meta name=\"description\" content=\"Sources \u00e0 rayons-x \u00e0 potentiel constant parfaites pour la radiographie digitale. kV et mA ajustables, petit point focal et angle de rayonnement orientable.\" \/>\n<meta name=\"robots\" content=\"index, follow, max-snippet:-1, max-image-preview:large, max-video-preview:-1\" \/>\n<link rel=\"canonical\" href=\"https:\/\/www.qnde.ca\/fr\/produit\/teledyne-icm-cp-rayons-x-potentiel-constant\/\" \/>\n<meta name=\"twitter:label1\" content=\"Dur\u00e9e de lecture estim\u00e9e\" \/>\n\t<meta name=\"twitter:data1\" content=\"1 minute\" \/>\n<script type=\"application\/ld+json\" class=\"yoast-schema-graph\">{\"@context\":\"https:\/\/schema.org\",\"@graph\":[{\"@type\":[\"WebPage\",\"ItemPage\"],\"@id\":\"https:\/\/www.qnde.ca\/fr\/produit\/teledyne-icm-cp-rayons-x-potentiel-constant\/\",\"url\":\"https:\/\/www.qnde.ca\/fr\/produit\/teledyne-icm-cp-rayons-x-potentiel-constant\/\",\"name\":\"Teledyne\/ICM CP, Rayons-X \u00e0 Potentiel Constant \u00e0 Batterie &#060; Qualit\u00e9 NDE\",\"isPartOf\":{\"@id\":\"https:\/\/www.qnde.ca\/#website\"},\"primaryImageOfPage\":{\"@id\":\"https:\/\/www.qnde.ca\/fr\/produit\/teledyne-icm-cp-rayons-x-potentiel-constant\/#primaryimage\"},\"image\":{\"@id\":\"https:\/\/www.qnde.ca\/fr\/produit\/teledyne-icm-cp-rayons-x-potentiel-constant\/#primaryimage\"},\"thumbnailUrl\":\"https:\/\/www.qnde.ca\/wp-content\/uploads\/2021\/01\/Teledyne-ICM-CP-Series-Portable-X-Ray-Systems-CP-160B-shown.png\",\"datePublished\":\"2021-01-27T21:59:03+00:00\",\"dateModified\":\"2025-08-07T14:13:12+00:00\",\"description\":\"Sources \u00e0 rayons-x \u00e0 potentiel constant parfaites pour la radiographie digitale. kV et mA ajustables, petit point focal et angle de rayonnement orientable.\",\"breadcrumb\":{\"@id\":\"https:\/\/www.qnde.ca\/fr\/produit\/teledyne-icm-cp-rayons-x-potentiel-constant\/#breadcrumb\"},\"inLanguage\":\"fr-FR\",\"potentialAction\":[{\"@type\":\"ReadAction\",\"target\":[\"https:\/\/www.qnde.ca\/fr\/produit\/teledyne-icm-cp-rayons-x-potentiel-constant\/\"]}]},{\"@type\":\"ImageObject\",\"inLanguage\":\"fr-FR\",\"@id\":\"https:\/\/www.qnde.ca\/fr\/produit\/teledyne-icm-cp-rayons-x-potentiel-constant\/#primaryimage\",\"url\":\"https:\/\/www.qnde.ca\/wp-content\/uploads\/2021\/01\/Teledyne-ICM-CP-Series-Portable-X-Ray-Systems-CP-160B-shown.png\",\"contentUrl\":\"https:\/\/www.qnde.ca\/wp-content\/uploads\/2021\/01\/Teledyne-ICM-CP-Series-Portable-X-Ray-Systems-CP-160B-shown.png\",\"width\":1024,\"height\":683},{\"@type\":\"BreadcrumbList\",\"@id\":\"https:\/\/www.qnde.ca\/fr\/produit\/teledyne-icm-cp-rayons-x-potentiel-constant\/#breadcrumb\",\"itemListElement\":[{\"@type\":\"ListItem\",\"position\":1,\"name\":\"Accueil\",\"item\":\"https:\/\/www.qnde.ca\/fr\/\"},{\"@type\":\"ListItem\",\"position\":2,\"name\":\"Produits\",\"item\":\"https:\/\/www.qnde.ca\/fr\/produits\/\"},{\"@type\":\"ListItem\",\"position\":3,\"name\":\"Marques\",\"item\":\"https:\/\/www.qnde.ca\/fr\/product-category\/marques\/\"},{\"@type\":\"ListItem\",\"position\":4,\"name\":\"Teledyne ICM\",\"item\":\"https:\/\/www.qnde.ca\/fr\/product-category\/marques\/teledyne-fr\/\"},{\"@type\":\"ListItem\",\"position\":5,\"name\":\"Teledyne\/ICM CP, Rayons-X \u00e0 Potentiel Constant \u00e0 Batterie\"}]},{\"@type\":\"WebSite\",\"@id\":\"https:\/\/www.qnde.ca\/#website\",\"url\":\"https:\/\/www.qnde.ca\/\",\"name\":\"Qualit\u00e9 NDE\",\"description\":\"\u00c9quipements d&#039;essais non destructifs \",\"publisher\":{\"@id\":\"https:\/\/www.qnde.ca\/#organization\"},\"potentialAction\":[{\"@type\":\"SearchAction\",\"target\":{\"@type\":\"EntryPoint\",\"urlTemplate\":\"https:\/\/www.qnde.ca\/?s={search_term_string}\"},\"query-input\":{\"@type\":\"PropertyValueSpecification\",\"valueRequired\":true,\"valueName\":\"search_term_string\"}}],\"inLanguage\":\"fr-FR\"},{\"@type\":\"Organization\",\"@id\":\"https:\/\/www.qnde.ca\/#organization\",\"name\":\"Quality NDT Ltd.\",\"url\":\"https:\/\/www.qnde.ca\/\",\"logo\":{\"@type\":\"ImageObject\",\"inLanguage\":\"fr-FR\",\"@id\":\"https:\/\/www.qnde.ca\/#\/schema\/logo\/image\/\",\"url\":\"https:\/\/www.qnde.ca\/wp-content\/uploads\/2022\/02\/QNDE_logo_RGB-gif.gif\",\"contentUrl\":\"https:\/\/www.qnde.ca\/wp-content\/uploads\/2022\/02\/QNDE_logo_RGB-gif.gif\",\"width\":250,\"height\":64,\"caption\":\"Quality NDT Ltd.\"},\"image\":{\"@id\":\"https:\/\/www.qnde.ca\/#\/schema\/logo\/image\/\"},\"sameAs\":[\"https:\/\/www.linkedin.com\/company\/qnde\/about\/?viewAsMember=true\"]}]}<\/script>\n<!-- \/ Yoast SEO plugin. -->","yoast_head_json":{"title":"Teledyne\/ICM CP, Rayons-X \u00e0 Potentiel Constant \u00e0 Batterie &#060; Qualit\u00e9 NDE","description":"Sources \u00e0 rayons-x \u00e0 potentiel constant parfaites pour la radiographie digitale. kV et mA ajustables, petit point focal et angle de rayonnement orientable.","robots":{"index":"index","follow":"follow","max-snippet":"max-snippet:-1","max-image-preview":"max-image-preview:large","max-video-preview":"max-video-preview:-1"},"canonical":"https:\/\/www.qnde.ca\/fr\/produit\/teledyne-icm-cp-rayons-x-potentiel-constant\/","twitter_misc":{"Dur\u00e9e de lecture estim\u00e9e":"1 minute"},"schema":{"@context":"https:\/\/schema.org","@graph":[{"@type":["WebPage","ItemPage"],"@id":"https:\/\/www.qnde.ca\/fr\/produit\/teledyne-icm-cp-rayons-x-potentiel-constant\/","url":"https:\/\/www.qnde.ca\/fr\/produit\/teledyne-icm-cp-rayons-x-potentiel-constant\/","name":"Teledyne\/ICM CP, Rayons-X \u00e0 Potentiel Constant \u00e0 Batterie &#060; Qualit\u00e9 NDE","isPartOf":{"@id":"https:\/\/www.qnde.ca\/#website"},"primaryImageOfPage":{"@id":"https:\/\/www.qnde.ca\/fr\/produit\/teledyne-icm-cp-rayons-x-potentiel-constant\/#primaryimage"},"image":{"@id":"https:\/\/www.qnde.ca\/fr\/produit\/teledyne-icm-cp-rayons-x-potentiel-constant\/#primaryimage"},"thumbnailUrl":"https:\/\/www.qnde.ca\/wp-content\/uploads\/2021\/01\/Teledyne-ICM-CP-Series-Portable-X-Ray-Systems-CP-160B-shown.png","datePublished":"2021-01-27T21:59:03+00:00","dateModified":"2025-08-07T14:13:12+00:00","description":"Sources \u00e0 rayons-x \u00e0 potentiel constant parfaites pour la radiographie digitale. kV et mA ajustables, petit point focal et angle de rayonnement orientable.","breadcrumb":{"@id":"https:\/\/www.qnde.ca\/fr\/produit\/teledyne-icm-cp-rayons-x-potentiel-constant\/#breadcrumb"},"inLanguage":"fr-FR","potentialAction":[{"@type":"ReadAction","target":["https:\/\/www.qnde.ca\/fr\/produit\/teledyne-icm-cp-rayons-x-potentiel-constant\/"]}]},{"@type":"ImageObject","inLanguage":"fr-FR","@id":"https:\/\/www.qnde.ca\/fr\/produit\/teledyne-icm-cp-rayons-x-potentiel-constant\/#primaryimage","url":"https:\/\/www.qnde.ca\/wp-content\/uploads\/2021\/01\/Teledyne-ICM-CP-Series-Portable-X-Ray-Systems-CP-160B-shown.png","contentUrl":"https:\/\/www.qnde.ca\/wp-content\/uploads\/2021\/01\/Teledyne-ICM-CP-Series-Portable-X-Ray-Systems-CP-160B-shown.png","width":1024,"height":683},{"@type":"BreadcrumbList","@id":"https:\/\/www.qnde.ca\/fr\/produit\/teledyne-icm-cp-rayons-x-potentiel-constant\/#breadcrumb","itemListElement":[{"@type":"ListItem","position":1,"name":"Accueil","item":"https:\/\/www.qnde.ca\/fr\/"},{"@type":"ListItem","position":2,"name":"Produits","item":"https:\/\/www.qnde.ca\/fr\/produits\/"},{"@type":"ListItem","position":3,"name":"Marques","item":"https:\/\/www.qnde.ca\/fr\/product-category\/marques\/"},{"@type":"ListItem","position":4,"name":"Teledyne ICM","item":"https:\/\/www.qnde.ca\/fr\/product-category\/marques\/teledyne-fr\/"},{"@type":"ListItem","position":5,"name":"Teledyne\/ICM CP, Rayons-X \u00e0 Potentiel Constant \u00e0 Batterie"}]},{"@type":"WebSite","@id":"https:\/\/www.qnde.ca\/#website","url":"https:\/\/www.qnde.ca\/","name":"Qualit\u00e9 NDE","description":"\u00c9quipements d&#039;essais non destructifs ","publisher":{"@id":"https:\/\/www.qnde.ca\/#organization"},"potentialAction":[{"@type":"SearchAction","target":{"@type":"EntryPoint","urlTemplate":"https:\/\/www.qnde.ca\/?s={search_term_string}"},"query-input":{"@type":"PropertyValueSpecification","valueRequired":true,"valueName":"search_term_string"}}],"inLanguage":"fr-FR"},{"@type":"Organization","@id":"https:\/\/www.qnde.ca\/#organization","name":"Quality NDT Ltd.","url":"https:\/\/www.qnde.ca\/","logo":{"@type":"ImageObject","inLanguage":"fr-FR","@id":"https:\/\/www.qnde.ca\/#\/schema\/logo\/image\/","url":"https:\/\/www.qnde.ca\/wp-content\/uploads\/2022\/02\/QNDE_logo_RGB-gif.gif","contentUrl":"https:\/\/www.qnde.ca\/wp-content\/uploads\/2022\/02\/QNDE_logo_RGB-gif.gif","width":250,"height":64,"caption":"Quality NDT Ltd."},"image":{"@id":"https:\/\/www.qnde.ca\/#\/schema\/logo\/image\/"},"sameAs":["https:\/\/www.linkedin.com\/company\/qnde\/about\/?viewAsMember=true"]}]}},"jetpack_sharing_enabled":true,"_links":{"self":[{"href":"https:\/\/www.qnde.ca\/fr\/wp-json\/wp\/v2\/product\/13457","targetHints":{"allow":["GET"]}}],"collection":[{"href":"https:\/\/www.qnde.ca\/fr\/wp-json\/wp\/v2\/product"}],"about":[{"href":"https:\/\/www.qnde.ca\/fr\/wp-json\/wp\/v2\/types\/product"}],"wp:featuredmedia":[{"embeddable":true,"href":"https:\/\/www.qnde.ca\/fr\/wp-json\/wp\/v2\/media\/13459"}],"wp:attachment":[{"href":"https:\/\/www.qnde.ca\/fr\/wp-json\/wp\/v2\/media?parent=13457"}],"wp:term":[{"taxonomy":"product_brand","embeddable":true,"href":"https:\/\/www.qnde.ca\/fr\/wp-json\/wp\/v2\/product_brand?post=13457"},{"taxonomy":"product_cat","embeddable":true,"href":"https:\/\/www.qnde.ca\/fr\/wp-json\/wp\/v2\/product_cat?post=13457"},{"taxonomy":"product_tag","embeddable":true,"href":"https:\/\/www.qnde.ca\/fr\/wp-json\/wp\/v2\/product_tag?post=13457"}],"curies":[{"name":"wp","href":"https:\/\/api.w.org\/{rel}","templated":true}]}}