{"id":13398,"date":"2020-12-30T15:23:29","date_gmt":"2020-12-30T20:23:29","guid":{"rendered":"https:\/\/www.qnde.ca\/?post_type=product&#038;p=13398"},"modified":"2025-08-07T10:11:49","modified_gmt":"2025-08-07T14:11:49","slug":"teledyne-icm-rayons-x-portatif-cp-series","status":"publish","type":"product","link":"https:\/\/www.qnde.ca\/fr\/produit\/teledyne-icm-rayons-x-portatif-cp-series\/","title":{"rendered":"Teledyne\/ICM CP-Series, Syst\u00e8mes \u00e0 Rayons-X Portatif"},"content":{"rendered":"<h3><strong>Teledyne\/ICM CP-Series, Syst\u00e8mes \u00e0 Rayons-X Portatif<\/strong><\/h3>\n<p>Les syst\u00e8mes \u00e0 rayons-x portatifs \u00e0 potentiel constant de ICM, sont compact, l\u00e9ger et IP65, pour tous les types d\u2019environnements industriels. Disponible de 160kV \u00e0 300kV, ils sont approuv\u00e9s par Sant\u00e9 Canada et rencontrent le RED Act.<\/p>\n<p><span class=\"systran_token_base\" lang=\"fr\">* Teledyne<\/span><span class=\"systran_space\" lang=\"fr\"> a introduit<\/span><span class=\"systran_space\" lang=\"fr\">\u00a0<\/span><span class=\"systran_token_base\" lang=\"fr\">le<\/span> <span class=\"systran_token_base\" lang=\"fr\">CP200<\/span><span class=\"systran_token_base\" lang=\"fr\">DS<\/span><span class=\"systran_space\" lang=\"fr\">\u00a0 en 2021 lequel a un <span class=\"systran_token_base\" lang=\"fr\">point<\/span>\u00a0<span class=\"systran_token_base\" lang=\"fr\">focal <\/span><\/span><span class=\"systran_token_base\" lang=\"fr\">1.0mm<\/span><span class=\"systran_token_base\" lang=\"fr\">.<\/span><\/p>\n<p>Contactez-nous afin de discuter de votre application, de vos exigences, des options disponibles et\/ou recevoir une soumission.<\/p>\n\n<table id=\"tablepress-CP-Series-FR\" class=\"tablepress tablepress-id-CP-Series-FR\">\n<thead>\n<tr class=\"row-1\">\n\t<th class=\"column-1\">Mod\u00e8le<\/th><th class=\"column-2\">kV<\/th><th class=\"column-3\">Puissance du tube<\/th><th class=\"column-4\">Poids<\/th><th class=\"column-5\">Point focal EN 12543<\/th><th class=\"column-6\">Couverture du rayonnement<\/th>\n<\/tr>\n<\/thead>\n<tbody class=\"row-striping row-hover\">\n<tr class=\"row-2\">\n\t<td class=\"column-1\">CP160D<\/td><td class=\"column-2\">160kV<\/td><td class=\"column-3\">900W<\/td><td class=\"column-4\">26.2lb (11.9kg)<\/td><td class=\"column-5\">3.0mm<\/td><td class=\"column-6\">60\u00ba x 40\u00ba<\/td>\n<\/tr>\n<tr class=\"row-3\">\n\t<td class=\"column-1\">CP200D<\/td><td class=\"column-2\">200kV<\/td><td class=\"column-3\">900W<\/td><td class=\"column-4\">26.4lb (12kg)<\/td><td class=\"column-5\">3.0mm<\/td><td class=\"column-6\">60\u00ba x 40\u00ba<\/td>\n<\/tr>\n<tr class=\"row-4\">\n\t<td class=\"column-1\">CP200DS<\/td><td class=\"column-2\">200kV<\/td><td class=\"column-3\">750W<\/td><td class=\"column-4\">35.05lb (15.9kg)<\/td><td class=\"column-5\">1.0mm<\/td><td class=\"column-6\">60\u00ba x 40\u00ba<\/td>\n<\/tr>\n<tr class=\"row-5\">\n\t<td class=\"column-1\">CP225D<\/td><td class=\"column-2\">225kV<\/td><td class=\"column-3\">900W<\/td><td class=\"column-4\">26.6lb (12.1kg)<\/td><td class=\"column-5\">3.0mm<\/td><td class=\"column-6\">60\u00ba x 40\u00ba<\/td>\n<\/tr>\n<tr class=\"row-6\">\n\t<td class=\"column-1\">CP275D<\/td><td class=\"column-2\">275kV<\/td><td class=\"column-3\">900W<\/td><td class=\"column-4\">50.6lb (23kg)<\/td><td class=\"column-5\">3.0mm<\/td><td class=\"column-6\">60\u00ba x 40\u00ba<\/td>\n<\/tr>\n<tr class=\"row-7\">\n\t<td class=\"column-1\">CP300D<\/td><td class=\"column-2\">300kV<\/td><td class=\"column-3\">960W<\/td><td class=\"column-4\">50.6lb (23kg)<\/td><td class=\"column-5\">3.0mm<\/td><td class=\"column-6\">60\u00ba x 40\u00ba<\/td>\n<\/tr>\n<\/tbody>\n<tfoot>\n<tr class=\"row-8\">\n\t<th class=\"column-1\"><\/th><th class=\"column-2\"><\/th><th class=\"column-3\"><\/th><th class=\"column-4\"><\/th><th class=\"column-5\"><\/th><th class=\"column-6\"><\/th>\n<\/tr>\n<\/tfoot>\n<\/table>\n<!-- #tablepress-CP-Series-FR from cache -->\n<h4>Option:<\/h4>\n<ul>\n<li><a href=\"https:\/\/www.qnde.ca\/fr\/produit\/lampe-alarme-perimetre-securite\/\">QPWL-ICM<\/a>: Lampe et alarme sonore pour p\u00e9rim\u00e8tre de s\u00e9curit\u00e9 \u2013 R\u00e9sistante aux chocs et \u00e9tanche \u00e0 l\u2019eau \u2013 Pour syst\u00e8me Teledyne\/ICM.<\/li>\n<\/ul>\n","protected":false},"excerpt":{"rendered":"<p>Teledyne\/ICM CP-Series, Syst\u00e8mes \u00e0 Rayons-X Portatif Les syst\u00e8mes \u00e0 rayons-x portatifs \u00e0 potentiel constant de ICM, sont compact, l\u00e9ger et IP65, pour tous les types d\u2019environnements industriels. Disponible de 160kV \u00e0 300kV, ils sont approuv\u00e9s par Sant\u00e9 Canada et rencontrent le RED Act. * Teledyne a introduit\u00a0le CP200DS\u00a0 en 2021 lequel a un point\u00a0focal 1.0mm. [&hellip;]<\/p>\n","protected":false},"featured_media":27930,"template":"","meta":{"_monsterinsights_skip_tracking":false,"_monsterinsights_sitenote_active":false,"_monsterinsights_sitenote_note":"","_monsterinsights_sitenote_category":0},"product_brand":[],"product_cat":[399],"product_tag":[],"class_list":{"0":"post-13398","1":"product","2":"type-product","3":"status-publish","4":"has-post-thumbnail","6":"product_cat-teledyne-fr","8":"first","9":"instock","10":"shipping-taxable","11":"purchasable","12":"product-type-variable"},"yoast_head":"<!-- This site is optimized with the Yoast SEO plugin v23.9 - https:\/\/yoast.com\/wordpress\/plugins\/seo\/ -->\n<title>Teledyne\/ICM CP-Series, Syst\u00e8mes \u00e0 Rayons-X Portatif &#060; Qualit\u00e9 NDE<\/title>\n<meta name=\"description\" content=\"Compact, l\u00e9ger et certifi\u00e9s IP65. Disponible de 160kV \u00e0 300kV. Approuv\u00e9s par Sant\u00e9 Canada et RED Act.\" \/>\n<meta name=\"robots\" content=\"index, follow, max-snippet:-1, max-image-preview:large, max-video-preview:-1\" \/>\n<link rel=\"canonical\" href=\"https:\/\/www.qnde.ca\/fr\/produit\/teledyne-icm-rayons-x-portatif-cp-series\/\" \/>\n<meta name=\"twitter:label1\" content=\"Dur\u00e9e de lecture estim\u00e9e\" \/>\n\t<meta name=\"twitter:data1\" content=\"1 minute\" \/>\n<script type=\"application\/ld+json\" class=\"yoast-schema-graph\">{\"@context\":\"https:\/\/schema.org\",\"@graph\":[{\"@type\":[\"WebPage\",\"ItemPage\"],\"@id\":\"https:\/\/www.qnde.ca\/fr\/produit\/teledyne-icm-rayons-x-portatif-cp-series\/\",\"url\":\"https:\/\/www.qnde.ca\/fr\/produit\/teledyne-icm-rayons-x-portatif-cp-series\/\",\"name\":\"Teledyne\/ICM CP-Series, Syst\u00e8mes \u00e0 Rayons-X Portatif &#060; Qualit\u00e9 NDE\",\"isPartOf\":{\"@id\":\"https:\/\/www.qnde.ca\/#website\"},\"primaryImageOfPage\":{\"@id\":\"https:\/\/www.qnde.ca\/fr\/produit\/teledyne-icm-rayons-x-portatif-cp-series\/#primaryimage\"},\"image\":{\"@id\":\"https:\/\/www.qnde.ca\/fr\/produit\/teledyne-icm-rayons-x-portatif-cp-series\/#primaryimage\"},\"thumbnailUrl\":\"https:\/\/www.qnde.ca\/wp-content\/uploads\/2020\/12\/Gamme_CP160-300-1.png\",\"datePublished\":\"2020-12-30T20:23:29+00:00\",\"dateModified\":\"2025-08-07T14:11:49+00:00\",\"description\":\"Compact, l\u00e9ger et certifi\u00e9s IP65. Disponible de 160kV \u00e0 300kV. Approuv\u00e9s par Sant\u00e9 Canada et RED Act.\",\"breadcrumb\":{\"@id\":\"https:\/\/www.qnde.ca\/fr\/produit\/teledyne-icm-rayons-x-portatif-cp-series\/#breadcrumb\"},\"inLanguage\":\"fr-FR\",\"potentialAction\":[{\"@type\":\"ReadAction\",\"target\":[\"https:\/\/www.qnde.ca\/fr\/produit\/teledyne-icm-rayons-x-portatif-cp-series\/\"]}]},{\"@type\":\"ImageObject\",\"inLanguage\":\"fr-FR\",\"@id\":\"https:\/\/www.qnde.ca\/fr\/produit\/teledyne-icm-rayons-x-portatif-cp-series\/#primaryimage\",\"url\":\"https:\/\/www.qnde.ca\/wp-content\/uploads\/2020\/12\/Gamme_CP160-300-1.png\",\"contentUrl\":\"https:\/\/www.qnde.ca\/wp-content\/uploads\/2020\/12\/Gamme_CP160-300-1.png\",\"width\":1024,\"height\":918},{\"@type\":\"BreadcrumbList\",\"@id\":\"https:\/\/www.qnde.ca\/fr\/produit\/teledyne-icm-rayons-x-portatif-cp-series\/#breadcrumb\",\"itemListElement\":[{\"@type\":\"ListItem\",\"position\":1,\"name\":\"Accueil\",\"item\":\"https:\/\/www.qnde.ca\/fr\/\"},{\"@type\":\"ListItem\",\"position\":2,\"name\":\"Produits\",\"item\":\"https:\/\/www.qnde.ca\/fr\/produits\/\"},{\"@type\":\"ListItem\",\"position\":3,\"name\":\"Marques\",\"item\":\"https:\/\/www.qnde.ca\/fr\/product-category\/marques\/\"},{\"@type\":\"ListItem\",\"position\":4,\"name\":\"Teledyne ICM\",\"item\":\"https:\/\/www.qnde.ca\/fr\/product-category\/marques\/teledyne-fr\/\"},{\"@type\":\"ListItem\",\"position\":5,\"name\":\"Teledyne\/ICM CP-Series, Syst\u00e8mes \u00e0 Rayons-X Portatif\"}]},{\"@type\":\"WebSite\",\"@id\":\"https:\/\/www.qnde.ca\/#website\",\"url\":\"https:\/\/www.qnde.ca\/\",\"name\":\"Qualit\u00e9 NDE\",\"description\":\"\u00c9quipements d&#039;essais non destructifs \",\"publisher\":{\"@id\":\"https:\/\/www.qnde.ca\/#organization\"},\"potentialAction\":[{\"@type\":\"SearchAction\",\"target\":{\"@type\":\"EntryPoint\",\"urlTemplate\":\"https:\/\/www.qnde.ca\/?s={search_term_string}\"},\"query-input\":{\"@type\":\"PropertyValueSpecification\",\"valueRequired\":true,\"valueName\":\"search_term_string\"}}],\"inLanguage\":\"fr-FR\"},{\"@type\":\"Organization\",\"@id\":\"https:\/\/www.qnde.ca\/#organization\",\"name\":\"Quality NDT Ltd.\",\"url\":\"https:\/\/www.qnde.ca\/\",\"logo\":{\"@type\":\"ImageObject\",\"inLanguage\":\"fr-FR\",\"@id\":\"https:\/\/www.qnde.ca\/#\/schema\/logo\/image\/\",\"url\":\"https:\/\/www.qnde.ca\/wp-content\/uploads\/2022\/02\/QNDE_logo_RGB-gif.gif\",\"contentUrl\":\"https:\/\/www.qnde.ca\/wp-content\/uploads\/2022\/02\/QNDE_logo_RGB-gif.gif\",\"width\":250,\"height\":64,\"caption\":\"Quality NDT Ltd.\"},\"image\":{\"@id\":\"https:\/\/www.qnde.ca\/#\/schema\/logo\/image\/\"},\"sameAs\":[\"https:\/\/www.linkedin.com\/company\/qnde\/about\/?viewAsMember=true\"]}]}<\/script>\n<!-- \/ Yoast SEO plugin. -->","yoast_head_json":{"title":"Teledyne\/ICM CP-Series, Syst\u00e8mes \u00e0 Rayons-X Portatif &#060; Qualit\u00e9 NDE","description":"Compact, l\u00e9ger et certifi\u00e9s IP65. Disponible de 160kV \u00e0 300kV. Approuv\u00e9s par Sant\u00e9 Canada et RED Act.","robots":{"index":"index","follow":"follow","max-snippet":"max-snippet:-1","max-image-preview":"max-image-preview:large","max-video-preview":"max-video-preview:-1"},"canonical":"https:\/\/www.qnde.ca\/fr\/produit\/teledyne-icm-rayons-x-portatif-cp-series\/","twitter_misc":{"Dur\u00e9e de lecture estim\u00e9e":"1 minute"},"schema":{"@context":"https:\/\/schema.org","@graph":[{"@type":["WebPage","ItemPage"],"@id":"https:\/\/www.qnde.ca\/fr\/produit\/teledyne-icm-rayons-x-portatif-cp-series\/","url":"https:\/\/www.qnde.ca\/fr\/produit\/teledyne-icm-rayons-x-portatif-cp-series\/","name":"Teledyne\/ICM CP-Series, Syst\u00e8mes \u00e0 Rayons-X Portatif &#060; Qualit\u00e9 NDE","isPartOf":{"@id":"https:\/\/www.qnde.ca\/#website"},"primaryImageOfPage":{"@id":"https:\/\/www.qnde.ca\/fr\/produit\/teledyne-icm-rayons-x-portatif-cp-series\/#primaryimage"},"image":{"@id":"https:\/\/www.qnde.ca\/fr\/produit\/teledyne-icm-rayons-x-portatif-cp-series\/#primaryimage"},"thumbnailUrl":"https:\/\/www.qnde.ca\/wp-content\/uploads\/2020\/12\/Gamme_CP160-300-1.png","datePublished":"2020-12-30T20:23:29+00:00","dateModified":"2025-08-07T14:11:49+00:00","description":"Compact, l\u00e9ger et certifi\u00e9s IP65. Disponible de 160kV \u00e0 300kV. Approuv\u00e9s par Sant\u00e9 Canada et RED Act.","breadcrumb":{"@id":"https:\/\/www.qnde.ca\/fr\/produit\/teledyne-icm-rayons-x-portatif-cp-series\/#breadcrumb"},"inLanguage":"fr-FR","potentialAction":[{"@type":"ReadAction","target":["https:\/\/www.qnde.ca\/fr\/produit\/teledyne-icm-rayons-x-portatif-cp-series\/"]}]},{"@type":"ImageObject","inLanguage":"fr-FR","@id":"https:\/\/www.qnde.ca\/fr\/produit\/teledyne-icm-rayons-x-portatif-cp-series\/#primaryimage","url":"https:\/\/www.qnde.ca\/wp-content\/uploads\/2020\/12\/Gamme_CP160-300-1.png","contentUrl":"https:\/\/www.qnde.ca\/wp-content\/uploads\/2020\/12\/Gamme_CP160-300-1.png","width":1024,"height":918},{"@type":"BreadcrumbList","@id":"https:\/\/www.qnde.ca\/fr\/produit\/teledyne-icm-rayons-x-portatif-cp-series\/#breadcrumb","itemListElement":[{"@type":"ListItem","position":1,"name":"Accueil","item":"https:\/\/www.qnde.ca\/fr\/"},{"@type":"ListItem","position":2,"name":"Produits","item":"https:\/\/www.qnde.ca\/fr\/produits\/"},{"@type":"ListItem","position":3,"name":"Marques","item":"https:\/\/www.qnde.ca\/fr\/product-category\/marques\/"},{"@type":"ListItem","position":4,"name":"Teledyne ICM","item":"https:\/\/www.qnde.ca\/fr\/product-category\/marques\/teledyne-fr\/"},{"@type":"ListItem","position":5,"name":"Teledyne\/ICM CP-Series, Syst\u00e8mes \u00e0 Rayons-X Portatif"}]},{"@type":"WebSite","@id":"https:\/\/www.qnde.ca\/#website","url":"https:\/\/www.qnde.ca\/","name":"Qualit\u00e9 NDE","description":"\u00c9quipements d&#039;essais non destructifs ","publisher":{"@id":"https:\/\/www.qnde.ca\/#organization"},"potentialAction":[{"@type":"SearchAction","target":{"@type":"EntryPoint","urlTemplate":"https:\/\/www.qnde.ca\/?s={search_term_string}"},"query-input":{"@type":"PropertyValueSpecification","valueRequired":true,"valueName":"search_term_string"}}],"inLanguage":"fr-FR"},{"@type":"Organization","@id":"https:\/\/www.qnde.ca\/#organization","name":"Quality NDT Ltd.","url":"https:\/\/www.qnde.ca\/","logo":{"@type":"ImageObject","inLanguage":"fr-FR","@id":"https:\/\/www.qnde.ca\/#\/schema\/logo\/image\/","url":"https:\/\/www.qnde.ca\/wp-content\/uploads\/2022\/02\/QNDE_logo_RGB-gif.gif","contentUrl":"https:\/\/www.qnde.ca\/wp-content\/uploads\/2022\/02\/QNDE_logo_RGB-gif.gif","width":250,"height":64,"caption":"Quality NDT Ltd."},"image":{"@id":"https:\/\/www.qnde.ca\/#\/schema\/logo\/image\/"},"sameAs":["https:\/\/www.linkedin.com\/company\/qnde\/about\/?viewAsMember=true"]}]}},"jetpack_sharing_enabled":true,"_links":{"self":[{"href":"https:\/\/www.qnde.ca\/fr\/wp-json\/wp\/v2\/product\/13398","targetHints":{"allow":["GET"]}}],"collection":[{"href":"https:\/\/www.qnde.ca\/fr\/wp-json\/wp\/v2\/product"}],"about":[{"href":"https:\/\/www.qnde.ca\/fr\/wp-json\/wp\/v2\/types\/product"}],"wp:featuredmedia":[{"embeddable":true,"href":"https:\/\/www.qnde.ca\/fr\/wp-json\/wp\/v2\/media\/27930"}],"wp:attachment":[{"href":"https:\/\/www.qnde.ca\/fr\/wp-json\/wp\/v2\/media?parent=13398"}],"wp:term":[{"taxonomy":"product_brand","embeddable":true,"href":"https:\/\/www.qnde.ca\/fr\/wp-json\/wp\/v2\/product_brand?post=13398"},{"taxonomy":"product_cat","embeddable":true,"href":"https:\/\/www.qnde.ca\/fr\/wp-json\/wp\/v2\/product_cat?post=13398"},{"taxonomy":"product_tag","embeddable":true,"href":"https:\/\/www.qnde.ca\/fr\/wp-json\/wp\/v2\/product_tag?post=13398"}],"curies":[{"name":"wp","href":"https:\/\/api.w.org\/{rel}","templated":true}]}}