{"id":13323,"date":"2020-12-29T16:03:41","date_gmt":"2020-12-29T21:03:41","guid":{"rendered":"https:\/\/www.qnde.ca\/?post_type=product&#038;p=13323"},"modified":"2025-12-03T10:01:23","modified_gmt":"2025-12-03T15:01:23","slug":"qnde-ndt-ardrox-8901w-peinture-contrastee-blanche","status":"publish","type":"product","link":"https:\/\/www.qnde.ca\/fr\/produit\/qnde-ndt-ardrox-8901w-peinture-contrastee-blanche\/","title":{"rendered":"Ardrox 8901W, Peinture Contrast\u00e9e Blanche"},"content":{"rendered":"<h3><strong>Ardrox 8901W, Peinture Contrast\u00e9e Blanche<\/strong><\/h3>\n<p>Pigment blanc en suspension dans un solvant \u00e0 s\u00e9chage rapide. Utilis\u00e9 conjointement avec la particule visible Ardrox 8032.<\/p>\n<ul>\n<li>8901W-4: Ardrox 8901W, 16oz (473ml) a\u00e9rosol (caisse de 12).<\/li>\n<li>8901W-1: Ardrox 8901W, 5gal (18.9L) chaudi\u00e8re.<\/li>\n<li>8901W: Ardrox 8901W, 55gal (208L) baril.<\/li>\n<\/ul>\n","protected":false},"excerpt":{"rendered":"<p>Ardrox 8901W, Peinture Contrast\u00e9e Blanche Pigment blanc en suspension dans un solvant \u00e0 s\u00e9chage rapide. Utilis\u00e9 conjointement avec la particule visible Ardrox 8032. 8901W-4: Ardrox 8901W, 16oz (473ml) a\u00e9rosol (caisse de 12). 8901W-1: Ardrox 8901W, 5gal (18.9L) chaudi\u00e8re. 8901W: Ardrox 8901W, 55gal (208L) baril.<\/p>\n","protected":false},"featured_media":31948,"template":"","meta":{"_monsterinsights_skip_tracking":false,"_monsterinsights_sitenote_active":false,"_monsterinsights_sitenote_note":"","_monsterinsights_sitenote_category":0},"product_brand":[],"product_cat":[396,130],"product_tag":[],"class_list":{"0":"post-13323","1":"product","2":"type-product","3":"status-publish","4":"has-post-thumbnail","6":"product_cat-ardrox-fr","7":"product_cat-particules-magnetiques-visibles","9":"first","10":"instock","11":"shipping-taxable","12":"purchasable","13":"product-type-variable"},"yoast_head":"<!-- This site is optimized with the Yoast SEO plugin v23.9 - https:\/\/yoast.com\/wordpress\/plugins\/seo\/ -->\n<title>Ardrox 8901W, Peinture Contrast\u00e9e Blanche &#060; Qualit\u00e9 NDE<\/title>\n<meta name=\"description\" content=\"Ardrox 8901W, peinture blanche \u00e0 s\u00e9chage rapide pour contraste visuel en magn\u00e9toscopie. S&#039;utilise avec les particules noires Ardrox 8032.\" \/>\n<meta name=\"robots\" content=\"index, follow, max-snippet:-1, max-image-preview:large, max-video-preview:-1\" \/>\n<link rel=\"canonical\" href=\"https:\/\/www.qnde.ca\/fr\/produit\/qnde-ndt-ardrox-8901w-peinture-contrastee-blanche\/\" \/>\n<meta name=\"twitter:label1\" content=\"Dur\u00e9e de lecture estim\u00e9e\" \/>\n\t<meta name=\"twitter:data1\" content=\"1 minute\" \/>\n<script type=\"application\/ld+json\" class=\"yoast-schema-graph\">{\"@context\":\"https:\/\/schema.org\",\"@graph\":[{\"@type\":[\"WebPage\",\"ItemPage\"],\"@id\":\"https:\/\/www.qnde.ca\/fr\/produit\/qnde-ndt-ardrox-8901w-peinture-contrastee-blanche\/\",\"url\":\"https:\/\/www.qnde.ca\/fr\/produit\/qnde-ndt-ardrox-8901w-peinture-contrastee-blanche\/\",\"name\":\"Ardrox 8901W, Peinture Contrast\u00e9e Blanche &#060; Qualit\u00e9 NDE\",\"isPartOf\":{\"@id\":\"https:\/\/www.qnde.ca\/#website\"},\"primaryImageOfPage\":{\"@id\":\"https:\/\/www.qnde.ca\/fr\/produit\/qnde-ndt-ardrox-8901w-peinture-contrastee-blanche\/#primaryimage\"},\"image\":{\"@id\":\"https:\/\/www.qnde.ca\/fr\/produit\/qnde-ndt-ardrox-8901w-peinture-contrastee-blanche\/#primaryimage\"},\"thumbnailUrl\":\"https:\/\/www.qnde.ca\/wp-content\/uploads\/2020\/12\/Aerosol-can-Ardrox-8901W-LR.png\",\"datePublished\":\"2020-12-29T21:03:41+00:00\",\"dateModified\":\"2025-12-03T15:01:23+00:00\",\"description\":\"Ardrox 8901W, peinture blanche \u00e0 s\u00e9chage rapide pour contraste visuel en magn\u00e9toscopie. S'utilise avec les particules noires Ardrox 8032.\",\"breadcrumb\":{\"@id\":\"https:\/\/www.qnde.ca\/fr\/produit\/qnde-ndt-ardrox-8901w-peinture-contrastee-blanche\/#breadcrumb\"},\"inLanguage\":\"fr-FR\",\"potentialAction\":[{\"@type\":\"ReadAction\",\"target\":[\"https:\/\/www.qnde.ca\/fr\/produit\/qnde-ndt-ardrox-8901w-peinture-contrastee-blanche\/\"]}]},{\"@type\":\"ImageObject\",\"inLanguage\":\"fr-FR\",\"@id\":\"https:\/\/www.qnde.ca\/fr\/produit\/qnde-ndt-ardrox-8901w-peinture-contrastee-blanche\/#primaryimage\",\"url\":\"https:\/\/www.qnde.ca\/wp-content\/uploads\/2020\/12\/Aerosol-can-Ardrox-8901W-LR.png\",\"contentUrl\":\"https:\/\/www.qnde.ca\/wp-content\/uploads\/2020\/12\/Aerosol-can-Ardrox-8901W-LR.png\",\"width\":447,\"height\":945,\"caption\":\"Peinture de contraste blanche Ardrox 8901W\"},{\"@type\":\"BreadcrumbList\",\"@id\":\"https:\/\/www.qnde.ca\/fr\/produit\/qnde-ndt-ardrox-8901w-peinture-contrastee-blanche\/#breadcrumb\",\"itemListElement\":[{\"@type\":\"ListItem\",\"position\":1,\"name\":\"Accueil\",\"item\":\"https:\/\/www.qnde.ca\/fr\/\"},{\"@type\":\"ListItem\",\"position\":2,\"name\":\"Produits\",\"item\":\"https:\/\/www.qnde.ca\/fr\/produits\/\"},{\"@type\":\"ListItem\",\"position\":3,\"name\":\"Magn\u00e9toscopie\",\"item\":\"https:\/\/www.qnde.ca\/fr\/product-category\/magnetoscopie\/\"},{\"@type\":\"ListItem\",\"position\":4,\"name\":\"Particules Magn\u00e9tiques Visibles\",\"item\":\"https:\/\/www.qnde.ca\/fr\/product-category\/magnetoscopie\/particules-magnetiques-visibles\/\"},{\"@type\":\"ListItem\",\"position\":5,\"name\":\"Ardrox 8901W, Peinture Contrast\u00e9e Blanche\"}]},{\"@type\":\"WebSite\",\"@id\":\"https:\/\/www.qnde.ca\/#website\",\"url\":\"https:\/\/www.qnde.ca\/\",\"name\":\"Qualit\u00e9 NDE\",\"description\":\"\u00c9quipements d&#039;essais non destructifs \",\"publisher\":{\"@id\":\"https:\/\/www.qnde.ca\/#organization\"},\"potentialAction\":[{\"@type\":\"SearchAction\",\"target\":{\"@type\":\"EntryPoint\",\"urlTemplate\":\"https:\/\/www.qnde.ca\/?s={search_term_string}\"},\"query-input\":{\"@type\":\"PropertyValueSpecification\",\"valueRequired\":true,\"valueName\":\"search_term_string\"}}],\"inLanguage\":\"fr-FR\"},{\"@type\":\"Organization\",\"@id\":\"https:\/\/www.qnde.ca\/#organization\",\"name\":\"Quality NDT Ltd.\",\"url\":\"https:\/\/www.qnde.ca\/\",\"logo\":{\"@type\":\"ImageObject\",\"inLanguage\":\"fr-FR\",\"@id\":\"https:\/\/www.qnde.ca\/#\/schema\/logo\/image\/\",\"url\":\"https:\/\/www.qnde.ca\/wp-content\/uploads\/2022\/02\/QNDE_logo_RGB-gif.gif\",\"contentUrl\":\"https:\/\/www.qnde.ca\/wp-content\/uploads\/2022\/02\/QNDE_logo_RGB-gif.gif\",\"width\":250,\"height\":64,\"caption\":\"Quality NDT Ltd.\"},\"image\":{\"@id\":\"https:\/\/www.qnde.ca\/#\/schema\/logo\/image\/\"},\"sameAs\":[\"https:\/\/www.linkedin.com\/company\/qnde\/about\/?viewAsMember=true\"]}]}<\/script>\n<!-- \/ Yoast SEO plugin. -->","yoast_head_json":{"title":"Ardrox 8901W, Peinture Contrast\u00e9e Blanche &#060; Qualit\u00e9 NDE","description":"Ardrox 8901W, peinture blanche \u00e0 s\u00e9chage rapide pour contraste visuel en magn\u00e9toscopie. S'utilise avec les particules noires Ardrox 8032.","robots":{"index":"index","follow":"follow","max-snippet":"max-snippet:-1","max-image-preview":"max-image-preview:large","max-video-preview":"max-video-preview:-1"},"canonical":"https:\/\/www.qnde.ca\/fr\/produit\/qnde-ndt-ardrox-8901w-peinture-contrastee-blanche\/","twitter_misc":{"Dur\u00e9e de lecture estim\u00e9e":"1 minute"},"schema":{"@context":"https:\/\/schema.org","@graph":[{"@type":["WebPage","ItemPage"],"@id":"https:\/\/www.qnde.ca\/fr\/produit\/qnde-ndt-ardrox-8901w-peinture-contrastee-blanche\/","url":"https:\/\/www.qnde.ca\/fr\/produit\/qnde-ndt-ardrox-8901w-peinture-contrastee-blanche\/","name":"Ardrox 8901W, Peinture Contrast\u00e9e Blanche &#060; Qualit\u00e9 NDE","isPartOf":{"@id":"https:\/\/www.qnde.ca\/#website"},"primaryImageOfPage":{"@id":"https:\/\/www.qnde.ca\/fr\/produit\/qnde-ndt-ardrox-8901w-peinture-contrastee-blanche\/#primaryimage"},"image":{"@id":"https:\/\/www.qnde.ca\/fr\/produit\/qnde-ndt-ardrox-8901w-peinture-contrastee-blanche\/#primaryimage"},"thumbnailUrl":"https:\/\/www.qnde.ca\/wp-content\/uploads\/2020\/12\/Aerosol-can-Ardrox-8901W-LR.png","datePublished":"2020-12-29T21:03:41+00:00","dateModified":"2025-12-03T15:01:23+00:00","description":"Ardrox 8901W, peinture blanche \u00e0 s\u00e9chage rapide pour contraste visuel en magn\u00e9toscopie. S'utilise avec les particules noires Ardrox 8032.","breadcrumb":{"@id":"https:\/\/www.qnde.ca\/fr\/produit\/qnde-ndt-ardrox-8901w-peinture-contrastee-blanche\/#breadcrumb"},"inLanguage":"fr-FR","potentialAction":[{"@type":"ReadAction","target":["https:\/\/www.qnde.ca\/fr\/produit\/qnde-ndt-ardrox-8901w-peinture-contrastee-blanche\/"]}]},{"@type":"ImageObject","inLanguage":"fr-FR","@id":"https:\/\/www.qnde.ca\/fr\/produit\/qnde-ndt-ardrox-8901w-peinture-contrastee-blanche\/#primaryimage","url":"https:\/\/www.qnde.ca\/wp-content\/uploads\/2020\/12\/Aerosol-can-Ardrox-8901W-LR.png","contentUrl":"https:\/\/www.qnde.ca\/wp-content\/uploads\/2020\/12\/Aerosol-can-Ardrox-8901W-LR.png","width":447,"height":945,"caption":"Peinture de contraste blanche Ardrox 8901W"},{"@type":"BreadcrumbList","@id":"https:\/\/www.qnde.ca\/fr\/produit\/qnde-ndt-ardrox-8901w-peinture-contrastee-blanche\/#breadcrumb","itemListElement":[{"@type":"ListItem","position":1,"name":"Accueil","item":"https:\/\/www.qnde.ca\/fr\/"},{"@type":"ListItem","position":2,"name":"Produits","item":"https:\/\/www.qnde.ca\/fr\/produits\/"},{"@type":"ListItem","position":3,"name":"Magn\u00e9toscopie","item":"https:\/\/www.qnde.ca\/fr\/product-category\/magnetoscopie\/"},{"@type":"ListItem","position":4,"name":"Particules Magn\u00e9tiques Visibles","item":"https:\/\/www.qnde.ca\/fr\/product-category\/magnetoscopie\/particules-magnetiques-visibles\/"},{"@type":"ListItem","position":5,"name":"Ardrox 8901W, Peinture Contrast\u00e9e Blanche"}]},{"@type":"WebSite","@id":"https:\/\/www.qnde.ca\/#website","url":"https:\/\/www.qnde.ca\/","name":"Qualit\u00e9 NDE","description":"\u00c9quipements d&#039;essais non destructifs ","publisher":{"@id":"https:\/\/www.qnde.ca\/#organization"},"potentialAction":[{"@type":"SearchAction","target":{"@type":"EntryPoint","urlTemplate":"https:\/\/www.qnde.ca\/?s={search_term_string}"},"query-input":{"@type":"PropertyValueSpecification","valueRequired":true,"valueName":"search_term_string"}}],"inLanguage":"fr-FR"},{"@type":"Organization","@id":"https:\/\/www.qnde.ca\/#organization","name":"Quality NDT Ltd.","url":"https:\/\/www.qnde.ca\/","logo":{"@type":"ImageObject","inLanguage":"fr-FR","@id":"https:\/\/www.qnde.ca\/#\/schema\/logo\/image\/","url":"https:\/\/www.qnde.ca\/wp-content\/uploads\/2022\/02\/QNDE_logo_RGB-gif.gif","contentUrl":"https:\/\/www.qnde.ca\/wp-content\/uploads\/2022\/02\/QNDE_logo_RGB-gif.gif","width":250,"height":64,"caption":"Quality NDT Ltd."},"image":{"@id":"https:\/\/www.qnde.ca\/#\/schema\/logo\/image\/"},"sameAs":["https:\/\/www.linkedin.com\/company\/qnde\/about\/?viewAsMember=true"]}]}},"jetpack_sharing_enabled":true,"_links":{"self":[{"href":"https:\/\/www.qnde.ca\/fr\/wp-json\/wp\/v2\/product\/13323","targetHints":{"allow":["GET"]}}],"collection":[{"href":"https:\/\/www.qnde.ca\/fr\/wp-json\/wp\/v2\/product"}],"about":[{"href":"https:\/\/www.qnde.ca\/fr\/wp-json\/wp\/v2\/types\/product"}],"wp:featuredmedia":[{"embeddable":true,"href":"https:\/\/www.qnde.ca\/fr\/wp-json\/wp\/v2\/media\/31948"}],"wp:attachment":[{"href":"https:\/\/www.qnde.ca\/fr\/wp-json\/wp\/v2\/media?parent=13323"}],"wp:term":[{"taxonomy":"product_brand","embeddable":true,"href":"https:\/\/www.qnde.ca\/fr\/wp-json\/wp\/v2\/product_brand?post=13323"},{"taxonomy":"product_cat","embeddable":true,"href":"https:\/\/www.qnde.ca\/fr\/wp-json\/wp\/v2\/product_cat?post=13323"},{"taxonomy":"product_tag","embeddable":true,"href":"https:\/\/www.qnde.ca\/fr\/wp-json\/wp\/v2\/product_tag?post=13323"}],"curies":[{"name":"wp","href":"https:\/\/api.w.org\/{rel}","templated":true}]}}