{"id":13311,"date":"2020-12-29T15:49:46","date_gmt":"2020-12-29T20:49:46","guid":{"rendered":"https:\/\/www.qnde.ca\/?post_type=product&#038;p=13311"},"modified":"2025-12-03T10:07:38","modified_gmt":"2025-12-03T15:07:38","slug":"qnde-ndt-ardrox-8032-particules-magnetiques-noires-visibles-aerosol","status":"publish","type":"product","link":"https:\/\/www.qnde.ca\/fr\/produit\/qnde-ndt-ardrox-8032-particules-magnetiques-noires-visibles-aerosol\/","title":{"rendered":"Ardrox 8032, Particules Magn\u00e9tiques Noires Visibles &#8211; A\u00e9rosol"},"content":{"rendered":"<h3><strong>Ardrox 8032, Particules Magn\u00e9tiques Noires Visibles &#8211; A\u00e9rosol<\/strong><\/h3>\n<p>Suspension de particules magn\u00e9tiques visibles \u00e0 base d&rsquo;huile en a\u00e9rosol. Pr\u00eat \u00e0 l&#8217;emploi. Souvent utilis\u00e9 en combinaison avec la peinture de contraste blanc Ardrox 8901W.<\/p>\n<ul>\n<li>8032-4: Ardrox 8032, 16oz (473ml) a\u00e9rosol (caisse de 12).<\/li>\n<\/ul>\n","protected":false},"excerpt":{"rendered":"<p>Ardrox 8032, Particules Magn\u00e9tiques Noires Visibles &#8211; A\u00e9rosol Suspension de particules magn\u00e9tiques visibles \u00e0 base d&rsquo;huile en a\u00e9rosol. Pr\u00eat \u00e0 l&#8217;emploi. Souvent utilis\u00e9 en combinaison avec la peinture de contraste blanc Ardrox 8901W. 8032-4: Ardrox 8032, 16oz (473ml) a\u00e9rosol (caisse de 12).<\/p>\n","protected":false},"featured_media":31944,"template":"","meta":{"_monsterinsights_skip_tracking":false,"_monsterinsights_sitenote_active":false,"_monsterinsights_sitenote_note":"","_monsterinsights_sitenote_category":0},"product_brand":[],"product_cat":[396,130],"product_tag":[],"class_list":{"0":"post-13311","1":"product","2":"type-product","3":"status-publish","4":"has-post-thumbnail","6":"product_cat-ardrox-fr","7":"product_cat-particules-magnetiques-visibles","9":"first","10":"instock","11":"shipping-taxable","12":"purchasable","13":"product-type-simple"},"yoast_head":"<!-- This site is optimized with the Yoast SEO plugin v23.9 - https:\/\/yoast.com\/wordpress\/plugins\/seo\/ -->\n<title>Ardrox 8032, Particules Magn\u00e9tiques Noires Visibles - A\u00e9rosol &#060; Qualit\u00e9 NDE<\/title>\n<meta name=\"description\" content=\"Ardrox 8032, a\u00e9rosol pr\u00eat \u00e0 l&#039;emploi de particules magn\u00e9tiques noires visibles \u00e0 base d&#039;huile. S&#039;utilise avec le contraste blanc Ardrox 8901W.\" \/>\n<meta name=\"robots\" content=\"index, follow, max-snippet:-1, max-image-preview:large, max-video-preview:-1\" \/>\n<link rel=\"canonical\" href=\"https:\/\/www.qnde.ca\/fr\/produit\/qnde-ndt-ardrox-8032-particules-magnetiques-noires-visibles-aerosol\/\" \/>\n<meta name=\"twitter:label1\" content=\"Dur\u00e9e de lecture estim\u00e9e\" \/>\n\t<meta name=\"twitter:data1\" content=\"1 minute\" \/>\n<script type=\"application\/ld+json\" class=\"yoast-schema-graph\">{\"@context\":\"https:\/\/schema.org\",\"@graph\":[{\"@type\":[\"WebPage\",\"ItemPage\"],\"@id\":\"https:\/\/www.qnde.ca\/fr\/produit\/qnde-ndt-ardrox-8032-particules-magnetiques-noires-visibles-aerosol\/\",\"url\":\"https:\/\/www.qnde.ca\/fr\/produit\/qnde-ndt-ardrox-8032-particules-magnetiques-noires-visibles-aerosol\/\",\"name\":\"Ardrox 8032, Particules Magn\u00e9tiques Noires Visibles - A\u00e9rosol &#060; Qualit\u00e9 NDE\",\"isPartOf\":{\"@id\":\"https:\/\/www.qnde.ca\/#website\"},\"primaryImageOfPage\":{\"@id\":\"https:\/\/www.qnde.ca\/fr\/produit\/qnde-ndt-ardrox-8032-particules-magnetiques-noires-visibles-aerosol\/#primaryimage\"},\"image\":{\"@id\":\"https:\/\/www.qnde.ca\/fr\/produit\/qnde-ndt-ardrox-8032-particules-magnetiques-noires-visibles-aerosol\/#primaryimage\"},\"thumbnailUrl\":\"https:\/\/www.qnde.ca\/wp-content\/uploads\/2020\/12\/Aerosol-can-Ardrox-8032-LR.png\",\"datePublished\":\"2020-12-29T20:49:46+00:00\",\"dateModified\":\"2025-12-03T15:07:38+00:00\",\"description\":\"Ardrox 8032, a\u00e9rosol pr\u00eat \u00e0 l'emploi de particules magn\u00e9tiques noires visibles \u00e0 base d'huile. S'utilise avec le contraste blanc Ardrox 8901W.\",\"breadcrumb\":{\"@id\":\"https:\/\/www.qnde.ca\/fr\/produit\/qnde-ndt-ardrox-8032-particules-magnetiques-noires-visibles-aerosol\/#breadcrumb\"},\"inLanguage\":\"fr-FR\",\"potentialAction\":[{\"@type\":\"ReadAction\",\"target\":[\"https:\/\/www.qnde.ca\/fr\/produit\/qnde-ndt-ardrox-8032-particules-magnetiques-noires-visibles-aerosol\/\"]}]},{\"@type\":\"ImageObject\",\"inLanguage\":\"fr-FR\",\"@id\":\"https:\/\/www.qnde.ca\/fr\/produit\/qnde-ndt-ardrox-8032-particules-magnetiques-noires-visibles-aerosol\/#primaryimage\",\"url\":\"https:\/\/www.qnde.ca\/wp-content\/uploads\/2020\/12\/Aerosol-can-Ardrox-8032-LR.png\",\"contentUrl\":\"https:\/\/www.qnde.ca\/wp-content\/uploads\/2020\/12\/Aerosol-can-Ardrox-8032-LR.png\",\"width\":447,\"height\":945,\"caption\":\"A\u00e9rosol de particules magn\u00e9tiques visibles noires \u00e0 base d\u2019huile Ardrox, pr\u00e9sent\u00e9 sur un fond blanc.\"},{\"@type\":\"BreadcrumbList\",\"@id\":\"https:\/\/www.qnde.ca\/fr\/produit\/qnde-ndt-ardrox-8032-particules-magnetiques-noires-visibles-aerosol\/#breadcrumb\",\"itemListElement\":[{\"@type\":\"ListItem\",\"position\":1,\"name\":\"Accueil\",\"item\":\"https:\/\/www.qnde.ca\/fr\/\"},{\"@type\":\"ListItem\",\"position\":2,\"name\":\"Produits\",\"item\":\"https:\/\/www.qnde.ca\/fr\/produits\/\"},{\"@type\":\"ListItem\",\"position\":3,\"name\":\"Magn\u00e9toscopie\",\"item\":\"https:\/\/www.qnde.ca\/fr\/product-category\/magnetoscopie\/\"},{\"@type\":\"ListItem\",\"position\":4,\"name\":\"Particules Magn\u00e9tiques Visibles\",\"item\":\"https:\/\/www.qnde.ca\/fr\/product-category\/magnetoscopie\/particules-magnetiques-visibles\/\"},{\"@type\":\"ListItem\",\"position\":5,\"name\":\"Ardrox 8032, Particules Magn\u00e9tiques Noires Visibles &#8211; A\u00e9rosol\"}]},{\"@type\":\"WebSite\",\"@id\":\"https:\/\/www.qnde.ca\/#website\",\"url\":\"https:\/\/www.qnde.ca\/\",\"name\":\"Qualit\u00e9 NDE\",\"description\":\"\u00c9quipements d&#039;essais non destructifs \",\"publisher\":{\"@id\":\"https:\/\/www.qnde.ca\/#organization\"},\"potentialAction\":[{\"@type\":\"SearchAction\",\"target\":{\"@type\":\"EntryPoint\",\"urlTemplate\":\"https:\/\/www.qnde.ca\/?s={search_term_string}\"},\"query-input\":{\"@type\":\"PropertyValueSpecification\",\"valueRequired\":true,\"valueName\":\"search_term_string\"}}],\"inLanguage\":\"fr-FR\"},{\"@type\":\"Organization\",\"@id\":\"https:\/\/www.qnde.ca\/#organization\",\"name\":\"Quality NDT Ltd.\",\"url\":\"https:\/\/www.qnde.ca\/\",\"logo\":{\"@type\":\"ImageObject\",\"inLanguage\":\"fr-FR\",\"@id\":\"https:\/\/www.qnde.ca\/#\/schema\/logo\/image\/\",\"url\":\"https:\/\/www.qnde.ca\/wp-content\/uploads\/2022\/02\/QNDE_logo_RGB-gif.gif\",\"contentUrl\":\"https:\/\/www.qnde.ca\/wp-content\/uploads\/2022\/02\/QNDE_logo_RGB-gif.gif\",\"width\":250,\"height\":64,\"caption\":\"Quality NDT Ltd.\"},\"image\":{\"@id\":\"https:\/\/www.qnde.ca\/#\/schema\/logo\/image\/\"},\"sameAs\":[\"https:\/\/www.linkedin.com\/company\/qnde\/about\/?viewAsMember=true\"]}]}<\/script>\n<!-- \/ Yoast SEO plugin. -->","yoast_head_json":{"title":"Ardrox 8032, Particules Magn\u00e9tiques Noires Visibles - A\u00e9rosol &#060; Qualit\u00e9 NDE","description":"Ardrox 8032, a\u00e9rosol pr\u00eat \u00e0 l'emploi de particules magn\u00e9tiques noires visibles \u00e0 base d'huile. S'utilise avec le contraste blanc Ardrox 8901W.","robots":{"index":"index","follow":"follow","max-snippet":"max-snippet:-1","max-image-preview":"max-image-preview:large","max-video-preview":"max-video-preview:-1"},"canonical":"https:\/\/www.qnde.ca\/fr\/produit\/qnde-ndt-ardrox-8032-particules-magnetiques-noires-visibles-aerosol\/","twitter_misc":{"Dur\u00e9e de lecture estim\u00e9e":"1 minute"},"schema":{"@context":"https:\/\/schema.org","@graph":[{"@type":["WebPage","ItemPage"],"@id":"https:\/\/www.qnde.ca\/fr\/produit\/qnde-ndt-ardrox-8032-particules-magnetiques-noires-visibles-aerosol\/","url":"https:\/\/www.qnde.ca\/fr\/produit\/qnde-ndt-ardrox-8032-particules-magnetiques-noires-visibles-aerosol\/","name":"Ardrox 8032, Particules Magn\u00e9tiques Noires Visibles - A\u00e9rosol &#060; Qualit\u00e9 NDE","isPartOf":{"@id":"https:\/\/www.qnde.ca\/#website"},"primaryImageOfPage":{"@id":"https:\/\/www.qnde.ca\/fr\/produit\/qnde-ndt-ardrox-8032-particules-magnetiques-noires-visibles-aerosol\/#primaryimage"},"image":{"@id":"https:\/\/www.qnde.ca\/fr\/produit\/qnde-ndt-ardrox-8032-particules-magnetiques-noires-visibles-aerosol\/#primaryimage"},"thumbnailUrl":"https:\/\/www.qnde.ca\/wp-content\/uploads\/2020\/12\/Aerosol-can-Ardrox-8032-LR.png","datePublished":"2020-12-29T20:49:46+00:00","dateModified":"2025-12-03T15:07:38+00:00","description":"Ardrox 8032, a\u00e9rosol pr\u00eat \u00e0 l'emploi de particules magn\u00e9tiques noires visibles \u00e0 base d'huile. S'utilise avec le contraste blanc Ardrox 8901W.","breadcrumb":{"@id":"https:\/\/www.qnde.ca\/fr\/produit\/qnde-ndt-ardrox-8032-particules-magnetiques-noires-visibles-aerosol\/#breadcrumb"},"inLanguage":"fr-FR","potentialAction":[{"@type":"ReadAction","target":["https:\/\/www.qnde.ca\/fr\/produit\/qnde-ndt-ardrox-8032-particules-magnetiques-noires-visibles-aerosol\/"]}]},{"@type":"ImageObject","inLanguage":"fr-FR","@id":"https:\/\/www.qnde.ca\/fr\/produit\/qnde-ndt-ardrox-8032-particules-magnetiques-noires-visibles-aerosol\/#primaryimage","url":"https:\/\/www.qnde.ca\/wp-content\/uploads\/2020\/12\/Aerosol-can-Ardrox-8032-LR.png","contentUrl":"https:\/\/www.qnde.ca\/wp-content\/uploads\/2020\/12\/Aerosol-can-Ardrox-8032-LR.png","width":447,"height":945,"caption":"A\u00e9rosol de particules magn\u00e9tiques visibles noires \u00e0 base d\u2019huile Ardrox, pr\u00e9sent\u00e9 sur un fond blanc."},{"@type":"BreadcrumbList","@id":"https:\/\/www.qnde.ca\/fr\/produit\/qnde-ndt-ardrox-8032-particules-magnetiques-noires-visibles-aerosol\/#breadcrumb","itemListElement":[{"@type":"ListItem","position":1,"name":"Accueil","item":"https:\/\/www.qnde.ca\/fr\/"},{"@type":"ListItem","position":2,"name":"Produits","item":"https:\/\/www.qnde.ca\/fr\/produits\/"},{"@type":"ListItem","position":3,"name":"Magn\u00e9toscopie","item":"https:\/\/www.qnde.ca\/fr\/product-category\/magnetoscopie\/"},{"@type":"ListItem","position":4,"name":"Particules Magn\u00e9tiques Visibles","item":"https:\/\/www.qnde.ca\/fr\/product-category\/magnetoscopie\/particules-magnetiques-visibles\/"},{"@type":"ListItem","position":5,"name":"Ardrox 8032, Particules Magn\u00e9tiques Noires Visibles &#8211; A\u00e9rosol"}]},{"@type":"WebSite","@id":"https:\/\/www.qnde.ca\/#website","url":"https:\/\/www.qnde.ca\/","name":"Qualit\u00e9 NDE","description":"\u00c9quipements d&#039;essais non destructifs ","publisher":{"@id":"https:\/\/www.qnde.ca\/#organization"},"potentialAction":[{"@type":"SearchAction","target":{"@type":"EntryPoint","urlTemplate":"https:\/\/www.qnde.ca\/?s={search_term_string}"},"query-input":{"@type":"PropertyValueSpecification","valueRequired":true,"valueName":"search_term_string"}}],"inLanguage":"fr-FR"},{"@type":"Organization","@id":"https:\/\/www.qnde.ca\/#organization","name":"Quality NDT Ltd.","url":"https:\/\/www.qnde.ca\/","logo":{"@type":"ImageObject","inLanguage":"fr-FR","@id":"https:\/\/www.qnde.ca\/#\/schema\/logo\/image\/","url":"https:\/\/www.qnde.ca\/wp-content\/uploads\/2022\/02\/QNDE_logo_RGB-gif.gif","contentUrl":"https:\/\/www.qnde.ca\/wp-content\/uploads\/2022\/02\/QNDE_logo_RGB-gif.gif","width":250,"height":64,"caption":"Quality NDT Ltd."},"image":{"@id":"https:\/\/www.qnde.ca\/#\/schema\/logo\/image\/"},"sameAs":["https:\/\/www.linkedin.com\/company\/qnde\/about\/?viewAsMember=true"]}]}},"jetpack_sharing_enabled":true,"_links":{"self":[{"href":"https:\/\/www.qnde.ca\/fr\/wp-json\/wp\/v2\/product\/13311","targetHints":{"allow":["GET"]}}],"collection":[{"href":"https:\/\/www.qnde.ca\/fr\/wp-json\/wp\/v2\/product"}],"about":[{"href":"https:\/\/www.qnde.ca\/fr\/wp-json\/wp\/v2\/types\/product"}],"wp:featuredmedia":[{"embeddable":true,"href":"https:\/\/www.qnde.ca\/fr\/wp-json\/wp\/v2\/media\/31944"}],"wp:attachment":[{"href":"https:\/\/www.qnde.ca\/fr\/wp-json\/wp\/v2\/media?parent=13311"}],"wp:term":[{"taxonomy":"product_brand","embeddable":true,"href":"https:\/\/www.qnde.ca\/fr\/wp-json\/wp\/v2\/product_brand?post=13311"},{"taxonomy":"product_cat","embeddable":true,"href":"https:\/\/www.qnde.ca\/fr\/wp-json\/wp\/v2\/product_cat?post=13311"},{"taxonomy":"product_tag","embeddable":true,"href":"https:\/\/www.qnde.ca\/fr\/wp-json\/wp\/v2\/product_tag?post=13311"}],"curies":[{"name":"wp","href":"https:\/\/api.w.org\/{rel}","templated":true}]}}