{"id":13181,"date":"2020-12-29T09:56:11","date_gmt":"2020-12-29T14:56:11","guid":{"rendered":"https:\/\/www.qnde.ca\/?post_type=product&#038;p=13181"},"modified":"2025-12-03T10:45:35","modified_gmt":"2025-12-03T15:45:35","slug":"s-series-demag-fr","status":"publish","type":"product","link":"https:\/\/www.qnde.ca\/fr\/produit\/s-series-demag-fr\/","title":{"rendered":"Magnaflux S-S\u00e9ries, D\u00e9magn\u00e9tiseurs en Continu"},"content":{"rendered":"<h3><strong>Magnaflux S-S\u00e9ries, D\u00e9magn\u00e9tiseurs en Continu<\/strong><\/h3>\n<p>D\u00e9magn\u00e9tiseur de table en continu, r\u00e9sistant \u00e0 l\u2019eau et huile en raison du rev\u00eatement de verre.<\/p>\n<p>Communiquez avec nous pour discuter des options disponibles et\/ou recevoir une soumission.<\/p>\n<ul>\n<li>S-66: 4,600Amp-Tour, ouverture: 15.2 cm l x 15.2 cm h\u00a0(6&Prime;lx 6&Prime;). 120, 240 ou 480 VAC, 60 Hz.<\/li>\n<li>S-1212: 7,500Amp-Tour, ouverture: 31 cm l x 31 cm h\u00a0(12&Prime; x 12&Prime;). 240 ou 480 VAC, 60 Hz.<\/li>\n<li>S-1515: 8,500 Amp-Tour, ouverture: 38.1 cm l x 38.1 cm h\u00a0(15&Prime; x 15&Prime;). 480 VAC, 60 Hz.<\/li>\n<\/ul>\n","protected":false},"excerpt":{"rendered":"<p>Magnaflux S-S\u00e9ries, D\u00e9magn\u00e9tiseurs en Continu D\u00e9magn\u00e9tiseur de table en continu, r\u00e9sistant \u00e0 l\u2019eau et huile en raison du rev\u00eatement de verre. Communiquez avec nous pour discuter des options disponibles et\/ou recevoir une soumission. S-66: 4,600Amp-Tour, ouverture: 15.2 cm l x 15.2 cm h\u00a0(6&Prime;lx 6&Prime;). 120, 240 ou 480 VAC, 60 Hz. S-1212: 7,500Amp-Tour, ouverture: 31 [&hellip;]<\/p>\n","protected":false},"featured_media":13183,"template":"","meta":{"_monsterinsights_skip_tracking":false,"_monsterinsights_sitenote_active":false,"_monsterinsights_sitenote_note":"","_monsterinsights_sitenote_category":0},"product_brand":[],"product_cat":[369,132],"product_tag":[],"class_list":{"0":"post-13181","1":"product","2":"type-product","3":"status-publish","4":"has-post-thumbnail","6":"product_cat-magnaflux-fr","7":"product_cat-equipements-magnetoscopie","9":"first","10":"instock","11":"shipping-taxable","12":"purchasable","13":"product-type-variable"},"yoast_head":"<!-- This site is optimized with the Yoast SEO plugin v23.9 - https:\/\/yoast.com\/wordpress\/plugins\/seo\/ -->\n<title>Magnaflux S-S\u00e9ries, D\u00e9magn\u00e9tiseurs en Continu &#060; Qualit\u00e9 NDE<\/title>\n<meta name=\"description\" content=\"D\u00e9magn\u00e9tiseur de table en continu, r\u00e9sistant \u00e0 l\u2019eau et huile en raison du rev\u00eatement de verre. Differentes grandeurs disponibles.\" \/>\n<meta name=\"robots\" content=\"index, follow, max-snippet:-1, max-image-preview:large, max-video-preview:-1\" \/>\n<link rel=\"canonical\" href=\"https:\/\/www.qnde.ca\/fr\/produit\/s-series-demag-fr\/\" \/>\n<meta name=\"twitter:label1\" content=\"Dur\u00e9e de lecture estim\u00e9e\" \/>\n\t<meta name=\"twitter:data1\" content=\"1 minute\" \/>\n<script type=\"application\/ld+json\" class=\"yoast-schema-graph\">{\"@context\":\"https:\/\/schema.org\",\"@graph\":[{\"@type\":[\"WebPage\",\"ItemPage\"],\"@id\":\"https:\/\/www.qnde.ca\/fr\/produit\/s-series-demag-fr\/\",\"url\":\"https:\/\/www.qnde.ca\/fr\/produit\/s-series-demag-fr\/\",\"name\":\"Magnaflux S-S\u00e9ries, D\u00e9magn\u00e9tiseurs en Continu &#060; Qualit\u00e9 NDE\",\"isPartOf\":{\"@id\":\"https:\/\/www.qnde.ca\/#website\"},\"primaryImageOfPage\":{\"@id\":\"https:\/\/www.qnde.ca\/fr\/produit\/s-series-demag-fr\/#primaryimage\"},\"image\":{\"@id\":\"https:\/\/www.qnde.ca\/fr\/produit\/s-series-demag-fr\/#primaryimage\"},\"thumbnailUrl\":\"https:\/\/www.qnde.ca\/wp-content\/uploads\/2020\/12\/S-66-Demagnetizer.jpg\",\"datePublished\":\"2020-12-29T14:56:11+00:00\",\"dateModified\":\"2025-12-03T15:45:35+00:00\",\"description\":\"D\u00e9magn\u00e9tiseur de table en continu, r\u00e9sistant \u00e0 l\u2019eau et huile en raison du rev\u00eatement de verre. Differentes grandeurs disponibles.\",\"breadcrumb\":{\"@id\":\"https:\/\/www.qnde.ca\/fr\/produit\/s-series-demag-fr\/#breadcrumb\"},\"inLanguage\":\"fr-FR\",\"potentialAction\":[{\"@type\":\"ReadAction\",\"target\":[\"https:\/\/www.qnde.ca\/fr\/produit\/s-series-demag-fr\/\"]}]},{\"@type\":\"ImageObject\",\"inLanguage\":\"fr-FR\",\"@id\":\"https:\/\/www.qnde.ca\/fr\/produit\/s-series-demag-fr\/#primaryimage\",\"url\":\"https:\/\/www.qnde.ca\/wp-content\/uploads\/2020\/12\/S-66-Demagnetizer.jpg\",\"contentUrl\":\"https:\/\/www.qnde.ca\/wp-content\/uploads\/2020\/12\/S-66-Demagnetizer.jpg\",\"width\":2000,\"height\":2000,\"caption\":\"A gray box labeled in red, designed for tabletop continuous-duty demagnetizers.\"},{\"@type\":\"BreadcrumbList\",\"@id\":\"https:\/\/www.qnde.ca\/fr\/produit\/s-series-demag-fr\/#breadcrumb\",\"itemListElement\":[{\"@type\":\"ListItem\",\"position\":1,\"name\":\"Accueil\",\"item\":\"https:\/\/www.qnde.ca\/fr\/\"},{\"@type\":\"ListItem\",\"position\":2,\"name\":\"Produits\",\"item\":\"https:\/\/www.qnde.ca\/fr\/produits\/\"},{\"@type\":\"ListItem\",\"position\":3,\"name\":\"Magn\u00e9toscopie\",\"item\":\"https:\/\/www.qnde.ca\/fr\/product-category\/magnetoscopie\/\"},{\"@type\":\"ListItem\",\"position\":4,\"name\":\"\u00c9quipements\",\"item\":\"https:\/\/www.qnde.ca\/fr\/product-category\/magnetoscopie\/equipements-magnetoscopie\/\"},{\"@type\":\"ListItem\",\"position\":5,\"name\":\"Magnaflux S-S\u00e9ries, D\u00e9magn\u00e9tiseurs en Continu\"}]},{\"@type\":\"WebSite\",\"@id\":\"https:\/\/www.qnde.ca\/#website\",\"url\":\"https:\/\/www.qnde.ca\/\",\"name\":\"Qualit\u00e9 NDE\",\"description\":\"\u00c9quipements d&#039;essais non destructifs \",\"publisher\":{\"@id\":\"https:\/\/www.qnde.ca\/#organization\"},\"potentialAction\":[{\"@type\":\"SearchAction\",\"target\":{\"@type\":\"EntryPoint\",\"urlTemplate\":\"https:\/\/www.qnde.ca\/?s={search_term_string}\"},\"query-input\":{\"@type\":\"PropertyValueSpecification\",\"valueRequired\":true,\"valueName\":\"search_term_string\"}}],\"inLanguage\":\"fr-FR\"},{\"@type\":\"Organization\",\"@id\":\"https:\/\/www.qnde.ca\/#organization\",\"name\":\"Quality NDT Ltd.\",\"url\":\"https:\/\/www.qnde.ca\/\",\"logo\":{\"@type\":\"ImageObject\",\"inLanguage\":\"fr-FR\",\"@id\":\"https:\/\/www.qnde.ca\/#\/schema\/logo\/image\/\",\"url\":\"https:\/\/www.qnde.ca\/wp-content\/uploads\/2022\/02\/QNDE_logo_RGB-gif.gif\",\"contentUrl\":\"https:\/\/www.qnde.ca\/wp-content\/uploads\/2022\/02\/QNDE_logo_RGB-gif.gif\",\"width\":250,\"height\":64,\"caption\":\"Quality NDT Ltd.\"},\"image\":{\"@id\":\"https:\/\/www.qnde.ca\/#\/schema\/logo\/image\/\"},\"sameAs\":[\"https:\/\/www.linkedin.com\/company\/qnde\/about\/?viewAsMember=true\"]}]}<\/script>\n<!-- \/ Yoast SEO plugin. -->","yoast_head_json":{"title":"Magnaflux S-S\u00e9ries, D\u00e9magn\u00e9tiseurs en Continu &#060; Qualit\u00e9 NDE","description":"D\u00e9magn\u00e9tiseur de table en continu, r\u00e9sistant \u00e0 l\u2019eau et huile en raison du rev\u00eatement de verre. Differentes grandeurs disponibles.","robots":{"index":"index","follow":"follow","max-snippet":"max-snippet:-1","max-image-preview":"max-image-preview:large","max-video-preview":"max-video-preview:-1"},"canonical":"https:\/\/www.qnde.ca\/fr\/produit\/s-series-demag-fr\/","twitter_misc":{"Dur\u00e9e de lecture estim\u00e9e":"1 minute"},"schema":{"@context":"https:\/\/schema.org","@graph":[{"@type":["WebPage","ItemPage"],"@id":"https:\/\/www.qnde.ca\/fr\/produit\/s-series-demag-fr\/","url":"https:\/\/www.qnde.ca\/fr\/produit\/s-series-demag-fr\/","name":"Magnaflux S-S\u00e9ries, D\u00e9magn\u00e9tiseurs en Continu &#060; Qualit\u00e9 NDE","isPartOf":{"@id":"https:\/\/www.qnde.ca\/#website"},"primaryImageOfPage":{"@id":"https:\/\/www.qnde.ca\/fr\/produit\/s-series-demag-fr\/#primaryimage"},"image":{"@id":"https:\/\/www.qnde.ca\/fr\/produit\/s-series-demag-fr\/#primaryimage"},"thumbnailUrl":"https:\/\/www.qnde.ca\/wp-content\/uploads\/2020\/12\/S-66-Demagnetizer.jpg","datePublished":"2020-12-29T14:56:11+00:00","dateModified":"2025-12-03T15:45:35+00:00","description":"D\u00e9magn\u00e9tiseur de table en continu, r\u00e9sistant \u00e0 l\u2019eau et huile en raison du rev\u00eatement de verre. Differentes grandeurs disponibles.","breadcrumb":{"@id":"https:\/\/www.qnde.ca\/fr\/produit\/s-series-demag-fr\/#breadcrumb"},"inLanguage":"fr-FR","potentialAction":[{"@type":"ReadAction","target":["https:\/\/www.qnde.ca\/fr\/produit\/s-series-demag-fr\/"]}]},{"@type":"ImageObject","inLanguage":"fr-FR","@id":"https:\/\/www.qnde.ca\/fr\/produit\/s-series-demag-fr\/#primaryimage","url":"https:\/\/www.qnde.ca\/wp-content\/uploads\/2020\/12\/S-66-Demagnetizer.jpg","contentUrl":"https:\/\/www.qnde.ca\/wp-content\/uploads\/2020\/12\/S-66-Demagnetizer.jpg","width":2000,"height":2000,"caption":"A gray box labeled in red, designed for tabletop continuous-duty demagnetizers."},{"@type":"BreadcrumbList","@id":"https:\/\/www.qnde.ca\/fr\/produit\/s-series-demag-fr\/#breadcrumb","itemListElement":[{"@type":"ListItem","position":1,"name":"Accueil","item":"https:\/\/www.qnde.ca\/fr\/"},{"@type":"ListItem","position":2,"name":"Produits","item":"https:\/\/www.qnde.ca\/fr\/produits\/"},{"@type":"ListItem","position":3,"name":"Magn\u00e9toscopie","item":"https:\/\/www.qnde.ca\/fr\/product-category\/magnetoscopie\/"},{"@type":"ListItem","position":4,"name":"\u00c9quipements","item":"https:\/\/www.qnde.ca\/fr\/product-category\/magnetoscopie\/equipements-magnetoscopie\/"},{"@type":"ListItem","position":5,"name":"Magnaflux S-S\u00e9ries, D\u00e9magn\u00e9tiseurs en Continu"}]},{"@type":"WebSite","@id":"https:\/\/www.qnde.ca\/#website","url":"https:\/\/www.qnde.ca\/","name":"Qualit\u00e9 NDE","description":"\u00c9quipements d&#039;essais non destructifs ","publisher":{"@id":"https:\/\/www.qnde.ca\/#organization"},"potentialAction":[{"@type":"SearchAction","target":{"@type":"EntryPoint","urlTemplate":"https:\/\/www.qnde.ca\/?s={search_term_string}"},"query-input":{"@type":"PropertyValueSpecification","valueRequired":true,"valueName":"search_term_string"}}],"inLanguage":"fr-FR"},{"@type":"Organization","@id":"https:\/\/www.qnde.ca\/#organization","name":"Quality NDT Ltd.","url":"https:\/\/www.qnde.ca\/","logo":{"@type":"ImageObject","inLanguage":"fr-FR","@id":"https:\/\/www.qnde.ca\/#\/schema\/logo\/image\/","url":"https:\/\/www.qnde.ca\/wp-content\/uploads\/2022\/02\/QNDE_logo_RGB-gif.gif","contentUrl":"https:\/\/www.qnde.ca\/wp-content\/uploads\/2022\/02\/QNDE_logo_RGB-gif.gif","width":250,"height":64,"caption":"Quality NDT Ltd."},"image":{"@id":"https:\/\/www.qnde.ca\/#\/schema\/logo\/image\/"},"sameAs":["https:\/\/www.linkedin.com\/company\/qnde\/about\/?viewAsMember=true"]}]}},"jetpack_sharing_enabled":true,"_links":{"self":[{"href":"https:\/\/www.qnde.ca\/fr\/wp-json\/wp\/v2\/product\/13181","targetHints":{"allow":["GET"]}}],"collection":[{"href":"https:\/\/www.qnde.ca\/fr\/wp-json\/wp\/v2\/product"}],"about":[{"href":"https:\/\/www.qnde.ca\/fr\/wp-json\/wp\/v2\/types\/product"}],"wp:featuredmedia":[{"embeddable":true,"href":"https:\/\/www.qnde.ca\/fr\/wp-json\/wp\/v2\/media\/13183"}],"wp:attachment":[{"href":"https:\/\/www.qnde.ca\/fr\/wp-json\/wp\/v2\/media?parent=13181"}],"wp:term":[{"taxonomy":"product_brand","embeddable":true,"href":"https:\/\/www.qnde.ca\/fr\/wp-json\/wp\/v2\/product_brand?post=13181"},{"taxonomy":"product_cat","embeddable":true,"href":"https:\/\/www.qnde.ca\/fr\/wp-json\/wp\/v2\/product_cat?post=13181"},{"taxonomy":"product_tag","embeddable":true,"href":"https:\/\/www.qnde.ca\/fr\/wp-json\/wp\/v2\/product_tag?post=13181"}],"curies":[{"name":"wp","href":"https:\/\/api.w.org\/{rel}","templated":true}]}}