{"id":13134,"date":"2020-12-24T11:38:32","date_gmt":"2020-12-24T16:38:32","guid":{"rendered":"https:\/\/www.qnde.ca\/?post_type=product&#038;p=13134"},"modified":"2025-08-12T11:38:13","modified_gmt":"2025-08-12T15:38:13","slug":"qnde-ndt-wdv-series-bobines-fwdc","status":"publish","type":"product","link":"https:\/\/www.qnde.ca\/fr\/produit\/qnde-ndt-wdv-series-bobines-fwdc\/","title":{"rendered":"Western Instruments WDV-Series, Bobines FWDC"},"content":{"rendered":"<h3><strong>Western Instruments WDV-Series, Bobines FWDC<\/strong><\/h3>\n<p>Puissantes bobines magn\u00e9tisantes portative \u00e0 contr\u00f4le variable, magn\u00e9tisation\/d\u00e9magn\u00e9tisation FWDC. Le standard dans l\u2019industrie du forage p\u00e9trolier et la production industrielle. 120 ou 240 VAC, 60Hz. En option, sortie AC et DC puls\u00e9 (imite le champ HVDC pour faciliter la mobilit\u00e9 des particules).<\/p>\n<p>Communiquez avec nous pour discuter des options disponibles et\/ou recevoir une soumission.<\/p>\n<ul>\n<li>WDV-8: Bobine portative, FWDC variable, ID: 8.5&Prime; (21.6cm), 12,500Amp-tour.<\/li>\n<li>WDV-10: Bobine portative, FWDC variable, ID: 10.5&Prime; (26.7 cm), 12,500Amp-tour.<\/li>\n<li>WDV-14: Bobine portative, FWDC variable, ID: 14&Prime; (35.6 cm), 14,000Amp-tour.<\/li>\n<li>WDV-16: Bobine portative, FWDC variable, ID: 16&Prime; (40.6 cm), 16,000Amp-tour.<\/li>\n<li>WDV-18: Bobine portative, FWDC variable, ID: 18&Prime; (45.7 cm), 18,000Amp-tour.<\/li>\n<li>WDV-25: Bobine portative, FWDC variable, ID: 25&Prime; (63.5cm), 24,000Amp-tour.<\/li>\n<\/ul>\n","protected":false},"excerpt":{"rendered":"<p>Western Instruments WDV-Series, Bobines FWDC Puissantes bobines magn\u00e9tisantes portative \u00e0 contr\u00f4le variable, magn\u00e9tisation\/d\u00e9magn\u00e9tisation FWDC. Le standard dans l\u2019industrie du forage p\u00e9trolier et la production industrielle. 120 ou 240 VAC, 60Hz. En option, sortie AC et DC puls\u00e9 (imite le champ HVDC pour faciliter la mobilit\u00e9 des particules). Communiquez avec nous pour discuter des options disponibles [&hellip;]<\/p>\n","protected":false},"featured_media":13136,"template":"","meta":{"_monsterinsights_skip_tracking":false,"_monsterinsights_sitenote_active":false,"_monsterinsights_sitenote_note":"","_monsterinsights_sitenote_category":0},"product_brand":[],"product_cat":[402,132],"product_tag":[],"class_list":{"0":"post-13134","1":"product","2":"type-product","3":"status-publish","4":"has-post-thumbnail","6":"product_cat-autres-marques","7":"product_cat-equipements-magnetoscopie","9":"first","10":"instock","11":"shipping-taxable","12":"purchasable","13":"product-type-variable"},"yoast_head":"<!-- This site is optimized with the Yoast SEO plugin v23.9 - https:\/\/yoast.com\/wordpress\/plugins\/seo\/ -->\n<title>Western Instruments WDV-Series, Bobines FWDC &#060; Qualit\u00e9 NDE<\/title>\n<meta name=\"description\" content=\"Western Instruments WDV-Series : bobines FWDC puissantes \u00e0 contr\u00f4le variable pour magn\u00e9tisation\/d\u00e9magn\u00e9tisation. Options AC et DC puls\u00e9.\" \/>\n<meta name=\"robots\" content=\"index, follow, max-snippet:-1, max-image-preview:large, max-video-preview:-1\" \/>\n<link rel=\"canonical\" href=\"https:\/\/www.qnde.ca\/fr\/produit\/qnde-ndt-wdv-series-bobines-fwdc\/\" \/>\n<meta name=\"twitter:label1\" content=\"Dur\u00e9e de lecture estim\u00e9e\" \/>\n\t<meta name=\"twitter:data1\" content=\"1 minute\" \/>\n<script type=\"application\/ld+json\" class=\"yoast-schema-graph\">{\"@context\":\"https:\/\/schema.org\",\"@graph\":[{\"@type\":[\"WebPage\",\"ItemPage\"],\"@id\":\"https:\/\/www.qnde.ca\/fr\/produit\/qnde-ndt-wdv-series-bobines-fwdc\/\",\"url\":\"https:\/\/www.qnde.ca\/fr\/produit\/qnde-ndt-wdv-series-bobines-fwdc\/\",\"name\":\"Western Instruments WDV-Series, Bobines FWDC &#060; Qualit\u00e9 NDE\",\"isPartOf\":{\"@id\":\"https:\/\/www.qnde.ca\/#website\"},\"primaryImageOfPage\":{\"@id\":\"https:\/\/www.qnde.ca\/fr\/produit\/qnde-ndt-wdv-series-bobines-fwdc\/#primaryimage\"},\"image\":{\"@id\":\"https:\/\/www.qnde.ca\/fr\/produit\/qnde-ndt-wdv-series-bobines-fwdc\/#primaryimage\"},\"thumbnailUrl\":\"https:\/\/www.qnde.ca\/wp-content\/uploads\/2020\/12\/WDV-coils.jpg\",\"datePublished\":\"2020-12-24T16:38:32+00:00\",\"dateModified\":\"2025-08-12T15:38:13+00:00\",\"description\":\"Western Instruments WDV-Series : bobines FWDC puissantes \u00e0 contr\u00f4le variable pour magn\u00e9tisation\/d\u00e9magn\u00e9tisation. Options AC et DC puls\u00e9.\",\"breadcrumb\":{\"@id\":\"https:\/\/www.qnde.ca\/fr\/produit\/qnde-ndt-wdv-series-bobines-fwdc\/#breadcrumb\"},\"inLanguage\":\"fr-FR\",\"potentialAction\":[{\"@type\":\"ReadAction\",\"target\":[\"https:\/\/www.qnde.ca\/fr\/produit\/qnde-ndt-wdv-series-bobines-fwdc\/\"]}]},{\"@type\":\"ImageObject\",\"inLanguage\":\"fr-FR\",\"@id\":\"https:\/\/www.qnde.ca\/fr\/produit\/qnde-ndt-wdv-series-bobines-fwdc\/#primaryimage\",\"url\":\"https:\/\/www.qnde.ca\/wp-content\/uploads\/2020\/12\/WDV-coils.jpg\",\"contentUrl\":\"https:\/\/www.qnde.ca\/wp-content\/uploads\/2020\/12\/WDV-coils.jpg\",\"width\":240,\"height\":240,\"caption\":\"WDV bobine\"},{\"@type\":\"BreadcrumbList\",\"@id\":\"https:\/\/www.qnde.ca\/fr\/produit\/qnde-ndt-wdv-series-bobines-fwdc\/#breadcrumb\",\"itemListElement\":[{\"@type\":\"ListItem\",\"position\":1,\"name\":\"Accueil\",\"item\":\"https:\/\/www.qnde.ca\/fr\/\"},{\"@type\":\"ListItem\",\"position\":2,\"name\":\"Produits\",\"item\":\"https:\/\/www.qnde.ca\/fr\/produits\/\"},{\"@type\":\"ListItem\",\"position\":3,\"name\":\"Magn\u00e9toscopie\",\"item\":\"https:\/\/www.qnde.ca\/fr\/product-category\/magnetoscopie\/\"},{\"@type\":\"ListItem\",\"position\":4,\"name\":\"\u00c9quipements\",\"item\":\"https:\/\/www.qnde.ca\/fr\/product-category\/magnetoscopie\/equipements-magnetoscopie\/\"},{\"@type\":\"ListItem\",\"position\":5,\"name\":\"Western Instruments WDV-Series, Bobines FWDC\"}]},{\"@type\":\"WebSite\",\"@id\":\"https:\/\/www.qnde.ca\/#website\",\"url\":\"https:\/\/www.qnde.ca\/\",\"name\":\"Qualit\u00e9 NDE\",\"description\":\"\u00c9quipements d&#039;essais non destructifs \",\"publisher\":{\"@id\":\"https:\/\/www.qnde.ca\/#organization\"},\"potentialAction\":[{\"@type\":\"SearchAction\",\"target\":{\"@type\":\"EntryPoint\",\"urlTemplate\":\"https:\/\/www.qnde.ca\/?s={search_term_string}\"},\"query-input\":{\"@type\":\"PropertyValueSpecification\",\"valueRequired\":true,\"valueName\":\"search_term_string\"}}],\"inLanguage\":\"fr-FR\"},{\"@type\":\"Organization\",\"@id\":\"https:\/\/www.qnde.ca\/#organization\",\"name\":\"Quality NDT Ltd.\",\"url\":\"https:\/\/www.qnde.ca\/\",\"logo\":{\"@type\":\"ImageObject\",\"inLanguage\":\"fr-FR\",\"@id\":\"https:\/\/www.qnde.ca\/#\/schema\/logo\/image\/\",\"url\":\"https:\/\/www.qnde.ca\/wp-content\/uploads\/2022\/02\/QNDE_logo_RGB-gif.gif\",\"contentUrl\":\"https:\/\/www.qnde.ca\/wp-content\/uploads\/2022\/02\/QNDE_logo_RGB-gif.gif\",\"width\":250,\"height\":64,\"caption\":\"Quality NDT Ltd.\"},\"image\":{\"@id\":\"https:\/\/www.qnde.ca\/#\/schema\/logo\/image\/\"},\"sameAs\":[\"https:\/\/www.linkedin.com\/company\/qnde\/about\/?viewAsMember=true\"]}]}<\/script>\n<!-- \/ Yoast SEO plugin. -->","yoast_head_json":{"title":"Western Instruments WDV-Series, Bobines FWDC &#060; Qualit\u00e9 NDE","description":"Western Instruments WDV-Series : bobines FWDC puissantes \u00e0 contr\u00f4le variable pour magn\u00e9tisation\/d\u00e9magn\u00e9tisation. Options AC et DC puls\u00e9.","robots":{"index":"index","follow":"follow","max-snippet":"max-snippet:-1","max-image-preview":"max-image-preview:large","max-video-preview":"max-video-preview:-1"},"canonical":"https:\/\/www.qnde.ca\/fr\/produit\/qnde-ndt-wdv-series-bobines-fwdc\/","twitter_misc":{"Dur\u00e9e de lecture estim\u00e9e":"1 minute"},"schema":{"@context":"https:\/\/schema.org","@graph":[{"@type":["WebPage","ItemPage"],"@id":"https:\/\/www.qnde.ca\/fr\/produit\/qnde-ndt-wdv-series-bobines-fwdc\/","url":"https:\/\/www.qnde.ca\/fr\/produit\/qnde-ndt-wdv-series-bobines-fwdc\/","name":"Western Instruments WDV-Series, Bobines FWDC &#060; Qualit\u00e9 NDE","isPartOf":{"@id":"https:\/\/www.qnde.ca\/#website"},"primaryImageOfPage":{"@id":"https:\/\/www.qnde.ca\/fr\/produit\/qnde-ndt-wdv-series-bobines-fwdc\/#primaryimage"},"image":{"@id":"https:\/\/www.qnde.ca\/fr\/produit\/qnde-ndt-wdv-series-bobines-fwdc\/#primaryimage"},"thumbnailUrl":"https:\/\/www.qnde.ca\/wp-content\/uploads\/2020\/12\/WDV-coils.jpg","datePublished":"2020-12-24T16:38:32+00:00","dateModified":"2025-08-12T15:38:13+00:00","description":"Western Instruments WDV-Series : bobines FWDC puissantes \u00e0 contr\u00f4le variable pour magn\u00e9tisation\/d\u00e9magn\u00e9tisation. Options AC et DC puls\u00e9.","breadcrumb":{"@id":"https:\/\/www.qnde.ca\/fr\/produit\/qnde-ndt-wdv-series-bobines-fwdc\/#breadcrumb"},"inLanguage":"fr-FR","potentialAction":[{"@type":"ReadAction","target":["https:\/\/www.qnde.ca\/fr\/produit\/qnde-ndt-wdv-series-bobines-fwdc\/"]}]},{"@type":"ImageObject","inLanguage":"fr-FR","@id":"https:\/\/www.qnde.ca\/fr\/produit\/qnde-ndt-wdv-series-bobines-fwdc\/#primaryimage","url":"https:\/\/www.qnde.ca\/wp-content\/uploads\/2020\/12\/WDV-coils.jpg","contentUrl":"https:\/\/www.qnde.ca\/wp-content\/uploads\/2020\/12\/WDV-coils.jpg","width":240,"height":240,"caption":"WDV bobine"},{"@type":"BreadcrumbList","@id":"https:\/\/www.qnde.ca\/fr\/produit\/qnde-ndt-wdv-series-bobines-fwdc\/#breadcrumb","itemListElement":[{"@type":"ListItem","position":1,"name":"Accueil","item":"https:\/\/www.qnde.ca\/fr\/"},{"@type":"ListItem","position":2,"name":"Produits","item":"https:\/\/www.qnde.ca\/fr\/produits\/"},{"@type":"ListItem","position":3,"name":"Magn\u00e9toscopie","item":"https:\/\/www.qnde.ca\/fr\/product-category\/magnetoscopie\/"},{"@type":"ListItem","position":4,"name":"\u00c9quipements","item":"https:\/\/www.qnde.ca\/fr\/product-category\/magnetoscopie\/equipements-magnetoscopie\/"},{"@type":"ListItem","position":5,"name":"Western Instruments WDV-Series, Bobines FWDC"}]},{"@type":"WebSite","@id":"https:\/\/www.qnde.ca\/#website","url":"https:\/\/www.qnde.ca\/","name":"Qualit\u00e9 NDE","description":"\u00c9quipements d&#039;essais non destructifs ","publisher":{"@id":"https:\/\/www.qnde.ca\/#organization"},"potentialAction":[{"@type":"SearchAction","target":{"@type":"EntryPoint","urlTemplate":"https:\/\/www.qnde.ca\/?s={search_term_string}"},"query-input":{"@type":"PropertyValueSpecification","valueRequired":true,"valueName":"search_term_string"}}],"inLanguage":"fr-FR"},{"@type":"Organization","@id":"https:\/\/www.qnde.ca\/#organization","name":"Quality NDT Ltd.","url":"https:\/\/www.qnde.ca\/","logo":{"@type":"ImageObject","inLanguage":"fr-FR","@id":"https:\/\/www.qnde.ca\/#\/schema\/logo\/image\/","url":"https:\/\/www.qnde.ca\/wp-content\/uploads\/2022\/02\/QNDE_logo_RGB-gif.gif","contentUrl":"https:\/\/www.qnde.ca\/wp-content\/uploads\/2022\/02\/QNDE_logo_RGB-gif.gif","width":250,"height":64,"caption":"Quality NDT Ltd."},"image":{"@id":"https:\/\/www.qnde.ca\/#\/schema\/logo\/image\/"},"sameAs":["https:\/\/www.linkedin.com\/company\/qnde\/about\/?viewAsMember=true"]}]}},"jetpack_sharing_enabled":true,"_links":{"self":[{"href":"https:\/\/www.qnde.ca\/fr\/wp-json\/wp\/v2\/product\/13134","targetHints":{"allow":["GET"]}}],"collection":[{"href":"https:\/\/www.qnde.ca\/fr\/wp-json\/wp\/v2\/product"}],"about":[{"href":"https:\/\/www.qnde.ca\/fr\/wp-json\/wp\/v2\/types\/product"}],"wp:featuredmedia":[{"embeddable":true,"href":"https:\/\/www.qnde.ca\/fr\/wp-json\/wp\/v2\/media\/13136"}],"wp:attachment":[{"href":"https:\/\/www.qnde.ca\/fr\/wp-json\/wp\/v2\/media?parent=13134"}],"wp:term":[{"taxonomy":"product_brand","embeddable":true,"href":"https:\/\/www.qnde.ca\/fr\/wp-json\/wp\/v2\/product_brand?post=13134"},{"taxonomy":"product_cat","embeddable":true,"href":"https:\/\/www.qnde.ca\/fr\/wp-json\/wp\/v2\/product_cat?post=13134"},{"taxonomy":"product_tag","embeddable":true,"href":"https:\/\/www.qnde.ca\/fr\/wp-json\/wp\/v2\/product_tag?post=13134"}],"curies":[{"name":"wp","href":"https:\/\/api.w.org\/{rel}","templated":true}]}}