{"id":12985,"date":"2020-12-14T14:40:15","date_gmt":"2020-12-14T19:40:15","guid":{"rendered":"https:\/\/www.qnde.ca\/?post_type=product&#038;p=12985"},"modified":"2025-08-12T11:40:06","modified_gmt":"2025-08-12T15:40:06","slug":"wc-8-culasse-a-batterie-dc","status":"publish","type":"product","link":"https:\/\/www.qnde.ca\/fr\/produit\/wc-8-culasse-a-batterie-dc\/","title":{"rendered":"Western Instruments WC-8 Culasse \u00e0 batterie DC"},"content":{"rendered":"<h3><strong>Western Instruments WC-8 Culasse \u00e0 batterie DC<\/strong><\/h3>\n<p>Culasse compacte \u00e9lectromagn\u00e9tique DC \u00e0 batterie de Western Instruments. Aliment\u00e9 en courant continu 12V, la culasse g\u00e9n\u00e8re des champs magn\u00e9tique DC puls\u00e9s qui induisent une mobilit\u00e9 des particules comme une culasse AC. Le WC-8 tire moins de 10.5Amp\/heure. Chargeur intelligent haute puissance, 120VAC 60Hz, 1.5Amp. \u00c9cart des pattes de 2.5&Prime; \u00e0 11&Prime; (6.4 \u00e0 28cm). 6.5lb (3.0kg).<\/p>\n<ul>\n<li>WC-8-3A: Culasse DC WC-8 \u00e0 batterie, aliment\u00e9 par une batterie 3Amp\/heure (cordon 6pi (1.8m)) avec sac \u00e0 bandouli\u00e8re, chargeur intelligent, et mallette de transport en aluminium.<\/li>\n<li>WC-8-7A: Culasse DC WC-8 \u00e0 batterie, aliment\u00e9 par une batterie 7Amp\/heure (cordon 6pi (1.8m)) avec sac \u00e0 bandouli\u00e8re, chargeur intelligent, et mallette de transport en aluminium.<\/li>\n<\/ul>\n","protected":false},"excerpt":{"rendered":"<p>Western Instruments WC-8 Culasse \u00e0 batterie DC Culasse compacte \u00e9lectromagn\u00e9tique DC \u00e0 batterie de Western Instruments. Aliment\u00e9 en courant continu 12V, la culasse g\u00e9n\u00e8re des champs magn\u00e9tique DC puls\u00e9s qui induisent une mobilit\u00e9 des particules comme une culasse AC. Le WC-8 tire moins de 10.5Amp\/heure. Chargeur intelligent haute puissance, 120VAC 60Hz, 1.5Amp. \u00c9cart des pattes [&hellip;]<\/p>\n","protected":false},"featured_media":12987,"template":"","meta":{"_monsterinsights_skip_tracking":false,"_monsterinsights_sitenote_active":false,"_monsterinsights_sitenote_note":"","_monsterinsights_sitenote_category":0},"product_brand":[],"product_cat":[402,132],"product_tag":[],"class_list":{"0":"post-12985","1":"product","2":"type-product","3":"status-publish","4":"has-post-thumbnail","6":"product_cat-autres-marques","7":"product_cat-equipements-magnetoscopie","9":"first","10":"instock","11":"shipping-taxable","12":"purchasable","13":"product-type-variable"},"yoast_head":"<!-- This site is optimized with the Yoast SEO plugin v23.9 - https:\/\/yoast.com\/wordpress\/plugins\/seo\/ -->\n<title>Western Instruments WC-8 Culasse \u00e0 batterie DC &#060; Qualit\u00e9 NDE<\/title>\n<meta name=\"description\" content=\"Western Instruments WC-8 : culasse DC \u00e0 batterie 12V, g\u00e9n\u00e8re un champ puls\u00e9 simulant l&#039;effet AC. Compacte, efficace (&lt;10.5Ah), avec chargeur 120VAC inclus.\" \/>\n<meta name=\"robots\" content=\"index, follow, max-snippet:-1, max-image-preview:large, max-video-preview:-1\" \/>\n<link rel=\"canonical\" href=\"https:\/\/www.qnde.ca\/fr\/produit\/wc-8-culasse-a-batterie-dc\/\" \/>\n<meta name=\"twitter:label1\" content=\"Dur\u00e9e de lecture estim\u00e9e\" \/>\n\t<meta name=\"twitter:data1\" content=\"1 minute\" \/>\n<script type=\"application\/ld+json\" class=\"yoast-schema-graph\">{\"@context\":\"https:\/\/schema.org\",\"@graph\":[{\"@type\":[\"WebPage\",\"ItemPage\"],\"@id\":\"https:\/\/www.qnde.ca\/fr\/produit\/wc-8-culasse-a-batterie-dc\/\",\"url\":\"https:\/\/www.qnde.ca\/fr\/produit\/wc-8-culasse-a-batterie-dc\/\",\"name\":\"Western Instruments WC-8 Culasse \u00e0 batterie DC &#060; Qualit\u00e9 NDE\",\"isPartOf\":{\"@id\":\"https:\/\/www.qnde.ca\/#website\"},\"primaryImageOfPage\":{\"@id\":\"https:\/\/www.qnde.ca\/fr\/produit\/wc-8-culasse-a-batterie-dc\/#primaryimage\"},\"image\":{\"@id\":\"https:\/\/www.qnde.ca\/fr\/produit\/wc-8-culasse-a-batterie-dc\/#primaryimage\"},\"thumbnailUrl\":\"https:\/\/www.qnde.ca\/wp-content\/uploads\/2020\/12\/WC-8-yoke.jpg\",\"datePublished\":\"2020-12-14T19:40:15+00:00\",\"dateModified\":\"2025-08-12T15:40:06+00:00\",\"description\":\"Western Instruments WC-8 : culasse DC \u00e0 batterie 12V, g\u00e9n\u00e8re un champ puls\u00e9 simulant l'effet AC. Compacte, efficace (&lt;10.5Ah), avec chargeur 120VAC inclus.\",\"breadcrumb\":{\"@id\":\"https:\/\/www.qnde.ca\/fr\/produit\/wc-8-culasse-a-batterie-dc\/#breadcrumb\"},\"inLanguage\":\"fr-FR\",\"potentialAction\":[{\"@type\":\"ReadAction\",\"target\":[\"https:\/\/www.qnde.ca\/fr\/produit\/wc-8-culasse-a-batterie-dc\/\"]}]},{\"@type\":\"ImageObject\",\"inLanguage\":\"fr-FR\",\"@id\":\"https:\/\/www.qnde.ca\/fr\/produit\/wc-8-culasse-a-batterie-dc\/#primaryimage\",\"url\":\"https:\/\/www.qnde.ca\/wp-content\/uploads\/2020\/12\/WC-8-yoke.jpg\",\"contentUrl\":\"https:\/\/www.qnde.ca\/wp-content\/uploads\/2020\/12\/WC-8-yoke.jpg\",\"width\":376,\"height\":510,\"caption\":\"WC-8-yoke\"},{\"@type\":\"BreadcrumbList\",\"@id\":\"https:\/\/www.qnde.ca\/fr\/produit\/wc-8-culasse-a-batterie-dc\/#breadcrumb\",\"itemListElement\":[{\"@type\":\"ListItem\",\"position\":1,\"name\":\"Accueil\",\"item\":\"https:\/\/www.qnde.ca\/fr\/\"},{\"@type\":\"ListItem\",\"position\":2,\"name\":\"Produits\",\"item\":\"https:\/\/www.qnde.ca\/fr\/produits\/\"},{\"@type\":\"ListItem\",\"position\":3,\"name\":\"Magn\u00e9toscopie\",\"item\":\"https:\/\/www.qnde.ca\/fr\/product-category\/magnetoscopie\/\"},{\"@type\":\"ListItem\",\"position\":4,\"name\":\"\u00c9quipements\",\"item\":\"https:\/\/www.qnde.ca\/fr\/product-category\/magnetoscopie\/equipements-magnetoscopie\/\"},{\"@type\":\"ListItem\",\"position\":5,\"name\":\"Western Instruments WC-8 Culasse \u00e0 batterie DC\"}]},{\"@type\":\"WebSite\",\"@id\":\"https:\/\/www.qnde.ca\/#website\",\"url\":\"https:\/\/www.qnde.ca\/\",\"name\":\"Qualit\u00e9 NDE\",\"description\":\"\u00c9quipements d&#039;essais non destructifs \",\"publisher\":{\"@id\":\"https:\/\/www.qnde.ca\/#organization\"},\"potentialAction\":[{\"@type\":\"SearchAction\",\"target\":{\"@type\":\"EntryPoint\",\"urlTemplate\":\"https:\/\/www.qnde.ca\/?s={search_term_string}\"},\"query-input\":{\"@type\":\"PropertyValueSpecification\",\"valueRequired\":true,\"valueName\":\"search_term_string\"}}],\"inLanguage\":\"fr-FR\"},{\"@type\":\"Organization\",\"@id\":\"https:\/\/www.qnde.ca\/#organization\",\"name\":\"Quality NDT Ltd.\",\"url\":\"https:\/\/www.qnde.ca\/\",\"logo\":{\"@type\":\"ImageObject\",\"inLanguage\":\"fr-FR\",\"@id\":\"https:\/\/www.qnde.ca\/#\/schema\/logo\/image\/\",\"url\":\"https:\/\/www.qnde.ca\/wp-content\/uploads\/2022\/02\/QNDE_logo_RGB-gif.gif\",\"contentUrl\":\"https:\/\/www.qnde.ca\/wp-content\/uploads\/2022\/02\/QNDE_logo_RGB-gif.gif\",\"width\":250,\"height\":64,\"caption\":\"Quality NDT Ltd.\"},\"image\":{\"@id\":\"https:\/\/www.qnde.ca\/#\/schema\/logo\/image\/\"},\"sameAs\":[\"https:\/\/www.linkedin.com\/company\/qnde\/about\/?viewAsMember=true\"]}]}<\/script>\n<!-- \/ Yoast SEO plugin. -->","yoast_head_json":{"title":"Western Instruments WC-8 Culasse \u00e0 batterie DC &#060; Qualit\u00e9 NDE","description":"Western Instruments WC-8 : culasse DC \u00e0 batterie 12V, g\u00e9n\u00e8re un champ puls\u00e9 simulant l'effet AC. Compacte, efficace (&lt;10.5Ah), avec chargeur 120VAC inclus.","robots":{"index":"index","follow":"follow","max-snippet":"max-snippet:-1","max-image-preview":"max-image-preview:large","max-video-preview":"max-video-preview:-1"},"canonical":"https:\/\/www.qnde.ca\/fr\/produit\/wc-8-culasse-a-batterie-dc\/","twitter_misc":{"Dur\u00e9e de lecture estim\u00e9e":"1 minute"},"schema":{"@context":"https:\/\/schema.org","@graph":[{"@type":["WebPage","ItemPage"],"@id":"https:\/\/www.qnde.ca\/fr\/produit\/wc-8-culasse-a-batterie-dc\/","url":"https:\/\/www.qnde.ca\/fr\/produit\/wc-8-culasse-a-batterie-dc\/","name":"Western Instruments WC-8 Culasse \u00e0 batterie DC &#060; Qualit\u00e9 NDE","isPartOf":{"@id":"https:\/\/www.qnde.ca\/#website"},"primaryImageOfPage":{"@id":"https:\/\/www.qnde.ca\/fr\/produit\/wc-8-culasse-a-batterie-dc\/#primaryimage"},"image":{"@id":"https:\/\/www.qnde.ca\/fr\/produit\/wc-8-culasse-a-batterie-dc\/#primaryimage"},"thumbnailUrl":"https:\/\/www.qnde.ca\/wp-content\/uploads\/2020\/12\/WC-8-yoke.jpg","datePublished":"2020-12-14T19:40:15+00:00","dateModified":"2025-08-12T15:40:06+00:00","description":"Western Instruments WC-8 : culasse DC \u00e0 batterie 12V, g\u00e9n\u00e8re un champ puls\u00e9 simulant l'effet AC. Compacte, efficace (&lt;10.5Ah), avec chargeur 120VAC inclus.","breadcrumb":{"@id":"https:\/\/www.qnde.ca\/fr\/produit\/wc-8-culasse-a-batterie-dc\/#breadcrumb"},"inLanguage":"fr-FR","potentialAction":[{"@type":"ReadAction","target":["https:\/\/www.qnde.ca\/fr\/produit\/wc-8-culasse-a-batterie-dc\/"]}]},{"@type":"ImageObject","inLanguage":"fr-FR","@id":"https:\/\/www.qnde.ca\/fr\/produit\/wc-8-culasse-a-batterie-dc\/#primaryimage","url":"https:\/\/www.qnde.ca\/wp-content\/uploads\/2020\/12\/WC-8-yoke.jpg","contentUrl":"https:\/\/www.qnde.ca\/wp-content\/uploads\/2020\/12\/WC-8-yoke.jpg","width":376,"height":510,"caption":"WC-8-yoke"},{"@type":"BreadcrumbList","@id":"https:\/\/www.qnde.ca\/fr\/produit\/wc-8-culasse-a-batterie-dc\/#breadcrumb","itemListElement":[{"@type":"ListItem","position":1,"name":"Accueil","item":"https:\/\/www.qnde.ca\/fr\/"},{"@type":"ListItem","position":2,"name":"Produits","item":"https:\/\/www.qnde.ca\/fr\/produits\/"},{"@type":"ListItem","position":3,"name":"Magn\u00e9toscopie","item":"https:\/\/www.qnde.ca\/fr\/product-category\/magnetoscopie\/"},{"@type":"ListItem","position":4,"name":"\u00c9quipements","item":"https:\/\/www.qnde.ca\/fr\/product-category\/magnetoscopie\/equipements-magnetoscopie\/"},{"@type":"ListItem","position":5,"name":"Western Instruments WC-8 Culasse \u00e0 batterie DC"}]},{"@type":"WebSite","@id":"https:\/\/www.qnde.ca\/#website","url":"https:\/\/www.qnde.ca\/","name":"Qualit\u00e9 NDE","description":"\u00c9quipements d&#039;essais non destructifs ","publisher":{"@id":"https:\/\/www.qnde.ca\/#organization"},"potentialAction":[{"@type":"SearchAction","target":{"@type":"EntryPoint","urlTemplate":"https:\/\/www.qnde.ca\/?s={search_term_string}"},"query-input":{"@type":"PropertyValueSpecification","valueRequired":true,"valueName":"search_term_string"}}],"inLanguage":"fr-FR"},{"@type":"Organization","@id":"https:\/\/www.qnde.ca\/#organization","name":"Quality NDT Ltd.","url":"https:\/\/www.qnde.ca\/","logo":{"@type":"ImageObject","inLanguage":"fr-FR","@id":"https:\/\/www.qnde.ca\/#\/schema\/logo\/image\/","url":"https:\/\/www.qnde.ca\/wp-content\/uploads\/2022\/02\/QNDE_logo_RGB-gif.gif","contentUrl":"https:\/\/www.qnde.ca\/wp-content\/uploads\/2022\/02\/QNDE_logo_RGB-gif.gif","width":250,"height":64,"caption":"Quality NDT Ltd."},"image":{"@id":"https:\/\/www.qnde.ca\/#\/schema\/logo\/image\/"},"sameAs":["https:\/\/www.linkedin.com\/company\/qnde\/about\/?viewAsMember=true"]}]}},"jetpack_sharing_enabled":true,"_links":{"self":[{"href":"https:\/\/www.qnde.ca\/fr\/wp-json\/wp\/v2\/product\/12985","targetHints":{"allow":["GET"]}}],"collection":[{"href":"https:\/\/www.qnde.ca\/fr\/wp-json\/wp\/v2\/product"}],"about":[{"href":"https:\/\/www.qnde.ca\/fr\/wp-json\/wp\/v2\/types\/product"}],"wp:featuredmedia":[{"embeddable":true,"href":"https:\/\/www.qnde.ca\/fr\/wp-json\/wp\/v2\/media\/12987"}],"wp:attachment":[{"href":"https:\/\/www.qnde.ca\/fr\/wp-json\/wp\/v2\/media?parent=12985"}],"wp:term":[{"taxonomy":"product_brand","embeddable":true,"href":"https:\/\/www.qnde.ca\/fr\/wp-json\/wp\/v2\/product_brand?post=12985"},{"taxonomy":"product_cat","embeddable":true,"href":"https:\/\/www.qnde.ca\/fr\/wp-json\/wp\/v2\/product_cat?post=12985"},{"taxonomy":"product_tag","embeddable":true,"href":"https:\/\/www.qnde.ca\/fr\/wp-json\/wp\/v2\/product_tag?post=12985"}],"curies":[{"name":"wp","href":"https:\/\/api.w.org\/{rel}","templated":true}]}}