{"id":12862,"date":"2020-11-25T15:57:45","date_gmt":"2020-11-25T20:57:45","guid":{"rendered":"https:\/\/www.qnde.ca\/?post_type=product&#038;p=12862"},"modified":"2025-08-11T15:37:23","modified_gmt":"2025-08-11T19:37:23","slug":"lampe-spectronics-uvision-365","status":"publish","type":"product","link":"https:\/\/www.qnde.ca\/fr\/produit\/lampe-spectronics-uvision-365\/","title":{"rendered":"Spectro-UV Lampe uVision 365"},"content":{"rendered":"<h3>Spectro-UV Lampe uVision 365<\/h3>\n<p>L\u00e9ger, IP 65.\u00a0Chacune est munie d&rsquo;une lampe, d&rsquo;un protecteur \u00e0 filtre, d&rsquo;un cordon d&rsquo;alimentation de 8&prime; (2,4 m) 115 VAC, de lunettes UV et d&rsquo;une mallette de transport souple.<\/p>\n<p>Options\u00a0disponibles:<\/p>\n<ul>\n<li>UV365-SBLC: Lampe ordonn\u00e9e. 5 000 \u00b5W\/cm<sup>2<\/sup> \u00e0 15&Prime; (38 cm). Minimum 1 200 \u00b5W\/cm<sup>2<\/sup> de diam\u00e8tre sur 6&Prime; (15,2 cm). Certifi\u00e9s ASTM E3022-15 et RRES 90061.<\/li>\n<li>UV365-ZSBLC: Batterie dans la poign\u00e9e de la lampe. 5 000 \u00b5W\/cm<sup>2<\/sup> \u00e0 15&Prime; (38 cm). Minimum 1 200 \u00b5W\/cm<sup>2<\/sup> de diam\u00e8tre sur 6&Prime; (15,2 cm). Certifi\u00e9s ASTM E3022-15 et RRES 90061.<\/li>\n<li>UV365-HC: Lampe ordonn\u00e9e. 6 000 \u00b5W\/cm<sup>2<\/sup> \u00e0 15&Prime; (38 cm). Minimum 1 200 \u00b5W\/cm<sup>2<\/sup> sur un diam\u00e8tre de 6,4&Prime; (16,3 cm). ASTM E3022-15 certifi\u00e9.<\/li>\n<li>UV365ZHC: Batterie dans la poign\u00e9e de la lampe. 8 000 \u00b5W\/cm<sup>2<\/sup> \u00e0 15 pouces (38 cm). Minimum 1 200 \u00b5W\/cm<sup>2<\/sup> sur un diam\u00e8tre de 6,4 pouces (16,3 cm). ASTM E3022-15 certifi\u00e9.<\/li>\n<li>UV365-ES: Lampe ordonn\u00e9e. 4 700 \u00b5W\/cm<sup>2<\/sup> \u00e0 15&Prime; (38 cm). Minimum 1 200 \u00b5W\/cm<sup>2<\/sup> de diam\u00e8tre sur 6&Prime; (15,2 cm).<\/li>\n<li>UV365-EH: Lampe ordonn\u00e9e. 7 000 \u00b5W\/cm<sup>2<\/sup> \u00e0 15&Prime; (38 cm). Minimum 1 200 \u00b5W\/cm<sup>2<\/sup> de diam\u00e8tre sur 7&Prime; (17,8 cm).<\/li>\n<li>UV365-ZEH: Batterie dans la poign\u00e9e de la lampe. 7 000 \u00b5W\/cm<sup>2<\/sup> \u00e0 15&Prime; (38 cm). Minimum 1 200 \u00b5W\/cm<sup>2<\/sup> de diam\u00e8tre sur 7&Prime; (17,8 cm).<\/li>\n<li>UV-365HCR: Lampe ordonn\u00e9e avec batterie. 6,000 uW\/cm2 at 15&Prime; (38cm). Minimum 1,200 uW\/cm2 de diam\u00e8tre sur 6&Prime; (15cm).<\/li>\n<li>UV-365MSBLC: Lampe ordonn\u00e9e avec batterie. 4,500 uW\/cm2 at 15&Prime; (38cm). Minimum 1,200 uW\/cm2 de diam\u00e8tre sur 6&Prime; (15cm).<\/li>\n<li>UV-365MHC: Lampe ordonn\u00e9e avec batterie. 6,000 uW\/cm2 at 15&Prime; (38cm). Minimum 1,200 uW\/cm2 de diam\u00e8tre sur 6&Prime; (15cm).<\/li>\n<li>UV-365MEH: Lampe ordonn\u00e9e avec batterie. 7,000 uW\/cm2 at 58&Prime; (38cm). Minimum 1,200 uW\/cm2 de diam\u00e8tre sur 6&Prime; (15cm).<\/li>\n<\/ul>\n","protected":false},"excerpt":{"rendered":"<p>Spectro-UV Lampe uVision 365 L\u00e9ger, IP 65.\u00a0Chacune est munie d&rsquo;une lampe, d&rsquo;un protecteur \u00e0 filtre, d&rsquo;un cordon d&rsquo;alimentation de 8&prime; (2,4 m) 115 VAC, de lunettes UV et d&rsquo;une mallette de transport souple. Options\u00a0disponibles: UV365-SBLC: Lampe ordonn\u00e9e. 5 000 \u00b5W\/cm2 \u00e0 15&Prime; (38 cm). Minimum 1 200 \u00b5W\/cm2 de diam\u00e8tre sur 6&Prime; (15,2 cm). Certifi\u00e9s [&hellip;]<\/p>\n","protected":false},"featured_media":11402,"template":"","meta":{"_monsterinsights_skip_tracking":false,"_monsterinsights_sitenote_active":false,"_monsterinsights_sitenote_note":"","_monsterinsights_sitenote_category":0},"product_brand":[],"product_cat":[400,133],"product_tag":[],"class_list":{"0":"post-12862","1":"product","2":"type-product","3":"status-publish","4":"has-post-thumbnail","6":"product_cat-spectro-uv-fr","7":"product_cat-lampes-uv","9":"first","10":"instock","11":"shipping-taxable","12":"purchasable","13":"product-type-variable"},"yoast_head":"<!-- This site is optimized with the Yoast SEO plugin v23.9 - https:\/\/yoast.com\/wordpress\/plugins\/seo\/ -->\n<title>Spectro-UV Lampe uVision 365 &#060; Qualit\u00e9 NDE<\/title>\n<meta name=\"description\" content=\"Spectro-UV Lampe UV uVision 365 l\u00e9g\u00e8re et IP65. Livr\u00e9e avec filtre, cordon 2,4 m, lunettes UV et mallette de transport souple.\" \/>\n<meta name=\"robots\" content=\"index, follow, max-snippet:-1, max-image-preview:large, max-video-preview:-1\" \/>\n<link rel=\"canonical\" href=\"https:\/\/www.qnde.ca\/fr\/produit\/lampe-spectronics-uvision-365\/\" \/>\n<meta name=\"twitter:label1\" content=\"Dur\u00e9e de lecture estim\u00e9e\" \/>\n\t<meta name=\"twitter:data1\" content=\"2 minutes\" \/>\n<script type=\"application\/ld+json\" class=\"yoast-schema-graph\">{\"@context\":\"https:\/\/schema.org\",\"@graph\":[{\"@type\":[\"WebPage\",\"ItemPage\"],\"@id\":\"https:\/\/www.qnde.ca\/fr\/produit\/lampe-spectronics-uvision-365\/\",\"url\":\"https:\/\/www.qnde.ca\/fr\/produit\/lampe-spectronics-uvision-365\/\",\"name\":\"Spectro-UV Lampe uVision 365 &#060; Qualit\u00e9 NDE\",\"isPartOf\":{\"@id\":\"https:\/\/www.qnde.ca\/#website\"},\"primaryImageOfPage\":{\"@id\":\"https:\/\/www.qnde.ca\/fr\/produit\/lampe-spectronics-uvision-365\/#primaryimage\"},\"image\":{\"@id\":\"https:\/\/www.qnde.ca\/fr\/produit\/lampe-spectronics-uvision-365\/#primaryimage\"},\"thumbnailUrl\":\"https:\/\/www.qnde.ca\/wp-content\/uploads\/2019\/10\/uVision-UV-365-Deluxe.jpg\",\"datePublished\":\"2020-11-25T20:57:45+00:00\",\"dateModified\":\"2025-08-11T19:37:23+00:00\",\"description\":\"Spectro-UV Lampe UV uVision 365 l\u00e9g\u00e8re et IP65. Livr\u00e9e avec filtre, cordon 2,4 m, lunettes UV et mallette de transport souple.\",\"breadcrumb\":{\"@id\":\"https:\/\/www.qnde.ca\/fr\/produit\/lampe-spectronics-uvision-365\/#breadcrumb\"},\"inLanguage\":\"fr-FR\",\"potentialAction\":[{\"@type\":\"ReadAction\",\"target\":[\"https:\/\/www.qnde.ca\/fr\/produit\/lampe-spectronics-uvision-365\/\"]}]},{\"@type\":\"ImageObject\",\"inLanguage\":\"fr-FR\",\"@id\":\"https:\/\/www.qnde.ca\/fr\/produit\/lampe-spectronics-uvision-365\/#primaryimage\",\"url\":\"https:\/\/www.qnde.ca\/wp-content\/uploads\/2019\/10\/uVision-UV-365-Deluxe.jpg\",\"contentUrl\":\"https:\/\/www.qnde.ca\/wp-content\/uploads\/2019\/10\/uVision-UV-365-Deluxe.jpg\",\"width\":400,\"height\":455},{\"@type\":\"BreadcrumbList\",\"@id\":\"https:\/\/www.qnde.ca\/fr\/produit\/lampe-spectronics-uvision-365\/#breadcrumb\",\"itemListElement\":[{\"@type\":\"ListItem\",\"position\":1,\"name\":\"Accueil\",\"item\":\"https:\/\/www.qnde.ca\/fr\/\"},{\"@type\":\"ListItem\",\"position\":2,\"name\":\"Produits\",\"item\":\"https:\/\/www.qnde.ca\/fr\/produits\/\"},{\"@type\":\"ListItem\",\"position\":3,\"name\":\"Lampes UV\",\"item\":\"https:\/\/www.qnde.ca\/fr\/product-category\/lampes-uv\/\"},{\"@type\":\"ListItem\",\"position\":4,\"name\":\"Spectro-UV Lampe uVision 365\"}]},{\"@type\":\"WebSite\",\"@id\":\"https:\/\/www.qnde.ca\/#website\",\"url\":\"https:\/\/www.qnde.ca\/\",\"name\":\"Qualit\u00e9 NDE\",\"description\":\"\u00c9quipements d&#039;essais non destructifs \",\"publisher\":{\"@id\":\"https:\/\/www.qnde.ca\/#organization\"},\"potentialAction\":[{\"@type\":\"SearchAction\",\"target\":{\"@type\":\"EntryPoint\",\"urlTemplate\":\"https:\/\/www.qnde.ca\/?s={search_term_string}\"},\"query-input\":{\"@type\":\"PropertyValueSpecification\",\"valueRequired\":true,\"valueName\":\"search_term_string\"}}],\"inLanguage\":\"fr-FR\"},{\"@type\":\"Organization\",\"@id\":\"https:\/\/www.qnde.ca\/#organization\",\"name\":\"Quality NDT Ltd.\",\"url\":\"https:\/\/www.qnde.ca\/\",\"logo\":{\"@type\":\"ImageObject\",\"inLanguage\":\"fr-FR\",\"@id\":\"https:\/\/www.qnde.ca\/#\/schema\/logo\/image\/\",\"url\":\"https:\/\/www.qnde.ca\/wp-content\/uploads\/2022\/02\/QNDE_logo_RGB-gif.gif\",\"contentUrl\":\"https:\/\/www.qnde.ca\/wp-content\/uploads\/2022\/02\/QNDE_logo_RGB-gif.gif\",\"width\":250,\"height\":64,\"caption\":\"Quality NDT Ltd.\"},\"image\":{\"@id\":\"https:\/\/www.qnde.ca\/#\/schema\/logo\/image\/\"},\"sameAs\":[\"https:\/\/www.linkedin.com\/company\/qnde\/about\/?viewAsMember=true\"]}]}<\/script>\n<!-- \/ Yoast SEO plugin. -->","yoast_head_json":{"title":"Spectro-UV Lampe uVision 365 &#060; Qualit\u00e9 NDE","description":"Spectro-UV Lampe UV uVision 365 l\u00e9g\u00e8re et IP65. Livr\u00e9e avec filtre, cordon 2,4 m, lunettes UV et mallette de transport souple.","robots":{"index":"index","follow":"follow","max-snippet":"max-snippet:-1","max-image-preview":"max-image-preview:large","max-video-preview":"max-video-preview:-1"},"canonical":"https:\/\/www.qnde.ca\/fr\/produit\/lampe-spectronics-uvision-365\/","twitter_misc":{"Dur\u00e9e de lecture estim\u00e9e":"2 minutes"},"schema":{"@context":"https:\/\/schema.org","@graph":[{"@type":["WebPage","ItemPage"],"@id":"https:\/\/www.qnde.ca\/fr\/produit\/lampe-spectronics-uvision-365\/","url":"https:\/\/www.qnde.ca\/fr\/produit\/lampe-spectronics-uvision-365\/","name":"Spectro-UV Lampe uVision 365 &#060; Qualit\u00e9 NDE","isPartOf":{"@id":"https:\/\/www.qnde.ca\/#website"},"primaryImageOfPage":{"@id":"https:\/\/www.qnde.ca\/fr\/produit\/lampe-spectronics-uvision-365\/#primaryimage"},"image":{"@id":"https:\/\/www.qnde.ca\/fr\/produit\/lampe-spectronics-uvision-365\/#primaryimage"},"thumbnailUrl":"https:\/\/www.qnde.ca\/wp-content\/uploads\/2019\/10\/uVision-UV-365-Deluxe.jpg","datePublished":"2020-11-25T20:57:45+00:00","dateModified":"2025-08-11T19:37:23+00:00","description":"Spectro-UV Lampe UV uVision 365 l\u00e9g\u00e8re et IP65. Livr\u00e9e avec filtre, cordon 2,4 m, lunettes UV et mallette de transport souple.","breadcrumb":{"@id":"https:\/\/www.qnde.ca\/fr\/produit\/lampe-spectronics-uvision-365\/#breadcrumb"},"inLanguage":"fr-FR","potentialAction":[{"@type":"ReadAction","target":["https:\/\/www.qnde.ca\/fr\/produit\/lampe-spectronics-uvision-365\/"]}]},{"@type":"ImageObject","inLanguage":"fr-FR","@id":"https:\/\/www.qnde.ca\/fr\/produit\/lampe-spectronics-uvision-365\/#primaryimage","url":"https:\/\/www.qnde.ca\/wp-content\/uploads\/2019\/10\/uVision-UV-365-Deluxe.jpg","contentUrl":"https:\/\/www.qnde.ca\/wp-content\/uploads\/2019\/10\/uVision-UV-365-Deluxe.jpg","width":400,"height":455},{"@type":"BreadcrumbList","@id":"https:\/\/www.qnde.ca\/fr\/produit\/lampe-spectronics-uvision-365\/#breadcrumb","itemListElement":[{"@type":"ListItem","position":1,"name":"Accueil","item":"https:\/\/www.qnde.ca\/fr\/"},{"@type":"ListItem","position":2,"name":"Produits","item":"https:\/\/www.qnde.ca\/fr\/produits\/"},{"@type":"ListItem","position":3,"name":"Lampes UV","item":"https:\/\/www.qnde.ca\/fr\/product-category\/lampes-uv\/"},{"@type":"ListItem","position":4,"name":"Spectro-UV Lampe uVision 365"}]},{"@type":"WebSite","@id":"https:\/\/www.qnde.ca\/#website","url":"https:\/\/www.qnde.ca\/","name":"Qualit\u00e9 NDE","description":"\u00c9quipements d&#039;essais non destructifs ","publisher":{"@id":"https:\/\/www.qnde.ca\/#organization"},"potentialAction":[{"@type":"SearchAction","target":{"@type":"EntryPoint","urlTemplate":"https:\/\/www.qnde.ca\/?s={search_term_string}"},"query-input":{"@type":"PropertyValueSpecification","valueRequired":true,"valueName":"search_term_string"}}],"inLanguage":"fr-FR"},{"@type":"Organization","@id":"https:\/\/www.qnde.ca\/#organization","name":"Quality NDT Ltd.","url":"https:\/\/www.qnde.ca\/","logo":{"@type":"ImageObject","inLanguage":"fr-FR","@id":"https:\/\/www.qnde.ca\/#\/schema\/logo\/image\/","url":"https:\/\/www.qnde.ca\/wp-content\/uploads\/2022\/02\/QNDE_logo_RGB-gif.gif","contentUrl":"https:\/\/www.qnde.ca\/wp-content\/uploads\/2022\/02\/QNDE_logo_RGB-gif.gif","width":250,"height":64,"caption":"Quality NDT Ltd."},"image":{"@id":"https:\/\/www.qnde.ca\/#\/schema\/logo\/image\/"},"sameAs":["https:\/\/www.linkedin.com\/company\/qnde\/about\/?viewAsMember=true"]}]}},"jetpack_sharing_enabled":true,"_links":{"self":[{"href":"https:\/\/www.qnde.ca\/fr\/wp-json\/wp\/v2\/product\/12862","targetHints":{"allow":["GET"]}}],"collection":[{"href":"https:\/\/www.qnde.ca\/fr\/wp-json\/wp\/v2\/product"}],"about":[{"href":"https:\/\/www.qnde.ca\/fr\/wp-json\/wp\/v2\/types\/product"}],"wp:featuredmedia":[{"embeddable":true,"href":"https:\/\/www.qnde.ca\/fr\/wp-json\/wp\/v2\/media\/11402"}],"wp:attachment":[{"href":"https:\/\/www.qnde.ca\/fr\/wp-json\/wp\/v2\/media?parent=12862"}],"wp:term":[{"taxonomy":"product_brand","embeddable":true,"href":"https:\/\/www.qnde.ca\/fr\/wp-json\/wp\/v2\/product_brand?post=12862"},{"taxonomy":"product_cat","embeddable":true,"href":"https:\/\/www.qnde.ca\/fr\/wp-json\/wp\/v2\/product_cat?post=12862"},{"taxonomy":"product_tag","embeddable":true,"href":"https:\/\/www.qnde.ca\/fr\/wp-json\/wp\/v2\/product_tag?post=12862"}],"curies":[{"name":"wp","href":"https:\/\/api.w.org\/{rel}","templated":true}]}}