{"id":12816,"date":"2020-11-24T15:37:28","date_gmt":"2020-11-24T20:37:28","guid":{"rendered":"https:\/\/www.qnde.ca\/?post_type=product&#038;p=12816"},"modified":"2025-08-12T09:26:37","modified_gmt":"2025-08-12T13:26:37","slug":"pistolets-tuyaux","status":"publish","type":"product","link":"https:\/\/www.qnde.ca\/fr\/produit\/pistolets-tuyaux\/","title":{"rendered":"Pistolets et Tuyaux"},"content":{"rendered":"<h3><strong>Pistolets et Tuyaux<\/strong><\/h3>\n<p>Pistolet d\u2019arrosage de remplacement et tuyaux pour banc magn\u00e9tique humide.<\/p>\n<h4><strong>Pistolets<\/strong><\/h4>\n<ul>\n<li>8001: Pistolet d\u2019arrosage pour banc magn\u00e9tique avec connecteur 1&Prime; femelle GHT.<\/li>\n<li>520534: Pistolet d\u2019arrosage pour banc magn\u00e9tique (bancs construits avant 1998).<\/li>\n<\/ul>\n<h4><strong>Tuyaux<\/strong><\/h4>\n<ul>\n<li>2063: Tuyau ultra flexible pour liquide de banc magn\u00e9tique de 0.5&Prime; ID x 78&Prime; L (12.7 mm x 1.98m) avec raccord aux deux extr\u00e9mit\u00e9s.<\/li>\n<li>2001307: Tuyau ultra flexible pour liquide de banc magn\u00e9tique de 0.5&Prime; ID (12.7mm). Vendu au pied (30.4cm).<\/li>\n<\/ul>\n","protected":false},"excerpt":{"rendered":"<p>Pistolets et Tuyaux Pistolet d\u2019arrosage de remplacement et tuyaux pour banc magn\u00e9tique humide. Pistolets 8001: Pistolet d\u2019arrosage pour banc magn\u00e9tique avec connecteur 1&Prime; femelle GHT. 520534: Pistolet d\u2019arrosage pour banc magn\u00e9tique (bancs construits avant 1998). Tuyaux 2063: Tuyau ultra flexible pour liquide de banc magn\u00e9tique de 0.5&Prime; ID x 78&Prime; L (12.7 mm x 1.98m) [&hellip;]<\/p>\n","protected":false},"featured_media":20352,"template":"","meta":{"_monsterinsights_skip_tracking":false,"_monsterinsights_sitenote_active":false,"_monsterinsights_sitenote_note":"","_monsterinsights_sitenote_category":0},"product_brand":[],"product_cat":[402,134],"product_tag":[],"class_list":{"0":"post-12816","1":"product","2":"type-product","3":"status-publish","4":"has-post-thumbnail","6":"product_cat-autres-marques","7":"product_cat-accessoires-magnetoscopie","9":"first","10":"instock","11":"shipping-taxable","12":"purchasable","13":"product-type-variable"},"yoast_head":"<!-- This site is optimized with the Yoast SEO plugin v23.9 - https:\/\/yoast.com\/wordpress\/plugins\/seo\/ -->\n<title>Pistolets et Tuyaux &#060; Qualit\u00e9 NDE<\/title>\n<meta name=\"description\" content=\"Pistolets et tuyaux pour banc magn\u00e9tique : pistolets d\u2019arrosage compatibles anciens et nouveaux mod\u00e8les, tuyaux ultra flexibles 0.5&quot; pour liquide de test.\" \/>\n<meta name=\"robots\" content=\"index, follow, max-snippet:-1, max-image-preview:large, max-video-preview:-1\" \/>\n<link rel=\"canonical\" href=\"https:\/\/www.qnde.ca\/fr\/produit\/pistolets-tuyaux\/\" \/>\n<meta name=\"twitter:label1\" content=\"Dur\u00e9e de lecture estim\u00e9e\" \/>\n\t<meta name=\"twitter:data1\" content=\"1 minute\" \/>\n<script type=\"application\/ld+json\" class=\"yoast-schema-graph\">{\"@context\":\"https:\/\/schema.org\",\"@graph\":[{\"@type\":[\"WebPage\",\"ItemPage\"],\"@id\":\"https:\/\/www.qnde.ca\/fr\/produit\/pistolets-tuyaux\/\",\"url\":\"https:\/\/www.qnde.ca\/fr\/produit\/pistolets-tuyaux\/\",\"name\":\"Pistolets et Tuyaux &#060; Qualit\u00e9 NDE\",\"isPartOf\":{\"@id\":\"https:\/\/www.qnde.ca\/#website\"},\"primaryImageOfPage\":{\"@id\":\"https:\/\/www.qnde.ca\/fr\/produit\/pistolets-tuyaux\/#primaryimage\"},\"image\":{\"@id\":\"https:\/\/www.qnde.ca\/fr\/produit\/pistolets-tuyaux\/#primaryimage\"},\"thumbnailUrl\":\"https:\/\/www.qnde.ca\/wp-content\/uploads\/2021\/07\/Item-8001-Nozzle-scaled-scaled.jpg\",\"datePublished\":\"2020-11-24T20:37:28+00:00\",\"dateModified\":\"2025-08-12T13:26:37+00:00\",\"description\":\"Pistolets et tuyaux pour banc magn\u00e9tique : pistolets d\u2019arrosage compatibles anciens et nouveaux mod\u00e8les, tuyaux ultra flexibles 0.5\\\" pour liquide de test.\",\"breadcrumb\":{\"@id\":\"https:\/\/www.qnde.ca\/fr\/produit\/pistolets-tuyaux\/#breadcrumb\"},\"inLanguage\":\"fr-FR\",\"potentialAction\":[{\"@type\":\"ReadAction\",\"target\":[\"https:\/\/www.qnde.ca\/fr\/produit\/pistolets-tuyaux\/\"]}]},{\"@type\":\"ImageObject\",\"inLanguage\":\"fr-FR\",\"@id\":\"https:\/\/www.qnde.ca\/fr\/produit\/pistolets-tuyaux\/#primaryimage\",\"url\":\"https:\/\/www.qnde.ca\/wp-content\/uploads\/2021\/07\/Item-8001-Nozzle-scaled-scaled.jpg\",\"contentUrl\":\"https:\/\/www.qnde.ca\/wp-content\/uploads\/2021\/07\/Item-8001-Nozzle-scaled-scaled.jpg\",\"width\":1536,\"height\":2048,\"caption\":\"Item 8001 - Nozzle\"},{\"@type\":\"BreadcrumbList\",\"@id\":\"https:\/\/www.qnde.ca\/fr\/produit\/pistolets-tuyaux\/#breadcrumb\",\"itemListElement\":[{\"@type\":\"ListItem\",\"position\":1,\"name\":\"Accueil\",\"item\":\"https:\/\/www.qnde.ca\/fr\/\"},{\"@type\":\"ListItem\",\"position\":2,\"name\":\"Produits\",\"item\":\"https:\/\/www.qnde.ca\/fr\/produits\/\"},{\"@type\":\"ListItem\",\"position\":3,\"name\":\"Magn\u00e9toscopie\",\"item\":\"https:\/\/www.qnde.ca\/fr\/product-category\/magnetoscopie\/\"},{\"@type\":\"ListItem\",\"position\":4,\"name\":\"Accessoires\",\"item\":\"https:\/\/www.qnde.ca\/fr\/product-category\/magnetoscopie\/accessoires-magnetoscopie\/\"},{\"@type\":\"ListItem\",\"position\":5,\"name\":\"Pistolets et Tuyaux\"}]},{\"@type\":\"WebSite\",\"@id\":\"https:\/\/www.qnde.ca\/#website\",\"url\":\"https:\/\/www.qnde.ca\/\",\"name\":\"Qualit\u00e9 NDE\",\"description\":\"\u00c9quipements d&#039;essais non destructifs \",\"publisher\":{\"@id\":\"https:\/\/www.qnde.ca\/#organization\"},\"potentialAction\":[{\"@type\":\"SearchAction\",\"target\":{\"@type\":\"EntryPoint\",\"urlTemplate\":\"https:\/\/www.qnde.ca\/?s={search_term_string}\"},\"query-input\":{\"@type\":\"PropertyValueSpecification\",\"valueRequired\":true,\"valueName\":\"search_term_string\"}}],\"inLanguage\":\"fr-FR\"},{\"@type\":\"Organization\",\"@id\":\"https:\/\/www.qnde.ca\/#organization\",\"name\":\"Quality NDT Ltd.\",\"url\":\"https:\/\/www.qnde.ca\/\",\"logo\":{\"@type\":\"ImageObject\",\"inLanguage\":\"fr-FR\",\"@id\":\"https:\/\/www.qnde.ca\/#\/schema\/logo\/image\/\",\"url\":\"https:\/\/www.qnde.ca\/wp-content\/uploads\/2022\/02\/QNDE_logo_RGB-gif.gif\",\"contentUrl\":\"https:\/\/www.qnde.ca\/wp-content\/uploads\/2022\/02\/QNDE_logo_RGB-gif.gif\",\"width\":250,\"height\":64,\"caption\":\"Quality NDT Ltd.\"},\"image\":{\"@id\":\"https:\/\/www.qnde.ca\/#\/schema\/logo\/image\/\"},\"sameAs\":[\"https:\/\/www.linkedin.com\/company\/qnde\/about\/?viewAsMember=true\"]}]}<\/script>\n<!-- \/ Yoast SEO plugin. -->","yoast_head_json":{"title":"Pistolets et Tuyaux &#060; Qualit\u00e9 NDE","description":"Pistolets et tuyaux pour banc magn\u00e9tique : pistolets d\u2019arrosage compatibles anciens et nouveaux mod\u00e8les, tuyaux ultra flexibles 0.5\" pour liquide de test.","robots":{"index":"index","follow":"follow","max-snippet":"max-snippet:-1","max-image-preview":"max-image-preview:large","max-video-preview":"max-video-preview:-1"},"canonical":"https:\/\/www.qnde.ca\/fr\/produit\/pistolets-tuyaux\/","twitter_misc":{"Dur\u00e9e de lecture estim\u00e9e":"1 minute"},"schema":{"@context":"https:\/\/schema.org","@graph":[{"@type":["WebPage","ItemPage"],"@id":"https:\/\/www.qnde.ca\/fr\/produit\/pistolets-tuyaux\/","url":"https:\/\/www.qnde.ca\/fr\/produit\/pistolets-tuyaux\/","name":"Pistolets et Tuyaux &#060; Qualit\u00e9 NDE","isPartOf":{"@id":"https:\/\/www.qnde.ca\/#website"},"primaryImageOfPage":{"@id":"https:\/\/www.qnde.ca\/fr\/produit\/pistolets-tuyaux\/#primaryimage"},"image":{"@id":"https:\/\/www.qnde.ca\/fr\/produit\/pistolets-tuyaux\/#primaryimage"},"thumbnailUrl":"https:\/\/www.qnde.ca\/wp-content\/uploads\/2021\/07\/Item-8001-Nozzle-scaled-scaled.jpg","datePublished":"2020-11-24T20:37:28+00:00","dateModified":"2025-08-12T13:26:37+00:00","description":"Pistolets et tuyaux pour banc magn\u00e9tique : pistolets d\u2019arrosage compatibles anciens et nouveaux mod\u00e8les, tuyaux ultra flexibles 0.5\" pour liquide de test.","breadcrumb":{"@id":"https:\/\/www.qnde.ca\/fr\/produit\/pistolets-tuyaux\/#breadcrumb"},"inLanguage":"fr-FR","potentialAction":[{"@type":"ReadAction","target":["https:\/\/www.qnde.ca\/fr\/produit\/pistolets-tuyaux\/"]}]},{"@type":"ImageObject","inLanguage":"fr-FR","@id":"https:\/\/www.qnde.ca\/fr\/produit\/pistolets-tuyaux\/#primaryimage","url":"https:\/\/www.qnde.ca\/wp-content\/uploads\/2021\/07\/Item-8001-Nozzle-scaled-scaled.jpg","contentUrl":"https:\/\/www.qnde.ca\/wp-content\/uploads\/2021\/07\/Item-8001-Nozzle-scaled-scaled.jpg","width":1536,"height":2048,"caption":"Item 8001 - Nozzle"},{"@type":"BreadcrumbList","@id":"https:\/\/www.qnde.ca\/fr\/produit\/pistolets-tuyaux\/#breadcrumb","itemListElement":[{"@type":"ListItem","position":1,"name":"Accueil","item":"https:\/\/www.qnde.ca\/fr\/"},{"@type":"ListItem","position":2,"name":"Produits","item":"https:\/\/www.qnde.ca\/fr\/produits\/"},{"@type":"ListItem","position":3,"name":"Magn\u00e9toscopie","item":"https:\/\/www.qnde.ca\/fr\/product-category\/magnetoscopie\/"},{"@type":"ListItem","position":4,"name":"Accessoires","item":"https:\/\/www.qnde.ca\/fr\/product-category\/magnetoscopie\/accessoires-magnetoscopie\/"},{"@type":"ListItem","position":5,"name":"Pistolets et Tuyaux"}]},{"@type":"WebSite","@id":"https:\/\/www.qnde.ca\/#website","url":"https:\/\/www.qnde.ca\/","name":"Qualit\u00e9 NDE","description":"\u00c9quipements d&#039;essais non destructifs ","publisher":{"@id":"https:\/\/www.qnde.ca\/#organization"},"potentialAction":[{"@type":"SearchAction","target":{"@type":"EntryPoint","urlTemplate":"https:\/\/www.qnde.ca\/?s={search_term_string}"},"query-input":{"@type":"PropertyValueSpecification","valueRequired":true,"valueName":"search_term_string"}}],"inLanguage":"fr-FR"},{"@type":"Organization","@id":"https:\/\/www.qnde.ca\/#organization","name":"Quality NDT Ltd.","url":"https:\/\/www.qnde.ca\/","logo":{"@type":"ImageObject","inLanguage":"fr-FR","@id":"https:\/\/www.qnde.ca\/#\/schema\/logo\/image\/","url":"https:\/\/www.qnde.ca\/wp-content\/uploads\/2022\/02\/QNDE_logo_RGB-gif.gif","contentUrl":"https:\/\/www.qnde.ca\/wp-content\/uploads\/2022\/02\/QNDE_logo_RGB-gif.gif","width":250,"height":64,"caption":"Quality NDT Ltd."},"image":{"@id":"https:\/\/www.qnde.ca\/#\/schema\/logo\/image\/"},"sameAs":["https:\/\/www.linkedin.com\/company\/qnde\/about\/?viewAsMember=true"]}]}},"jetpack_sharing_enabled":true,"_links":{"self":[{"href":"https:\/\/www.qnde.ca\/fr\/wp-json\/wp\/v2\/product\/12816","targetHints":{"allow":["GET"]}}],"collection":[{"href":"https:\/\/www.qnde.ca\/fr\/wp-json\/wp\/v2\/product"}],"about":[{"href":"https:\/\/www.qnde.ca\/fr\/wp-json\/wp\/v2\/types\/product"}],"wp:featuredmedia":[{"embeddable":true,"href":"https:\/\/www.qnde.ca\/fr\/wp-json\/wp\/v2\/media\/20352"}],"wp:attachment":[{"href":"https:\/\/www.qnde.ca\/fr\/wp-json\/wp\/v2\/media?parent=12816"}],"wp:term":[{"taxonomy":"product_brand","embeddable":true,"href":"https:\/\/www.qnde.ca\/fr\/wp-json\/wp\/v2\/product_brand?post=12816"},{"taxonomy":"product_cat","embeddable":true,"href":"https:\/\/www.qnde.ca\/fr\/wp-json\/wp\/v2\/product_cat?post=12816"},{"taxonomy":"product_tag","embeddable":true,"href":"https:\/\/www.qnde.ca\/fr\/wp-json\/wp\/v2\/product_tag?post=12816"}],"curies":[{"name":"wp","href":"https:\/\/api.w.org\/{rel}","templated":true}]}}