{"id":12720,"date":"2020-11-18T16:04:42","date_gmt":"2020-11-18T21:04:42","guid":{"rendered":"https:\/\/www.qnde.ca\/?post_type=product&#038;p=12720"},"modified":"2023-03-24T18:45:59","modified_gmt":"2023-03-24T22:45:59","slug":"magnaflux-ligne-de-penetrant-compacte","status":"publish","type":"product","link":"https:\/\/www.qnde.ca\/fr\/produit\/magnaflux-ligne-de-penetrant-compacte\/","title":{"rendered":"Magnaflux ZA-1633 Ligne de P\u00e9n\u00e9trant Compacte"},"content":{"rendered":"<h3><strong>Magnaflux ZA-1633 Ligne de P\u00e9n\u00e9trant Compacte<\/strong><\/h3>\n<p>Magnaflux ZA-1633, ligne de p\u00e9n\u00e9trant compacte, sur un cadre, con\u00e7ue pour l&rsquo;inspection de lots et petits volumes de pi\u00e8ces de petites ou moyennes tailles. R\u00e9servoirs en acier inoxydable 304, livr\u00e9s avec lampe DEL UV EV6000.<\/p>\n<ul>\n<li>621791: ZA-1633, m\u00e9thode A, ligne de p\u00e9n\u00e9trant lavage \u00e0 l&rsquo;eau \u2013 6 stations.<\/li>\n<li>522092: ZA-1633, m\u00e9thode B, ligne de p\u00e9n\u00e9trant lipophile PE \u2013 8 stations.<\/li>\n<li>522109: ZA-1633, m\u00e9thode D, ligne de p\u00e9n\u00e9trant hydrophile PE \u2013 9 stations.<\/li>\n<li>522072: ZA-1633, ensemble pour r\u00e9v\u00e9lateur en nuage tourbillonnant soulev\u00e9.<\/li>\n<li>522084: ZA-1633, ensemble pour r\u00e9v\u00e9lateur en nuage tourbillonnant inject\u00e9.<\/li>\n<li>608363: Cabine d&rsquo;inspection autoportante avec lampe UV, lumi\u00e8re blanche et ventilateur.<\/li>\n<li>609178P: ZA-1633, couvercle pour r\u00e9servoir de p\u00e9n\u00e9trant.<\/li>\n<li>QNDE-WW6: Ligne de p\u00e9n\u00e9trant compacte de Qualit\u00e9 NDE, m\u00e9thode A, 6 stations: P\u00e9n\u00e9trant, \u00c9gouttage, Rince, S\u00e9choir, R\u00e9v\u00e9lateur, Inspection.<\/li>\n<li>QNDE-PE8: Ligne de p\u00e9n\u00e9trant compacte de Qualit\u00e9 NDE, m\u00e9thode B, 8 stations: P\u00e9n\u00e9trant, \u00c9gouttage, \u00c9mulsifiant lipophile, Rince, Drainage, S\u00e9choir, R\u00e9v\u00e9lateur, Inspection.<\/li>\n<\/ul>\n","protected":false},"excerpt":{"rendered":"<p>Magnaflux ZA-1633 Ligne de P\u00e9n\u00e9trant Compacte Magnaflux ZA-1633, ligne de p\u00e9n\u00e9trant compacte, sur un cadre, con\u00e7ue pour l&rsquo;inspection de lots et petits volumes de pi\u00e8ces de petites ou moyennes tailles. R\u00e9servoirs en acier inoxydable 304, livr\u00e9s avec lampe DEL UV EV6000. 621791: ZA-1633, m\u00e9thode A, ligne de p\u00e9n\u00e9trant lavage \u00e0 l&rsquo;eau \u2013 6 stations. 522092: [&hellip;]<\/p>\n","protected":false},"featured_media":12724,"template":"","meta":{"_monsterinsights_skip_tracking":false,"_monsterinsights_sitenote_active":false,"_monsterinsights_sitenote_note":"","_monsterinsights_sitenote_category":0},"product_brand":[],"product_cat":[369,122],"product_tag":[],"class_list":{"0":"post-12720","1":"product","2":"type-product","3":"status-publish","4":"has-post-thumbnail","6":"product_cat-magnaflux-fr","7":"product_cat-equipements-ressuage","9":"first","10":"instock","11":"shipping-taxable","12":"purchasable","13":"product-type-variable"},"yoast_head":"<!-- This site is optimized with the Yoast SEO plugin v23.9 - https:\/\/yoast.com\/wordpress\/plugins\/seo\/ -->\n<title>Magnaflux ZA-1633 Ligne de P\u00e9n\u00e9trant Compacte &#060; Qualit\u00e9 NDE<\/title>\n<meta name=\"description\" content=\"Ligne de p\u00e9n\u00e9trant compacte sur un cadre con\u00e7ue pour l&#039;inspection de lots et petits volumes de pi\u00e8ces de petites ou moyennes tailles.\" \/>\n<meta name=\"robots\" content=\"index, follow, max-snippet:-1, max-image-preview:large, max-video-preview:-1\" \/>\n<link rel=\"canonical\" href=\"https:\/\/www.qnde.ca\/fr\/produit\/magnaflux-ligne-de-penetrant-compacte\/\" \/>\n<meta name=\"twitter:label1\" content=\"Dur\u00e9e de lecture estim\u00e9e\" \/>\n\t<meta name=\"twitter:data1\" content=\"1 minute\" \/>\n<script type=\"application\/ld+json\" class=\"yoast-schema-graph\">{\"@context\":\"https:\/\/schema.org\",\"@graph\":[{\"@type\":[\"WebPage\",\"ItemPage\"],\"@id\":\"https:\/\/www.qnde.ca\/fr\/produit\/magnaflux-ligne-de-penetrant-compacte\/\",\"url\":\"https:\/\/www.qnde.ca\/fr\/produit\/magnaflux-ligne-de-penetrant-compacte\/\",\"name\":\"Magnaflux ZA-1633 Ligne de P\u00e9n\u00e9trant Compacte &#060; Qualit\u00e9 NDE\",\"isPartOf\":{\"@id\":\"https:\/\/www.qnde.ca\/#website\"},\"primaryImageOfPage\":{\"@id\":\"https:\/\/www.qnde.ca\/fr\/produit\/magnaflux-ligne-de-penetrant-compacte\/#primaryimage\"},\"image\":{\"@id\":\"https:\/\/www.qnde.ca\/fr\/produit\/magnaflux-ligne-de-penetrant-compacte\/#primaryimage\"},\"thumbnailUrl\":\"https:\/\/www.qnde.ca\/wp-content\/uploads\/2020\/11\/Magnaflux-ZA-1633-Stand-Alone-Compact-Penetrant-Line.jpg\",\"datePublished\":\"2020-11-18T21:04:42+00:00\",\"dateModified\":\"2023-03-24T22:45:59+00:00\",\"description\":\"Ligne de p\u00e9n\u00e9trant compacte sur un cadre con\u00e7ue pour l'inspection de lots et petits volumes de pi\u00e8ces de petites ou moyennes tailles.\",\"breadcrumb\":{\"@id\":\"https:\/\/www.qnde.ca\/fr\/produit\/magnaflux-ligne-de-penetrant-compacte\/#breadcrumb\"},\"inLanguage\":\"fr-FR\",\"potentialAction\":[{\"@type\":\"ReadAction\",\"target\":[\"https:\/\/www.qnde.ca\/fr\/produit\/magnaflux-ligne-de-penetrant-compacte\/\"]}]},{\"@type\":\"ImageObject\",\"inLanguage\":\"fr-FR\",\"@id\":\"https:\/\/www.qnde.ca\/fr\/produit\/magnaflux-ligne-de-penetrant-compacte\/#primaryimage\",\"url\":\"https:\/\/www.qnde.ca\/wp-content\/uploads\/2020\/11\/Magnaflux-ZA-1633-Stand-Alone-Compact-Penetrant-Line.jpg\",\"contentUrl\":\"https:\/\/www.qnde.ca\/wp-content\/uploads\/2020\/11\/Magnaflux-ZA-1633-Stand-Alone-Compact-Penetrant-Line.jpg\",\"width\":800,\"height\":800,\"caption\":\"Magnaflux ZA-1633, Stand-Alone Compact Penetrant Line\"},{\"@type\":\"BreadcrumbList\",\"@id\":\"https:\/\/www.qnde.ca\/fr\/produit\/magnaflux-ligne-de-penetrant-compacte\/#breadcrumb\",\"itemListElement\":[{\"@type\":\"ListItem\",\"position\":1,\"name\":\"Accueil\",\"item\":\"https:\/\/www.qnde.ca\/fr\/\"},{\"@type\":\"ListItem\",\"position\":2,\"name\":\"Produits\",\"item\":\"https:\/\/www.qnde.ca\/fr\/produits\/\"},{\"@type\":\"ListItem\",\"position\":3,\"name\":\"Ressuage\",\"item\":\"https:\/\/www.qnde.ca\/fr\/product-category\/ressuage\/\"},{\"@type\":\"ListItem\",\"position\":4,\"name\":\"\u00c9quipements\",\"item\":\"https:\/\/www.qnde.ca\/fr\/product-category\/ressuage\/equipements-ressuage\/\"},{\"@type\":\"ListItem\",\"position\":5,\"name\":\"Magnaflux ZA-1633 Ligne de P\u00e9n\u00e9trant Compacte\"}]},{\"@type\":\"WebSite\",\"@id\":\"https:\/\/www.qnde.ca\/#website\",\"url\":\"https:\/\/www.qnde.ca\/\",\"name\":\"Qualit\u00e9 NDE\",\"description\":\"\u00c9quipements d&#039;essais non destructifs \",\"publisher\":{\"@id\":\"https:\/\/www.qnde.ca\/#organization\"},\"potentialAction\":[{\"@type\":\"SearchAction\",\"target\":{\"@type\":\"EntryPoint\",\"urlTemplate\":\"https:\/\/www.qnde.ca\/?s={search_term_string}\"},\"query-input\":{\"@type\":\"PropertyValueSpecification\",\"valueRequired\":true,\"valueName\":\"search_term_string\"}}],\"inLanguage\":\"fr-FR\"},{\"@type\":\"Organization\",\"@id\":\"https:\/\/www.qnde.ca\/#organization\",\"name\":\"Quality NDT Ltd.\",\"url\":\"https:\/\/www.qnde.ca\/\",\"logo\":{\"@type\":\"ImageObject\",\"inLanguage\":\"fr-FR\",\"@id\":\"https:\/\/www.qnde.ca\/#\/schema\/logo\/image\/\",\"url\":\"https:\/\/www.qnde.ca\/wp-content\/uploads\/2022\/02\/QNDE_logo_RGB-gif.gif\",\"contentUrl\":\"https:\/\/www.qnde.ca\/wp-content\/uploads\/2022\/02\/QNDE_logo_RGB-gif.gif\",\"width\":250,\"height\":64,\"caption\":\"Quality NDT Ltd.\"},\"image\":{\"@id\":\"https:\/\/www.qnde.ca\/#\/schema\/logo\/image\/\"},\"sameAs\":[\"https:\/\/www.linkedin.com\/company\/qnde\/about\/?viewAsMember=true\"]}]}<\/script>\n<!-- \/ Yoast SEO plugin. -->","yoast_head_json":{"title":"Magnaflux ZA-1633 Ligne de P\u00e9n\u00e9trant Compacte &#060; Qualit\u00e9 NDE","description":"Ligne de p\u00e9n\u00e9trant compacte sur un cadre con\u00e7ue pour l'inspection de lots et petits volumes de pi\u00e8ces de petites ou moyennes tailles.","robots":{"index":"index","follow":"follow","max-snippet":"max-snippet:-1","max-image-preview":"max-image-preview:large","max-video-preview":"max-video-preview:-1"},"canonical":"https:\/\/www.qnde.ca\/fr\/produit\/magnaflux-ligne-de-penetrant-compacte\/","twitter_misc":{"Dur\u00e9e de lecture estim\u00e9e":"1 minute"},"schema":{"@context":"https:\/\/schema.org","@graph":[{"@type":["WebPage","ItemPage"],"@id":"https:\/\/www.qnde.ca\/fr\/produit\/magnaflux-ligne-de-penetrant-compacte\/","url":"https:\/\/www.qnde.ca\/fr\/produit\/magnaflux-ligne-de-penetrant-compacte\/","name":"Magnaflux ZA-1633 Ligne de P\u00e9n\u00e9trant Compacte &#060; Qualit\u00e9 NDE","isPartOf":{"@id":"https:\/\/www.qnde.ca\/#website"},"primaryImageOfPage":{"@id":"https:\/\/www.qnde.ca\/fr\/produit\/magnaflux-ligne-de-penetrant-compacte\/#primaryimage"},"image":{"@id":"https:\/\/www.qnde.ca\/fr\/produit\/magnaflux-ligne-de-penetrant-compacte\/#primaryimage"},"thumbnailUrl":"https:\/\/www.qnde.ca\/wp-content\/uploads\/2020\/11\/Magnaflux-ZA-1633-Stand-Alone-Compact-Penetrant-Line.jpg","datePublished":"2020-11-18T21:04:42+00:00","dateModified":"2023-03-24T22:45:59+00:00","description":"Ligne de p\u00e9n\u00e9trant compacte sur un cadre con\u00e7ue pour l'inspection de lots et petits volumes de pi\u00e8ces de petites ou moyennes tailles.","breadcrumb":{"@id":"https:\/\/www.qnde.ca\/fr\/produit\/magnaflux-ligne-de-penetrant-compacte\/#breadcrumb"},"inLanguage":"fr-FR","potentialAction":[{"@type":"ReadAction","target":["https:\/\/www.qnde.ca\/fr\/produit\/magnaflux-ligne-de-penetrant-compacte\/"]}]},{"@type":"ImageObject","inLanguage":"fr-FR","@id":"https:\/\/www.qnde.ca\/fr\/produit\/magnaflux-ligne-de-penetrant-compacte\/#primaryimage","url":"https:\/\/www.qnde.ca\/wp-content\/uploads\/2020\/11\/Magnaflux-ZA-1633-Stand-Alone-Compact-Penetrant-Line.jpg","contentUrl":"https:\/\/www.qnde.ca\/wp-content\/uploads\/2020\/11\/Magnaflux-ZA-1633-Stand-Alone-Compact-Penetrant-Line.jpg","width":800,"height":800,"caption":"Magnaflux ZA-1633, Stand-Alone Compact Penetrant Line"},{"@type":"BreadcrumbList","@id":"https:\/\/www.qnde.ca\/fr\/produit\/magnaflux-ligne-de-penetrant-compacte\/#breadcrumb","itemListElement":[{"@type":"ListItem","position":1,"name":"Accueil","item":"https:\/\/www.qnde.ca\/fr\/"},{"@type":"ListItem","position":2,"name":"Produits","item":"https:\/\/www.qnde.ca\/fr\/produits\/"},{"@type":"ListItem","position":3,"name":"Ressuage","item":"https:\/\/www.qnde.ca\/fr\/product-category\/ressuage\/"},{"@type":"ListItem","position":4,"name":"\u00c9quipements","item":"https:\/\/www.qnde.ca\/fr\/product-category\/ressuage\/equipements-ressuage\/"},{"@type":"ListItem","position":5,"name":"Magnaflux ZA-1633 Ligne de P\u00e9n\u00e9trant Compacte"}]},{"@type":"WebSite","@id":"https:\/\/www.qnde.ca\/#website","url":"https:\/\/www.qnde.ca\/","name":"Qualit\u00e9 NDE","description":"\u00c9quipements d&#039;essais non destructifs ","publisher":{"@id":"https:\/\/www.qnde.ca\/#organization"},"potentialAction":[{"@type":"SearchAction","target":{"@type":"EntryPoint","urlTemplate":"https:\/\/www.qnde.ca\/?s={search_term_string}"},"query-input":{"@type":"PropertyValueSpecification","valueRequired":true,"valueName":"search_term_string"}}],"inLanguage":"fr-FR"},{"@type":"Organization","@id":"https:\/\/www.qnde.ca\/#organization","name":"Quality NDT Ltd.","url":"https:\/\/www.qnde.ca\/","logo":{"@type":"ImageObject","inLanguage":"fr-FR","@id":"https:\/\/www.qnde.ca\/#\/schema\/logo\/image\/","url":"https:\/\/www.qnde.ca\/wp-content\/uploads\/2022\/02\/QNDE_logo_RGB-gif.gif","contentUrl":"https:\/\/www.qnde.ca\/wp-content\/uploads\/2022\/02\/QNDE_logo_RGB-gif.gif","width":250,"height":64,"caption":"Quality NDT Ltd."},"image":{"@id":"https:\/\/www.qnde.ca\/#\/schema\/logo\/image\/"},"sameAs":["https:\/\/www.linkedin.com\/company\/qnde\/about\/?viewAsMember=true"]}]}},"jetpack_sharing_enabled":true,"_links":{"self":[{"href":"https:\/\/www.qnde.ca\/fr\/wp-json\/wp\/v2\/product\/12720","targetHints":{"allow":["GET"]}}],"collection":[{"href":"https:\/\/www.qnde.ca\/fr\/wp-json\/wp\/v2\/product"}],"about":[{"href":"https:\/\/www.qnde.ca\/fr\/wp-json\/wp\/v2\/types\/product"}],"wp:featuredmedia":[{"embeddable":true,"href":"https:\/\/www.qnde.ca\/fr\/wp-json\/wp\/v2\/media\/12724"}],"wp:attachment":[{"href":"https:\/\/www.qnde.ca\/fr\/wp-json\/wp\/v2\/media?parent=12720"}],"wp:term":[{"taxonomy":"product_brand","embeddable":true,"href":"https:\/\/www.qnde.ca\/fr\/wp-json\/wp\/v2\/product_brand?post=12720"},{"taxonomy":"product_cat","embeddable":true,"href":"https:\/\/www.qnde.ca\/fr\/wp-json\/wp\/v2\/product_cat?post=12720"},{"taxonomy":"product_tag","embeddable":true,"href":"https:\/\/www.qnde.ca\/fr\/wp-json\/wp\/v2\/product_tag?post=12720"}],"curies":[{"name":"wp","href":"https:\/\/api.w.org\/{rel}","templated":true}]}}