{"id":12698,"date":"2020-11-18T15:29:22","date_gmt":"2020-11-18T20:29:22","guid":{"rendered":"https:\/\/www.qnde.ca\/?post_type=product&#038;p=12698"},"modified":"2023-03-23T14:50:29","modified_gmt":"2023-03-23T18:50:29","slug":"ligne-de-penetrant-compacte","status":"publish","type":"product","link":"https:\/\/www.qnde.ca\/fr\/produit\/ligne-de-penetrant-compacte\/","title":{"rendered":"QNDE WWC-6 Ligne de P\u00e9n\u00e9trant Lavable \u00e0 l\u2019eau Compacte \u00e0 Six Stations"},"content":{"rendered":"<h3><strong>QNDE WWC-6 Ligne de P\u00e9n\u00e9trant Lavable \u00e0 l\u2019eau Compacte \u00e0 Six Stations <\/strong><\/h3>\n<p>Cette ligne de p\u00e9n\u00e9trant lavable \u00e0 l&rsquo;eau compacte de six stations de Qualit\u00e9 NDE est con\u00e7ue pour l&rsquo;inspection de lots et petits volumes de pi\u00e8ces de petite ou moyenne taille. R\u00e9servoirs en acier inoxydable 304 mont\u00e9 sur cadre en acier.<\/p>\n<ul>\n<li>Ligne de 6 stations (p\u00e9n\u00e9trant, \u00e9gouttage, rin\u00e7age, s\u00e9chage, d\u00e9veloppeur, inspection).<\/li>\n<li>Hauteur de travail: 38\u201d (97cm).<\/li>\n<li>Poids approx.: 650lbs (295kg).<\/li>\n<li>115VAC, 60 Hz, une phase.<\/li>\n<\/ul>\n<p>&nbsp;<\/p>\n<p>La ligne <strong>standard<\/strong> est compri d&rsquo;un r\u00e9servoir de p\u00e9n\u00e9trant de 10gal (37.9L); un r\u00e9servoir de rin\u00e7age\u00a0 avec untuyau et pistolet de lavage, un s\u00e9choir \u00e9lectrique contr\u00f4l\u00e9 par thermostat \u00e9lectronique, et d&rsquo;une table d&rsquo;inspection avec ridaux toit-\u00e0-faux avec ventilateur et dessus en polypropyl\u00e8ne noir. Cette ligne est livr\u00e9 avec un manuel et dessins \u00e9lectriques, et une garantie 1 an.<\/p>\n<p>Les\u00a0<strong>options<\/strong> de cette ligne inclus un couvercle pour le r\u00e9servoir de p\u00e9n\u00e9trant, un r\u00e9gulateur thermostatique avec thermom\u00e8tre, une lampe portable REL Magnum GO LED UV, et soit un kit de mise \u00e0 niveau pour r\u00e9v\u00e9lateur en nuage tourbillinnant, ou un kit the mise \u00e0 niveau pour r\u00e9v\u00e9lateur en nuage inject\u00e9 (les deux avec collecteur de bruine certifi\u00e9 HEPA).<\/p>\n<p>&nbsp;<\/p>\n<p>Pour plus d&rsquo;informations, consultez le catalogue.<\/p>\n<p>Pour comander votre propre QNDE WWC-5, remplissez la fiche produit ou contactez notre sp\u00e9cialiste.<\/p>\n","protected":false},"excerpt":{"rendered":"<p>QNDE WWC-6 Ligne de P\u00e9n\u00e9trant Lavable \u00e0 l\u2019eau Compacte \u00e0 Six Stations Cette ligne de p\u00e9n\u00e9trant lavable \u00e0 l&rsquo;eau compacte de six stations de Qualit\u00e9 NDE est con\u00e7ue pour l&rsquo;inspection de lots et petits volumes de pi\u00e8ces de petite ou moyenne taille. R\u00e9servoirs en acier inoxydable 304 mont\u00e9 sur cadre en acier. Ligne de 6 [&hellip;]<\/p>\n","protected":false},"featured_media":22973,"template":"","meta":{"_monsterinsights_skip_tracking":false,"_monsterinsights_sitenote_active":false,"_monsterinsights_sitenote_note":"","_monsterinsights_sitenote_category":0},"product_brand":[],"product_cat":[392,361,122],"product_tag":[],"class_list":{"0":"post-12698","1":"product","2":"type-product","3":"status-publish","4":"has-post-thumbnail","6":"product_cat-qnde-fr","7":"product_cat-ligne-de-penetrants","8":"product_cat-equipements-ressuage","10":"first","11":"instock","12":"shipping-taxable","13":"purchasable","14":"product-type-simple"},"yoast_head":"<!-- This site is optimized with the Yoast SEO plugin v23.9 - https:\/\/yoast.com\/wordpress\/plugins\/seo\/ -->\n<title>QNDE WWC-6 Ligne de P\u00e9n\u00e9trant Lavable \u00e0 l\u2019eau Compacte \u00e0 Six Stations &#060; Qualit\u00e9 NDE<\/title>\n<meta name=\"description\" content=\"Ligne de p\u00e9n\u00e9trant compacte de six stations, con\u00e7ue sur-mesure pour l&#039;inspection de petit volume et petites pi\u00e8ces. Acier inoxydable 304.\" \/>\n<meta name=\"robots\" content=\"index, follow, max-snippet:-1, max-image-preview:large, max-video-preview:-1\" \/>\n<link rel=\"canonical\" href=\"https:\/\/www.qnde.ca\/fr\/produit\/ligne-de-penetrant-compacte\/\" \/>\n<meta name=\"twitter:label1\" content=\"Dur\u00e9e de lecture estim\u00e9e\" \/>\n\t<meta name=\"twitter:data1\" content=\"1 minute\" \/>\n<script type=\"application\/ld+json\" class=\"yoast-schema-graph\">{\"@context\":\"https:\/\/schema.org\",\"@graph\":[{\"@type\":[\"WebPage\",\"ItemPage\"],\"@id\":\"https:\/\/www.qnde.ca\/fr\/produit\/ligne-de-penetrant-compacte\/\",\"url\":\"https:\/\/www.qnde.ca\/fr\/produit\/ligne-de-penetrant-compacte\/\",\"name\":\"QNDE WWC-6 Ligne de P\u00e9n\u00e9trant Lavable \u00e0 l\u2019eau Compacte \u00e0 Six Stations &#060; Qualit\u00e9 NDE\",\"isPartOf\":{\"@id\":\"https:\/\/www.qnde.ca\/#website\"},\"primaryImageOfPage\":{\"@id\":\"https:\/\/www.qnde.ca\/fr\/produit\/ligne-de-penetrant-compacte\/#primaryimage\"},\"image\":{\"@id\":\"https:\/\/www.qnde.ca\/fr\/produit\/ligne-de-penetrant-compacte\/#primaryimage\"},\"thumbnailUrl\":\"https:\/\/www.qnde.ca\/wp-content\/uploads\/2020\/11\/QNDE-WWC5-Transparent-background.png\",\"datePublished\":\"2020-11-18T20:29:22+00:00\",\"dateModified\":\"2023-03-23T18:50:29+00:00\",\"description\":\"Ligne de p\u00e9n\u00e9trant compacte de six stations, con\u00e7ue sur-mesure pour l'inspection de petit volume et petites pi\u00e8ces. Acier inoxydable 304.\",\"breadcrumb\":{\"@id\":\"https:\/\/www.qnde.ca\/fr\/produit\/ligne-de-penetrant-compacte\/#breadcrumb\"},\"inLanguage\":\"fr-FR\",\"potentialAction\":[{\"@type\":\"ReadAction\",\"target\":[\"https:\/\/www.qnde.ca\/fr\/produit\/ligne-de-penetrant-compacte\/\"]}]},{\"@type\":\"ImageObject\",\"inLanguage\":\"fr-FR\",\"@id\":\"https:\/\/www.qnde.ca\/fr\/produit\/ligne-de-penetrant-compacte\/#primaryimage\",\"url\":\"https:\/\/www.qnde.ca\/wp-content\/uploads\/2020\/11\/QNDE-WWC5-Transparent-background.png\",\"contentUrl\":\"https:\/\/www.qnde.ca\/wp-content\/uploads\/2020\/11\/QNDE-WWC5-Transparent-background.png\",\"width\":1024,\"height\":768},{\"@type\":\"BreadcrumbList\",\"@id\":\"https:\/\/www.qnde.ca\/fr\/produit\/ligne-de-penetrant-compacte\/#breadcrumb\",\"itemListElement\":[{\"@type\":\"ListItem\",\"position\":1,\"name\":\"Accueil\",\"item\":\"https:\/\/www.qnde.ca\/fr\/\"},{\"@type\":\"ListItem\",\"position\":2,\"name\":\"Produits\",\"item\":\"https:\/\/www.qnde.ca\/fr\/produits\/\"},{\"@type\":\"ListItem\",\"position\":3,\"name\":\"Ressuage\",\"item\":\"https:\/\/www.qnde.ca\/fr\/product-category\/ressuage\/\"},{\"@type\":\"ListItem\",\"position\":4,\"name\":\"Lignes de p\u00e9n\u00e9trants\",\"item\":\"https:\/\/www.qnde.ca\/fr\/product-category\/ressuage\/ligne-de-penetrants\/\"},{\"@type\":\"ListItem\",\"position\":5,\"name\":\"QNDE WWC-6 Ligne de P\u00e9n\u00e9trant Lavable \u00e0 l\u2019eau Compacte \u00e0 Six Stations\"}]},{\"@type\":\"WebSite\",\"@id\":\"https:\/\/www.qnde.ca\/#website\",\"url\":\"https:\/\/www.qnde.ca\/\",\"name\":\"Qualit\u00e9 NDE\",\"description\":\"\u00c9quipements d&#039;essais non destructifs \",\"publisher\":{\"@id\":\"https:\/\/www.qnde.ca\/#organization\"},\"potentialAction\":[{\"@type\":\"SearchAction\",\"target\":{\"@type\":\"EntryPoint\",\"urlTemplate\":\"https:\/\/www.qnde.ca\/?s={search_term_string}\"},\"query-input\":{\"@type\":\"PropertyValueSpecification\",\"valueRequired\":true,\"valueName\":\"search_term_string\"}}],\"inLanguage\":\"fr-FR\"},{\"@type\":\"Organization\",\"@id\":\"https:\/\/www.qnde.ca\/#organization\",\"name\":\"Quality NDT Ltd.\",\"url\":\"https:\/\/www.qnde.ca\/\",\"logo\":{\"@type\":\"ImageObject\",\"inLanguage\":\"fr-FR\",\"@id\":\"https:\/\/www.qnde.ca\/#\/schema\/logo\/image\/\",\"url\":\"https:\/\/www.qnde.ca\/wp-content\/uploads\/2022\/02\/QNDE_logo_RGB-gif.gif\",\"contentUrl\":\"https:\/\/www.qnde.ca\/wp-content\/uploads\/2022\/02\/QNDE_logo_RGB-gif.gif\",\"width\":250,\"height\":64,\"caption\":\"Quality NDT Ltd.\"},\"image\":{\"@id\":\"https:\/\/www.qnde.ca\/#\/schema\/logo\/image\/\"},\"sameAs\":[\"https:\/\/www.linkedin.com\/company\/qnde\/about\/?viewAsMember=true\"]}]}<\/script>\n<!-- \/ Yoast SEO plugin. -->","yoast_head_json":{"title":"QNDE WWC-6 Ligne de P\u00e9n\u00e9trant Lavable \u00e0 l\u2019eau Compacte \u00e0 Six Stations &#060; Qualit\u00e9 NDE","description":"Ligne de p\u00e9n\u00e9trant compacte de six stations, con\u00e7ue sur-mesure pour l'inspection de petit volume et petites pi\u00e8ces. Acier inoxydable 304.","robots":{"index":"index","follow":"follow","max-snippet":"max-snippet:-1","max-image-preview":"max-image-preview:large","max-video-preview":"max-video-preview:-1"},"canonical":"https:\/\/www.qnde.ca\/fr\/produit\/ligne-de-penetrant-compacte\/","twitter_misc":{"Dur\u00e9e de lecture estim\u00e9e":"1 minute"},"schema":{"@context":"https:\/\/schema.org","@graph":[{"@type":["WebPage","ItemPage"],"@id":"https:\/\/www.qnde.ca\/fr\/produit\/ligne-de-penetrant-compacte\/","url":"https:\/\/www.qnde.ca\/fr\/produit\/ligne-de-penetrant-compacte\/","name":"QNDE WWC-6 Ligne de P\u00e9n\u00e9trant Lavable \u00e0 l\u2019eau Compacte \u00e0 Six Stations &#060; Qualit\u00e9 NDE","isPartOf":{"@id":"https:\/\/www.qnde.ca\/#website"},"primaryImageOfPage":{"@id":"https:\/\/www.qnde.ca\/fr\/produit\/ligne-de-penetrant-compacte\/#primaryimage"},"image":{"@id":"https:\/\/www.qnde.ca\/fr\/produit\/ligne-de-penetrant-compacte\/#primaryimage"},"thumbnailUrl":"https:\/\/www.qnde.ca\/wp-content\/uploads\/2020\/11\/QNDE-WWC5-Transparent-background.png","datePublished":"2020-11-18T20:29:22+00:00","dateModified":"2023-03-23T18:50:29+00:00","description":"Ligne de p\u00e9n\u00e9trant compacte de six stations, con\u00e7ue sur-mesure pour l'inspection de petit volume et petites pi\u00e8ces. Acier inoxydable 304.","breadcrumb":{"@id":"https:\/\/www.qnde.ca\/fr\/produit\/ligne-de-penetrant-compacte\/#breadcrumb"},"inLanguage":"fr-FR","potentialAction":[{"@type":"ReadAction","target":["https:\/\/www.qnde.ca\/fr\/produit\/ligne-de-penetrant-compacte\/"]}]},{"@type":"ImageObject","inLanguage":"fr-FR","@id":"https:\/\/www.qnde.ca\/fr\/produit\/ligne-de-penetrant-compacte\/#primaryimage","url":"https:\/\/www.qnde.ca\/wp-content\/uploads\/2020\/11\/QNDE-WWC5-Transparent-background.png","contentUrl":"https:\/\/www.qnde.ca\/wp-content\/uploads\/2020\/11\/QNDE-WWC5-Transparent-background.png","width":1024,"height":768},{"@type":"BreadcrumbList","@id":"https:\/\/www.qnde.ca\/fr\/produit\/ligne-de-penetrant-compacte\/#breadcrumb","itemListElement":[{"@type":"ListItem","position":1,"name":"Accueil","item":"https:\/\/www.qnde.ca\/fr\/"},{"@type":"ListItem","position":2,"name":"Produits","item":"https:\/\/www.qnde.ca\/fr\/produits\/"},{"@type":"ListItem","position":3,"name":"Ressuage","item":"https:\/\/www.qnde.ca\/fr\/product-category\/ressuage\/"},{"@type":"ListItem","position":4,"name":"Lignes de p\u00e9n\u00e9trants","item":"https:\/\/www.qnde.ca\/fr\/product-category\/ressuage\/ligne-de-penetrants\/"},{"@type":"ListItem","position":5,"name":"QNDE WWC-6 Ligne de P\u00e9n\u00e9trant Lavable \u00e0 l\u2019eau Compacte \u00e0 Six Stations"}]},{"@type":"WebSite","@id":"https:\/\/www.qnde.ca\/#website","url":"https:\/\/www.qnde.ca\/","name":"Qualit\u00e9 NDE","description":"\u00c9quipements d&#039;essais non destructifs ","publisher":{"@id":"https:\/\/www.qnde.ca\/#organization"},"potentialAction":[{"@type":"SearchAction","target":{"@type":"EntryPoint","urlTemplate":"https:\/\/www.qnde.ca\/?s={search_term_string}"},"query-input":{"@type":"PropertyValueSpecification","valueRequired":true,"valueName":"search_term_string"}}],"inLanguage":"fr-FR"},{"@type":"Organization","@id":"https:\/\/www.qnde.ca\/#organization","name":"Quality NDT Ltd.","url":"https:\/\/www.qnde.ca\/","logo":{"@type":"ImageObject","inLanguage":"fr-FR","@id":"https:\/\/www.qnde.ca\/#\/schema\/logo\/image\/","url":"https:\/\/www.qnde.ca\/wp-content\/uploads\/2022\/02\/QNDE_logo_RGB-gif.gif","contentUrl":"https:\/\/www.qnde.ca\/wp-content\/uploads\/2022\/02\/QNDE_logo_RGB-gif.gif","width":250,"height":64,"caption":"Quality NDT Ltd."},"image":{"@id":"https:\/\/www.qnde.ca\/#\/schema\/logo\/image\/"},"sameAs":["https:\/\/www.linkedin.com\/company\/qnde\/about\/?viewAsMember=true"]}]}},"jetpack_sharing_enabled":true,"_links":{"self":[{"href":"https:\/\/www.qnde.ca\/fr\/wp-json\/wp\/v2\/product\/12698","targetHints":{"allow":["GET"]}}],"collection":[{"href":"https:\/\/www.qnde.ca\/fr\/wp-json\/wp\/v2\/product"}],"about":[{"href":"https:\/\/www.qnde.ca\/fr\/wp-json\/wp\/v2\/types\/product"}],"wp:featuredmedia":[{"embeddable":true,"href":"https:\/\/www.qnde.ca\/fr\/wp-json\/wp\/v2\/media\/22973"}],"wp:attachment":[{"href":"https:\/\/www.qnde.ca\/fr\/wp-json\/wp\/v2\/media?parent=12698"}],"wp:term":[{"taxonomy":"product_brand","embeddable":true,"href":"https:\/\/www.qnde.ca\/fr\/wp-json\/wp\/v2\/product_brand?post=12698"},{"taxonomy":"product_cat","embeddable":true,"href":"https:\/\/www.qnde.ca\/fr\/wp-json\/wp\/v2\/product_cat?post=12698"},{"taxonomy":"product_tag","embeddable":true,"href":"https:\/\/www.qnde.ca\/fr\/wp-json\/wp\/v2\/product_tag?post=12698"}],"curies":[{"name":"wp","href":"https:\/\/api.w.org\/{rel}","templated":true}]}}