{"id":12686,"date":"2020-11-18T14:22:12","date_gmt":"2020-11-18T19:22:12","guid":{"rendered":"https:\/\/www.qnde.ca\/?post_type=product&#038;p=12686"},"modified":"2023-03-23T14:42:59","modified_gmt":"2023-03-23T18:42:59","slug":"ndt-ligne-penetrant","status":"publish","type":"product","link":"https:\/\/www.qnde.ca\/fr\/produit\/ndt-ligne-penetrant\/","title":{"rendered":"QNDE PE-8 Ligne de P\u00e9n\u00e9trant Compacte Modulable &#8211; SUR MESURE"},"content":{"rendered":"<p><strong>QNDE PE-8,\u00a0<\/strong><strong>Ligne de P\u00e9n\u00e9trant Compacte Modulable &#8211; SUR MESURE<\/strong><\/p>\n<h4><\/h4>\n<p>Cette ligne de p\u00e9n\u00e9trant \u00e0 huit stations de Qualit\u00e9 NDE est fait en acier inoxydable pour des ann\u00e9es d\u2019utilisation sans ennui. Cette ligne peut \u00eatre con\u00e7ue sur mesure pour r\u00e9pondre \u00e0 vos besoins sp\u00e9cifiques.<\/p>\n<p>La ligne de p\u00e9n\u00e9trant \u00e0 huit stations <strong>standard <\/strong>est con\u00e7ue pour l&rsquo;inspection de lots et petits volumes de pi\u00e8ces de petite ou moyenne taille, avec un hauteur de travail \u00e0 38&Prime;.<\/p>\n<p>&nbsp;<\/p>\n<p>Quelques\u00a0<strong>options\u00a0<\/strong>pour la QNDE PE-8 inclus le r\u00e9gulateur thermostatique avec thermom\u00e8tre, r\u00e9gulateur de pression avec manom\u00e8tre, un kit de mise \u00e0 niveau pour r\u00e9v\u00e9lateur en nuage inject\u00e9, et une lampe portable REL Magnum GO LED UV et blanche (UV3000) avec support articul\u00e9 pour lampe UV portative.<\/p>\n<p>&nbsp;<\/p>\n<p>Pour plus de d\u00e9tails sur les options offerts, veuillez consulter notre catalogue.<\/p>\n<p>Pour commander votre propre QNDE PE-8, remplissez notre fiche produit ou communicez avec notre sp\u00e9cialiste.<\/p>\n","protected":false},"excerpt":{"rendered":"<p>QNDE PE-8,\u00a0Ligne de P\u00e9n\u00e9trant Compacte Modulable &#8211; SUR MESURE Cette ligne de p\u00e9n\u00e9trant \u00e0 huit stations de Qualit\u00e9 NDE est fait en acier inoxydable pour des ann\u00e9es d\u2019utilisation sans ennui. Cette ligne peut \u00eatre con\u00e7ue sur mesure pour r\u00e9pondre \u00e0 vos besoins sp\u00e9cifiques. La ligne de p\u00e9n\u00e9trant \u00e0 huit stations standard est con\u00e7ue pour l&rsquo;inspection [&hellip;]<\/p>\n","protected":false},"featured_media":22998,"template":"","meta":{"_monsterinsights_skip_tracking":false,"_monsterinsights_sitenote_active":false,"_monsterinsights_sitenote_note":"","_monsterinsights_sitenote_category":0},"product_brand":[],"product_cat":[392,129,118,361,122],"product_tag":[],"class_list":{"0":"post-12686","1":"product","2":"type-product","3":"status-publish","4":"has-post-thumbnail","6":"product_cat-qnde-fr","7":"product_cat-magnetoscopie","8":"product_cat-ressuage","9":"product_cat-ligne-de-penetrants","10":"product_cat-equipements-ressuage","12":"first","13":"instock","14":"shipping-taxable","15":"purchasable","16":"product-type-simple"},"yoast_head":"<!-- This site is optimized with the Yoast SEO plugin v23.9 - https:\/\/yoast.com\/wordpress\/plugins\/seo\/ -->\n<title>QNDE PE-8 Ligne de P\u00e9n\u00e9trant Compacte Modulable - SUR MESURE &#060; Qualit\u00e9 NDE<\/title>\n<meta name=\"description\" content=\"ligne de p\u00e9n\u00e9trant compacte modulable de Qualit\u00e9 NDE de huit stations con\u00e7ue pour l&#039;inspection de lots a petits volumes de pi\u00e8ces.\" \/>\n<meta name=\"robots\" content=\"index, follow, max-snippet:-1, max-image-preview:large, max-video-preview:-1\" \/>\n<link rel=\"canonical\" href=\"https:\/\/www.qnde.ca\/fr\/produit\/ndt-ligne-penetrant\/\" \/>\n<meta name=\"twitter:label1\" content=\"Dur\u00e9e de lecture estim\u00e9e\" \/>\n\t<meta name=\"twitter:data1\" content=\"1 minute\" \/>\n<script type=\"application\/ld+json\" class=\"yoast-schema-graph\">{\"@context\":\"https:\/\/schema.org\",\"@graph\":[{\"@type\":[\"WebPage\",\"ItemPage\"],\"@id\":\"https:\/\/www.qnde.ca\/fr\/produit\/ndt-ligne-penetrant\/\",\"url\":\"https:\/\/www.qnde.ca\/fr\/produit\/ndt-ligne-penetrant\/\",\"name\":\"QNDE PE-8 Ligne de P\u00e9n\u00e9trant Compacte Modulable - SUR MESURE &#060; Qualit\u00e9 NDE\",\"isPartOf\":{\"@id\":\"https:\/\/www.qnde.ca\/#website\"},\"primaryImageOfPage\":{\"@id\":\"https:\/\/www.qnde.ca\/fr\/produit\/ndt-ligne-penetrant\/#primaryimage\"},\"image\":{\"@id\":\"https:\/\/www.qnde.ca\/fr\/produit\/ndt-ligne-penetrant\/#primaryimage\"},\"thumbnailUrl\":\"https:\/\/www.qnde.ca\/wp-content\/uploads\/2020\/11\/QNDE-WW5-IMG_0630-2.png\",\"datePublished\":\"2020-11-18T19:22:12+00:00\",\"dateModified\":\"2023-03-23T18:42:59+00:00\",\"description\":\"ligne de p\u00e9n\u00e9trant compacte modulable de Qualit\u00e9 NDE de huit stations con\u00e7ue pour l'inspection de lots a petits volumes de pi\u00e8ces.\",\"breadcrumb\":{\"@id\":\"https:\/\/www.qnde.ca\/fr\/produit\/ndt-ligne-penetrant\/#breadcrumb\"},\"inLanguage\":\"fr-FR\",\"potentialAction\":[{\"@type\":\"ReadAction\",\"target\":[\"https:\/\/www.qnde.ca\/fr\/produit\/ndt-ligne-penetrant\/\"]}]},{\"@type\":\"ImageObject\",\"inLanguage\":\"fr-FR\",\"@id\":\"https:\/\/www.qnde.ca\/fr\/produit\/ndt-ligne-penetrant\/#primaryimage\",\"url\":\"https:\/\/www.qnde.ca\/wp-content\/uploads\/2020\/11\/QNDE-WW5-IMG_0630-2.png\",\"contentUrl\":\"https:\/\/www.qnde.ca\/wp-content\/uploads\/2020\/11\/QNDE-WW5-IMG_0630-2.png\",\"width\":640,\"height\":480},{\"@type\":\"BreadcrumbList\",\"@id\":\"https:\/\/www.qnde.ca\/fr\/produit\/ndt-ligne-penetrant\/#breadcrumb\",\"itemListElement\":[{\"@type\":\"ListItem\",\"position\":1,\"name\":\"Accueil\",\"item\":\"https:\/\/www.qnde.ca\/fr\/\"},{\"@type\":\"ListItem\",\"position\":2,\"name\":\"Produits\",\"item\":\"https:\/\/www.qnde.ca\/fr\/produits\/\"},{\"@type\":\"ListItem\",\"position\":3,\"name\":\"Ressuage\",\"item\":\"https:\/\/www.qnde.ca\/fr\/product-category\/ressuage\/\"},{\"@type\":\"ListItem\",\"position\":4,\"name\":\"Lignes de p\u00e9n\u00e9trants\",\"item\":\"https:\/\/www.qnde.ca\/fr\/product-category\/ressuage\/ligne-de-penetrants\/\"},{\"@type\":\"ListItem\",\"position\":5,\"name\":\"QNDE PE-8 Ligne de P\u00e9n\u00e9trant Compacte Modulable &#8211; SUR MESURE\"}]},{\"@type\":\"WebSite\",\"@id\":\"https:\/\/www.qnde.ca\/#website\",\"url\":\"https:\/\/www.qnde.ca\/\",\"name\":\"Qualit\u00e9 NDE\",\"description\":\"\u00c9quipements d&#039;essais non destructifs \",\"publisher\":{\"@id\":\"https:\/\/www.qnde.ca\/#organization\"},\"potentialAction\":[{\"@type\":\"SearchAction\",\"target\":{\"@type\":\"EntryPoint\",\"urlTemplate\":\"https:\/\/www.qnde.ca\/?s={search_term_string}\"},\"query-input\":{\"@type\":\"PropertyValueSpecification\",\"valueRequired\":true,\"valueName\":\"search_term_string\"}}],\"inLanguage\":\"fr-FR\"},{\"@type\":\"Organization\",\"@id\":\"https:\/\/www.qnde.ca\/#organization\",\"name\":\"Quality NDT Ltd.\",\"url\":\"https:\/\/www.qnde.ca\/\",\"logo\":{\"@type\":\"ImageObject\",\"inLanguage\":\"fr-FR\",\"@id\":\"https:\/\/www.qnde.ca\/#\/schema\/logo\/image\/\",\"url\":\"https:\/\/www.qnde.ca\/wp-content\/uploads\/2022\/02\/QNDE_logo_RGB-gif.gif\",\"contentUrl\":\"https:\/\/www.qnde.ca\/wp-content\/uploads\/2022\/02\/QNDE_logo_RGB-gif.gif\",\"width\":250,\"height\":64,\"caption\":\"Quality NDT Ltd.\"},\"image\":{\"@id\":\"https:\/\/www.qnde.ca\/#\/schema\/logo\/image\/\"},\"sameAs\":[\"https:\/\/www.linkedin.com\/company\/qnde\/about\/?viewAsMember=true\"]}]}<\/script>\n<!-- \/ Yoast SEO plugin. -->","yoast_head_json":{"title":"QNDE PE-8 Ligne de P\u00e9n\u00e9trant Compacte Modulable - SUR MESURE &#060; Qualit\u00e9 NDE","description":"ligne de p\u00e9n\u00e9trant compacte modulable de Qualit\u00e9 NDE de huit stations con\u00e7ue pour l'inspection de lots a petits volumes de pi\u00e8ces.","robots":{"index":"index","follow":"follow","max-snippet":"max-snippet:-1","max-image-preview":"max-image-preview:large","max-video-preview":"max-video-preview:-1"},"canonical":"https:\/\/www.qnde.ca\/fr\/produit\/ndt-ligne-penetrant\/","twitter_misc":{"Dur\u00e9e de lecture estim\u00e9e":"1 minute"},"schema":{"@context":"https:\/\/schema.org","@graph":[{"@type":["WebPage","ItemPage"],"@id":"https:\/\/www.qnde.ca\/fr\/produit\/ndt-ligne-penetrant\/","url":"https:\/\/www.qnde.ca\/fr\/produit\/ndt-ligne-penetrant\/","name":"QNDE PE-8 Ligne de P\u00e9n\u00e9trant Compacte Modulable - SUR MESURE &#060; Qualit\u00e9 NDE","isPartOf":{"@id":"https:\/\/www.qnde.ca\/#website"},"primaryImageOfPage":{"@id":"https:\/\/www.qnde.ca\/fr\/produit\/ndt-ligne-penetrant\/#primaryimage"},"image":{"@id":"https:\/\/www.qnde.ca\/fr\/produit\/ndt-ligne-penetrant\/#primaryimage"},"thumbnailUrl":"https:\/\/www.qnde.ca\/wp-content\/uploads\/2020\/11\/QNDE-WW5-IMG_0630-2.png","datePublished":"2020-11-18T19:22:12+00:00","dateModified":"2023-03-23T18:42:59+00:00","description":"ligne de p\u00e9n\u00e9trant compacte modulable de Qualit\u00e9 NDE de huit stations con\u00e7ue pour l'inspection de lots a petits volumes de pi\u00e8ces.","breadcrumb":{"@id":"https:\/\/www.qnde.ca\/fr\/produit\/ndt-ligne-penetrant\/#breadcrumb"},"inLanguage":"fr-FR","potentialAction":[{"@type":"ReadAction","target":["https:\/\/www.qnde.ca\/fr\/produit\/ndt-ligne-penetrant\/"]}]},{"@type":"ImageObject","inLanguage":"fr-FR","@id":"https:\/\/www.qnde.ca\/fr\/produit\/ndt-ligne-penetrant\/#primaryimage","url":"https:\/\/www.qnde.ca\/wp-content\/uploads\/2020\/11\/QNDE-WW5-IMG_0630-2.png","contentUrl":"https:\/\/www.qnde.ca\/wp-content\/uploads\/2020\/11\/QNDE-WW5-IMG_0630-2.png","width":640,"height":480},{"@type":"BreadcrumbList","@id":"https:\/\/www.qnde.ca\/fr\/produit\/ndt-ligne-penetrant\/#breadcrumb","itemListElement":[{"@type":"ListItem","position":1,"name":"Accueil","item":"https:\/\/www.qnde.ca\/fr\/"},{"@type":"ListItem","position":2,"name":"Produits","item":"https:\/\/www.qnde.ca\/fr\/produits\/"},{"@type":"ListItem","position":3,"name":"Ressuage","item":"https:\/\/www.qnde.ca\/fr\/product-category\/ressuage\/"},{"@type":"ListItem","position":4,"name":"Lignes de p\u00e9n\u00e9trants","item":"https:\/\/www.qnde.ca\/fr\/product-category\/ressuage\/ligne-de-penetrants\/"},{"@type":"ListItem","position":5,"name":"QNDE PE-8 Ligne de P\u00e9n\u00e9trant Compacte Modulable &#8211; SUR MESURE"}]},{"@type":"WebSite","@id":"https:\/\/www.qnde.ca\/#website","url":"https:\/\/www.qnde.ca\/","name":"Qualit\u00e9 NDE","description":"\u00c9quipements d&#039;essais non destructifs ","publisher":{"@id":"https:\/\/www.qnde.ca\/#organization"},"potentialAction":[{"@type":"SearchAction","target":{"@type":"EntryPoint","urlTemplate":"https:\/\/www.qnde.ca\/?s={search_term_string}"},"query-input":{"@type":"PropertyValueSpecification","valueRequired":true,"valueName":"search_term_string"}}],"inLanguage":"fr-FR"},{"@type":"Organization","@id":"https:\/\/www.qnde.ca\/#organization","name":"Quality NDT Ltd.","url":"https:\/\/www.qnde.ca\/","logo":{"@type":"ImageObject","inLanguage":"fr-FR","@id":"https:\/\/www.qnde.ca\/#\/schema\/logo\/image\/","url":"https:\/\/www.qnde.ca\/wp-content\/uploads\/2022\/02\/QNDE_logo_RGB-gif.gif","contentUrl":"https:\/\/www.qnde.ca\/wp-content\/uploads\/2022\/02\/QNDE_logo_RGB-gif.gif","width":250,"height":64,"caption":"Quality NDT Ltd."},"image":{"@id":"https:\/\/www.qnde.ca\/#\/schema\/logo\/image\/"},"sameAs":["https:\/\/www.linkedin.com\/company\/qnde\/about\/?viewAsMember=true"]}]}},"jetpack_sharing_enabled":true,"_links":{"self":[{"href":"https:\/\/www.qnde.ca\/fr\/wp-json\/wp\/v2\/product\/12686","targetHints":{"allow":["GET"]}}],"collection":[{"href":"https:\/\/www.qnde.ca\/fr\/wp-json\/wp\/v2\/product"}],"about":[{"href":"https:\/\/www.qnde.ca\/fr\/wp-json\/wp\/v2\/types\/product"}],"wp:featuredmedia":[{"embeddable":true,"href":"https:\/\/www.qnde.ca\/fr\/wp-json\/wp\/v2\/media\/22998"}],"wp:attachment":[{"href":"https:\/\/www.qnde.ca\/fr\/wp-json\/wp\/v2\/media?parent=12686"}],"wp:term":[{"taxonomy":"product_brand","embeddable":true,"href":"https:\/\/www.qnde.ca\/fr\/wp-json\/wp\/v2\/product_brand?post=12686"},{"taxonomy":"product_cat","embeddable":true,"href":"https:\/\/www.qnde.ca\/fr\/wp-json\/wp\/v2\/product_cat?post=12686"},{"taxonomy":"product_tag","embeddable":true,"href":"https:\/\/www.qnde.ca\/fr\/wp-json\/wp\/v2\/product_tag?post=12686"}],"curies":[{"name":"wp","href":"https:\/\/api.w.org\/{rel}","templated":true}]}}