{"id":12545,"date":"2020-11-12T20:21:11","date_gmt":"2020-11-12T20:21:11","guid":{"rendered":"https:\/\/www.qnde.ca\/?post_type=product&#038;p=12545"},"modified":"2025-08-14T09:33:26","modified_gmt":"2025-08-14T13:33:26","slug":"graco-optiflex-pro-pistolet-electrostatique-pour-revelateur","status":"publish","type":"product","link":"https:\/\/www.qnde.ca\/fr\/produit\/graco-optiflex-pro-pistolet-electrostatique-pour-revelateur\/","title":{"rendered":"Graco OptiFlex Pro, Pistolet \u00c9lectrostatique pour R\u00e9v\u00e9lateur"},"content":{"rendered":"<h3>Graco OptiFlex Pro, Pistolet \u00c9lectrostatique pour R\u00e9v\u00e9lateur<\/h3>\n<p>Le pistolet pulv\u00e9risateur \u00e9lectrostatique Graco\/Gema OptiFlex F est con\u00e7u pour l\u2019application de r\u00e9v\u00e9lateur sec.<\/p>\n<ul>\n<li>Graco OptiFlex Pro F: Syst\u00e8me de pulv\u00e9risation \u00e9lectrostatique de r\u00e9v\u00e9lateur avec r\u00e9servoir de 50L (13.2gal).<\/li>\n<\/ul>\n<p>Contactez-nous pour discuter de votre application, de l&rsquo;espace disponible, du nombre et type de pi\u00e8ces, du niveau d&rsquo;inspection et autres \u00e9l\u00e9ments.<\/p>\n","protected":false},"excerpt":{"rendered":"<p>Graco OptiFlex Pro, Pistolet \u00c9lectrostatique pour R\u00e9v\u00e9lateur Le pistolet pulv\u00e9risateur \u00e9lectrostatique Graco\/Gema OptiFlex F est con\u00e7u pour l\u2019application de r\u00e9v\u00e9lateur sec. Graco OptiFlex Pro F: Syst\u00e8me de pulv\u00e9risation \u00e9lectrostatique de r\u00e9v\u00e9lateur avec r\u00e9servoir de 50L (13.2gal). Contactez-nous pour discuter de votre application, de l&rsquo;espace disponible, du nombre et type de pi\u00e8ces, du niveau d&rsquo;inspection et [&hellip;]<\/p>\n","protected":false},"featured_media":12555,"template":"","meta":{"_monsterinsights_skip_tracking":false,"_monsterinsights_sitenote_active":false,"_monsterinsights_sitenote_note":"","_monsterinsights_sitenote_category":0},"product_brand":[],"product_cat":[402,123],"product_tag":[],"class_list":{"0":"post-12545","1":"product","2":"type-product","3":"status-publish","4":"has-post-thumbnail","6":"product_cat-autres-marques","7":"product_cat-accessoires-ressuage","9":"first","10":"instock","11":"shipping-taxable","12":"purchasable","13":"product-type-simple"},"yoast_head":"<!-- This site is optimized with the Yoast SEO plugin v23.9 - https:\/\/yoast.com\/wordpress\/plugins\/seo\/ -->\n<title>Graco OptiFlex Pro, Pistolet \u00c9lectrostatique pour R\u00e9v\u00e9lateur &#060; Qualit\u00e9 NDE<\/title>\n<meta name=\"description\" content=\"Graco\/Gema Optiflex Pro , pistolet pulv\u00e9risateur \u00e9lectrostatiwue con\u00e7u pour l&#039;application de r\u00e9v\u00e9lateur sec.R\u00e9servoir de 50L\" \/>\n<meta name=\"robots\" content=\"index, follow, max-snippet:-1, max-image-preview:large, max-video-preview:-1\" \/>\n<link rel=\"canonical\" href=\"https:\/\/www.qnde.ca\/fr\/produit\/graco-optiflex-pro-pistolet-electrostatique-pour-revelateur\/\" \/>\n<meta name=\"twitter:label1\" content=\"Dur\u00e9e de lecture estim\u00e9e\" \/>\n\t<meta name=\"twitter:data1\" content=\"1 minute\" \/>\n<script type=\"application\/ld+json\" class=\"yoast-schema-graph\">{\"@context\":\"https:\/\/schema.org\",\"@graph\":[{\"@type\":[\"WebPage\",\"ItemPage\"],\"@id\":\"https:\/\/www.qnde.ca\/fr\/produit\/graco-optiflex-pro-pistolet-electrostatique-pour-revelateur\/\",\"url\":\"https:\/\/www.qnde.ca\/fr\/produit\/graco-optiflex-pro-pistolet-electrostatique-pour-revelateur\/\",\"name\":\"Graco OptiFlex Pro, Pistolet \u00c9lectrostatique pour R\u00e9v\u00e9lateur &#060; Qualit\u00e9 NDE\",\"isPartOf\":{\"@id\":\"https:\/\/www.qnde.ca\/#website\"},\"primaryImageOfPage\":{\"@id\":\"https:\/\/www.qnde.ca\/fr\/produit\/graco-optiflex-pro-pistolet-electrostatique-pour-revelateur\/#primaryimage\"},\"image\":{\"@id\":\"https:\/\/www.qnde.ca\/fr\/produit\/graco-optiflex-pro-pistolet-electrostatique-pour-revelateur\/#primaryimage\"},\"thumbnailUrl\":\"https:\/\/www.qnde.ca\/wp-content\/uploads\/2020\/11\/OptiSelect-gun-1-e1605213746611.png\",\"datePublished\":\"2020-11-12T20:21:11+00:00\",\"dateModified\":\"2025-08-14T13:33:26+00:00\",\"description\":\"Graco\/Gema Optiflex Pro , pistolet pulv\u00e9risateur \u00e9lectrostatiwue con\u00e7u pour l'application de r\u00e9v\u00e9lateur sec.R\u00e9servoir de 50L\",\"breadcrumb\":{\"@id\":\"https:\/\/www.qnde.ca\/fr\/produit\/graco-optiflex-pro-pistolet-electrostatique-pour-revelateur\/#breadcrumb\"},\"inLanguage\":\"fr-FR\",\"potentialAction\":[{\"@type\":\"ReadAction\",\"target\":[\"https:\/\/www.qnde.ca\/fr\/produit\/graco-optiflex-pro-pistolet-electrostatique-pour-revelateur\/\"]}]},{\"@type\":\"ImageObject\",\"inLanguage\":\"fr-FR\",\"@id\":\"https:\/\/www.qnde.ca\/fr\/produit\/graco-optiflex-pro-pistolet-electrostatique-pour-revelateur\/#primaryimage\",\"url\":\"https:\/\/www.qnde.ca\/wp-content\/uploads\/2020\/11\/OptiSelect-gun-1-e1605213746611.png\",\"contentUrl\":\"https:\/\/www.qnde.ca\/wp-content\/uploads\/2020\/11\/OptiSelect-gun-1-e1605213746611.png\",\"width\":569,\"height\":560},{\"@type\":\"BreadcrumbList\",\"@id\":\"https:\/\/www.qnde.ca\/fr\/produit\/graco-optiflex-pro-pistolet-electrostatique-pour-revelateur\/#breadcrumb\",\"itemListElement\":[{\"@type\":\"ListItem\",\"position\":1,\"name\":\"Accueil\",\"item\":\"https:\/\/www.qnde.ca\/fr\/\"},{\"@type\":\"ListItem\",\"position\":2,\"name\":\"Produits\",\"item\":\"https:\/\/www.qnde.ca\/fr\/produits\/\"},{\"@type\":\"ListItem\",\"position\":3,\"name\":\"Ressuage\",\"item\":\"https:\/\/www.qnde.ca\/fr\/product-category\/ressuage\/\"},{\"@type\":\"ListItem\",\"position\":4,\"name\":\"Accessoires\",\"item\":\"https:\/\/www.qnde.ca\/fr\/product-category\/ressuage\/accessoires-ressuage\/\"},{\"@type\":\"ListItem\",\"position\":5,\"name\":\"Graco OptiFlex Pro, Pistolet \u00c9lectrostatique pour R\u00e9v\u00e9lateur\"}]},{\"@type\":\"WebSite\",\"@id\":\"https:\/\/www.qnde.ca\/#website\",\"url\":\"https:\/\/www.qnde.ca\/\",\"name\":\"Qualit\u00e9 NDE\",\"description\":\"\u00c9quipements d&#039;essais non destructifs \",\"publisher\":{\"@id\":\"https:\/\/www.qnde.ca\/#organization\"},\"potentialAction\":[{\"@type\":\"SearchAction\",\"target\":{\"@type\":\"EntryPoint\",\"urlTemplate\":\"https:\/\/www.qnde.ca\/?s={search_term_string}\"},\"query-input\":{\"@type\":\"PropertyValueSpecification\",\"valueRequired\":true,\"valueName\":\"search_term_string\"}}],\"inLanguage\":\"fr-FR\"},{\"@type\":\"Organization\",\"@id\":\"https:\/\/www.qnde.ca\/#organization\",\"name\":\"Quality NDT Ltd.\",\"url\":\"https:\/\/www.qnde.ca\/\",\"logo\":{\"@type\":\"ImageObject\",\"inLanguage\":\"fr-FR\",\"@id\":\"https:\/\/www.qnde.ca\/#\/schema\/logo\/image\/\",\"url\":\"https:\/\/www.qnde.ca\/wp-content\/uploads\/2022\/02\/QNDE_logo_RGB-gif.gif\",\"contentUrl\":\"https:\/\/www.qnde.ca\/wp-content\/uploads\/2022\/02\/QNDE_logo_RGB-gif.gif\",\"width\":250,\"height\":64,\"caption\":\"Quality NDT Ltd.\"},\"image\":{\"@id\":\"https:\/\/www.qnde.ca\/#\/schema\/logo\/image\/\"},\"sameAs\":[\"https:\/\/www.linkedin.com\/company\/qnde\/about\/?viewAsMember=true\"]}]}<\/script>\n<!-- \/ Yoast SEO plugin. -->","yoast_head_json":{"title":"Graco OptiFlex Pro, Pistolet \u00c9lectrostatique pour R\u00e9v\u00e9lateur &#060; Qualit\u00e9 NDE","description":"Graco\/Gema Optiflex Pro , pistolet pulv\u00e9risateur \u00e9lectrostatiwue con\u00e7u pour l'application de r\u00e9v\u00e9lateur sec.R\u00e9servoir de 50L","robots":{"index":"index","follow":"follow","max-snippet":"max-snippet:-1","max-image-preview":"max-image-preview:large","max-video-preview":"max-video-preview:-1"},"canonical":"https:\/\/www.qnde.ca\/fr\/produit\/graco-optiflex-pro-pistolet-electrostatique-pour-revelateur\/","twitter_misc":{"Dur\u00e9e de lecture estim\u00e9e":"1 minute"},"schema":{"@context":"https:\/\/schema.org","@graph":[{"@type":["WebPage","ItemPage"],"@id":"https:\/\/www.qnde.ca\/fr\/produit\/graco-optiflex-pro-pistolet-electrostatique-pour-revelateur\/","url":"https:\/\/www.qnde.ca\/fr\/produit\/graco-optiflex-pro-pistolet-electrostatique-pour-revelateur\/","name":"Graco OptiFlex Pro, Pistolet \u00c9lectrostatique pour R\u00e9v\u00e9lateur &#060; Qualit\u00e9 NDE","isPartOf":{"@id":"https:\/\/www.qnde.ca\/#website"},"primaryImageOfPage":{"@id":"https:\/\/www.qnde.ca\/fr\/produit\/graco-optiflex-pro-pistolet-electrostatique-pour-revelateur\/#primaryimage"},"image":{"@id":"https:\/\/www.qnde.ca\/fr\/produit\/graco-optiflex-pro-pistolet-electrostatique-pour-revelateur\/#primaryimage"},"thumbnailUrl":"https:\/\/www.qnde.ca\/wp-content\/uploads\/2020\/11\/OptiSelect-gun-1-e1605213746611.png","datePublished":"2020-11-12T20:21:11+00:00","dateModified":"2025-08-14T13:33:26+00:00","description":"Graco\/Gema Optiflex Pro , pistolet pulv\u00e9risateur \u00e9lectrostatiwue con\u00e7u pour l'application de r\u00e9v\u00e9lateur sec.R\u00e9servoir de 50L","breadcrumb":{"@id":"https:\/\/www.qnde.ca\/fr\/produit\/graco-optiflex-pro-pistolet-electrostatique-pour-revelateur\/#breadcrumb"},"inLanguage":"fr-FR","potentialAction":[{"@type":"ReadAction","target":["https:\/\/www.qnde.ca\/fr\/produit\/graco-optiflex-pro-pistolet-electrostatique-pour-revelateur\/"]}]},{"@type":"ImageObject","inLanguage":"fr-FR","@id":"https:\/\/www.qnde.ca\/fr\/produit\/graco-optiflex-pro-pistolet-electrostatique-pour-revelateur\/#primaryimage","url":"https:\/\/www.qnde.ca\/wp-content\/uploads\/2020\/11\/OptiSelect-gun-1-e1605213746611.png","contentUrl":"https:\/\/www.qnde.ca\/wp-content\/uploads\/2020\/11\/OptiSelect-gun-1-e1605213746611.png","width":569,"height":560},{"@type":"BreadcrumbList","@id":"https:\/\/www.qnde.ca\/fr\/produit\/graco-optiflex-pro-pistolet-electrostatique-pour-revelateur\/#breadcrumb","itemListElement":[{"@type":"ListItem","position":1,"name":"Accueil","item":"https:\/\/www.qnde.ca\/fr\/"},{"@type":"ListItem","position":2,"name":"Produits","item":"https:\/\/www.qnde.ca\/fr\/produits\/"},{"@type":"ListItem","position":3,"name":"Ressuage","item":"https:\/\/www.qnde.ca\/fr\/product-category\/ressuage\/"},{"@type":"ListItem","position":4,"name":"Accessoires","item":"https:\/\/www.qnde.ca\/fr\/product-category\/ressuage\/accessoires-ressuage\/"},{"@type":"ListItem","position":5,"name":"Graco OptiFlex Pro, Pistolet \u00c9lectrostatique pour R\u00e9v\u00e9lateur"}]},{"@type":"WebSite","@id":"https:\/\/www.qnde.ca\/#website","url":"https:\/\/www.qnde.ca\/","name":"Qualit\u00e9 NDE","description":"\u00c9quipements d&#039;essais non destructifs ","publisher":{"@id":"https:\/\/www.qnde.ca\/#organization"},"potentialAction":[{"@type":"SearchAction","target":{"@type":"EntryPoint","urlTemplate":"https:\/\/www.qnde.ca\/?s={search_term_string}"},"query-input":{"@type":"PropertyValueSpecification","valueRequired":true,"valueName":"search_term_string"}}],"inLanguage":"fr-FR"},{"@type":"Organization","@id":"https:\/\/www.qnde.ca\/#organization","name":"Quality NDT Ltd.","url":"https:\/\/www.qnde.ca\/","logo":{"@type":"ImageObject","inLanguage":"fr-FR","@id":"https:\/\/www.qnde.ca\/#\/schema\/logo\/image\/","url":"https:\/\/www.qnde.ca\/wp-content\/uploads\/2022\/02\/QNDE_logo_RGB-gif.gif","contentUrl":"https:\/\/www.qnde.ca\/wp-content\/uploads\/2022\/02\/QNDE_logo_RGB-gif.gif","width":250,"height":64,"caption":"Quality NDT Ltd."},"image":{"@id":"https:\/\/www.qnde.ca\/#\/schema\/logo\/image\/"},"sameAs":["https:\/\/www.linkedin.com\/company\/qnde\/about\/?viewAsMember=true"]}]}},"jetpack_sharing_enabled":true,"_links":{"self":[{"href":"https:\/\/www.qnde.ca\/fr\/wp-json\/wp\/v2\/product\/12545","targetHints":{"allow":["GET"]}}],"collection":[{"href":"https:\/\/www.qnde.ca\/fr\/wp-json\/wp\/v2\/product"}],"about":[{"href":"https:\/\/www.qnde.ca\/fr\/wp-json\/wp\/v2\/types\/product"}],"wp:featuredmedia":[{"embeddable":true,"href":"https:\/\/www.qnde.ca\/fr\/wp-json\/wp\/v2\/media\/12555"}],"wp:attachment":[{"href":"https:\/\/www.qnde.ca\/fr\/wp-json\/wp\/v2\/media?parent=12545"}],"wp:term":[{"taxonomy":"product_brand","embeddable":true,"href":"https:\/\/www.qnde.ca\/fr\/wp-json\/wp\/v2\/product_brand?post=12545"},{"taxonomy":"product_cat","embeddable":true,"href":"https:\/\/www.qnde.ca\/fr\/wp-json\/wp\/v2\/product_cat?post=12545"},{"taxonomy":"product_tag","embeddable":true,"href":"https:\/\/www.qnde.ca\/fr\/wp-json\/wp\/v2\/product_tag?post=12545"}],"curies":[{"name":"wp","href":"https:\/\/api.w.org\/{rel}","templated":true}]}}