{"id":12525,"date":"2020-11-05T14:00:46","date_gmt":"2020-11-05T14:00:46","guid":{"rendered":"https:\/\/www.qnde.ca\/?post_type=product&#038;p=12525"},"modified":"2025-08-14T11:05:41","modified_gmt":"2025-08-14T15:05:41","slug":"ardrox-nq1-developpeur-de-solvants","status":"publish","type":"product","link":"https:\/\/www.qnde.ca\/fr\/produit\/ardrox-nq1-developpeur-de-solvants\/","title":{"rendered":"Ardrox NQ1 D\u00e9veloppeur de Solvants"},"content":{"rendered":"<h3><strong>Ardrox NQ1 D\u00e9veloppeur de Solvants<\/strong><\/h3>\n<p>Particules blanches en suspension dans un solvant \u00e0 s\u00e9chage rapide. Il produit une couche de fond blanche pour le p\u00e9n\u00e9trant visible ou fluorescent.<\/p>\n<ul>\n<li>NQ1-4: NQ1, 16oz (473ml) canettes a\u00e9rosols (caisse de 12).<\/li>\n<li>NQ1-1: NQ1, 5gal (19L) chaudi\u00e8re.<\/li>\n<\/ul>\n","protected":false},"excerpt":{"rendered":"<p>Ardrox NQ1 D\u00e9veloppeur de Solvants Particules blanches en suspension dans un solvant \u00e0 s\u00e9chage rapide. Il produit une couche de fond blanche pour le p\u00e9n\u00e9trant visible ou fluorescent. NQ1-4: NQ1, 16oz (473ml) canettes a\u00e9rosols (caisse de 12). NQ1-1: NQ1, 5gal (19L) chaudi\u00e8re.<\/p>\n","protected":false},"featured_media":31950,"template":"","meta":{"_monsterinsights_skip_tracking":false,"_monsterinsights_sitenote_active":false,"_monsterinsights_sitenote_note":"","_monsterinsights_sitenote_category":0},"product_brand":[],"product_cat":[396,120,119],"product_tag":[],"class_list":{"0":"post-12525","1":"product","2":"type-product","3":"status-publish","4":"has-post-thumbnail","6":"product_cat-ardrox-fr","7":"product_cat-penetrants-fluorescents","8":"product_cat-penetrants-visibles","10":"first","11":"instock","12":"shipping-taxable","13":"purchasable","14":"product-type-variable"},"yoast_head":"<!-- This site is optimized with the Yoast SEO plugin v23.9 - https:\/\/yoast.com\/wordpress\/plugins\/seo\/ -->\n<title>Ardrox NQ1 D\u00e9veloppeur de Solvants &#060; Qualit\u00e9 NDE<\/title>\n<meta name=\"description\" content=\"Ardrox NQ1 d\u00e9veloppeur de solvants.Il produit une couche de fond blanche pour le p\u00e9n\u00e9trant visible ou fluorescent. Cannettes a\u00e9rosols ou chaudi\u00e8re.\" \/>\n<meta name=\"robots\" content=\"index, follow, max-snippet:-1, max-image-preview:large, max-video-preview:-1\" \/>\n<link rel=\"canonical\" href=\"https:\/\/www.qnde.ca\/fr\/produit\/ardrox-nq1-developpeur-de-solvants\/\" \/>\n<meta name=\"twitter:label1\" content=\"Dur\u00e9e de lecture estim\u00e9e\" \/>\n\t<meta name=\"twitter:data1\" content=\"1 minute\" \/>\n<script type=\"application\/ld+json\" class=\"yoast-schema-graph\">{\"@context\":\"https:\/\/schema.org\",\"@graph\":[{\"@type\":[\"WebPage\",\"ItemPage\"],\"@id\":\"https:\/\/www.qnde.ca\/fr\/produit\/ardrox-nq1-developpeur-de-solvants\/\",\"url\":\"https:\/\/www.qnde.ca\/fr\/produit\/ardrox-nq1-developpeur-de-solvants\/\",\"name\":\"Ardrox NQ1 D\u00e9veloppeur de Solvants &#060; Qualit\u00e9 NDE\",\"isPartOf\":{\"@id\":\"https:\/\/www.qnde.ca\/#website\"},\"primaryImageOfPage\":{\"@id\":\"https:\/\/www.qnde.ca\/fr\/produit\/ardrox-nq1-developpeur-de-solvants\/#primaryimage\"},\"image\":{\"@id\":\"https:\/\/www.qnde.ca\/fr\/produit\/ardrox-nq1-developpeur-de-solvants\/#primaryimage\"},\"thumbnailUrl\":\"https:\/\/www.qnde.ca\/wp-content\/uploads\/2020\/12\/Aerosol-can-Ardrox-NQ1-LR.png\",\"datePublished\":\"2020-11-05T14:00:46+00:00\",\"dateModified\":\"2025-08-14T15:05:41+00:00\",\"description\":\"Ardrox NQ1 d\u00e9veloppeur de solvants.Il produit une couche de fond blanche pour le p\u00e9n\u00e9trant visible ou fluorescent. Cannettes a\u00e9rosols ou chaudi\u00e8re.\",\"breadcrumb\":{\"@id\":\"https:\/\/www.qnde.ca\/fr\/produit\/ardrox-nq1-developpeur-de-solvants\/#breadcrumb\"},\"inLanguage\":\"fr-FR\",\"potentialAction\":[{\"@type\":\"ReadAction\",\"target\":[\"https:\/\/www.qnde.ca\/fr\/produit\/ardrox-nq1-developpeur-de-solvants\/\"]}]},{\"@type\":\"ImageObject\",\"inLanguage\":\"fr-FR\",\"@id\":\"https:\/\/www.qnde.ca\/fr\/produit\/ardrox-nq1-developpeur-de-solvants\/#primaryimage\",\"url\":\"https:\/\/www.qnde.ca\/wp-content\/uploads\/2020\/12\/Aerosol-can-Ardrox-NQ1-LR.png\",\"contentUrl\":\"https:\/\/www.qnde.ca\/wp-content\/uploads\/2020\/12\/Aerosol-can-Ardrox-NQ1-LR.png\",\"width\":447,\"height\":945},{\"@type\":\"BreadcrumbList\",\"@id\":\"https:\/\/www.qnde.ca\/fr\/produit\/ardrox-nq1-developpeur-de-solvants\/#breadcrumb\",\"itemListElement\":[{\"@type\":\"ListItem\",\"position\":1,\"name\":\"Accueil\",\"item\":\"https:\/\/www.qnde.ca\/fr\/\"},{\"@type\":\"ListItem\",\"position\":2,\"name\":\"Produits\",\"item\":\"https:\/\/www.qnde.ca\/fr\/produits\/\"},{\"@type\":\"ListItem\",\"position\":3,\"name\":\"Ressuage\",\"item\":\"https:\/\/www.qnde.ca\/fr\/product-category\/ressuage\/\"},{\"@type\":\"ListItem\",\"position\":4,\"name\":\"P\u00e9n\u00e9trants Fluorescents\",\"item\":\"https:\/\/www.qnde.ca\/fr\/product-category\/ressuage\/penetrants-fluorescents\/\"},{\"@type\":\"ListItem\",\"position\":5,\"name\":\"Ardrox NQ1 D\u00e9veloppeur de Solvants\"}]},{\"@type\":\"WebSite\",\"@id\":\"https:\/\/www.qnde.ca\/#website\",\"url\":\"https:\/\/www.qnde.ca\/\",\"name\":\"Qualit\u00e9 NDE\",\"description\":\"\u00c9quipements d&#039;essais non destructifs \",\"publisher\":{\"@id\":\"https:\/\/www.qnde.ca\/#organization\"},\"potentialAction\":[{\"@type\":\"SearchAction\",\"target\":{\"@type\":\"EntryPoint\",\"urlTemplate\":\"https:\/\/www.qnde.ca\/?s={search_term_string}\"},\"query-input\":{\"@type\":\"PropertyValueSpecification\",\"valueRequired\":true,\"valueName\":\"search_term_string\"}}],\"inLanguage\":\"fr-FR\"},{\"@type\":\"Organization\",\"@id\":\"https:\/\/www.qnde.ca\/#organization\",\"name\":\"Quality NDT Ltd.\",\"url\":\"https:\/\/www.qnde.ca\/\",\"logo\":{\"@type\":\"ImageObject\",\"inLanguage\":\"fr-FR\",\"@id\":\"https:\/\/www.qnde.ca\/#\/schema\/logo\/image\/\",\"url\":\"https:\/\/www.qnde.ca\/wp-content\/uploads\/2022\/02\/QNDE_logo_RGB-gif.gif\",\"contentUrl\":\"https:\/\/www.qnde.ca\/wp-content\/uploads\/2022\/02\/QNDE_logo_RGB-gif.gif\",\"width\":250,\"height\":64,\"caption\":\"Quality NDT Ltd.\"},\"image\":{\"@id\":\"https:\/\/www.qnde.ca\/#\/schema\/logo\/image\/\"},\"sameAs\":[\"https:\/\/www.linkedin.com\/company\/qnde\/about\/?viewAsMember=true\"]}]}<\/script>\n<!-- \/ Yoast SEO plugin. -->","yoast_head_json":{"title":"Ardrox NQ1 D\u00e9veloppeur de Solvants &#060; Qualit\u00e9 NDE","description":"Ardrox NQ1 d\u00e9veloppeur de solvants.Il produit une couche de fond blanche pour le p\u00e9n\u00e9trant visible ou fluorescent. Cannettes a\u00e9rosols ou chaudi\u00e8re.","robots":{"index":"index","follow":"follow","max-snippet":"max-snippet:-1","max-image-preview":"max-image-preview:large","max-video-preview":"max-video-preview:-1"},"canonical":"https:\/\/www.qnde.ca\/fr\/produit\/ardrox-nq1-developpeur-de-solvants\/","twitter_misc":{"Dur\u00e9e de lecture estim\u00e9e":"1 minute"},"schema":{"@context":"https:\/\/schema.org","@graph":[{"@type":["WebPage","ItemPage"],"@id":"https:\/\/www.qnde.ca\/fr\/produit\/ardrox-nq1-developpeur-de-solvants\/","url":"https:\/\/www.qnde.ca\/fr\/produit\/ardrox-nq1-developpeur-de-solvants\/","name":"Ardrox NQ1 D\u00e9veloppeur de Solvants &#060; Qualit\u00e9 NDE","isPartOf":{"@id":"https:\/\/www.qnde.ca\/#website"},"primaryImageOfPage":{"@id":"https:\/\/www.qnde.ca\/fr\/produit\/ardrox-nq1-developpeur-de-solvants\/#primaryimage"},"image":{"@id":"https:\/\/www.qnde.ca\/fr\/produit\/ardrox-nq1-developpeur-de-solvants\/#primaryimage"},"thumbnailUrl":"https:\/\/www.qnde.ca\/wp-content\/uploads\/2020\/12\/Aerosol-can-Ardrox-NQ1-LR.png","datePublished":"2020-11-05T14:00:46+00:00","dateModified":"2025-08-14T15:05:41+00:00","description":"Ardrox NQ1 d\u00e9veloppeur de solvants.Il produit une couche de fond blanche pour le p\u00e9n\u00e9trant visible ou fluorescent. Cannettes a\u00e9rosols ou chaudi\u00e8re.","breadcrumb":{"@id":"https:\/\/www.qnde.ca\/fr\/produit\/ardrox-nq1-developpeur-de-solvants\/#breadcrumb"},"inLanguage":"fr-FR","potentialAction":[{"@type":"ReadAction","target":["https:\/\/www.qnde.ca\/fr\/produit\/ardrox-nq1-developpeur-de-solvants\/"]}]},{"@type":"ImageObject","inLanguage":"fr-FR","@id":"https:\/\/www.qnde.ca\/fr\/produit\/ardrox-nq1-developpeur-de-solvants\/#primaryimage","url":"https:\/\/www.qnde.ca\/wp-content\/uploads\/2020\/12\/Aerosol-can-Ardrox-NQ1-LR.png","contentUrl":"https:\/\/www.qnde.ca\/wp-content\/uploads\/2020\/12\/Aerosol-can-Ardrox-NQ1-LR.png","width":447,"height":945},{"@type":"BreadcrumbList","@id":"https:\/\/www.qnde.ca\/fr\/produit\/ardrox-nq1-developpeur-de-solvants\/#breadcrumb","itemListElement":[{"@type":"ListItem","position":1,"name":"Accueil","item":"https:\/\/www.qnde.ca\/fr\/"},{"@type":"ListItem","position":2,"name":"Produits","item":"https:\/\/www.qnde.ca\/fr\/produits\/"},{"@type":"ListItem","position":3,"name":"Ressuage","item":"https:\/\/www.qnde.ca\/fr\/product-category\/ressuage\/"},{"@type":"ListItem","position":4,"name":"P\u00e9n\u00e9trants Fluorescents","item":"https:\/\/www.qnde.ca\/fr\/product-category\/ressuage\/penetrants-fluorescents\/"},{"@type":"ListItem","position":5,"name":"Ardrox NQ1 D\u00e9veloppeur de Solvants"}]},{"@type":"WebSite","@id":"https:\/\/www.qnde.ca\/#website","url":"https:\/\/www.qnde.ca\/","name":"Qualit\u00e9 NDE","description":"\u00c9quipements d&#039;essais non destructifs ","publisher":{"@id":"https:\/\/www.qnde.ca\/#organization"},"potentialAction":[{"@type":"SearchAction","target":{"@type":"EntryPoint","urlTemplate":"https:\/\/www.qnde.ca\/?s={search_term_string}"},"query-input":{"@type":"PropertyValueSpecification","valueRequired":true,"valueName":"search_term_string"}}],"inLanguage":"fr-FR"},{"@type":"Organization","@id":"https:\/\/www.qnde.ca\/#organization","name":"Quality NDT Ltd.","url":"https:\/\/www.qnde.ca\/","logo":{"@type":"ImageObject","inLanguage":"fr-FR","@id":"https:\/\/www.qnde.ca\/#\/schema\/logo\/image\/","url":"https:\/\/www.qnde.ca\/wp-content\/uploads\/2022\/02\/QNDE_logo_RGB-gif.gif","contentUrl":"https:\/\/www.qnde.ca\/wp-content\/uploads\/2022\/02\/QNDE_logo_RGB-gif.gif","width":250,"height":64,"caption":"Quality NDT Ltd."},"image":{"@id":"https:\/\/www.qnde.ca\/#\/schema\/logo\/image\/"},"sameAs":["https:\/\/www.linkedin.com\/company\/qnde\/about\/?viewAsMember=true"]}]}},"jetpack_sharing_enabled":true,"_links":{"self":[{"href":"https:\/\/www.qnde.ca\/fr\/wp-json\/wp\/v2\/product\/12525","targetHints":{"allow":["GET"]}}],"collection":[{"href":"https:\/\/www.qnde.ca\/fr\/wp-json\/wp\/v2\/product"}],"about":[{"href":"https:\/\/www.qnde.ca\/fr\/wp-json\/wp\/v2\/types\/product"}],"wp:featuredmedia":[{"embeddable":true,"href":"https:\/\/www.qnde.ca\/fr\/wp-json\/wp\/v2\/media\/31950"}],"wp:attachment":[{"href":"https:\/\/www.qnde.ca\/fr\/wp-json\/wp\/v2\/media?parent=12525"}],"wp:term":[{"taxonomy":"product_brand","embeddable":true,"href":"https:\/\/www.qnde.ca\/fr\/wp-json\/wp\/v2\/product_brand?post=12525"},{"taxonomy":"product_cat","embeddable":true,"href":"https:\/\/www.qnde.ca\/fr\/wp-json\/wp\/v2\/product_cat?post=12525"},{"taxonomy":"product_tag","embeddable":true,"href":"https:\/\/www.qnde.ca\/fr\/wp-json\/wp\/v2\/product_tag?post=12525"}],"curies":[{"name":"wp","href":"https:\/\/api.w.org\/{rel}","templated":true}]}}