{"id":12523,"date":"2020-11-05T13:50:22","date_gmt":"2020-11-05T13:50:22","guid":{"rendered":"https:\/\/www.qnde.ca\/?post_type=product&#038;p=12523"},"modified":"2025-08-14T10:29:45","modified_gmt":"2025-08-14T14:29:45","slug":"ardrox-9d75-revelateur-hydrosoluble","status":"publish","type":"product","link":"https:\/\/www.qnde.ca\/fr\/produit\/ardrox-9d75-revelateur-hydrosoluble\/","title":{"rendered":"Ardrox 9D75 r\u00e9v\u00e9lateur hydrosoluble"},"content":{"rendered":"<h3><strong>nArdrox 9D75 r\u00e9v\u00e9lateur hydrosoluble<\/strong><\/h3>\n<p>Poudre blanche \u00e0 dissoudre dans l&rsquo;eau et \u00e0 appliquer par immersion, par \u00e9coulement doux ou par pulv\u00e9risation sans air avant d&rsquo;\u00eatre s\u00e9ch\u00e9e pour former le film de r\u00e9v\u00e9lateur. Laver simplement avec de l\u2019eau pour enlever le film blanc apr\u00e8s inspection.<\/p>\n<ul>\n<li>9D75: 9D75, 20kg (44lb) chaudi\u00e8re.<\/li>\n<\/ul>\n","protected":false},"excerpt":{"rendered":"<p>nArdrox 9D75 r\u00e9v\u00e9lateur hydrosoluble Poudre blanche \u00e0 dissoudre dans l&rsquo;eau et \u00e0 appliquer par immersion, par \u00e9coulement doux ou par pulv\u00e9risation sans air avant d&rsquo;\u00eatre s\u00e9ch\u00e9e pour former le film de r\u00e9v\u00e9lateur. Laver simplement avec de l\u2019eau pour enlever le film blanc apr\u00e8s inspection. 9D75: 9D75, 20kg (44lb) chaudi\u00e8re.<\/p>\n","protected":false},"featured_media":31930,"template":"","meta":{"_monsterinsights_skip_tracking":false,"_monsterinsights_sitenote_active":false,"_monsterinsights_sitenote_note":"","_monsterinsights_sitenote_category":0},"product_brand":[],"product_cat":[396,120],"product_tag":[],"class_list":{"0":"post-12523","1":"product","2":"type-product","3":"status-publish","4":"has-post-thumbnail","6":"product_cat-ardrox-fr","7":"product_cat-penetrants-fluorescents","9":"first","10":"instock","11":"shipping-taxable","12":"purchasable","13":"product-type-simple"},"yoast_head":"<!-- This site is optimized with the Yoast SEO plugin v23.9 - https:\/\/yoast.com\/wordpress\/plugins\/seo\/ -->\n<title>Ardrox 9D75 r\u00e9v\u00e9lateur hydrosoluble &#060; Qualit\u00e9 NDE<\/title>\n<meta name=\"description\" content=\"Poudre blanche \u00e0 dissoudre dans l&#039;eau et \u00e0 appliquer par immersion, par \u00e9coulement doux ou par pulv\u00e9risation. Laver avec de l\u2019eau apr\u00e8s inspection.\" \/>\n<meta name=\"robots\" content=\"index, follow, max-snippet:-1, max-image-preview:large, max-video-preview:-1\" \/>\n<link rel=\"canonical\" href=\"https:\/\/www.qnde.ca\/fr\/produit\/ardrox-9d75-revelateur-hydrosoluble\/\" \/>\n<meta name=\"twitter:label1\" content=\"Dur\u00e9e de lecture estim\u00e9e\" \/>\n\t<meta name=\"twitter:data1\" content=\"1 minute\" \/>\n<script type=\"application\/ld+json\" class=\"yoast-schema-graph\">{\"@context\":\"https:\/\/schema.org\",\"@graph\":[{\"@type\":[\"WebPage\",\"ItemPage\"],\"@id\":\"https:\/\/www.qnde.ca\/fr\/produit\/ardrox-9d75-revelateur-hydrosoluble\/\",\"url\":\"https:\/\/www.qnde.ca\/fr\/produit\/ardrox-9d75-revelateur-hydrosoluble\/\",\"name\":\"Ardrox 9D75 r\u00e9v\u00e9lateur hydrosoluble &#060; Qualit\u00e9 NDE\",\"isPartOf\":{\"@id\":\"https:\/\/www.qnde.ca\/#website\"},\"primaryImageOfPage\":{\"@id\":\"https:\/\/www.qnde.ca\/fr\/produit\/ardrox-9d75-revelateur-hydrosoluble\/#primaryimage\"},\"image\":{\"@id\":\"https:\/\/www.qnde.ca\/fr\/produit\/ardrox-9d75-revelateur-hydrosoluble\/#primaryimage\"},\"thumbnailUrl\":\"https:\/\/www.qnde.ca\/wp-content\/uploads\/2020\/12\/5-Gallon-Pail-Ardrox-LR.png\",\"datePublished\":\"2020-11-05T13:50:22+00:00\",\"dateModified\":\"2025-08-14T14:29:45+00:00\",\"description\":\"Poudre blanche \u00e0 dissoudre dans l'eau et \u00e0 appliquer par immersion, par \u00e9coulement doux ou par pulv\u00e9risation. Laver avec de l\u2019eau apr\u00e8s inspection.\",\"breadcrumb\":{\"@id\":\"https:\/\/www.qnde.ca\/fr\/produit\/ardrox-9d75-revelateur-hydrosoluble\/#breadcrumb\"},\"inLanguage\":\"fr-FR\",\"potentialAction\":[{\"@type\":\"ReadAction\",\"target\":[\"https:\/\/www.qnde.ca\/fr\/produit\/ardrox-9d75-revelateur-hydrosoluble\/\"]}]},{\"@type\":\"ImageObject\",\"inLanguage\":\"fr-FR\",\"@id\":\"https:\/\/www.qnde.ca\/fr\/produit\/ardrox-9d75-revelateur-hydrosoluble\/#primaryimage\",\"url\":\"https:\/\/www.qnde.ca\/wp-content\/uploads\/2020\/12\/5-Gallon-Pail-Ardrox-LR.png\",\"contentUrl\":\"https:\/\/www.qnde.ca\/wp-content\/uploads\/2020\/12\/5-Gallon-Pail-Ardrox-LR.png\",\"width\":530,\"height\":945,\"caption\":\"Ardrox fluorescent drum penetrant on a white background\"},{\"@type\":\"BreadcrumbList\",\"@id\":\"https:\/\/www.qnde.ca\/fr\/produit\/ardrox-9d75-revelateur-hydrosoluble\/#breadcrumb\",\"itemListElement\":[{\"@type\":\"ListItem\",\"position\":1,\"name\":\"Accueil\",\"item\":\"https:\/\/www.qnde.ca\/fr\/\"},{\"@type\":\"ListItem\",\"position\":2,\"name\":\"Produits\",\"item\":\"https:\/\/www.qnde.ca\/fr\/produits\/\"},{\"@type\":\"ListItem\",\"position\":3,\"name\":\"Ressuage\",\"item\":\"https:\/\/www.qnde.ca\/fr\/product-category\/ressuage\/\"},{\"@type\":\"ListItem\",\"position\":4,\"name\":\"P\u00e9n\u00e9trants Fluorescents\",\"item\":\"https:\/\/www.qnde.ca\/fr\/product-category\/ressuage\/penetrants-fluorescents\/\"},{\"@type\":\"ListItem\",\"position\":5,\"name\":\"Ardrox 9D75 r\u00e9v\u00e9lateur hydrosoluble\"}]},{\"@type\":\"WebSite\",\"@id\":\"https:\/\/www.qnde.ca\/#website\",\"url\":\"https:\/\/www.qnde.ca\/\",\"name\":\"Qualit\u00e9 NDE\",\"description\":\"\u00c9quipements d&#039;essais non destructifs \",\"publisher\":{\"@id\":\"https:\/\/www.qnde.ca\/#organization\"},\"potentialAction\":[{\"@type\":\"SearchAction\",\"target\":{\"@type\":\"EntryPoint\",\"urlTemplate\":\"https:\/\/www.qnde.ca\/?s={search_term_string}\"},\"query-input\":{\"@type\":\"PropertyValueSpecification\",\"valueRequired\":true,\"valueName\":\"search_term_string\"}}],\"inLanguage\":\"fr-FR\"},{\"@type\":\"Organization\",\"@id\":\"https:\/\/www.qnde.ca\/#organization\",\"name\":\"Quality NDT Ltd.\",\"url\":\"https:\/\/www.qnde.ca\/\",\"logo\":{\"@type\":\"ImageObject\",\"inLanguage\":\"fr-FR\",\"@id\":\"https:\/\/www.qnde.ca\/#\/schema\/logo\/image\/\",\"url\":\"https:\/\/www.qnde.ca\/wp-content\/uploads\/2022\/02\/QNDE_logo_RGB-gif.gif\",\"contentUrl\":\"https:\/\/www.qnde.ca\/wp-content\/uploads\/2022\/02\/QNDE_logo_RGB-gif.gif\",\"width\":250,\"height\":64,\"caption\":\"Quality NDT Ltd.\"},\"image\":{\"@id\":\"https:\/\/www.qnde.ca\/#\/schema\/logo\/image\/\"},\"sameAs\":[\"https:\/\/www.linkedin.com\/company\/qnde\/about\/?viewAsMember=true\"]}]}<\/script>\n<!-- \/ Yoast SEO plugin. -->","yoast_head_json":{"title":"Ardrox 9D75 r\u00e9v\u00e9lateur hydrosoluble &#060; Qualit\u00e9 NDE","description":"Poudre blanche \u00e0 dissoudre dans l'eau et \u00e0 appliquer par immersion, par \u00e9coulement doux ou par pulv\u00e9risation. Laver avec de l\u2019eau apr\u00e8s inspection.","robots":{"index":"index","follow":"follow","max-snippet":"max-snippet:-1","max-image-preview":"max-image-preview:large","max-video-preview":"max-video-preview:-1"},"canonical":"https:\/\/www.qnde.ca\/fr\/produit\/ardrox-9d75-revelateur-hydrosoluble\/","twitter_misc":{"Dur\u00e9e de lecture estim\u00e9e":"1 minute"},"schema":{"@context":"https:\/\/schema.org","@graph":[{"@type":["WebPage","ItemPage"],"@id":"https:\/\/www.qnde.ca\/fr\/produit\/ardrox-9d75-revelateur-hydrosoluble\/","url":"https:\/\/www.qnde.ca\/fr\/produit\/ardrox-9d75-revelateur-hydrosoluble\/","name":"Ardrox 9D75 r\u00e9v\u00e9lateur hydrosoluble &#060; Qualit\u00e9 NDE","isPartOf":{"@id":"https:\/\/www.qnde.ca\/#website"},"primaryImageOfPage":{"@id":"https:\/\/www.qnde.ca\/fr\/produit\/ardrox-9d75-revelateur-hydrosoluble\/#primaryimage"},"image":{"@id":"https:\/\/www.qnde.ca\/fr\/produit\/ardrox-9d75-revelateur-hydrosoluble\/#primaryimage"},"thumbnailUrl":"https:\/\/www.qnde.ca\/wp-content\/uploads\/2020\/12\/5-Gallon-Pail-Ardrox-LR.png","datePublished":"2020-11-05T13:50:22+00:00","dateModified":"2025-08-14T14:29:45+00:00","description":"Poudre blanche \u00e0 dissoudre dans l'eau et \u00e0 appliquer par immersion, par \u00e9coulement doux ou par pulv\u00e9risation. Laver avec de l\u2019eau apr\u00e8s inspection.","breadcrumb":{"@id":"https:\/\/www.qnde.ca\/fr\/produit\/ardrox-9d75-revelateur-hydrosoluble\/#breadcrumb"},"inLanguage":"fr-FR","potentialAction":[{"@type":"ReadAction","target":["https:\/\/www.qnde.ca\/fr\/produit\/ardrox-9d75-revelateur-hydrosoluble\/"]}]},{"@type":"ImageObject","inLanguage":"fr-FR","@id":"https:\/\/www.qnde.ca\/fr\/produit\/ardrox-9d75-revelateur-hydrosoluble\/#primaryimage","url":"https:\/\/www.qnde.ca\/wp-content\/uploads\/2020\/12\/5-Gallon-Pail-Ardrox-LR.png","contentUrl":"https:\/\/www.qnde.ca\/wp-content\/uploads\/2020\/12\/5-Gallon-Pail-Ardrox-LR.png","width":530,"height":945,"caption":"Ardrox fluorescent drum penetrant on a white background"},{"@type":"BreadcrumbList","@id":"https:\/\/www.qnde.ca\/fr\/produit\/ardrox-9d75-revelateur-hydrosoluble\/#breadcrumb","itemListElement":[{"@type":"ListItem","position":1,"name":"Accueil","item":"https:\/\/www.qnde.ca\/fr\/"},{"@type":"ListItem","position":2,"name":"Produits","item":"https:\/\/www.qnde.ca\/fr\/produits\/"},{"@type":"ListItem","position":3,"name":"Ressuage","item":"https:\/\/www.qnde.ca\/fr\/product-category\/ressuage\/"},{"@type":"ListItem","position":4,"name":"P\u00e9n\u00e9trants Fluorescents","item":"https:\/\/www.qnde.ca\/fr\/product-category\/ressuage\/penetrants-fluorescents\/"},{"@type":"ListItem","position":5,"name":"Ardrox 9D75 r\u00e9v\u00e9lateur hydrosoluble"}]},{"@type":"WebSite","@id":"https:\/\/www.qnde.ca\/#website","url":"https:\/\/www.qnde.ca\/","name":"Qualit\u00e9 NDE","description":"\u00c9quipements d&#039;essais non destructifs ","publisher":{"@id":"https:\/\/www.qnde.ca\/#organization"},"potentialAction":[{"@type":"SearchAction","target":{"@type":"EntryPoint","urlTemplate":"https:\/\/www.qnde.ca\/?s={search_term_string}"},"query-input":{"@type":"PropertyValueSpecification","valueRequired":true,"valueName":"search_term_string"}}],"inLanguage":"fr-FR"},{"@type":"Organization","@id":"https:\/\/www.qnde.ca\/#organization","name":"Quality NDT Ltd.","url":"https:\/\/www.qnde.ca\/","logo":{"@type":"ImageObject","inLanguage":"fr-FR","@id":"https:\/\/www.qnde.ca\/#\/schema\/logo\/image\/","url":"https:\/\/www.qnde.ca\/wp-content\/uploads\/2022\/02\/QNDE_logo_RGB-gif.gif","contentUrl":"https:\/\/www.qnde.ca\/wp-content\/uploads\/2022\/02\/QNDE_logo_RGB-gif.gif","width":250,"height":64,"caption":"Quality NDT Ltd."},"image":{"@id":"https:\/\/www.qnde.ca\/#\/schema\/logo\/image\/"},"sameAs":["https:\/\/www.linkedin.com\/company\/qnde\/about\/?viewAsMember=true"]}]}},"jetpack_sharing_enabled":true,"_links":{"self":[{"href":"https:\/\/www.qnde.ca\/fr\/wp-json\/wp\/v2\/product\/12523","targetHints":{"allow":["GET"]}}],"collection":[{"href":"https:\/\/www.qnde.ca\/fr\/wp-json\/wp\/v2\/product"}],"about":[{"href":"https:\/\/www.qnde.ca\/fr\/wp-json\/wp\/v2\/types\/product"}],"wp:featuredmedia":[{"embeddable":true,"href":"https:\/\/www.qnde.ca\/fr\/wp-json\/wp\/v2\/media\/31930"}],"wp:attachment":[{"href":"https:\/\/www.qnde.ca\/fr\/wp-json\/wp\/v2\/media?parent=12523"}],"wp:term":[{"taxonomy":"product_brand","embeddable":true,"href":"https:\/\/www.qnde.ca\/fr\/wp-json\/wp\/v2\/product_brand?post=12523"},{"taxonomy":"product_cat","embeddable":true,"href":"https:\/\/www.qnde.ca\/fr\/wp-json\/wp\/v2\/product_cat?post=12523"},{"taxonomy":"product_tag","embeddable":true,"href":"https:\/\/www.qnde.ca\/fr\/wp-json\/wp\/v2\/product_tag?post=12523"}],"curies":[{"name":"wp","href":"https:\/\/api.w.org\/{rel}","templated":true}]}}