{"id":12470,"date":"2020-11-04T15:52:57","date_gmt":"2020-11-04T15:52:57","guid":{"rendered":"https:\/\/www.qnde.ca\/?post_type=product&#038;p=12470"},"modified":"2025-08-14T09:51:07","modified_gmt":"2025-08-14T13:51:07","slug":"ardrox-9812-niveau2","status":"publish","type":"product","link":"https:\/\/www.qnde.ca\/fr\/produit\/ardrox-9812-niveau2\/","title":{"rendered":"Ardrox 9812 P\u00e9n\u00e9trant Fluorescent PE Niveau 2"},"content":{"rendered":"<h3><strong>Ardrox 9812 P\u00e9n\u00e9trant Fluorescent PE Niveau 2<\/strong><\/h3>\n<p>Niveau 2, p\u00e9n\u00e9trant fluorescent post-\u00e9mulsifiable.<\/p>\n<ul>\n<li>9812-1: Ardrox 9812, 5gal (19L) chaudi\u00e8re.<\/li>\n<\/ul>\n","protected":false},"excerpt":{"rendered":"<p>Ardrox 9812 P\u00e9n\u00e9trant Fluorescent PE Niveau 2 Niveau 2, p\u00e9n\u00e9trant fluorescent post-\u00e9mulsifiable. 9812-1: Ardrox 9812, 5gal (19L) chaudi\u00e8re.<\/p>\n","protected":false},"featured_media":31930,"template":"","meta":{"_monsterinsights_skip_tracking":false,"_monsterinsights_sitenote_active":false,"_monsterinsights_sitenote_note":"","_monsterinsights_sitenote_category":0},"product_brand":[],"product_cat":[396,120],"product_tag":[],"class_list":{"0":"post-12470","1":"product","2":"type-product","3":"status-publish","4":"has-post-thumbnail","6":"product_cat-ardrox-fr","7":"product_cat-penetrants-fluorescents","9":"first","10":"instock","11":"shipping-taxable","12":"purchasable","13":"product-type-simple"},"yoast_head":"<!-- This site is optimized with the Yoast SEO plugin v23.9 - https:\/\/yoast.com\/wordpress\/plugins\/seo\/ -->\n<title>Ardrox 9812 P\u00e9n\u00e9trant Fluorescent PE Niveau 2 &#060; Qualit\u00e9 NDE<\/title>\n<meta name=\"description\" content=\"Ardrox 9812, p\u00e9n\u00e9trant fluorescent PE niveau 2 post-\u00e9mulsifiable. Chaudi\u00e8re 5gal (19L).\" \/>\n<meta name=\"robots\" content=\"index, follow, max-snippet:-1, max-image-preview:large, max-video-preview:-1\" \/>\n<link rel=\"canonical\" href=\"https:\/\/www.qnde.ca\/fr\/produit\/ardrox-9812-niveau2\/\" \/>\n<meta name=\"twitter:label1\" content=\"Dur\u00e9e de lecture estim\u00e9e\" \/>\n\t<meta name=\"twitter:data1\" content=\"1 minute\" \/>\n<script type=\"application\/ld+json\" class=\"yoast-schema-graph\">{\"@context\":\"https:\/\/schema.org\",\"@graph\":[{\"@type\":[\"WebPage\",\"ItemPage\"],\"@id\":\"https:\/\/www.qnde.ca\/fr\/produit\/ardrox-9812-niveau2\/\",\"url\":\"https:\/\/www.qnde.ca\/fr\/produit\/ardrox-9812-niveau2\/\",\"name\":\"Ardrox 9812 P\u00e9n\u00e9trant Fluorescent PE Niveau 2 &#060; Qualit\u00e9 NDE\",\"isPartOf\":{\"@id\":\"https:\/\/www.qnde.ca\/#website\"},\"primaryImageOfPage\":{\"@id\":\"https:\/\/www.qnde.ca\/fr\/produit\/ardrox-9812-niveau2\/#primaryimage\"},\"image\":{\"@id\":\"https:\/\/www.qnde.ca\/fr\/produit\/ardrox-9812-niveau2\/#primaryimage\"},\"thumbnailUrl\":\"https:\/\/www.qnde.ca\/wp-content\/uploads\/2020\/12\/5-Gallon-Pail-Ardrox-LR.png\",\"datePublished\":\"2020-11-04T15:52:57+00:00\",\"dateModified\":\"2025-08-14T13:51:07+00:00\",\"description\":\"Ardrox 9812, p\u00e9n\u00e9trant fluorescent PE niveau 2 post-\u00e9mulsifiable. Chaudi\u00e8re 5gal (19L).\",\"breadcrumb\":{\"@id\":\"https:\/\/www.qnde.ca\/fr\/produit\/ardrox-9812-niveau2\/#breadcrumb\"},\"inLanguage\":\"fr-FR\",\"potentialAction\":[{\"@type\":\"ReadAction\",\"target\":[\"https:\/\/www.qnde.ca\/fr\/produit\/ardrox-9812-niveau2\/\"]}]},{\"@type\":\"ImageObject\",\"inLanguage\":\"fr-FR\",\"@id\":\"https:\/\/www.qnde.ca\/fr\/produit\/ardrox-9812-niveau2\/#primaryimage\",\"url\":\"https:\/\/www.qnde.ca\/wp-content\/uploads\/2020\/12\/5-Gallon-Pail-Ardrox-LR.png\",\"contentUrl\":\"https:\/\/www.qnde.ca\/wp-content\/uploads\/2020\/12\/5-Gallon-Pail-Ardrox-LR.png\",\"width\":530,\"height\":945,\"caption\":\"Ardrox fluorescent drum penetrant on a white background\"},{\"@type\":\"BreadcrumbList\",\"@id\":\"https:\/\/www.qnde.ca\/fr\/produit\/ardrox-9812-niveau2\/#breadcrumb\",\"itemListElement\":[{\"@type\":\"ListItem\",\"position\":1,\"name\":\"Accueil\",\"item\":\"https:\/\/www.qnde.ca\/fr\/\"},{\"@type\":\"ListItem\",\"position\":2,\"name\":\"Produits\",\"item\":\"https:\/\/www.qnde.ca\/fr\/produits\/\"},{\"@type\":\"ListItem\",\"position\":3,\"name\":\"Ressuage\",\"item\":\"https:\/\/www.qnde.ca\/fr\/product-category\/ressuage\/\"},{\"@type\":\"ListItem\",\"position\":4,\"name\":\"P\u00e9n\u00e9trants Fluorescents\",\"item\":\"https:\/\/www.qnde.ca\/fr\/product-category\/ressuage\/penetrants-fluorescents\/\"},{\"@type\":\"ListItem\",\"position\":5,\"name\":\"Ardrox 9812 P\u00e9n\u00e9trant Fluorescent PE Niveau 2\"}]},{\"@type\":\"WebSite\",\"@id\":\"https:\/\/www.qnde.ca\/#website\",\"url\":\"https:\/\/www.qnde.ca\/\",\"name\":\"Qualit\u00e9 NDE\",\"description\":\"\u00c9quipements d&#039;essais non destructifs \",\"publisher\":{\"@id\":\"https:\/\/www.qnde.ca\/#organization\"},\"potentialAction\":[{\"@type\":\"SearchAction\",\"target\":{\"@type\":\"EntryPoint\",\"urlTemplate\":\"https:\/\/www.qnde.ca\/?s={search_term_string}\"},\"query-input\":{\"@type\":\"PropertyValueSpecification\",\"valueRequired\":true,\"valueName\":\"search_term_string\"}}],\"inLanguage\":\"fr-FR\"},{\"@type\":\"Organization\",\"@id\":\"https:\/\/www.qnde.ca\/#organization\",\"name\":\"Quality NDT Ltd.\",\"url\":\"https:\/\/www.qnde.ca\/\",\"logo\":{\"@type\":\"ImageObject\",\"inLanguage\":\"fr-FR\",\"@id\":\"https:\/\/www.qnde.ca\/#\/schema\/logo\/image\/\",\"url\":\"https:\/\/www.qnde.ca\/wp-content\/uploads\/2022\/02\/QNDE_logo_RGB-gif.gif\",\"contentUrl\":\"https:\/\/www.qnde.ca\/wp-content\/uploads\/2022\/02\/QNDE_logo_RGB-gif.gif\",\"width\":250,\"height\":64,\"caption\":\"Quality NDT Ltd.\"},\"image\":{\"@id\":\"https:\/\/www.qnde.ca\/#\/schema\/logo\/image\/\"},\"sameAs\":[\"https:\/\/www.linkedin.com\/company\/qnde\/about\/?viewAsMember=true\"]}]}<\/script>\n<!-- \/ Yoast SEO plugin. -->","yoast_head_json":{"title":"Ardrox 9812 P\u00e9n\u00e9trant Fluorescent PE Niveau 2 &#060; Qualit\u00e9 NDE","description":"Ardrox 9812, p\u00e9n\u00e9trant fluorescent PE niveau 2 post-\u00e9mulsifiable. Chaudi\u00e8re 5gal (19L).","robots":{"index":"index","follow":"follow","max-snippet":"max-snippet:-1","max-image-preview":"max-image-preview:large","max-video-preview":"max-video-preview:-1"},"canonical":"https:\/\/www.qnde.ca\/fr\/produit\/ardrox-9812-niveau2\/","twitter_misc":{"Dur\u00e9e de lecture estim\u00e9e":"1 minute"},"schema":{"@context":"https:\/\/schema.org","@graph":[{"@type":["WebPage","ItemPage"],"@id":"https:\/\/www.qnde.ca\/fr\/produit\/ardrox-9812-niveau2\/","url":"https:\/\/www.qnde.ca\/fr\/produit\/ardrox-9812-niveau2\/","name":"Ardrox 9812 P\u00e9n\u00e9trant Fluorescent PE Niveau 2 &#060; Qualit\u00e9 NDE","isPartOf":{"@id":"https:\/\/www.qnde.ca\/#website"},"primaryImageOfPage":{"@id":"https:\/\/www.qnde.ca\/fr\/produit\/ardrox-9812-niveau2\/#primaryimage"},"image":{"@id":"https:\/\/www.qnde.ca\/fr\/produit\/ardrox-9812-niveau2\/#primaryimage"},"thumbnailUrl":"https:\/\/www.qnde.ca\/wp-content\/uploads\/2020\/12\/5-Gallon-Pail-Ardrox-LR.png","datePublished":"2020-11-04T15:52:57+00:00","dateModified":"2025-08-14T13:51:07+00:00","description":"Ardrox 9812, p\u00e9n\u00e9trant fluorescent PE niveau 2 post-\u00e9mulsifiable. Chaudi\u00e8re 5gal (19L).","breadcrumb":{"@id":"https:\/\/www.qnde.ca\/fr\/produit\/ardrox-9812-niveau2\/#breadcrumb"},"inLanguage":"fr-FR","potentialAction":[{"@type":"ReadAction","target":["https:\/\/www.qnde.ca\/fr\/produit\/ardrox-9812-niveau2\/"]}]},{"@type":"ImageObject","inLanguage":"fr-FR","@id":"https:\/\/www.qnde.ca\/fr\/produit\/ardrox-9812-niveau2\/#primaryimage","url":"https:\/\/www.qnde.ca\/wp-content\/uploads\/2020\/12\/5-Gallon-Pail-Ardrox-LR.png","contentUrl":"https:\/\/www.qnde.ca\/wp-content\/uploads\/2020\/12\/5-Gallon-Pail-Ardrox-LR.png","width":530,"height":945,"caption":"Ardrox fluorescent drum penetrant on a white background"},{"@type":"BreadcrumbList","@id":"https:\/\/www.qnde.ca\/fr\/produit\/ardrox-9812-niveau2\/#breadcrumb","itemListElement":[{"@type":"ListItem","position":1,"name":"Accueil","item":"https:\/\/www.qnde.ca\/fr\/"},{"@type":"ListItem","position":2,"name":"Produits","item":"https:\/\/www.qnde.ca\/fr\/produits\/"},{"@type":"ListItem","position":3,"name":"Ressuage","item":"https:\/\/www.qnde.ca\/fr\/product-category\/ressuage\/"},{"@type":"ListItem","position":4,"name":"P\u00e9n\u00e9trants Fluorescents","item":"https:\/\/www.qnde.ca\/fr\/product-category\/ressuage\/penetrants-fluorescents\/"},{"@type":"ListItem","position":5,"name":"Ardrox 9812 P\u00e9n\u00e9trant Fluorescent PE Niveau 2"}]},{"@type":"WebSite","@id":"https:\/\/www.qnde.ca\/#website","url":"https:\/\/www.qnde.ca\/","name":"Qualit\u00e9 NDE","description":"\u00c9quipements d&#039;essais non destructifs ","publisher":{"@id":"https:\/\/www.qnde.ca\/#organization"},"potentialAction":[{"@type":"SearchAction","target":{"@type":"EntryPoint","urlTemplate":"https:\/\/www.qnde.ca\/?s={search_term_string}"},"query-input":{"@type":"PropertyValueSpecification","valueRequired":true,"valueName":"search_term_string"}}],"inLanguage":"fr-FR"},{"@type":"Organization","@id":"https:\/\/www.qnde.ca\/#organization","name":"Quality NDT Ltd.","url":"https:\/\/www.qnde.ca\/","logo":{"@type":"ImageObject","inLanguage":"fr-FR","@id":"https:\/\/www.qnde.ca\/#\/schema\/logo\/image\/","url":"https:\/\/www.qnde.ca\/wp-content\/uploads\/2022\/02\/QNDE_logo_RGB-gif.gif","contentUrl":"https:\/\/www.qnde.ca\/wp-content\/uploads\/2022\/02\/QNDE_logo_RGB-gif.gif","width":250,"height":64,"caption":"Quality NDT Ltd."},"image":{"@id":"https:\/\/www.qnde.ca\/#\/schema\/logo\/image\/"},"sameAs":["https:\/\/www.linkedin.com\/company\/qnde\/about\/?viewAsMember=true"]}]}},"jetpack_sharing_enabled":true,"_links":{"self":[{"href":"https:\/\/www.qnde.ca\/fr\/wp-json\/wp\/v2\/product\/12470","targetHints":{"allow":["GET"]}}],"collection":[{"href":"https:\/\/www.qnde.ca\/fr\/wp-json\/wp\/v2\/product"}],"about":[{"href":"https:\/\/www.qnde.ca\/fr\/wp-json\/wp\/v2\/types\/product"}],"wp:featuredmedia":[{"embeddable":true,"href":"https:\/\/www.qnde.ca\/fr\/wp-json\/wp\/v2\/media\/31930"}],"wp:attachment":[{"href":"https:\/\/www.qnde.ca\/fr\/wp-json\/wp\/v2\/media?parent=12470"}],"wp:term":[{"taxonomy":"product_brand","embeddable":true,"href":"https:\/\/www.qnde.ca\/fr\/wp-json\/wp\/v2\/product_brand?post=12470"},{"taxonomy":"product_cat","embeddable":true,"href":"https:\/\/www.qnde.ca\/fr\/wp-json\/wp\/v2\/product_cat?post=12470"},{"taxonomy":"product_tag","embeddable":true,"href":"https:\/\/www.qnde.ca\/fr\/wp-json\/wp\/v2\/product_tag?post=12470"}],"curies":[{"name":"wp","href":"https:\/\/api.w.org\/{rel}","templated":true}]}}