{"id":12397,"date":"2020-10-29T14:41:31","date_gmt":"2020-10-29T14:41:31","guid":{"rendered":"https:\/\/www.qnde.ca\/?post_type=product&#038;p=12397"},"modified":"2025-08-14T13:21:29","modified_gmt":"2025-08-14T17:21:29","slug":"sherwin-d-350-revelateur-haute-temperature-qnde-ndt","status":"publish","type":"product","link":"https:\/\/www.qnde.ca\/fr\/produit\/sherwin-d-350-revelateur-haute-temperature-qnde-ndt\/","title":{"rendered":"Sherwin D-350, R\u00e9v\u00e9lateur Haute Temp\u00e9rature"},"content":{"rendered":"<p><strong>Sherwin D-350, R\u00e9v\u00e9lateur Haute Temp\u00e9rature<\/strong><\/p>\n<p>R\u00e9v\u00e9lateur haute temp\u00e9rature utilis\u00e9 pour augmenter la visibilit\u00e9 des d\u00e9fauts sur des pi\u00e8ces \u00e0 des temp\u00e9ratures allant jusqu\u2019\u00e0 350\u00baF (177\u00baC). Conforme aux exigences de faible teneur en soufres et halog\u00e8nes.<\/p>\n<ul>\n<li>D-350: Sherwin D-350, 16oz (473ml) canettes a\u00e9rosols (caisse de 9).<\/li>\n<li>D-350-1GAL: Sherwin D-350, 1gal (3.78L) cruche.<\/li>\n<li>D-350-5GAL: Sherwin D-350, 5gal (18.9L) chaudi\u00e8re.<\/li>\n<\/ul>\n","protected":false},"excerpt":{"rendered":"<p>Sherwin D-350, R\u00e9v\u00e9lateur Haute Temp\u00e9rature R\u00e9v\u00e9lateur haute temp\u00e9rature utilis\u00e9 pour augmenter la visibilit\u00e9 des d\u00e9fauts sur des pi\u00e8ces \u00e0 des temp\u00e9ratures allant jusqu\u2019\u00e0 350\u00baF (177\u00baC). Conforme aux exigences de faible teneur en soufres et halog\u00e8nes. D-350: Sherwin D-350, 16oz (473ml) canettes a\u00e9rosols (caisse de 9). D-350-1GAL: Sherwin D-350, 1gal (3.78L) cruche. D-350-5GAL: Sherwin D-350, 5gal [&hellip;]<\/p>\n","protected":false},"featured_media":13744,"template":"","meta":{"_monsterinsights_skip_tracking":false,"_monsterinsights_sitenote_active":false,"_monsterinsights_sitenote_note":"","_monsterinsights_sitenote_category":0},"product_brand":[],"product_cat":[402,119],"product_tag":[],"class_list":{"0":"post-12397","1":"product","2":"type-product","3":"status-publish","4":"has-post-thumbnail","6":"product_cat-autres-marques","7":"product_cat-penetrants-visibles","9":"first","10":"instock","11":"shipping-taxable","12":"purchasable","13":"product-type-variable"},"yoast_head":"<!-- This site is optimized with the Yoast SEO plugin v23.9 - https:\/\/yoast.com\/wordpress\/plugins\/seo\/ -->\n<title>Sherwin D-350, R\u00e9v\u00e9lateur Haute Temp\u00e9rature &#060; Qualit\u00e9 NDE<\/title>\n<meta name=\"description\" content=\"Sherwin D-350, r\u00e9v\u00e9lateur haute temp\u00e9rature pour augmenter la visibilit\u00e9 des d\u00e9fauts sur des \u00e0 des temp\u00e9ratures allant jusqu\u2019\u00e0 350\u00baF (177\u00baC).\" \/>\n<meta name=\"robots\" content=\"index, follow, max-snippet:-1, max-image-preview:large, max-video-preview:-1\" \/>\n<link rel=\"canonical\" href=\"https:\/\/www.qnde.ca\/fr\/produit\/sherwin-d-350-revelateur-haute-temperature-qnde-ndt\/\" \/>\n<meta name=\"twitter:label1\" content=\"Dur\u00e9e de lecture estim\u00e9e\" \/>\n\t<meta name=\"twitter:data1\" content=\"1 minute\" \/>\n<script type=\"application\/ld+json\" class=\"yoast-schema-graph\">{\"@context\":\"https:\/\/schema.org\",\"@graph\":[{\"@type\":[\"WebPage\",\"ItemPage\"],\"@id\":\"https:\/\/www.qnde.ca\/fr\/produit\/sherwin-d-350-revelateur-haute-temperature-qnde-ndt\/\",\"url\":\"https:\/\/www.qnde.ca\/fr\/produit\/sherwin-d-350-revelateur-haute-temperature-qnde-ndt\/\",\"name\":\"Sherwin D-350, R\u00e9v\u00e9lateur Haute Temp\u00e9rature &#060; Qualit\u00e9 NDE\",\"isPartOf\":{\"@id\":\"https:\/\/www.qnde.ca\/#website\"},\"primaryImageOfPage\":{\"@id\":\"https:\/\/www.qnde.ca\/fr\/produit\/sherwin-d-350-revelateur-haute-temperature-qnde-ndt\/#primaryimage\"},\"image\":{\"@id\":\"https:\/\/www.qnde.ca\/fr\/produit\/sherwin-d-350-revelateur-haute-temperature-qnde-ndt\/#primaryimage\"},\"thumbnailUrl\":\"https:\/\/www.qnde.ca\/wp-content\/uploads\/2021\/02\/Sherwin-D-350-Sold-by-case-of-9-scaled-scaled.jpg\",\"datePublished\":\"2020-10-29T14:41:31+00:00\",\"dateModified\":\"2025-08-14T17:21:29+00:00\",\"description\":\"Sherwin D-350, r\u00e9v\u00e9lateur haute temp\u00e9rature pour augmenter la visibilit\u00e9 des d\u00e9fauts sur des \u00e0 des temp\u00e9ratures allant jusqu\u2019\u00e0 350\u00baF (177\u00baC).\",\"breadcrumb\":{\"@id\":\"https:\/\/www.qnde.ca\/fr\/produit\/sherwin-d-350-revelateur-haute-temperature-qnde-ndt\/#breadcrumb\"},\"inLanguage\":\"fr-FR\",\"potentialAction\":[{\"@type\":\"ReadAction\",\"target\":[\"https:\/\/www.qnde.ca\/fr\/produit\/sherwin-d-350-revelateur-haute-temperature-qnde-ndt\/\"]}]},{\"@type\":\"ImageObject\",\"inLanguage\":\"fr-FR\",\"@id\":\"https:\/\/www.qnde.ca\/fr\/produit\/sherwin-d-350-revelateur-haute-temperature-qnde-ndt\/#primaryimage\",\"url\":\"https:\/\/www.qnde.ca\/wp-content\/uploads\/2021\/02\/Sherwin-D-350-Sold-by-case-of-9-scaled-scaled.jpg\",\"contentUrl\":\"https:\/\/www.qnde.ca\/wp-content\/uploads\/2021\/02\/Sherwin-D-350-Sold-by-case-of-9-scaled-scaled.jpg\",\"width\":1536,\"height\":2048},{\"@type\":\"BreadcrumbList\",\"@id\":\"https:\/\/www.qnde.ca\/fr\/produit\/sherwin-d-350-revelateur-haute-temperature-qnde-ndt\/#breadcrumb\",\"itemListElement\":[{\"@type\":\"ListItem\",\"position\":1,\"name\":\"Accueil\",\"item\":\"https:\/\/www.qnde.ca\/fr\/\"},{\"@type\":\"ListItem\",\"position\":2,\"name\":\"Produits\",\"item\":\"https:\/\/www.qnde.ca\/fr\/produits\/\"},{\"@type\":\"ListItem\",\"position\":3,\"name\":\"Ressuage\",\"item\":\"https:\/\/www.qnde.ca\/fr\/product-category\/ressuage\/\"},{\"@type\":\"ListItem\",\"position\":4,\"name\":\"P\u00e9n\u00e9trants Visibles\",\"item\":\"https:\/\/www.qnde.ca\/fr\/product-category\/ressuage\/penetrants-visibles\/\"},{\"@type\":\"ListItem\",\"position\":5,\"name\":\"Sherwin D-350, R\u00e9v\u00e9lateur Haute Temp\u00e9rature\"}]},{\"@type\":\"WebSite\",\"@id\":\"https:\/\/www.qnde.ca\/#website\",\"url\":\"https:\/\/www.qnde.ca\/\",\"name\":\"Qualit\u00e9 NDE\",\"description\":\"\u00c9quipements d&#039;essais non destructifs \",\"publisher\":{\"@id\":\"https:\/\/www.qnde.ca\/#organization\"},\"potentialAction\":[{\"@type\":\"SearchAction\",\"target\":{\"@type\":\"EntryPoint\",\"urlTemplate\":\"https:\/\/www.qnde.ca\/?s={search_term_string}\"},\"query-input\":{\"@type\":\"PropertyValueSpecification\",\"valueRequired\":true,\"valueName\":\"search_term_string\"}}],\"inLanguage\":\"fr-FR\"},{\"@type\":\"Organization\",\"@id\":\"https:\/\/www.qnde.ca\/#organization\",\"name\":\"Quality NDT Ltd.\",\"url\":\"https:\/\/www.qnde.ca\/\",\"logo\":{\"@type\":\"ImageObject\",\"inLanguage\":\"fr-FR\",\"@id\":\"https:\/\/www.qnde.ca\/#\/schema\/logo\/image\/\",\"url\":\"https:\/\/www.qnde.ca\/wp-content\/uploads\/2022\/02\/QNDE_logo_RGB-gif.gif\",\"contentUrl\":\"https:\/\/www.qnde.ca\/wp-content\/uploads\/2022\/02\/QNDE_logo_RGB-gif.gif\",\"width\":250,\"height\":64,\"caption\":\"Quality NDT Ltd.\"},\"image\":{\"@id\":\"https:\/\/www.qnde.ca\/#\/schema\/logo\/image\/\"},\"sameAs\":[\"https:\/\/www.linkedin.com\/company\/qnde\/about\/?viewAsMember=true\"]}]}<\/script>\n<!-- \/ Yoast SEO plugin. -->","yoast_head_json":{"title":"Sherwin D-350, R\u00e9v\u00e9lateur Haute Temp\u00e9rature &#060; Qualit\u00e9 NDE","description":"Sherwin D-350, r\u00e9v\u00e9lateur haute temp\u00e9rature pour augmenter la visibilit\u00e9 des d\u00e9fauts sur des \u00e0 des temp\u00e9ratures allant jusqu\u2019\u00e0 350\u00baF (177\u00baC).","robots":{"index":"index","follow":"follow","max-snippet":"max-snippet:-1","max-image-preview":"max-image-preview:large","max-video-preview":"max-video-preview:-1"},"canonical":"https:\/\/www.qnde.ca\/fr\/produit\/sherwin-d-350-revelateur-haute-temperature-qnde-ndt\/","twitter_misc":{"Dur\u00e9e de lecture estim\u00e9e":"1 minute"},"schema":{"@context":"https:\/\/schema.org","@graph":[{"@type":["WebPage","ItemPage"],"@id":"https:\/\/www.qnde.ca\/fr\/produit\/sherwin-d-350-revelateur-haute-temperature-qnde-ndt\/","url":"https:\/\/www.qnde.ca\/fr\/produit\/sherwin-d-350-revelateur-haute-temperature-qnde-ndt\/","name":"Sherwin D-350, R\u00e9v\u00e9lateur Haute Temp\u00e9rature &#060; Qualit\u00e9 NDE","isPartOf":{"@id":"https:\/\/www.qnde.ca\/#website"},"primaryImageOfPage":{"@id":"https:\/\/www.qnde.ca\/fr\/produit\/sherwin-d-350-revelateur-haute-temperature-qnde-ndt\/#primaryimage"},"image":{"@id":"https:\/\/www.qnde.ca\/fr\/produit\/sherwin-d-350-revelateur-haute-temperature-qnde-ndt\/#primaryimage"},"thumbnailUrl":"https:\/\/www.qnde.ca\/wp-content\/uploads\/2021\/02\/Sherwin-D-350-Sold-by-case-of-9-scaled-scaled.jpg","datePublished":"2020-10-29T14:41:31+00:00","dateModified":"2025-08-14T17:21:29+00:00","description":"Sherwin D-350, r\u00e9v\u00e9lateur haute temp\u00e9rature pour augmenter la visibilit\u00e9 des d\u00e9fauts sur des \u00e0 des temp\u00e9ratures allant jusqu\u2019\u00e0 350\u00baF (177\u00baC).","breadcrumb":{"@id":"https:\/\/www.qnde.ca\/fr\/produit\/sherwin-d-350-revelateur-haute-temperature-qnde-ndt\/#breadcrumb"},"inLanguage":"fr-FR","potentialAction":[{"@type":"ReadAction","target":["https:\/\/www.qnde.ca\/fr\/produit\/sherwin-d-350-revelateur-haute-temperature-qnde-ndt\/"]}]},{"@type":"ImageObject","inLanguage":"fr-FR","@id":"https:\/\/www.qnde.ca\/fr\/produit\/sherwin-d-350-revelateur-haute-temperature-qnde-ndt\/#primaryimage","url":"https:\/\/www.qnde.ca\/wp-content\/uploads\/2021\/02\/Sherwin-D-350-Sold-by-case-of-9-scaled-scaled.jpg","contentUrl":"https:\/\/www.qnde.ca\/wp-content\/uploads\/2021\/02\/Sherwin-D-350-Sold-by-case-of-9-scaled-scaled.jpg","width":1536,"height":2048},{"@type":"BreadcrumbList","@id":"https:\/\/www.qnde.ca\/fr\/produit\/sherwin-d-350-revelateur-haute-temperature-qnde-ndt\/#breadcrumb","itemListElement":[{"@type":"ListItem","position":1,"name":"Accueil","item":"https:\/\/www.qnde.ca\/fr\/"},{"@type":"ListItem","position":2,"name":"Produits","item":"https:\/\/www.qnde.ca\/fr\/produits\/"},{"@type":"ListItem","position":3,"name":"Ressuage","item":"https:\/\/www.qnde.ca\/fr\/product-category\/ressuage\/"},{"@type":"ListItem","position":4,"name":"P\u00e9n\u00e9trants Visibles","item":"https:\/\/www.qnde.ca\/fr\/product-category\/ressuage\/penetrants-visibles\/"},{"@type":"ListItem","position":5,"name":"Sherwin D-350, R\u00e9v\u00e9lateur Haute Temp\u00e9rature"}]},{"@type":"WebSite","@id":"https:\/\/www.qnde.ca\/#website","url":"https:\/\/www.qnde.ca\/","name":"Qualit\u00e9 NDE","description":"\u00c9quipements d&#039;essais non destructifs ","publisher":{"@id":"https:\/\/www.qnde.ca\/#organization"},"potentialAction":[{"@type":"SearchAction","target":{"@type":"EntryPoint","urlTemplate":"https:\/\/www.qnde.ca\/?s={search_term_string}"},"query-input":{"@type":"PropertyValueSpecification","valueRequired":true,"valueName":"search_term_string"}}],"inLanguage":"fr-FR"},{"@type":"Organization","@id":"https:\/\/www.qnde.ca\/#organization","name":"Quality NDT Ltd.","url":"https:\/\/www.qnde.ca\/","logo":{"@type":"ImageObject","inLanguage":"fr-FR","@id":"https:\/\/www.qnde.ca\/#\/schema\/logo\/image\/","url":"https:\/\/www.qnde.ca\/wp-content\/uploads\/2022\/02\/QNDE_logo_RGB-gif.gif","contentUrl":"https:\/\/www.qnde.ca\/wp-content\/uploads\/2022\/02\/QNDE_logo_RGB-gif.gif","width":250,"height":64,"caption":"Quality NDT Ltd."},"image":{"@id":"https:\/\/www.qnde.ca\/#\/schema\/logo\/image\/"},"sameAs":["https:\/\/www.linkedin.com\/company\/qnde\/about\/?viewAsMember=true"]}]}},"jetpack_sharing_enabled":true,"_links":{"self":[{"href":"https:\/\/www.qnde.ca\/fr\/wp-json\/wp\/v2\/product\/12397","targetHints":{"allow":["GET"]}}],"collection":[{"href":"https:\/\/www.qnde.ca\/fr\/wp-json\/wp\/v2\/product"}],"about":[{"href":"https:\/\/www.qnde.ca\/fr\/wp-json\/wp\/v2\/types\/product"}],"wp:featuredmedia":[{"embeddable":true,"href":"https:\/\/www.qnde.ca\/fr\/wp-json\/wp\/v2\/media\/13744"}],"wp:attachment":[{"href":"https:\/\/www.qnde.ca\/fr\/wp-json\/wp\/v2\/media?parent=12397"}],"wp:term":[{"taxonomy":"product_brand","embeddable":true,"href":"https:\/\/www.qnde.ca\/fr\/wp-json\/wp\/v2\/product_brand?post=12397"},{"taxonomy":"product_cat","embeddable":true,"href":"https:\/\/www.qnde.ca\/fr\/wp-json\/wp\/v2\/product_cat?post=12397"},{"taxonomy":"product_tag","embeddable":true,"href":"https:\/\/www.qnde.ca\/fr\/wp-json\/wp\/v2\/product_tag?post=12397"}],"curies":[{"name":"wp","href":"https:\/\/api.w.org\/{rel}","templated":true}]}}