{"id":12389,"date":"2020-10-29T14:30:49","date_gmt":"2020-10-29T14:30:49","guid":{"rendered":"https:\/\/www.qnde.ca\/?post_type=product&#038;p=12389"},"modified":"2025-08-14T13:27:09","modified_gmt":"2025-08-14T17:27:09","slug":"sherwin-ko-17-penetrant-visible-haute-temperature-qnde-ndt","status":"publish","type":"product","link":"https:\/\/www.qnde.ca\/fr\/produit\/sherwin-ko-17-penetrant-visible-haute-temperature-qnde-ndt\/","title":{"rendered":"Sherwin KO-17, P\u00e9n\u00e9trant Visible Haute Temp\u00e9rature"},"content":{"rendered":"<h3><strong>Sherwin KO-17, P\u00e9n\u00e9trant Visible Haute Temp\u00e9rature<\/strong><\/h3>\n<p>P\u00e9n\u00e9trant visible pour haute temp\u00e9rature utilis\u00e9 pour trouver les d\u00e9fauts sur des pi\u00e8ces \u00e0 des temp\u00e9ratures allant jusqu\u2019\u00e0 350\u00baF (177\u00baC). Conforme aux exigences de faible teneur en soufres et halog\u00e8nes.<\/p>\n<ul>\n<li>KO-17: Sherwin KO-17, 16oz (473ml) canettes a\u00e9rosols (caisse de 9).<\/li>\n<li>KO-17-1GAL: Sherwin KO-17, 1gal (3.78L) cruche.<\/li>\n<li>KO-17-5GAL: Sherwin KO-17, 5gal (18.9L) chaudi\u00e8re.<\/li>\n<\/ul>\n","protected":false},"excerpt":{"rendered":"<p>Sherwin KO-17, P\u00e9n\u00e9trant Visible Haute Temp\u00e9rature P\u00e9n\u00e9trant visible pour haute temp\u00e9rature utilis\u00e9 pour trouver les d\u00e9fauts sur des pi\u00e8ces \u00e0 des temp\u00e9ratures allant jusqu\u2019\u00e0 350\u00baF (177\u00baC). Conforme aux exigences de faible teneur en soufres et halog\u00e8nes. KO-17: Sherwin KO-17, 16oz (473ml) canettes a\u00e9rosols (caisse de 9). KO-17-1GAL: Sherwin KO-17, 1gal (3.78L) cruche. KO-17-5GAL: Sherwin KO-17, [&hellip;]<\/p>\n","protected":false},"featured_media":13741,"template":"","meta":{"_monsterinsights_skip_tracking":false,"_monsterinsights_sitenote_active":false,"_monsterinsights_sitenote_note":"","_monsterinsights_sitenote_category":0},"product_brand":[],"product_cat":[402,119],"product_tag":[],"class_list":{"0":"post-12389","1":"product","2":"type-product","3":"status-publish","4":"has-post-thumbnail","6":"product_cat-autres-marques","7":"product_cat-penetrants-visibles","9":"first","10":"instock","11":"shipping-taxable","12":"purchasable","13":"product-type-variable"},"yoast_head":"<!-- This site is optimized with the Yoast SEO plugin v23.9 - https:\/\/yoast.com\/wordpress\/plugins\/seo\/ -->\n<title>Sherwin KO-17, P\u00e9n\u00e9trant Visible Haute Temp\u00e9rature &#060; Qualit\u00e9 NDE<\/title>\n<meta name=\"description\" content=\"Sherwin KO-17, p\u00e9n\u00e9trant visible pour haute temp\u00e9rature utilis\u00e9 pour trouver les d\u00e9fauts sur des pi\u00e8ces \u00e0 des temp\u00e9ratures allant jusqu\u2019\u00e0 350\u00baF (177\u00baC).\" \/>\n<meta name=\"robots\" content=\"index, follow, max-snippet:-1, max-image-preview:large, max-video-preview:-1\" \/>\n<link rel=\"canonical\" href=\"https:\/\/www.qnde.ca\/fr\/produit\/sherwin-ko-17-penetrant-visible-haute-temperature-qnde-ndt\/\" \/>\n<meta name=\"twitter:label1\" content=\"Dur\u00e9e de lecture estim\u00e9e\" \/>\n\t<meta name=\"twitter:data1\" content=\"1 minute\" \/>\n<script type=\"application\/ld+json\" class=\"yoast-schema-graph\">{\"@context\":\"https:\/\/schema.org\",\"@graph\":[{\"@type\":[\"WebPage\",\"ItemPage\"],\"@id\":\"https:\/\/www.qnde.ca\/fr\/produit\/sherwin-ko-17-penetrant-visible-haute-temperature-qnde-ndt\/\",\"url\":\"https:\/\/www.qnde.ca\/fr\/produit\/sherwin-ko-17-penetrant-visible-haute-temperature-qnde-ndt\/\",\"name\":\"Sherwin KO-17, P\u00e9n\u00e9trant Visible Haute Temp\u00e9rature &#060; Qualit\u00e9 NDE\",\"isPartOf\":{\"@id\":\"https:\/\/www.qnde.ca\/#website\"},\"primaryImageOfPage\":{\"@id\":\"https:\/\/www.qnde.ca\/fr\/produit\/sherwin-ko-17-penetrant-visible-haute-temperature-qnde-ndt\/#primaryimage\"},\"image\":{\"@id\":\"https:\/\/www.qnde.ca\/fr\/produit\/sherwin-ko-17-penetrant-visible-haute-temperature-qnde-ndt\/#primaryimage\"},\"thumbnailUrl\":\"https:\/\/www.qnde.ca\/wp-content\/uploads\/2021\/02\/Sherwin-KO-17-Sold-by-case-of-9-scaled-e1612536134246-scaled.jpg\",\"datePublished\":\"2020-10-29T14:30:49+00:00\",\"dateModified\":\"2025-08-14T17:27:09+00:00\",\"description\":\"Sherwin KO-17, p\u00e9n\u00e9trant visible pour haute temp\u00e9rature utilis\u00e9 pour trouver les d\u00e9fauts sur des pi\u00e8ces \u00e0 des temp\u00e9ratures allant jusqu\u2019\u00e0 350\u00baF (177\u00baC).\",\"breadcrumb\":{\"@id\":\"https:\/\/www.qnde.ca\/fr\/produit\/sherwin-ko-17-penetrant-visible-haute-temperature-qnde-ndt\/#breadcrumb\"},\"inLanguage\":\"fr-FR\",\"potentialAction\":[{\"@type\":\"ReadAction\",\"target\":[\"https:\/\/www.qnde.ca\/fr\/produit\/sherwin-ko-17-penetrant-visible-haute-temperature-qnde-ndt\/\"]}]},{\"@type\":\"ImageObject\",\"inLanguage\":\"fr-FR\",\"@id\":\"https:\/\/www.qnde.ca\/fr\/produit\/sherwin-ko-17-penetrant-visible-haute-temperature-qnde-ndt\/#primaryimage\",\"url\":\"https:\/\/www.qnde.ca\/wp-content\/uploads\/2021\/02\/Sherwin-KO-17-Sold-by-case-of-9-scaled-e1612536134246-scaled.jpg\",\"contentUrl\":\"https:\/\/www.qnde.ca\/wp-content\/uploads\/2021\/02\/Sherwin-KO-17-Sold-by-case-of-9-scaled-e1612536134246-scaled.jpg\",\"width\":1371,\"height\":2048},{\"@type\":\"BreadcrumbList\",\"@id\":\"https:\/\/www.qnde.ca\/fr\/produit\/sherwin-ko-17-penetrant-visible-haute-temperature-qnde-ndt\/#breadcrumb\",\"itemListElement\":[{\"@type\":\"ListItem\",\"position\":1,\"name\":\"Accueil\",\"item\":\"https:\/\/www.qnde.ca\/fr\/\"},{\"@type\":\"ListItem\",\"position\":2,\"name\":\"Produits\",\"item\":\"https:\/\/www.qnde.ca\/fr\/produits\/\"},{\"@type\":\"ListItem\",\"position\":3,\"name\":\"Ressuage\",\"item\":\"https:\/\/www.qnde.ca\/fr\/product-category\/ressuage\/\"},{\"@type\":\"ListItem\",\"position\":4,\"name\":\"P\u00e9n\u00e9trants Visibles\",\"item\":\"https:\/\/www.qnde.ca\/fr\/product-category\/ressuage\/penetrants-visibles\/\"},{\"@type\":\"ListItem\",\"position\":5,\"name\":\"Sherwin KO-17, P\u00e9n\u00e9trant Visible Haute Temp\u00e9rature\"}]},{\"@type\":\"WebSite\",\"@id\":\"https:\/\/www.qnde.ca\/#website\",\"url\":\"https:\/\/www.qnde.ca\/\",\"name\":\"Qualit\u00e9 NDE\",\"description\":\"\u00c9quipements d&#039;essais non destructifs \",\"publisher\":{\"@id\":\"https:\/\/www.qnde.ca\/#organization\"},\"potentialAction\":[{\"@type\":\"SearchAction\",\"target\":{\"@type\":\"EntryPoint\",\"urlTemplate\":\"https:\/\/www.qnde.ca\/?s={search_term_string}\"},\"query-input\":{\"@type\":\"PropertyValueSpecification\",\"valueRequired\":true,\"valueName\":\"search_term_string\"}}],\"inLanguage\":\"fr-FR\"},{\"@type\":\"Organization\",\"@id\":\"https:\/\/www.qnde.ca\/#organization\",\"name\":\"Quality NDT Ltd.\",\"url\":\"https:\/\/www.qnde.ca\/\",\"logo\":{\"@type\":\"ImageObject\",\"inLanguage\":\"fr-FR\",\"@id\":\"https:\/\/www.qnde.ca\/#\/schema\/logo\/image\/\",\"url\":\"https:\/\/www.qnde.ca\/wp-content\/uploads\/2022\/02\/QNDE_logo_RGB-gif.gif\",\"contentUrl\":\"https:\/\/www.qnde.ca\/wp-content\/uploads\/2022\/02\/QNDE_logo_RGB-gif.gif\",\"width\":250,\"height\":64,\"caption\":\"Quality NDT Ltd.\"},\"image\":{\"@id\":\"https:\/\/www.qnde.ca\/#\/schema\/logo\/image\/\"},\"sameAs\":[\"https:\/\/www.linkedin.com\/company\/qnde\/about\/?viewAsMember=true\"]}]}<\/script>\n<!-- \/ Yoast SEO plugin. -->","yoast_head_json":{"title":"Sherwin KO-17, P\u00e9n\u00e9trant Visible Haute Temp\u00e9rature &#060; Qualit\u00e9 NDE","description":"Sherwin KO-17, p\u00e9n\u00e9trant visible pour haute temp\u00e9rature utilis\u00e9 pour trouver les d\u00e9fauts sur des pi\u00e8ces \u00e0 des temp\u00e9ratures allant jusqu\u2019\u00e0 350\u00baF (177\u00baC).","robots":{"index":"index","follow":"follow","max-snippet":"max-snippet:-1","max-image-preview":"max-image-preview:large","max-video-preview":"max-video-preview:-1"},"canonical":"https:\/\/www.qnde.ca\/fr\/produit\/sherwin-ko-17-penetrant-visible-haute-temperature-qnde-ndt\/","twitter_misc":{"Dur\u00e9e de lecture estim\u00e9e":"1 minute"},"schema":{"@context":"https:\/\/schema.org","@graph":[{"@type":["WebPage","ItemPage"],"@id":"https:\/\/www.qnde.ca\/fr\/produit\/sherwin-ko-17-penetrant-visible-haute-temperature-qnde-ndt\/","url":"https:\/\/www.qnde.ca\/fr\/produit\/sherwin-ko-17-penetrant-visible-haute-temperature-qnde-ndt\/","name":"Sherwin KO-17, P\u00e9n\u00e9trant Visible Haute Temp\u00e9rature &#060; Qualit\u00e9 NDE","isPartOf":{"@id":"https:\/\/www.qnde.ca\/#website"},"primaryImageOfPage":{"@id":"https:\/\/www.qnde.ca\/fr\/produit\/sherwin-ko-17-penetrant-visible-haute-temperature-qnde-ndt\/#primaryimage"},"image":{"@id":"https:\/\/www.qnde.ca\/fr\/produit\/sherwin-ko-17-penetrant-visible-haute-temperature-qnde-ndt\/#primaryimage"},"thumbnailUrl":"https:\/\/www.qnde.ca\/wp-content\/uploads\/2021\/02\/Sherwin-KO-17-Sold-by-case-of-9-scaled-e1612536134246-scaled.jpg","datePublished":"2020-10-29T14:30:49+00:00","dateModified":"2025-08-14T17:27:09+00:00","description":"Sherwin KO-17, p\u00e9n\u00e9trant visible pour haute temp\u00e9rature utilis\u00e9 pour trouver les d\u00e9fauts sur des pi\u00e8ces \u00e0 des temp\u00e9ratures allant jusqu\u2019\u00e0 350\u00baF (177\u00baC).","breadcrumb":{"@id":"https:\/\/www.qnde.ca\/fr\/produit\/sherwin-ko-17-penetrant-visible-haute-temperature-qnde-ndt\/#breadcrumb"},"inLanguage":"fr-FR","potentialAction":[{"@type":"ReadAction","target":["https:\/\/www.qnde.ca\/fr\/produit\/sherwin-ko-17-penetrant-visible-haute-temperature-qnde-ndt\/"]}]},{"@type":"ImageObject","inLanguage":"fr-FR","@id":"https:\/\/www.qnde.ca\/fr\/produit\/sherwin-ko-17-penetrant-visible-haute-temperature-qnde-ndt\/#primaryimage","url":"https:\/\/www.qnde.ca\/wp-content\/uploads\/2021\/02\/Sherwin-KO-17-Sold-by-case-of-9-scaled-e1612536134246-scaled.jpg","contentUrl":"https:\/\/www.qnde.ca\/wp-content\/uploads\/2021\/02\/Sherwin-KO-17-Sold-by-case-of-9-scaled-e1612536134246-scaled.jpg","width":1371,"height":2048},{"@type":"BreadcrumbList","@id":"https:\/\/www.qnde.ca\/fr\/produit\/sherwin-ko-17-penetrant-visible-haute-temperature-qnde-ndt\/#breadcrumb","itemListElement":[{"@type":"ListItem","position":1,"name":"Accueil","item":"https:\/\/www.qnde.ca\/fr\/"},{"@type":"ListItem","position":2,"name":"Produits","item":"https:\/\/www.qnde.ca\/fr\/produits\/"},{"@type":"ListItem","position":3,"name":"Ressuage","item":"https:\/\/www.qnde.ca\/fr\/product-category\/ressuage\/"},{"@type":"ListItem","position":4,"name":"P\u00e9n\u00e9trants Visibles","item":"https:\/\/www.qnde.ca\/fr\/product-category\/ressuage\/penetrants-visibles\/"},{"@type":"ListItem","position":5,"name":"Sherwin KO-17, P\u00e9n\u00e9trant Visible Haute Temp\u00e9rature"}]},{"@type":"WebSite","@id":"https:\/\/www.qnde.ca\/#website","url":"https:\/\/www.qnde.ca\/","name":"Qualit\u00e9 NDE","description":"\u00c9quipements d&#039;essais non destructifs ","publisher":{"@id":"https:\/\/www.qnde.ca\/#organization"},"potentialAction":[{"@type":"SearchAction","target":{"@type":"EntryPoint","urlTemplate":"https:\/\/www.qnde.ca\/?s={search_term_string}"},"query-input":{"@type":"PropertyValueSpecification","valueRequired":true,"valueName":"search_term_string"}}],"inLanguage":"fr-FR"},{"@type":"Organization","@id":"https:\/\/www.qnde.ca\/#organization","name":"Quality NDT Ltd.","url":"https:\/\/www.qnde.ca\/","logo":{"@type":"ImageObject","inLanguage":"fr-FR","@id":"https:\/\/www.qnde.ca\/#\/schema\/logo\/image\/","url":"https:\/\/www.qnde.ca\/wp-content\/uploads\/2022\/02\/QNDE_logo_RGB-gif.gif","contentUrl":"https:\/\/www.qnde.ca\/wp-content\/uploads\/2022\/02\/QNDE_logo_RGB-gif.gif","width":250,"height":64,"caption":"Quality NDT Ltd."},"image":{"@id":"https:\/\/www.qnde.ca\/#\/schema\/logo\/image\/"},"sameAs":["https:\/\/www.linkedin.com\/company\/qnde\/about\/?viewAsMember=true"]}]}},"jetpack_sharing_enabled":true,"_links":{"self":[{"href":"https:\/\/www.qnde.ca\/fr\/wp-json\/wp\/v2\/product\/12389","targetHints":{"allow":["GET"]}}],"collection":[{"href":"https:\/\/www.qnde.ca\/fr\/wp-json\/wp\/v2\/product"}],"about":[{"href":"https:\/\/www.qnde.ca\/fr\/wp-json\/wp\/v2\/types\/product"}],"wp:featuredmedia":[{"embeddable":true,"href":"https:\/\/www.qnde.ca\/fr\/wp-json\/wp\/v2\/media\/13741"}],"wp:attachment":[{"href":"https:\/\/www.qnde.ca\/fr\/wp-json\/wp\/v2\/media?parent=12389"}],"wp:term":[{"taxonomy":"product_brand","embeddable":true,"href":"https:\/\/www.qnde.ca\/fr\/wp-json\/wp\/v2\/product_brand?post=12389"},{"taxonomy":"product_cat","embeddable":true,"href":"https:\/\/www.qnde.ca\/fr\/wp-json\/wp\/v2\/product_cat?post=12389"},{"taxonomy":"product_tag","embeddable":true,"href":"https:\/\/www.qnde.ca\/fr\/wp-json\/wp\/v2\/product_tag?post=12389"}],"curies":[{"name":"wp","href":"https:\/\/api.w.org\/{rel}","templated":true}]}}