{"id":12037,"date":"2019-12-16T18:58:30","date_gmt":"2019-12-16T18:58:30","guid":{"rendered":"https:\/\/www.qnde.ca\/?post_type=product&#038;p=12037"},"modified":"2025-06-18T10:35:06","modified_gmt":"2025-06-18T14:35:06","slug":"fsm-2-fr","status":"publish","type":"product","link":"https:\/\/www.qnde.ca\/fr\/produit\/fsm-2-fr\/","title":{"rendered":"Magnaflux, Gaussm\u00e8tre Num\u00e9rique FSM-2"},"content":{"rendered":"<h3><strong>Magnaflux, Gaussm\u00e8tre Num\u00e9rique FSM-2<\/strong><\/h3>\n<p>Appareil de mesure de l\u2019effet \u00ab\u00a0Hall\u00a0\u00bb, pour mesurer la force du champ magn\u00e9tique dans une pi\u00e8ce magn\u00e9tis\u00e9e ou d\u00e9magn\u00e9tis\u00e9e.<\/p>\n<ul>\n<li>133033: Gaussm\u00e8tre num\u00e9rique Magnaflux FSM-2 livr\u00e9 avec sonde tangentielle 133039, batteries 9V, chambre z\u00e9ro gauss et valise de transport.<\/li>\n<li>5180: Gaussm\u00e8tre num\u00e9rique 5180 livr\u00e9 avec une sonde transversale de 10.1cm (4&Prime;) STD18-0404, chambre z\u00e9ro gauss YA-111, batteries AA, adaptateur d&rsquo;alimentation AC, valise rigide de transport et certificat d&rsquo;\u00e9talonnage.<\/li>\n<li>5170: Gaussm\u00e8tre num\u00e9rique 5170 livr\u00e9 avec une sonde transversale de 10.1cm\u00a0(4&Prime;) STD18-0404, chambre z\u00e9ro gauss YA-111, batteries AA, adaptateur d&rsquo;alimentation AC, valise rigide de transport et certificat d&rsquo;\u00e9talonnage.<\/li>\n<\/ul>\n","protected":false},"excerpt":{"rendered":"<p>Magnaflux, Gaussm\u00e8tre Num\u00e9rique FSM-2 Appareil de mesure de l\u2019effet \u00ab\u00a0Hall\u00a0\u00bb, pour mesurer la force du champ magn\u00e9tique dans une pi\u00e8ce magn\u00e9tis\u00e9e ou d\u00e9magn\u00e9tis\u00e9e. 133033: Gaussm\u00e8tre num\u00e9rique Magnaflux FSM-2 livr\u00e9 avec sonde tangentielle 133039, batteries 9V, chambre z\u00e9ro gauss et valise de transport. 5180: Gaussm\u00e8tre num\u00e9rique 5180 livr\u00e9 avec une sonde transversale de 10.1cm (4&Prime;) STD18-0404, [&hellip;]<\/p>\n","protected":false},"featured_media":12043,"template":"","meta":{"_monsterinsights_skip_tracking":false,"_monsterinsights_sitenote_active":false,"_monsterinsights_sitenote_note":"","_monsterinsights_sitenote_category":0},"product_brand":[],"product_cat":[369,134],"product_tag":[],"class_list":{"0":"post-12037","1":"product","2":"type-product","3":"status-publish","4":"has-post-thumbnail","6":"product_cat-magnaflux-fr","7":"product_cat-accessoires-magnetoscopie","9":"first","10":"instock","11":"shipping-taxable","12":"purchasable","13":"product-type-variable"},"yoast_head":"<!-- This site is optimized with the Yoast SEO plugin v23.9 - https:\/\/yoast.com\/wordpress\/plugins\/seo\/ -->\n<title>Magnaflux, Gaussm\u00e8tre Num\u00e9rique FSM-2 &#060; Qualit\u00e9 NDE<\/title>\n<meta name=\"description\" content=\"Magnaflux - Appareil de mesure de l\u2019effet \u00ab\u00a0Hall\u00a0\u00bb, pour mesurer la force du champ magn\u00e9tique dans une pi\u00e8ce magn\u00e9tis\u00e9e ou d\u00e9magn\u00e9tis\u00e9e.\" \/>\n<meta name=\"robots\" content=\"index, follow, max-snippet:-1, max-image-preview:large, max-video-preview:-1\" \/>\n<link rel=\"canonical\" href=\"https:\/\/www.qnde.ca\/fr\/produit\/fsm-2-fr\/\" \/>\n<meta name=\"twitter:label1\" content=\"Dur\u00e9e de lecture estim\u00e9e\" \/>\n\t<meta name=\"twitter:data1\" content=\"1 minute\" \/>\n<script type=\"application\/ld+json\" class=\"yoast-schema-graph\">{\"@context\":\"https:\/\/schema.org\",\"@graph\":[{\"@type\":[\"WebPage\",\"ItemPage\"],\"@id\":\"https:\/\/www.qnde.ca\/fr\/produit\/fsm-2-fr\/\",\"url\":\"https:\/\/www.qnde.ca\/fr\/produit\/fsm-2-fr\/\",\"name\":\"Magnaflux, Gaussm\u00e8tre Num\u00e9rique FSM-2 &#060; Qualit\u00e9 NDE\",\"isPartOf\":{\"@id\":\"https:\/\/www.qnde.ca\/#website\"},\"primaryImageOfPage\":{\"@id\":\"https:\/\/www.qnde.ca\/fr\/produit\/fsm-2-fr\/#primaryimage\"},\"image\":{\"@id\":\"https:\/\/www.qnde.ca\/fr\/produit\/fsm-2-fr\/#primaryimage\"},\"thumbnailUrl\":\"https:\/\/www.qnde.ca\/wp-content\/uploads\/2019\/12\/FSM2_Magnaflux_sq.jpg\",\"datePublished\":\"2019-12-16T18:58:30+00:00\",\"dateModified\":\"2025-06-18T14:35:06+00:00\",\"description\":\"Magnaflux - Appareil de mesure de l\u2019effet \u00ab\u00a0Hall\u00a0\u00bb, pour mesurer la force du champ magn\u00e9tique dans une pi\u00e8ce magn\u00e9tis\u00e9e ou d\u00e9magn\u00e9tis\u00e9e.\",\"breadcrumb\":{\"@id\":\"https:\/\/www.qnde.ca\/fr\/produit\/fsm-2-fr\/#breadcrumb\"},\"inLanguage\":\"fr-FR\",\"potentialAction\":[{\"@type\":\"ReadAction\",\"target\":[\"https:\/\/www.qnde.ca\/fr\/produit\/fsm-2-fr\/\"]}]},{\"@type\":\"ImageObject\",\"inLanguage\":\"fr-FR\",\"@id\":\"https:\/\/www.qnde.ca\/fr\/produit\/fsm-2-fr\/#primaryimage\",\"url\":\"https:\/\/www.qnde.ca\/wp-content\/uploads\/2019\/12\/FSM2_Magnaflux_sq.jpg\",\"contentUrl\":\"https:\/\/www.qnde.ca\/wp-content\/uploads\/2019\/12\/FSM2_Magnaflux_sq.jpg\",\"width\":609,\"height\":609,\"caption\":\"Magnaflux, Gaussm\u00e8tre Num\u00e9rique\"},{\"@type\":\"BreadcrumbList\",\"@id\":\"https:\/\/www.qnde.ca\/fr\/produit\/fsm-2-fr\/#breadcrumb\",\"itemListElement\":[{\"@type\":\"ListItem\",\"position\":1,\"name\":\"Accueil\",\"item\":\"https:\/\/www.qnde.ca\/fr\/\"},{\"@type\":\"ListItem\",\"position\":2,\"name\":\"Produits\",\"item\":\"https:\/\/www.qnde.ca\/fr\/produits\/\"},{\"@type\":\"ListItem\",\"position\":3,\"name\":\"Magn\u00e9toscopie\",\"item\":\"https:\/\/www.qnde.ca\/fr\/product-category\/magnetoscopie\/\"},{\"@type\":\"ListItem\",\"position\":4,\"name\":\"Accessoires\",\"item\":\"https:\/\/www.qnde.ca\/fr\/product-category\/magnetoscopie\/accessoires-magnetoscopie\/\"},{\"@type\":\"ListItem\",\"position\":5,\"name\":\"Magnaflux, Gaussm\u00e8tre Num\u00e9rique FSM-2\"}]},{\"@type\":\"WebSite\",\"@id\":\"https:\/\/www.qnde.ca\/#website\",\"url\":\"https:\/\/www.qnde.ca\/\",\"name\":\"Qualit\u00e9 NDE\",\"description\":\"\u00c9quipements d&#039;essais non destructifs \",\"publisher\":{\"@id\":\"https:\/\/www.qnde.ca\/#organization\"},\"potentialAction\":[{\"@type\":\"SearchAction\",\"target\":{\"@type\":\"EntryPoint\",\"urlTemplate\":\"https:\/\/www.qnde.ca\/?s={search_term_string}\"},\"query-input\":{\"@type\":\"PropertyValueSpecification\",\"valueRequired\":true,\"valueName\":\"search_term_string\"}}],\"inLanguage\":\"fr-FR\"},{\"@type\":\"Organization\",\"@id\":\"https:\/\/www.qnde.ca\/#organization\",\"name\":\"Quality NDT Ltd.\",\"url\":\"https:\/\/www.qnde.ca\/\",\"logo\":{\"@type\":\"ImageObject\",\"inLanguage\":\"fr-FR\",\"@id\":\"https:\/\/www.qnde.ca\/#\/schema\/logo\/image\/\",\"url\":\"https:\/\/www.qnde.ca\/wp-content\/uploads\/2022\/02\/QNDE_logo_RGB-gif.gif\",\"contentUrl\":\"https:\/\/www.qnde.ca\/wp-content\/uploads\/2022\/02\/QNDE_logo_RGB-gif.gif\",\"width\":250,\"height\":64,\"caption\":\"Quality NDT Ltd.\"},\"image\":{\"@id\":\"https:\/\/www.qnde.ca\/#\/schema\/logo\/image\/\"},\"sameAs\":[\"https:\/\/www.linkedin.com\/company\/qnde\/about\/?viewAsMember=true\"]}]}<\/script>\n<!-- \/ Yoast SEO plugin. -->","yoast_head_json":{"title":"Magnaflux, Gaussm\u00e8tre Num\u00e9rique FSM-2 &#060; Qualit\u00e9 NDE","description":"Magnaflux - Appareil de mesure de l\u2019effet \u00ab\u00a0Hall\u00a0\u00bb, pour mesurer la force du champ magn\u00e9tique dans une pi\u00e8ce magn\u00e9tis\u00e9e ou d\u00e9magn\u00e9tis\u00e9e.","robots":{"index":"index","follow":"follow","max-snippet":"max-snippet:-1","max-image-preview":"max-image-preview:large","max-video-preview":"max-video-preview:-1"},"canonical":"https:\/\/www.qnde.ca\/fr\/produit\/fsm-2-fr\/","twitter_misc":{"Dur\u00e9e de lecture estim\u00e9e":"1 minute"},"schema":{"@context":"https:\/\/schema.org","@graph":[{"@type":["WebPage","ItemPage"],"@id":"https:\/\/www.qnde.ca\/fr\/produit\/fsm-2-fr\/","url":"https:\/\/www.qnde.ca\/fr\/produit\/fsm-2-fr\/","name":"Magnaflux, Gaussm\u00e8tre Num\u00e9rique FSM-2 &#060; Qualit\u00e9 NDE","isPartOf":{"@id":"https:\/\/www.qnde.ca\/#website"},"primaryImageOfPage":{"@id":"https:\/\/www.qnde.ca\/fr\/produit\/fsm-2-fr\/#primaryimage"},"image":{"@id":"https:\/\/www.qnde.ca\/fr\/produit\/fsm-2-fr\/#primaryimage"},"thumbnailUrl":"https:\/\/www.qnde.ca\/wp-content\/uploads\/2019\/12\/FSM2_Magnaflux_sq.jpg","datePublished":"2019-12-16T18:58:30+00:00","dateModified":"2025-06-18T14:35:06+00:00","description":"Magnaflux - Appareil de mesure de l\u2019effet \u00ab\u00a0Hall\u00a0\u00bb, pour mesurer la force du champ magn\u00e9tique dans une pi\u00e8ce magn\u00e9tis\u00e9e ou d\u00e9magn\u00e9tis\u00e9e.","breadcrumb":{"@id":"https:\/\/www.qnde.ca\/fr\/produit\/fsm-2-fr\/#breadcrumb"},"inLanguage":"fr-FR","potentialAction":[{"@type":"ReadAction","target":["https:\/\/www.qnde.ca\/fr\/produit\/fsm-2-fr\/"]}]},{"@type":"ImageObject","inLanguage":"fr-FR","@id":"https:\/\/www.qnde.ca\/fr\/produit\/fsm-2-fr\/#primaryimage","url":"https:\/\/www.qnde.ca\/wp-content\/uploads\/2019\/12\/FSM2_Magnaflux_sq.jpg","contentUrl":"https:\/\/www.qnde.ca\/wp-content\/uploads\/2019\/12\/FSM2_Magnaflux_sq.jpg","width":609,"height":609,"caption":"Magnaflux, Gaussm\u00e8tre Num\u00e9rique"},{"@type":"BreadcrumbList","@id":"https:\/\/www.qnde.ca\/fr\/produit\/fsm-2-fr\/#breadcrumb","itemListElement":[{"@type":"ListItem","position":1,"name":"Accueil","item":"https:\/\/www.qnde.ca\/fr\/"},{"@type":"ListItem","position":2,"name":"Produits","item":"https:\/\/www.qnde.ca\/fr\/produits\/"},{"@type":"ListItem","position":3,"name":"Magn\u00e9toscopie","item":"https:\/\/www.qnde.ca\/fr\/product-category\/magnetoscopie\/"},{"@type":"ListItem","position":4,"name":"Accessoires","item":"https:\/\/www.qnde.ca\/fr\/product-category\/magnetoscopie\/accessoires-magnetoscopie\/"},{"@type":"ListItem","position":5,"name":"Magnaflux, Gaussm\u00e8tre Num\u00e9rique FSM-2"}]},{"@type":"WebSite","@id":"https:\/\/www.qnde.ca\/#website","url":"https:\/\/www.qnde.ca\/","name":"Qualit\u00e9 NDE","description":"\u00c9quipements d&#039;essais non destructifs ","publisher":{"@id":"https:\/\/www.qnde.ca\/#organization"},"potentialAction":[{"@type":"SearchAction","target":{"@type":"EntryPoint","urlTemplate":"https:\/\/www.qnde.ca\/?s={search_term_string}"},"query-input":{"@type":"PropertyValueSpecification","valueRequired":true,"valueName":"search_term_string"}}],"inLanguage":"fr-FR"},{"@type":"Organization","@id":"https:\/\/www.qnde.ca\/#organization","name":"Quality NDT Ltd.","url":"https:\/\/www.qnde.ca\/","logo":{"@type":"ImageObject","inLanguage":"fr-FR","@id":"https:\/\/www.qnde.ca\/#\/schema\/logo\/image\/","url":"https:\/\/www.qnde.ca\/wp-content\/uploads\/2022\/02\/QNDE_logo_RGB-gif.gif","contentUrl":"https:\/\/www.qnde.ca\/wp-content\/uploads\/2022\/02\/QNDE_logo_RGB-gif.gif","width":250,"height":64,"caption":"Quality NDT Ltd."},"image":{"@id":"https:\/\/www.qnde.ca\/#\/schema\/logo\/image\/"},"sameAs":["https:\/\/www.linkedin.com\/company\/qnde\/about\/?viewAsMember=true"]}]}},"jetpack_sharing_enabled":true,"_links":{"self":[{"href":"https:\/\/www.qnde.ca\/fr\/wp-json\/wp\/v2\/product\/12037","targetHints":{"allow":["GET"]}}],"collection":[{"href":"https:\/\/www.qnde.ca\/fr\/wp-json\/wp\/v2\/product"}],"about":[{"href":"https:\/\/www.qnde.ca\/fr\/wp-json\/wp\/v2\/types\/product"}],"wp:featuredmedia":[{"embeddable":true,"href":"https:\/\/www.qnde.ca\/fr\/wp-json\/wp\/v2\/media\/12043"}],"wp:attachment":[{"href":"https:\/\/www.qnde.ca\/fr\/wp-json\/wp\/v2\/media?parent=12037"}],"wp:term":[{"taxonomy":"product_brand","embeddable":true,"href":"https:\/\/www.qnde.ca\/fr\/wp-json\/wp\/v2\/product_brand?post=12037"},{"taxonomy":"product_cat","embeddable":true,"href":"https:\/\/www.qnde.ca\/fr\/wp-json\/wp\/v2\/product_cat?post=12037"},{"taxonomy":"product_tag","embeddable":true,"href":"https:\/\/www.qnde.ca\/fr\/wp-json\/wp\/v2\/product_tag?post=12037"}],"curies":[{"name":"wp","href":"https:\/\/api.w.org\/{rel}","templated":true}]}}