{"id":11997,"date":"2019-12-16T15:29:14","date_gmt":"2019-12-16T15:29:14","guid":{"rendered":"https:\/\/www.qnde.ca\/?post_type=product&#038;p=11997"},"modified":"2025-06-13T08:33:40","modified_gmt":"2025-06-13T12:33:40","slug":"bande-indicateur-flux-magnetique","status":"publish","type":"product","link":"https:\/\/www.qnde.ca\/fr\/produit\/bande-indicateur-flux-magnetique\/","title":{"rendered":"Parker Bande Indicateur de Champ Magn\u00e9tique"},"content":{"rendered":"<h3><strong>Parker Bande Indicateur de Champ Magn\u00e9tique<\/strong><\/h3>\n<p>Bandes flexibles lamin\u00e9es r\u00e9utilisables pour v\u00e9rifier la direction et la force relative des champs magn\u00e9tiques. Les bandes d&rsquo;usage g\u00e9n\u00e9ral (Bhurma-Castrol Type 1) contiennent trois encoches internes dans la bande d&rsquo;acier: 0.0075\u201d (191\u00b5m) \/ 0.009\u201d (229\u00b5m) \/ 0.010\u201d (254\u00b5m).<\/p>\n<ul>\n<li>MG01: Bandes d&rsquo;indicateurs de champs magn\u00e9tiques r\u00e9utilisables, type 1, g\u00e9n\u00e9ral.<\/li>\n<li>MG02: Bandes d&rsquo;indicateurs de champs magn\u00e9tiques r\u00e9utilisables, type 2, a\u00e9rospatial.<\/li>\n<\/ul>\n","protected":false},"excerpt":{"rendered":"<p>Parker Bande Indicateur de Champ Magn\u00e9tique Bandes flexibles lamin\u00e9es r\u00e9utilisables pour v\u00e9rifier la direction et la force relative des champs magn\u00e9tiques. Les bandes d&rsquo;usage g\u00e9n\u00e9ral (Bhurma-Castrol Type 1) contiennent trois encoches internes dans la bande d&rsquo;acier: 0.0075\u201d (191\u00b5m) \/ 0.009\u201d (229\u00b5m) \/ 0.010\u201d (254\u00b5m). MG01: Bandes d&rsquo;indicateurs de champs magn\u00e9tiques r\u00e9utilisables, type 1, g\u00e9n\u00e9ral. MG02: [&hellip;]<\/p>\n","protected":false},"featured_media":11998,"template":"","meta":{"_monsterinsights_skip_tracking":false,"_monsterinsights_sitenote_active":false,"_monsterinsights_sitenote_note":"","_monsterinsights_sitenote_category":0},"product_brand":[],"product_cat":[395,134],"product_tag":[],"class_list":{"0":"post-11997","1":"product","2":"type-product","3":"status-publish","4":"has-post-thumbnail","6":"product_cat-parker-research-fr","7":"product_cat-accessoires-magnetoscopie","9":"first","10":"instock","11":"shipping-taxable","12":"purchasable","13":"product-type-variable"},"yoast_head":"<!-- This site is optimized with the Yoast SEO plugin v23.9 - https:\/\/yoast.com\/wordpress\/plugins\/seo\/ -->\n<title>Parker Bande Indicateur de Champ Magn\u00e9tique &#060; Qualit\u00e9 NDE<\/title>\n<meta name=\"description\" content=\"Bandes flexibles lamin\u00e9es r\u00e9utilisables pour v\u00e9rifier la direction et la force relative des champs magn\u00e9tiques, disponible pour general ou aerospatiale\" \/>\n<meta name=\"robots\" content=\"index, follow, max-snippet:-1, max-image-preview:large, max-video-preview:-1\" \/>\n<link rel=\"canonical\" href=\"https:\/\/www.qnde.ca\/fr\/produit\/bande-indicateur-flux-magnetique\/\" \/>\n<meta name=\"twitter:label1\" content=\"Dur\u00e9e de lecture estim\u00e9e\" \/>\n\t<meta name=\"twitter:data1\" content=\"1 minute\" \/>\n<script type=\"application\/ld+json\" class=\"yoast-schema-graph\">{\"@context\":\"https:\/\/schema.org\",\"@graph\":[{\"@type\":[\"WebPage\",\"ItemPage\"],\"@id\":\"https:\/\/www.qnde.ca\/fr\/produit\/bande-indicateur-flux-magnetique\/\",\"url\":\"https:\/\/www.qnde.ca\/fr\/produit\/bande-indicateur-flux-magnetique\/\",\"name\":\"Parker Bande Indicateur de Champ Magn\u00e9tique &#060; Qualit\u00e9 NDE\",\"isPartOf\":{\"@id\":\"https:\/\/www.qnde.ca\/#website\"},\"primaryImageOfPage\":{\"@id\":\"https:\/\/www.qnde.ca\/fr\/produit\/bande-indicateur-flux-magnetique\/#primaryimage\"},\"image\":{\"@id\":\"https:\/\/www.qnde.ca\/fr\/produit\/bande-indicateur-flux-magnetique\/#primaryimage\"},\"thumbnailUrl\":\"https:\/\/www.qnde.ca\/wp-content\/uploads\/2019\/12\/MG01-Bande-magn\u00e9tique-flux.jpg\",\"datePublished\":\"2019-12-16T15:29:14+00:00\",\"dateModified\":\"2025-06-13T12:33:40+00:00\",\"description\":\"Bandes flexibles lamin\u00e9es r\u00e9utilisables pour v\u00e9rifier la direction et la force relative des champs magn\u00e9tiques, disponible pour general ou aerospatiale\",\"breadcrumb\":{\"@id\":\"https:\/\/www.qnde.ca\/fr\/produit\/bande-indicateur-flux-magnetique\/#breadcrumb\"},\"inLanguage\":\"fr-FR\",\"potentialAction\":[{\"@type\":\"ReadAction\",\"target\":[\"https:\/\/www.qnde.ca\/fr\/produit\/bande-indicateur-flux-magnetique\/\"]}]},{\"@type\":\"ImageObject\",\"inLanguage\":\"fr-FR\",\"@id\":\"https:\/\/www.qnde.ca\/fr\/produit\/bande-indicateur-flux-magnetique\/#primaryimage\",\"url\":\"https:\/\/www.qnde.ca\/wp-content\/uploads\/2019\/12\/MG01-Bande-magn\u00e9tique-flux.jpg\",\"contentUrl\":\"https:\/\/www.qnde.ca\/wp-content\/uploads\/2019\/12\/MG01-Bande-magn\u00e9tique-flux.jpg\",\"width\":2023,\"height\":1640,\"caption\":\"MG01 Ensemble Bande indicateur champ magnetique type 1\"},{\"@type\":\"BreadcrumbList\",\"@id\":\"https:\/\/www.qnde.ca\/fr\/produit\/bande-indicateur-flux-magnetique\/#breadcrumb\",\"itemListElement\":[{\"@type\":\"ListItem\",\"position\":1,\"name\":\"Accueil\",\"item\":\"https:\/\/www.qnde.ca\/fr\/\"},{\"@type\":\"ListItem\",\"position\":2,\"name\":\"Produits\",\"item\":\"https:\/\/www.qnde.ca\/fr\/produits\/\"},{\"@type\":\"ListItem\",\"position\":3,\"name\":\"Magn\u00e9toscopie\",\"item\":\"https:\/\/www.qnde.ca\/fr\/product-category\/magnetoscopie\/\"},{\"@type\":\"ListItem\",\"position\":4,\"name\":\"Accessoires\",\"item\":\"https:\/\/www.qnde.ca\/fr\/product-category\/magnetoscopie\/accessoires-magnetoscopie\/\"},{\"@type\":\"ListItem\",\"position\":5,\"name\":\"Parker Bande Indicateur de Champ Magn\u00e9tique\"}]},{\"@type\":\"WebSite\",\"@id\":\"https:\/\/www.qnde.ca\/#website\",\"url\":\"https:\/\/www.qnde.ca\/\",\"name\":\"Qualit\u00e9 NDE\",\"description\":\"\u00c9quipements d&#039;essais non destructifs \",\"publisher\":{\"@id\":\"https:\/\/www.qnde.ca\/#organization\"},\"potentialAction\":[{\"@type\":\"SearchAction\",\"target\":{\"@type\":\"EntryPoint\",\"urlTemplate\":\"https:\/\/www.qnde.ca\/?s={search_term_string}\"},\"query-input\":{\"@type\":\"PropertyValueSpecification\",\"valueRequired\":true,\"valueName\":\"search_term_string\"}}],\"inLanguage\":\"fr-FR\"},{\"@type\":\"Organization\",\"@id\":\"https:\/\/www.qnde.ca\/#organization\",\"name\":\"Quality NDT Ltd.\",\"url\":\"https:\/\/www.qnde.ca\/\",\"logo\":{\"@type\":\"ImageObject\",\"inLanguage\":\"fr-FR\",\"@id\":\"https:\/\/www.qnde.ca\/#\/schema\/logo\/image\/\",\"url\":\"https:\/\/www.qnde.ca\/wp-content\/uploads\/2022\/02\/QNDE_logo_RGB-gif.gif\",\"contentUrl\":\"https:\/\/www.qnde.ca\/wp-content\/uploads\/2022\/02\/QNDE_logo_RGB-gif.gif\",\"width\":250,\"height\":64,\"caption\":\"Quality NDT Ltd.\"},\"image\":{\"@id\":\"https:\/\/www.qnde.ca\/#\/schema\/logo\/image\/\"},\"sameAs\":[\"https:\/\/www.linkedin.com\/company\/qnde\/about\/?viewAsMember=true\"]}]}<\/script>\n<!-- \/ Yoast SEO plugin. -->","yoast_head_json":{"title":"Parker Bande Indicateur de Champ Magn\u00e9tique &#060; Qualit\u00e9 NDE","description":"Bandes flexibles lamin\u00e9es r\u00e9utilisables pour v\u00e9rifier la direction et la force relative des champs magn\u00e9tiques, disponible pour general ou aerospatiale","robots":{"index":"index","follow":"follow","max-snippet":"max-snippet:-1","max-image-preview":"max-image-preview:large","max-video-preview":"max-video-preview:-1"},"canonical":"https:\/\/www.qnde.ca\/fr\/produit\/bande-indicateur-flux-magnetique\/","twitter_misc":{"Dur\u00e9e de lecture estim\u00e9e":"1 minute"},"schema":{"@context":"https:\/\/schema.org","@graph":[{"@type":["WebPage","ItemPage"],"@id":"https:\/\/www.qnde.ca\/fr\/produit\/bande-indicateur-flux-magnetique\/","url":"https:\/\/www.qnde.ca\/fr\/produit\/bande-indicateur-flux-magnetique\/","name":"Parker Bande Indicateur de Champ Magn\u00e9tique &#060; Qualit\u00e9 NDE","isPartOf":{"@id":"https:\/\/www.qnde.ca\/#website"},"primaryImageOfPage":{"@id":"https:\/\/www.qnde.ca\/fr\/produit\/bande-indicateur-flux-magnetique\/#primaryimage"},"image":{"@id":"https:\/\/www.qnde.ca\/fr\/produit\/bande-indicateur-flux-magnetique\/#primaryimage"},"thumbnailUrl":"https:\/\/www.qnde.ca\/wp-content\/uploads\/2019\/12\/MG01-Bande-magn\u00e9tique-flux.jpg","datePublished":"2019-12-16T15:29:14+00:00","dateModified":"2025-06-13T12:33:40+00:00","description":"Bandes flexibles lamin\u00e9es r\u00e9utilisables pour v\u00e9rifier la direction et la force relative des champs magn\u00e9tiques, disponible pour general ou aerospatiale","breadcrumb":{"@id":"https:\/\/www.qnde.ca\/fr\/produit\/bande-indicateur-flux-magnetique\/#breadcrumb"},"inLanguage":"fr-FR","potentialAction":[{"@type":"ReadAction","target":["https:\/\/www.qnde.ca\/fr\/produit\/bande-indicateur-flux-magnetique\/"]}]},{"@type":"ImageObject","inLanguage":"fr-FR","@id":"https:\/\/www.qnde.ca\/fr\/produit\/bande-indicateur-flux-magnetique\/#primaryimage","url":"https:\/\/www.qnde.ca\/wp-content\/uploads\/2019\/12\/MG01-Bande-magn\u00e9tique-flux.jpg","contentUrl":"https:\/\/www.qnde.ca\/wp-content\/uploads\/2019\/12\/MG01-Bande-magn\u00e9tique-flux.jpg","width":2023,"height":1640,"caption":"MG01 Ensemble Bande indicateur champ magnetique type 1"},{"@type":"BreadcrumbList","@id":"https:\/\/www.qnde.ca\/fr\/produit\/bande-indicateur-flux-magnetique\/#breadcrumb","itemListElement":[{"@type":"ListItem","position":1,"name":"Accueil","item":"https:\/\/www.qnde.ca\/fr\/"},{"@type":"ListItem","position":2,"name":"Produits","item":"https:\/\/www.qnde.ca\/fr\/produits\/"},{"@type":"ListItem","position":3,"name":"Magn\u00e9toscopie","item":"https:\/\/www.qnde.ca\/fr\/product-category\/magnetoscopie\/"},{"@type":"ListItem","position":4,"name":"Accessoires","item":"https:\/\/www.qnde.ca\/fr\/product-category\/magnetoscopie\/accessoires-magnetoscopie\/"},{"@type":"ListItem","position":5,"name":"Parker Bande Indicateur de Champ Magn\u00e9tique"}]},{"@type":"WebSite","@id":"https:\/\/www.qnde.ca\/#website","url":"https:\/\/www.qnde.ca\/","name":"Qualit\u00e9 NDE","description":"\u00c9quipements d&#039;essais non destructifs ","publisher":{"@id":"https:\/\/www.qnde.ca\/#organization"},"potentialAction":[{"@type":"SearchAction","target":{"@type":"EntryPoint","urlTemplate":"https:\/\/www.qnde.ca\/?s={search_term_string}"},"query-input":{"@type":"PropertyValueSpecification","valueRequired":true,"valueName":"search_term_string"}}],"inLanguage":"fr-FR"},{"@type":"Organization","@id":"https:\/\/www.qnde.ca\/#organization","name":"Quality NDT Ltd.","url":"https:\/\/www.qnde.ca\/","logo":{"@type":"ImageObject","inLanguage":"fr-FR","@id":"https:\/\/www.qnde.ca\/#\/schema\/logo\/image\/","url":"https:\/\/www.qnde.ca\/wp-content\/uploads\/2022\/02\/QNDE_logo_RGB-gif.gif","contentUrl":"https:\/\/www.qnde.ca\/wp-content\/uploads\/2022\/02\/QNDE_logo_RGB-gif.gif","width":250,"height":64,"caption":"Quality NDT Ltd."},"image":{"@id":"https:\/\/www.qnde.ca\/#\/schema\/logo\/image\/"},"sameAs":["https:\/\/www.linkedin.com\/company\/qnde\/about\/?viewAsMember=true"]}]}},"jetpack_sharing_enabled":true,"_links":{"self":[{"href":"https:\/\/www.qnde.ca\/fr\/wp-json\/wp\/v2\/product\/11997","targetHints":{"allow":["GET"]}}],"collection":[{"href":"https:\/\/www.qnde.ca\/fr\/wp-json\/wp\/v2\/product"}],"about":[{"href":"https:\/\/www.qnde.ca\/fr\/wp-json\/wp\/v2\/types\/product"}],"wp:featuredmedia":[{"embeddable":true,"href":"https:\/\/www.qnde.ca\/fr\/wp-json\/wp\/v2\/media\/11998"}],"wp:attachment":[{"href":"https:\/\/www.qnde.ca\/fr\/wp-json\/wp\/v2\/media?parent=11997"}],"wp:term":[{"taxonomy":"product_brand","embeddable":true,"href":"https:\/\/www.qnde.ca\/fr\/wp-json\/wp\/v2\/product_brand?post=11997"},{"taxonomy":"product_cat","embeddable":true,"href":"https:\/\/www.qnde.ca\/fr\/wp-json\/wp\/v2\/product_cat?post=11997"},{"taxonomy":"product_tag","embeddable":true,"href":"https:\/\/www.qnde.ca\/fr\/wp-json\/wp\/v2\/product_tag?post=11997"}],"curies":[{"name":"wp","href":"https:\/\/api.w.org\/{rel}","templated":true}]}}