{"id":11946,"date":"2019-11-19T19:35:00","date_gmt":"2019-11-19T19:35:00","guid":{"rendered":"https:\/\/www.qnde.ca\/?post_type=product&#038;p=11946"},"modified":"2025-08-14T10:13:21","modified_gmt":"2025-08-14T14:13:21","slug":"ardrox-9d1b-revelateur","status":"publish","type":"product","link":"https:\/\/www.qnde.ca\/fr\/produit\/ardrox-9d1b-revelateur\/","title":{"rendered":"Ardrox 9D1B, R\u00e9v\u00e9lateur Non-Aqueux"},"content":{"rendered":"<h3><strong>Ardrox 9D<\/strong><strong>1B, R\u00e9v\u00e9lateur Non-Aqueux<\/strong><\/h3>\n<p>Poudre blanche inerte en suspension dans un solvant \u00e0 s\u00e9chage rapide. Faible teneur en soufre, halog\u00e8nes et m\u00e9taux alcalins. Peut-\u00eatre utilis\u00e9 avec les p\u00e9n\u00e9trants visibles ou fluorescents.<\/p>\n<ul>\n<li>9D1B -4: Ardrox 9D1B, 16oz (473ml) canette a\u00e9rosol (Caisse de 12).<\/li>\n<li>9D1B -1: Ardrox 9D1B, 5gal (18.9L) chaudi\u00e8re.<\/li>\n<\/ul>\n","protected":false},"excerpt":{"rendered":"<p>Ardrox 9D1B, R\u00e9v\u00e9lateur Non-Aqueux Poudre blanche inerte en suspension dans un solvant \u00e0 s\u00e9chage rapide. Faible teneur en soufre, halog\u00e8nes et m\u00e9taux alcalins. Peut-\u00eatre utilis\u00e9 avec les p\u00e9n\u00e9trants visibles ou fluorescents. 9D1B -4: Ardrox 9D1B, 16oz (473ml) canette a\u00e9rosol (Caisse de 12). 9D1B -1: Ardrox 9D1B, 5gal (18.9L) chaudi\u00e8re.<\/p>\n","protected":false},"featured_media":31936,"template":"","meta":{"_monsterinsights_skip_tracking":false,"_monsterinsights_sitenote_active":false,"_monsterinsights_sitenote_note":"","_monsterinsights_sitenote_category":0},"product_brand":[],"product_cat":[396,120,119],"product_tag":[],"class_list":{"0":"post-11946","1":"product","2":"type-product","3":"status-publish","4":"has-post-thumbnail","6":"product_cat-ardrox-fr","7":"product_cat-penetrants-fluorescents","8":"product_cat-penetrants-visibles","10":"first","11":"instock","12":"shipping-taxable","13":"purchasable","14":"product-type-variable"},"yoast_head":"<!-- This site is optimized with the Yoast SEO plugin v23.9 - https:\/\/yoast.com\/wordpress\/plugins\/seo\/ -->\n<title>Ardrox 9D1B, R\u00e9v\u00e9lateur Non-Aqueux &#060; Qualit\u00e9 NDE<\/title>\n<meta name=\"description\" content=\"Ardrox 95D1, r\u00e9v\u00e9lateur non-acqueux fait de poudre blanche inerte en suspension dans un solvant \u00e0 s\u00e9chage rapide. P\u00e9n\u00e9trants visibles ou fluorescents.\" \/>\n<meta name=\"robots\" content=\"index, follow, max-snippet:-1, max-image-preview:large, max-video-preview:-1\" \/>\n<link rel=\"canonical\" href=\"https:\/\/www.qnde.ca\/fr\/produit\/ardrox-9d1b-revelateur\/\" \/>\n<meta name=\"twitter:label1\" content=\"Dur\u00e9e de lecture estim\u00e9e\" \/>\n\t<meta name=\"twitter:data1\" content=\"1 minute\" \/>\n<script type=\"application\/ld+json\" class=\"yoast-schema-graph\">{\"@context\":\"https:\/\/schema.org\",\"@graph\":[{\"@type\":[\"WebPage\",\"ItemPage\"],\"@id\":\"https:\/\/www.qnde.ca\/fr\/produit\/ardrox-9d1b-revelateur\/\",\"url\":\"https:\/\/www.qnde.ca\/fr\/produit\/ardrox-9d1b-revelateur\/\",\"name\":\"Ardrox 9D1B, R\u00e9v\u00e9lateur Non-Aqueux &#060; Qualit\u00e9 NDE\",\"isPartOf\":{\"@id\":\"https:\/\/www.qnde.ca\/#website\"},\"primaryImageOfPage\":{\"@id\":\"https:\/\/www.qnde.ca\/fr\/produit\/ardrox-9d1b-revelateur\/#primaryimage\"},\"image\":{\"@id\":\"https:\/\/www.qnde.ca\/fr\/produit\/ardrox-9d1b-revelateur\/#primaryimage\"},\"thumbnailUrl\":\"https:\/\/www.qnde.ca\/wp-content\/uploads\/2020\/12\/Aerosol-can-Ardrox-9D1B-LR.png\",\"datePublished\":\"2019-11-19T19:35:00+00:00\",\"dateModified\":\"2025-08-14T14:13:21+00:00\",\"description\":\"Ardrox 95D1, r\u00e9v\u00e9lateur non-acqueux fait de poudre blanche inerte en suspension dans un solvant \u00e0 s\u00e9chage rapide. P\u00e9n\u00e9trants visibles ou fluorescents.\",\"breadcrumb\":{\"@id\":\"https:\/\/www.qnde.ca\/fr\/produit\/ardrox-9d1b-revelateur\/#breadcrumb\"},\"inLanguage\":\"fr-FR\",\"potentialAction\":[{\"@type\":\"ReadAction\",\"target\":[\"https:\/\/www.qnde.ca\/fr\/produit\/ardrox-9d1b-revelateur\/\"]}]},{\"@type\":\"ImageObject\",\"inLanguage\":\"fr-FR\",\"@id\":\"https:\/\/www.qnde.ca\/fr\/produit\/ardrox-9d1b-revelateur\/#primaryimage\",\"url\":\"https:\/\/www.qnde.ca\/wp-content\/uploads\/2020\/12\/Aerosol-can-Ardrox-9D1B-LR.png\",\"contentUrl\":\"https:\/\/www.qnde.ca\/wp-content\/uploads\/2020\/12\/Aerosol-can-Ardrox-9D1B-LR.png\",\"width\":447,\"height\":945,\"caption\":\"A can of Ardrox fluorescent aerosol spray paint on a white background.\"},{\"@type\":\"BreadcrumbList\",\"@id\":\"https:\/\/www.qnde.ca\/fr\/produit\/ardrox-9d1b-revelateur\/#breadcrumb\",\"itemListElement\":[{\"@type\":\"ListItem\",\"position\":1,\"name\":\"Accueil\",\"item\":\"https:\/\/www.qnde.ca\/fr\/\"},{\"@type\":\"ListItem\",\"position\":2,\"name\":\"Produits\",\"item\":\"https:\/\/www.qnde.ca\/fr\/produits\/\"},{\"@type\":\"ListItem\",\"position\":3,\"name\":\"Ressuage\",\"item\":\"https:\/\/www.qnde.ca\/fr\/product-category\/ressuage\/\"},{\"@type\":\"ListItem\",\"position\":4,\"name\":\"P\u00e9n\u00e9trants Visibles\",\"item\":\"https:\/\/www.qnde.ca\/fr\/product-category\/ressuage\/penetrants-visibles\/\"},{\"@type\":\"ListItem\",\"position\":5,\"name\":\"Ardrox 9D1B, R\u00e9v\u00e9lateur Non-Aqueux\"}]},{\"@type\":\"WebSite\",\"@id\":\"https:\/\/www.qnde.ca\/#website\",\"url\":\"https:\/\/www.qnde.ca\/\",\"name\":\"Qualit\u00e9 NDE\",\"description\":\"\u00c9quipements d&#039;essais non destructifs \",\"publisher\":{\"@id\":\"https:\/\/www.qnde.ca\/#organization\"},\"potentialAction\":[{\"@type\":\"SearchAction\",\"target\":{\"@type\":\"EntryPoint\",\"urlTemplate\":\"https:\/\/www.qnde.ca\/?s={search_term_string}\"},\"query-input\":{\"@type\":\"PropertyValueSpecification\",\"valueRequired\":true,\"valueName\":\"search_term_string\"}}],\"inLanguage\":\"fr-FR\"},{\"@type\":\"Organization\",\"@id\":\"https:\/\/www.qnde.ca\/#organization\",\"name\":\"Quality NDT Ltd.\",\"url\":\"https:\/\/www.qnde.ca\/\",\"logo\":{\"@type\":\"ImageObject\",\"inLanguage\":\"fr-FR\",\"@id\":\"https:\/\/www.qnde.ca\/#\/schema\/logo\/image\/\",\"url\":\"https:\/\/www.qnde.ca\/wp-content\/uploads\/2022\/02\/QNDE_logo_RGB-gif.gif\",\"contentUrl\":\"https:\/\/www.qnde.ca\/wp-content\/uploads\/2022\/02\/QNDE_logo_RGB-gif.gif\",\"width\":250,\"height\":64,\"caption\":\"Quality NDT Ltd.\"},\"image\":{\"@id\":\"https:\/\/www.qnde.ca\/#\/schema\/logo\/image\/\"},\"sameAs\":[\"https:\/\/www.linkedin.com\/company\/qnde\/about\/?viewAsMember=true\"]}]}<\/script>\n<!-- \/ Yoast SEO plugin. -->","yoast_head_json":{"title":"Ardrox 9D1B, R\u00e9v\u00e9lateur Non-Aqueux &#060; Qualit\u00e9 NDE","description":"Ardrox 95D1, r\u00e9v\u00e9lateur non-acqueux fait de poudre blanche inerte en suspension dans un solvant \u00e0 s\u00e9chage rapide. P\u00e9n\u00e9trants visibles ou fluorescents.","robots":{"index":"index","follow":"follow","max-snippet":"max-snippet:-1","max-image-preview":"max-image-preview:large","max-video-preview":"max-video-preview:-1"},"canonical":"https:\/\/www.qnde.ca\/fr\/produit\/ardrox-9d1b-revelateur\/","twitter_misc":{"Dur\u00e9e de lecture estim\u00e9e":"1 minute"},"schema":{"@context":"https:\/\/schema.org","@graph":[{"@type":["WebPage","ItemPage"],"@id":"https:\/\/www.qnde.ca\/fr\/produit\/ardrox-9d1b-revelateur\/","url":"https:\/\/www.qnde.ca\/fr\/produit\/ardrox-9d1b-revelateur\/","name":"Ardrox 9D1B, R\u00e9v\u00e9lateur Non-Aqueux &#060; Qualit\u00e9 NDE","isPartOf":{"@id":"https:\/\/www.qnde.ca\/#website"},"primaryImageOfPage":{"@id":"https:\/\/www.qnde.ca\/fr\/produit\/ardrox-9d1b-revelateur\/#primaryimage"},"image":{"@id":"https:\/\/www.qnde.ca\/fr\/produit\/ardrox-9d1b-revelateur\/#primaryimage"},"thumbnailUrl":"https:\/\/www.qnde.ca\/wp-content\/uploads\/2020\/12\/Aerosol-can-Ardrox-9D1B-LR.png","datePublished":"2019-11-19T19:35:00+00:00","dateModified":"2025-08-14T14:13:21+00:00","description":"Ardrox 95D1, r\u00e9v\u00e9lateur non-acqueux fait de poudre blanche inerte en suspension dans un solvant \u00e0 s\u00e9chage rapide. P\u00e9n\u00e9trants visibles ou fluorescents.","breadcrumb":{"@id":"https:\/\/www.qnde.ca\/fr\/produit\/ardrox-9d1b-revelateur\/#breadcrumb"},"inLanguage":"fr-FR","potentialAction":[{"@type":"ReadAction","target":["https:\/\/www.qnde.ca\/fr\/produit\/ardrox-9d1b-revelateur\/"]}]},{"@type":"ImageObject","inLanguage":"fr-FR","@id":"https:\/\/www.qnde.ca\/fr\/produit\/ardrox-9d1b-revelateur\/#primaryimage","url":"https:\/\/www.qnde.ca\/wp-content\/uploads\/2020\/12\/Aerosol-can-Ardrox-9D1B-LR.png","contentUrl":"https:\/\/www.qnde.ca\/wp-content\/uploads\/2020\/12\/Aerosol-can-Ardrox-9D1B-LR.png","width":447,"height":945,"caption":"A can of Ardrox fluorescent aerosol spray paint on a white background."},{"@type":"BreadcrumbList","@id":"https:\/\/www.qnde.ca\/fr\/produit\/ardrox-9d1b-revelateur\/#breadcrumb","itemListElement":[{"@type":"ListItem","position":1,"name":"Accueil","item":"https:\/\/www.qnde.ca\/fr\/"},{"@type":"ListItem","position":2,"name":"Produits","item":"https:\/\/www.qnde.ca\/fr\/produits\/"},{"@type":"ListItem","position":3,"name":"Ressuage","item":"https:\/\/www.qnde.ca\/fr\/product-category\/ressuage\/"},{"@type":"ListItem","position":4,"name":"P\u00e9n\u00e9trants Visibles","item":"https:\/\/www.qnde.ca\/fr\/product-category\/ressuage\/penetrants-visibles\/"},{"@type":"ListItem","position":5,"name":"Ardrox 9D1B, R\u00e9v\u00e9lateur Non-Aqueux"}]},{"@type":"WebSite","@id":"https:\/\/www.qnde.ca\/#website","url":"https:\/\/www.qnde.ca\/","name":"Qualit\u00e9 NDE","description":"\u00c9quipements d&#039;essais non destructifs ","publisher":{"@id":"https:\/\/www.qnde.ca\/#organization"},"potentialAction":[{"@type":"SearchAction","target":{"@type":"EntryPoint","urlTemplate":"https:\/\/www.qnde.ca\/?s={search_term_string}"},"query-input":{"@type":"PropertyValueSpecification","valueRequired":true,"valueName":"search_term_string"}}],"inLanguage":"fr-FR"},{"@type":"Organization","@id":"https:\/\/www.qnde.ca\/#organization","name":"Quality NDT Ltd.","url":"https:\/\/www.qnde.ca\/","logo":{"@type":"ImageObject","inLanguage":"fr-FR","@id":"https:\/\/www.qnde.ca\/#\/schema\/logo\/image\/","url":"https:\/\/www.qnde.ca\/wp-content\/uploads\/2022\/02\/QNDE_logo_RGB-gif.gif","contentUrl":"https:\/\/www.qnde.ca\/wp-content\/uploads\/2022\/02\/QNDE_logo_RGB-gif.gif","width":250,"height":64,"caption":"Quality NDT Ltd."},"image":{"@id":"https:\/\/www.qnde.ca\/#\/schema\/logo\/image\/"},"sameAs":["https:\/\/www.linkedin.com\/company\/qnde\/about\/?viewAsMember=true"]}]}},"jetpack_sharing_enabled":true,"_links":{"self":[{"href":"https:\/\/www.qnde.ca\/fr\/wp-json\/wp\/v2\/product\/11946","targetHints":{"allow":["GET"]}}],"collection":[{"href":"https:\/\/www.qnde.ca\/fr\/wp-json\/wp\/v2\/product"}],"about":[{"href":"https:\/\/www.qnde.ca\/fr\/wp-json\/wp\/v2\/types\/product"}],"wp:featuredmedia":[{"embeddable":true,"href":"https:\/\/www.qnde.ca\/fr\/wp-json\/wp\/v2\/media\/31936"}],"wp:attachment":[{"href":"https:\/\/www.qnde.ca\/fr\/wp-json\/wp\/v2\/media?parent=11946"}],"wp:term":[{"taxonomy":"product_brand","embeddable":true,"href":"https:\/\/www.qnde.ca\/fr\/wp-json\/wp\/v2\/product_brand?post=11946"},{"taxonomy":"product_cat","embeddable":true,"href":"https:\/\/www.qnde.ca\/fr\/wp-json\/wp\/v2\/product_cat?post=11946"},{"taxonomy":"product_tag","embeddable":true,"href":"https:\/\/www.qnde.ca\/fr\/wp-json\/wp\/v2\/product_tag?post=11946"}],"curies":[{"name":"wp","href":"https:\/\/api.w.org\/{rel}","templated":true}]}}