{"id":11472,"date":"2019-10-15T17:20:12","date_gmt":"2019-10-15T17:20:12","guid":{"rendered":"https:\/\/www.qnde.ca\/?post_type=product&#038;p=11472"},"modified":"2025-08-11T14:37:00","modified_gmt":"2025-08-11T18:37:00","slug":"rel-uv-guide-lumiere-liquide","status":"publish","type":"product","link":"https:\/\/www.qnde.ca\/fr\/produit\/rel-uv-guide-lumiere-liquide\/","title":{"rendered":"REL Magnum UV Guide Lumi\u00e8re Liquide"},"content":{"rendered":"<h3><strong>REL Magnum UV Guide Lumi\u00e8re Liquide<\/strong><\/h3>\n<p>R\u00e9sistant conduit de lumi\u00e8re UV flexible de 2m (78.5&Prime;) de longueur x 14mm (0,53&Prime;) de diam\u00e8tre. Il \u00e9claire un diam\u00e8tre de 10cm (4&Prime;) \u00e0 plus de 1,000 \u03bcW\/cm<sup>2<\/sup> \u00e0 18cm (7&Prime;).<\/p>\n<ul>\n<li>UV-2100: Conduit de lumi\u00e8re UV flexible REL Magnum.<\/li>\n<li>UV-2200: Conduit de lumi\u00e8re UV flexible REL Nomad \u00e0 batterie.<\/li>\n<li>UV-4010: Support articul\u00e9.<\/li>\n<li>UV-1100: Bras de table\/mur articul\u00e9.<\/li>\n<\/ul>\n","protected":false},"excerpt":{"rendered":"<p>REL Magnum UV Guide Lumi\u00e8re Liquide R\u00e9sistant conduit de lumi\u00e8re UV flexible de 2m (78.5&Prime;) de longueur x 14mm (0,53&Prime;) de diam\u00e8tre. Il \u00e9claire un diam\u00e8tre de 10cm (4&Prime;) \u00e0 plus de 1,000 \u03bcW\/cm2 \u00e0 18cm (7&Prime;). UV-2100: Conduit de lumi\u00e8re UV flexible REL Magnum. UV-2200: Conduit de lumi\u00e8re UV flexible REL Nomad \u00e0 batterie. [&hellip;]<\/p>\n","protected":false},"featured_media":11476,"template":"","meta":{"_monsterinsights_skip_tracking":false,"_monsterinsights_sitenote_active":false,"_monsterinsights_sitenote_note":"","_monsterinsights_sitenote_category":0},"product_brand":[],"product_cat":[397,151,133],"product_tag":[],"class_list":{"0":"post-11472","1":"product","2":"type-product","3":"status-publish","4":"has-post-thumbnail","6":"product_cat-rel-fr","7":"product_cat-sources-guides-lumieres","8":"product_cat-lampes-uv","10":"first","11":"instock","12":"shipping-taxable","13":"purchasable","14":"product-type-variable"},"yoast_head":"<!-- This site is optimized with the Yoast SEO plugin v23.9 - https:\/\/yoast.com\/wordpress\/plugins\/seo\/ -->\n<title>REL Magnum UV Guide Lumi\u00e8re Liquide &#060; Qualit\u00e9 NDE<\/title>\n<meta name=\"description\" content=\"Guide lumi\u00e8re UV REL Magnum, flexible et durable, 2\u202fm x 14\u202fmm. Illumine un diam\u00e8tre de 10\u202fcm \u00e0 plus de 1\u202f000\u202f\u03bcW\/cm\u00b2 \u00e0 18\u202fcm. Id\u00e9al pour inspection cibl\u00e9e.\" \/>\n<meta name=\"robots\" content=\"index, follow, max-snippet:-1, max-image-preview:large, max-video-preview:-1\" \/>\n<link rel=\"canonical\" href=\"https:\/\/www.qnde.ca\/fr\/produit\/rel-uv-guide-lumiere-liquide\/\" \/>\n<meta name=\"twitter:label1\" content=\"Dur\u00e9e de lecture estim\u00e9e\" \/>\n\t<meta name=\"twitter:data1\" content=\"1 minute\" \/>\n<script type=\"application\/ld+json\" class=\"yoast-schema-graph\">{\"@context\":\"https:\/\/schema.org\",\"@graph\":[{\"@type\":[\"WebPage\",\"ItemPage\"],\"@id\":\"https:\/\/www.qnde.ca\/fr\/produit\/rel-uv-guide-lumiere-liquide\/\",\"url\":\"https:\/\/www.qnde.ca\/fr\/produit\/rel-uv-guide-lumiere-liquide\/\",\"name\":\"REL Magnum UV Guide Lumi\u00e8re Liquide &#060; Qualit\u00e9 NDE\",\"isPartOf\":{\"@id\":\"https:\/\/www.qnde.ca\/#website\"},\"primaryImageOfPage\":{\"@id\":\"https:\/\/www.qnde.ca\/fr\/produit\/rel-uv-guide-lumiere-liquide\/#primaryimage\"},\"image\":{\"@id\":\"https:\/\/www.qnde.ca\/fr\/produit\/rel-uv-guide-lumiere-liquide\/#primaryimage\"},\"thumbnailUrl\":\"https:\/\/www.qnde.ca\/wp-content\/uploads\/2019\/10\/REL-LIQUID-NOMAD.png\",\"datePublished\":\"2019-10-15T17:20:12+00:00\",\"dateModified\":\"2025-08-11T18:37:00+00:00\",\"description\":\"Guide lumi\u00e8re UV REL Magnum, flexible et durable, 2\u202fm x 14\u202fmm. Illumine un diam\u00e8tre de 10\u202fcm \u00e0 plus de 1\u202f000\u202f\u03bcW\/cm\u00b2 \u00e0 18\u202fcm. Id\u00e9al pour inspection cibl\u00e9e.\",\"breadcrumb\":{\"@id\":\"https:\/\/www.qnde.ca\/fr\/produit\/rel-uv-guide-lumiere-liquide\/#breadcrumb\"},\"inLanguage\":\"fr-FR\",\"potentialAction\":[{\"@type\":\"ReadAction\",\"target\":[\"https:\/\/www.qnde.ca\/fr\/produit\/rel-uv-guide-lumiere-liquide\/\"]}]},{\"@type\":\"ImageObject\",\"inLanguage\":\"fr-FR\",\"@id\":\"https:\/\/www.qnde.ca\/fr\/produit\/rel-uv-guide-lumiere-liquide\/#primaryimage\",\"url\":\"https:\/\/www.qnde.ca\/wp-content\/uploads\/2019\/10\/REL-LIQUID-NOMAD.png\",\"contentUrl\":\"https:\/\/www.qnde.ca\/wp-content\/uploads\/2019\/10\/REL-LIQUID-NOMAD.png\",\"width\":766,\"height\":608},{\"@type\":\"BreadcrumbList\",\"@id\":\"https:\/\/www.qnde.ca\/fr\/produit\/rel-uv-guide-lumiere-liquide\/#breadcrumb\",\"itemListElement\":[{\"@type\":\"ListItem\",\"position\":1,\"name\":\"Accueil\",\"item\":\"https:\/\/www.qnde.ca\/fr\/\"},{\"@type\":\"ListItem\",\"position\":2,\"name\":\"Produits\",\"item\":\"https:\/\/www.qnde.ca\/fr\/produits\/\"},{\"@type\":\"ListItem\",\"position\":3,\"name\":\"Lampes UV\",\"item\":\"https:\/\/www.qnde.ca\/fr\/product-category\/lampes-uv\/\"},{\"@type\":\"ListItem\",\"position\":4,\"name\":\"REL Magnum UV Guide Lumi\u00e8re Liquide\"}]},{\"@type\":\"WebSite\",\"@id\":\"https:\/\/www.qnde.ca\/#website\",\"url\":\"https:\/\/www.qnde.ca\/\",\"name\":\"Qualit\u00e9 NDE\",\"description\":\"\u00c9quipements d&#039;essais non destructifs \",\"publisher\":{\"@id\":\"https:\/\/www.qnde.ca\/#organization\"},\"potentialAction\":[{\"@type\":\"SearchAction\",\"target\":{\"@type\":\"EntryPoint\",\"urlTemplate\":\"https:\/\/www.qnde.ca\/?s={search_term_string}\"},\"query-input\":{\"@type\":\"PropertyValueSpecification\",\"valueRequired\":true,\"valueName\":\"search_term_string\"}}],\"inLanguage\":\"fr-FR\"},{\"@type\":\"Organization\",\"@id\":\"https:\/\/www.qnde.ca\/#organization\",\"name\":\"Quality NDT Ltd.\",\"url\":\"https:\/\/www.qnde.ca\/\",\"logo\":{\"@type\":\"ImageObject\",\"inLanguage\":\"fr-FR\",\"@id\":\"https:\/\/www.qnde.ca\/#\/schema\/logo\/image\/\",\"url\":\"https:\/\/www.qnde.ca\/wp-content\/uploads\/2022\/02\/QNDE_logo_RGB-gif.gif\",\"contentUrl\":\"https:\/\/www.qnde.ca\/wp-content\/uploads\/2022\/02\/QNDE_logo_RGB-gif.gif\",\"width\":250,\"height\":64,\"caption\":\"Quality NDT Ltd.\"},\"image\":{\"@id\":\"https:\/\/www.qnde.ca\/#\/schema\/logo\/image\/\"},\"sameAs\":[\"https:\/\/www.linkedin.com\/company\/qnde\/about\/?viewAsMember=true\"]}]}<\/script>\n<!-- \/ Yoast SEO plugin. -->","yoast_head_json":{"title":"REL Magnum UV Guide Lumi\u00e8re Liquide &#060; Qualit\u00e9 NDE","description":"Guide lumi\u00e8re UV REL Magnum, flexible et durable, 2\u202fm x 14\u202fmm. Illumine un diam\u00e8tre de 10\u202fcm \u00e0 plus de 1\u202f000\u202f\u03bcW\/cm\u00b2 \u00e0 18\u202fcm. Id\u00e9al pour inspection cibl\u00e9e.","robots":{"index":"index","follow":"follow","max-snippet":"max-snippet:-1","max-image-preview":"max-image-preview:large","max-video-preview":"max-video-preview:-1"},"canonical":"https:\/\/www.qnde.ca\/fr\/produit\/rel-uv-guide-lumiere-liquide\/","twitter_misc":{"Dur\u00e9e de lecture estim\u00e9e":"1 minute"},"schema":{"@context":"https:\/\/schema.org","@graph":[{"@type":["WebPage","ItemPage"],"@id":"https:\/\/www.qnde.ca\/fr\/produit\/rel-uv-guide-lumiere-liquide\/","url":"https:\/\/www.qnde.ca\/fr\/produit\/rel-uv-guide-lumiere-liquide\/","name":"REL Magnum UV Guide Lumi\u00e8re Liquide &#060; Qualit\u00e9 NDE","isPartOf":{"@id":"https:\/\/www.qnde.ca\/#website"},"primaryImageOfPage":{"@id":"https:\/\/www.qnde.ca\/fr\/produit\/rel-uv-guide-lumiere-liquide\/#primaryimage"},"image":{"@id":"https:\/\/www.qnde.ca\/fr\/produit\/rel-uv-guide-lumiere-liquide\/#primaryimage"},"thumbnailUrl":"https:\/\/www.qnde.ca\/wp-content\/uploads\/2019\/10\/REL-LIQUID-NOMAD.png","datePublished":"2019-10-15T17:20:12+00:00","dateModified":"2025-08-11T18:37:00+00:00","description":"Guide lumi\u00e8re UV REL Magnum, flexible et durable, 2\u202fm x 14\u202fmm. Illumine un diam\u00e8tre de 10\u202fcm \u00e0 plus de 1\u202f000\u202f\u03bcW\/cm\u00b2 \u00e0 18\u202fcm. Id\u00e9al pour inspection cibl\u00e9e.","breadcrumb":{"@id":"https:\/\/www.qnde.ca\/fr\/produit\/rel-uv-guide-lumiere-liquide\/#breadcrumb"},"inLanguage":"fr-FR","potentialAction":[{"@type":"ReadAction","target":["https:\/\/www.qnde.ca\/fr\/produit\/rel-uv-guide-lumiere-liquide\/"]}]},{"@type":"ImageObject","inLanguage":"fr-FR","@id":"https:\/\/www.qnde.ca\/fr\/produit\/rel-uv-guide-lumiere-liquide\/#primaryimage","url":"https:\/\/www.qnde.ca\/wp-content\/uploads\/2019\/10\/REL-LIQUID-NOMAD.png","contentUrl":"https:\/\/www.qnde.ca\/wp-content\/uploads\/2019\/10\/REL-LIQUID-NOMAD.png","width":766,"height":608},{"@type":"BreadcrumbList","@id":"https:\/\/www.qnde.ca\/fr\/produit\/rel-uv-guide-lumiere-liquide\/#breadcrumb","itemListElement":[{"@type":"ListItem","position":1,"name":"Accueil","item":"https:\/\/www.qnde.ca\/fr\/"},{"@type":"ListItem","position":2,"name":"Produits","item":"https:\/\/www.qnde.ca\/fr\/produits\/"},{"@type":"ListItem","position":3,"name":"Lampes UV","item":"https:\/\/www.qnde.ca\/fr\/product-category\/lampes-uv\/"},{"@type":"ListItem","position":4,"name":"REL Magnum UV Guide Lumi\u00e8re Liquide"}]},{"@type":"WebSite","@id":"https:\/\/www.qnde.ca\/#website","url":"https:\/\/www.qnde.ca\/","name":"Qualit\u00e9 NDE","description":"\u00c9quipements d&#039;essais non destructifs ","publisher":{"@id":"https:\/\/www.qnde.ca\/#organization"},"potentialAction":[{"@type":"SearchAction","target":{"@type":"EntryPoint","urlTemplate":"https:\/\/www.qnde.ca\/?s={search_term_string}"},"query-input":{"@type":"PropertyValueSpecification","valueRequired":true,"valueName":"search_term_string"}}],"inLanguage":"fr-FR"},{"@type":"Organization","@id":"https:\/\/www.qnde.ca\/#organization","name":"Quality NDT Ltd.","url":"https:\/\/www.qnde.ca\/","logo":{"@type":"ImageObject","inLanguage":"fr-FR","@id":"https:\/\/www.qnde.ca\/#\/schema\/logo\/image\/","url":"https:\/\/www.qnde.ca\/wp-content\/uploads\/2022\/02\/QNDE_logo_RGB-gif.gif","contentUrl":"https:\/\/www.qnde.ca\/wp-content\/uploads\/2022\/02\/QNDE_logo_RGB-gif.gif","width":250,"height":64,"caption":"Quality NDT Ltd."},"image":{"@id":"https:\/\/www.qnde.ca\/#\/schema\/logo\/image\/"},"sameAs":["https:\/\/www.linkedin.com\/company\/qnde\/about\/?viewAsMember=true"]}]}},"jetpack_sharing_enabled":true,"_links":{"self":[{"href":"https:\/\/www.qnde.ca\/fr\/wp-json\/wp\/v2\/product\/11472","targetHints":{"allow":["GET"]}}],"collection":[{"href":"https:\/\/www.qnde.ca\/fr\/wp-json\/wp\/v2\/product"}],"about":[{"href":"https:\/\/www.qnde.ca\/fr\/wp-json\/wp\/v2\/types\/product"}],"wp:featuredmedia":[{"embeddable":true,"href":"https:\/\/www.qnde.ca\/fr\/wp-json\/wp\/v2\/media\/11476"}],"wp:attachment":[{"href":"https:\/\/www.qnde.ca\/fr\/wp-json\/wp\/v2\/media?parent=11472"}],"wp:term":[{"taxonomy":"product_brand","embeddable":true,"href":"https:\/\/www.qnde.ca\/fr\/wp-json\/wp\/v2\/product_brand?post=11472"},{"taxonomy":"product_cat","embeddable":true,"href":"https:\/\/www.qnde.ca\/fr\/wp-json\/wp\/v2\/product_cat?post=11472"},{"taxonomy":"product_tag","embeddable":true,"href":"https:\/\/www.qnde.ca\/fr\/wp-json\/wp\/v2\/product_tag?post=11472"}],"curies":[{"name":"wp","href":"https:\/\/api.w.org\/{rel}","templated":true}]}}