{"id":11464,"date":"2019-10-15T13:52:38","date_gmt":"2019-10-15T13:52:38","guid":{"rendered":"https:\/\/www.qnde.ca\/?post_type=product&#038;p=11464"},"modified":"2025-08-11T13:59:01","modified_gmt":"2025-08-11T17:59:01","slug":"ev6500-uva-del-blanche","status":"publish","type":"product","link":"https:\/\/www.qnde.ca\/fr\/produit\/ev6500-uva-del-blanche\/","title":{"rendered":"Magnaflux EV6500 Lampe DEL UV et Blanche"},"content":{"rendered":"<h3><strong>Magnaflux EV6500 Lampe DEL UV et Blanche<\/strong><\/h3>\n<p>L\u00e9g\u00e8re et compacte, elle dispose d\u2019un pare-chocs avant rempla\u00e7able et d\u2019un filtre UV.<\/p>\n<ul>\n<li>EV6500: 7,000 \u00b5W\/cm<sup>2<\/sup> \u00e0 38cm (15&Prime;). Minimum 1,000 \u00b5W\/cm<sup>2<\/sup> sur un diam\u00e8tre de 25cm (10&Prime;).<\/li>\n<li>EV6000: 5,000 \u00b5W\/cm<sup>2<\/sup> \u00e0 38cm (15&Prime;). Minimum 1,000 \u00b5W\/cm<sup>2<\/sup> sur un diam\u00e8tre de 23cm (9&Prime;). Certifi\u00e9s ASTM E3022-15 et RRES 90061.<\/li>\n<\/ul>\n","protected":false},"excerpt":{"rendered":"<p>Magnaflux EV6500 Lampe DEL UV et Blanche L\u00e9g\u00e8re et compacte, elle dispose d\u2019un pare-chocs avant rempla\u00e7able et d\u2019un filtre UV. EV6500: 7,000 \u00b5W\/cm2 \u00e0 38cm (15&Prime;). Minimum 1,000 \u00b5W\/cm2 sur un diam\u00e8tre de 25cm (10&Prime;). EV6000: 5,000 \u00b5W\/cm2 \u00e0 38cm (15&Prime;). Minimum 1,000 \u00b5W\/cm2 sur un diam\u00e8tre de 23cm (9&Prime;). Certifi\u00e9s ASTM E3022-15 et RRES [&hellip;]<\/p>\n","protected":false},"featured_media":11465,"template":"","meta":{"_monsterinsights_skip_tracking":false,"_monsterinsights_sitenote_active":false,"_monsterinsights_sitenote_note":"","_monsterinsights_sitenote_category":0},"product_brand":[],"product_cat":[369,133],"product_tag":[],"class_list":{"0":"post-11464","1":"product","2":"type-product","3":"status-publish","4":"has-post-thumbnail","6":"product_cat-magnaflux-fr","7":"product_cat-lampes-uv","9":"first","10":"instock","11":"shipping-taxable","12":"purchasable","13":"product-type-variable"},"yoast_head":"<!-- This site is optimized with the Yoast SEO plugin v23.9 - https:\/\/yoast.com\/wordpress\/plugins\/seo\/ -->\n<title>Magnaflux EV6500 Lampe DEL UV et Blanche &#060; Qualit\u00e9 NDE<\/title>\n<meta name=\"description\" content=\"DEL UV Magnaflux EV6500 l\u00e9g\u00e8re et compacte, intensit\u00e9 7,000 \u00b5W\/cm\u00b2 \u00e0 38 cm, filtre UV\/pare-chocs rempla\u00e7able, certifi\u00e9e ASTM E3022 pour inspections fiables.\" \/>\n<meta name=\"robots\" content=\"index, follow, max-snippet:-1, max-image-preview:large, max-video-preview:-1\" \/>\n<link rel=\"canonical\" href=\"https:\/\/www.qnde.ca\/fr\/produit\/ev6500-uva-del-blanche\/\" \/>\n<meta name=\"twitter:label1\" content=\"Dur\u00e9e de lecture estim\u00e9e\" \/>\n\t<meta name=\"twitter:data1\" content=\"1 minute\" \/>\n<script type=\"application\/ld+json\" class=\"yoast-schema-graph\">{\"@context\":\"https:\/\/schema.org\",\"@graph\":[{\"@type\":[\"WebPage\",\"ItemPage\"],\"@id\":\"https:\/\/www.qnde.ca\/fr\/produit\/ev6500-uva-del-blanche\/\",\"url\":\"https:\/\/www.qnde.ca\/fr\/produit\/ev6500-uva-del-blanche\/\",\"name\":\"Magnaflux EV6500 Lampe DEL UV et Blanche &#060; Qualit\u00e9 NDE\",\"isPartOf\":{\"@id\":\"https:\/\/www.qnde.ca\/#website\"},\"primaryImageOfPage\":{\"@id\":\"https:\/\/www.qnde.ca\/fr\/produit\/ev6500-uva-del-blanche\/#primaryimage\"},\"image\":{\"@id\":\"https:\/\/www.qnde.ca\/fr\/produit\/ev6500-uva-del-blanche\/#primaryimage\"},\"thumbnailUrl\":\"https:\/\/www.qnde.ca\/wp-content\/uploads\/2019\/10\/EV6500.jpg\",\"datePublished\":\"2019-10-15T13:52:38+00:00\",\"dateModified\":\"2025-08-11T17:59:01+00:00\",\"description\":\"DEL UV Magnaflux EV6500 l\u00e9g\u00e8re et compacte, intensit\u00e9 7,000 \u00b5W\/cm\u00b2 \u00e0 38 cm, filtre UV\/pare-chocs rempla\u00e7able, certifi\u00e9e ASTM E3022 pour inspections fiables.\",\"breadcrumb\":{\"@id\":\"https:\/\/www.qnde.ca\/fr\/produit\/ev6500-uva-del-blanche\/#breadcrumb\"},\"inLanguage\":\"fr-FR\",\"potentialAction\":[{\"@type\":\"ReadAction\",\"target\":[\"https:\/\/www.qnde.ca\/fr\/produit\/ev6500-uva-del-blanche\/\"]}]},{\"@type\":\"ImageObject\",\"inLanguage\":\"fr-FR\",\"@id\":\"https:\/\/www.qnde.ca\/fr\/produit\/ev6500-uva-del-blanche\/#primaryimage\",\"url\":\"https:\/\/www.qnde.ca\/wp-content\/uploads\/2019\/10\/EV6500.jpg\",\"contentUrl\":\"https:\/\/www.qnde.ca\/wp-content\/uploads\/2019\/10\/EV6500.jpg\",\"width\":2000,\"height\":2000},{\"@type\":\"BreadcrumbList\",\"@id\":\"https:\/\/www.qnde.ca\/fr\/produit\/ev6500-uva-del-blanche\/#breadcrumb\",\"itemListElement\":[{\"@type\":\"ListItem\",\"position\":1,\"name\":\"Accueil\",\"item\":\"https:\/\/www.qnde.ca\/fr\/\"},{\"@type\":\"ListItem\",\"position\":2,\"name\":\"Produits\",\"item\":\"https:\/\/www.qnde.ca\/fr\/produits\/\"},{\"@type\":\"ListItem\",\"position\":3,\"name\":\"Marques\",\"item\":\"https:\/\/www.qnde.ca\/fr\/product-category\/marques\/\"},{\"@type\":\"ListItem\",\"position\":4,\"name\":\"Magnaflux\",\"item\":\"https:\/\/www.qnde.ca\/fr\/product-category\/marques\/magnaflux-fr\/\"},{\"@type\":\"ListItem\",\"position\":5,\"name\":\"Magnaflux EV6500 Lampe DEL UV et Blanche\"}]},{\"@type\":\"WebSite\",\"@id\":\"https:\/\/www.qnde.ca\/#website\",\"url\":\"https:\/\/www.qnde.ca\/\",\"name\":\"Qualit\u00e9 NDE\",\"description\":\"\u00c9quipements d&#039;essais non destructifs \",\"publisher\":{\"@id\":\"https:\/\/www.qnde.ca\/#organization\"},\"potentialAction\":[{\"@type\":\"SearchAction\",\"target\":{\"@type\":\"EntryPoint\",\"urlTemplate\":\"https:\/\/www.qnde.ca\/?s={search_term_string}\"},\"query-input\":{\"@type\":\"PropertyValueSpecification\",\"valueRequired\":true,\"valueName\":\"search_term_string\"}}],\"inLanguage\":\"fr-FR\"},{\"@type\":\"Organization\",\"@id\":\"https:\/\/www.qnde.ca\/#organization\",\"name\":\"Quality NDT Ltd.\",\"url\":\"https:\/\/www.qnde.ca\/\",\"logo\":{\"@type\":\"ImageObject\",\"inLanguage\":\"fr-FR\",\"@id\":\"https:\/\/www.qnde.ca\/#\/schema\/logo\/image\/\",\"url\":\"https:\/\/www.qnde.ca\/wp-content\/uploads\/2022\/02\/QNDE_logo_RGB-gif.gif\",\"contentUrl\":\"https:\/\/www.qnde.ca\/wp-content\/uploads\/2022\/02\/QNDE_logo_RGB-gif.gif\",\"width\":250,\"height\":64,\"caption\":\"Quality NDT Ltd.\"},\"image\":{\"@id\":\"https:\/\/www.qnde.ca\/#\/schema\/logo\/image\/\"},\"sameAs\":[\"https:\/\/www.linkedin.com\/company\/qnde\/about\/?viewAsMember=true\"]}]}<\/script>\n<!-- \/ Yoast SEO plugin. -->","yoast_head_json":{"title":"Magnaflux EV6500 Lampe DEL UV et Blanche &#060; Qualit\u00e9 NDE","description":"DEL UV Magnaflux EV6500 l\u00e9g\u00e8re et compacte, intensit\u00e9 7,000 \u00b5W\/cm\u00b2 \u00e0 38 cm, filtre UV\/pare-chocs rempla\u00e7able, certifi\u00e9e ASTM E3022 pour inspections fiables.","robots":{"index":"index","follow":"follow","max-snippet":"max-snippet:-1","max-image-preview":"max-image-preview:large","max-video-preview":"max-video-preview:-1"},"canonical":"https:\/\/www.qnde.ca\/fr\/produit\/ev6500-uva-del-blanche\/","twitter_misc":{"Dur\u00e9e de lecture estim\u00e9e":"1 minute"},"schema":{"@context":"https:\/\/schema.org","@graph":[{"@type":["WebPage","ItemPage"],"@id":"https:\/\/www.qnde.ca\/fr\/produit\/ev6500-uva-del-blanche\/","url":"https:\/\/www.qnde.ca\/fr\/produit\/ev6500-uva-del-blanche\/","name":"Magnaflux EV6500 Lampe DEL UV et Blanche &#060; Qualit\u00e9 NDE","isPartOf":{"@id":"https:\/\/www.qnde.ca\/#website"},"primaryImageOfPage":{"@id":"https:\/\/www.qnde.ca\/fr\/produit\/ev6500-uva-del-blanche\/#primaryimage"},"image":{"@id":"https:\/\/www.qnde.ca\/fr\/produit\/ev6500-uva-del-blanche\/#primaryimage"},"thumbnailUrl":"https:\/\/www.qnde.ca\/wp-content\/uploads\/2019\/10\/EV6500.jpg","datePublished":"2019-10-15T13:52:38+00:00","dateModified":"2025-08-11T17:59:01+00:00","description":"DEL UV Magnaflux EV6500 l\u00e9g\u00e8re et compacte, intensit\u00e9 7,000 \u00b5W\/cm\u00b2 \u00e0 38 cm, filtre UV\/pare-chocs rempla\u00e7able, certifi\u00e9e ASTM E3022 pour inspections fiables.","breadcrumb":{"@id":"https:\/\/www.qnde.ca\/fr\/produit\/ev6500-uva-del-blanche\/#breadcrumb"},"inLanguage":"fr-FR","potentialAction":[{"@type":"ReadAction","target":["https:\/\/www.qnde.ca\/fr\/produit\/ev6500-uva-del-blanche\/"]}]},{"@type":"ImageObject","inLanguage":"fr-FR","@id":"https:\/\/www.qnde.ca\/fr\/produit\/ev6500-uva-del-blanche\/#primaryimage","url":"https:\/\/www.qnde.ca\/wp-content\/uploads\/2019\/10\/EV6500.jpg","contentUrl":"https:\/\/www.qnde.ca\/wp-content\/uploads\/2019\/10\/EV6500.jpg","width":2000,"height":2000},{"@type":"BreadcrumbList","@id":"https:\/\/www.qnde.ca\/fr\/produit\/ev6500-uva-del-blanche\/#breadcrumb","itemListElement":[{"@type":"ListItem","position":1,"name":"Accueil","item":"https:\/\/www.qnde.ca\/fr\/"},{"@type":"ListItem","position":2,"name":"Produits","item":"https:\/\/www.qnde.ca\/fr\/produits\/"},{"@type":"ListItem","position":3,"name":"Marques","item":"https:\/\/www.qnde.ca\/fr\/product-category\/marques\/"},{"@type":"ListItem","position":4,"name":"Magnaflux","item":"https:\/\/www.qnde.ca\/fr\/product-category\/marques\/magnaflux-fr\/"},{"@type":"ListItem","position":5,"name":"Magnaflux EV6500 Lampe DEL UV et Blanche"}]},{"@type":"WebSite","@id":"https:\/\/www.qnde.ca\/#website","url":"https:\/\/www.qnde.ca\/","name":"Qualit\u00e9 NDE","description":"\u00c9quipements d&#039;essais non destructifs ","publisher":{"@id":"https:\/\/www.qnde.ca\/#organization"},"potentialAction":[{"@type":"SearchAction","target":{"@type":"EntryPoint","urlTemplate":"https:\/\/www.qnde.ca\/?s={search_term_string}"},"query-input":{"@type":"PropertyValueSpecification","valueRequired":true,"valueName":"search_term_string"}}],"inLanguage":"fr-FR"},{"@type":"Organization","@id":"https:\/\/www.qnde.ca\/#organization","name":"Quality NDT Ltd.","url":"https:\/\/www.qnde.ca\/","logo":{"@type":"ImageObject","inLanguage":"fr-FR","@id":"https:\/\/www.qnde.ca\/#\/schema\/logo\/image\/","url":"https:\/\/www.qnde.ca\/wp-content\/uploads\/2022\/02\/QNDE_logo_RGB-gif.gif","contentUrl":"https:\/\/www.qnde.ca\/wp-content\/uploads\/2022\/02\/QNDE_logo_RGB-gif.gif","width":250,"height":64,"caption":"Quality NDT Ltd."},"image":{"@id":"https:\/\/www.qnde.ca\/#\/schema\/logo\/image\/"},"sameAs":["https:\/\/www.linkedin.com\/company\/qnde\/about\/?viewAsMember=true"]}]}},"jetpack_sharing_enabled":true,"_links":{"self":[{"href":"https:\/\/www.qnde.ca\/fr\/wp-json\/wp\/v2\/product\/11464","targetHints":{"allow":["GET"]}}],"collection":[{"href":"https:\/\/www.qnde.ca\/fr\/wp-json\/wp\/v2\/product"}],"about":[{"href":"https:\/\/www.qnde.ca\/fr\/wp-json\/wp\/v2\/types\/product"}],"wp:featuredmedia":[{"embeddable":true,"href":"https:\/\/www.qnde.ca\/fr\/wp-json\/wp\/v2\/media\/11465"}],"wp:attachment":[{"href":"https:\/\/www.qnde.ca\/fr\/wp-json\/wp\/v2\/media?parent=11464"}],"wp:term":[{"taxonomy":"product_brand","embeddable":true,"href":"https:\/\/www.qnde.ca\/fr\/wp-json\/wp\/v2\/product_brand?post=11464"},{"taxonomy":"product_cat","embeddable":true,"href":"https:\/\/www.qnde.ca\/fr\/wp-json\/wp\/v2\/product_cat?post=11464"},{"taxonomy":"product_tag","embeddable":true,"href":"https:\/\/www.qnde.ca\/fr\/wp-json\/wp\/v2\/product_tag?post=11464"}],"curies":[{"name":"wp","href":"https:\/\/api.w.org\/{rel}","templated":true}]}}