{"id":11451,"date":"2019-10-15T13:14:28","date_gmt":"2019-10-15T13:14:28","guid":{"rendered":"https:\/\/www.qnde.ca\/?post_type=product&#038;p=11451"},"modified":"2025-08-11T14:51:08","modified_gmt":"2025-08-11T18:51:08","slug":"rel-profusion-xw-uv-del","status":"publish","type":"product","link":"https:\/\/www.qnde.ca\/fr\/produit\/rel-profusion-xw-uv-del\/","title":{"rendered":"REL Profusion Lampe XW Lampe DEL UV"},"content":{"rendered":"<h3><strong>REL Profusion XW Lampe DEL UV<\/strong><\/h3>\n<p>Lampe extensible, imperm\u00e9able IP68. \u00c9claire un diam\u00e8tre de 46&Prime; (117cm) \u00e0 plus de 300 \u03bcW\/cm<sup>2<\/sup> \u00e0 108&Prime; (274cm) ou \u00e0 88&Prime; (224cm) de diam\u00e8tre \u00e0 plus de 100 \u03bcW\/cm<sup>2<\/sup> \u00e0 108&Prime; (274cm). Certifi\u00e9s ASTM E3022 et RRES 90061. 100 watt par lampe. Garantie de 2 ans.<\/p>\n<ul>\n<li>UV-4700: Lampe Profusion XW avec alimentation de 120\/240V &#8211; 50\/60Hz et support articul\u00e9 (UV-4010).<\/li>\n<li>UV-4010: Support articul\u00e9.<\/li>\n<li>UV-1100: Bras de table\/mur articul\u00e9.<\/li>\n<\/ul>\n","protected":false},"excerpt":{"rendered":"<p>REL Profusion XW Lampe DEL UV Lampe extensible, imperm\u00e9able IP68. \u00c9claire un diam\u00e8tre de 46&Prime; (117cm) \u00e0 plus de 300 \u03bcW\/cm2 \u00e0 108&Prime; (274cm) ou \u00e0 88&Prime; (224cm) de diam\u00e8tre \u00e0 plus de 100 \u03bcW\/cm2 \u00e0 108&Prime; (274cm). Certifi\u00e9s ASTM E3022 et RRES 90061. 100 watt par lampe. Garantie de 2 ans. UV-4700: Lampe Profusion [&hellip;]<\/p>\n","protected":false},"featured_media":11456,"template":"","meta":{"_monsterinsights_skip_tracking":false,"_monsterinsights_sitenote_active":false,"_monsterinsights_sitenote_note":"","_monsterinsights_sitenote_category":0},"product_brand":[],"product_cat":[397,133],"product_tag":[],"class_list":{"0":"post-11451","1":"product","2":"type-product","3":"status-publish","4":"has-post-thumbnail","6":"product_cat-rel-fr","7":"product_cat-lampes-uv","9":"first","10":"instock","11":"shipping-taxable","12":"purchasable","13":"product-type-variable"},"yoast_head":"<!-- This site is optimized with the Yoast SEO plugin v23.9 - https:\/\/yoast.com\/wordpress\/plugins\/seo\/ -->\n<title>REL Profusion Lampe XW Lampe DEL UV &#060; Qualit\u00e9 NDE<\/title>\n<meta name=\"description\" content=\"Lampe DEL UV Profusion XW 100W, IP68, \u00e9claire jusqu\u2019\u00e0 117 cm, certifi\u00e9e ASTM, avec support articul\u00e9. Garantie 2 ans.\" \/>\n<meta name=\"robots\" content=\"index, follow, max-snippet:-1, max-image-preview:large, max-video-preview:-1\" \/>\n<link rel=\"canonical\" href=\"https:\/\/www.qnde.ca\/fr\/produit\/rel-profusion-xw-uv-del\/\" \/>\n<meta name=\"twitter:label1\" content=\"Dur\u00e9e de lecture estim\u00e9e\" \/>\n\t<meta name=\"twitter:data1\" content=\"1 minute\" \/>\n<script type=\"application\/ld+json\" class=\"yoast-schema-graph\">{\"@context\":\"https:\/\/schema.org\",\"@graph\":[{\"@type\":[\"WebPage\",\"ItemPage\"],\"@id\":\"https:\/\/www.qnde.ca\/fr\/produit\/rel-profusion-xw-uv-del\/\",\"url\":\"https:\/\/www.qnde.ca\/fr\/produit\/rel-profusion-xw-uv-del\/\",\"name\":\"REL Profusion Lampe XW Lampe DEL UV &#060; Qualit\u00e9 NDE\",\"isPartOf\":{\"@id\":\"https:\/\/www.qnde.ca\/#website\"},\"primaryImageOfPage\":{\"@id\":\"https:\/\/www.qnde.ca\/fr\/produit\/rel-profusion-xw-uv-del\/#primaryimage\"},\"image\":{\"@id\":\"https:\/\/www.qnde.ca\/fr\/produit\/rel-profusion-xw-uv-del\/#primaryimage\"},\"thumbnailUrl\":\"https:\/\/www.qnde.ca\/wp-content\/uploads\/2019\/10\/REL-PROFUSION-XW.png\",\"datePublished\":\"2019-10-15T13:14:28+00:00\",\"dateModified\":\"2025-08-11T18:51:08+00:00\",\"description\":\"Lampe DEL UV Profusion XW 100W, IP68, \u00e9claire jusqu\u2019\u00e0 117 cm, certifi\u00e9e ASTM, avec support articul\u00e9. Garantie 2 ans.\",\"breadcrumb\":{\"@id\":\"https:\/\/www.qnde.ca\/fr\/produit\/rel-profusion-xw-uv-del\/#breadcrumb\"},\"inLanguage\":\"fr-FR\",\"potentialAction\":[{\"@type\":\"ReadAction\",\"target\":[\"https:\/\/www.qnde.ca\/fr\/produit\/rel-profusion-xw-uv-del\/\"]}]},{\"@type\":\"ImageObject\",\"inLanguage\":\"fr-FR\",\"@id\":\"https:\/\/www.qnde.ca\/fr\/produit\/rel-profusion-xw-uv-del\/#primaryimage\",\"url\":\"https:\/\/www.qnde.ca\/wp-content\/uploads\/2019\/10\/REL-PROFUSION-XW.png\",\"contentUrl\":\"https:\/\/www.qnde.ca\/wp-content\/uploads\/2019\/10\/REL-PROFUSION-XW.png\",\"width\":432,\"height\":729},{\"@type\":\"BreadcrumbList\",\"@id\":\"https:\/\/www.qnde.ca\/fr\/produit\/rel-profusion-xw-uv-del\/#breadcrumb\",\"itemListElement\":[{\"@type\":\"ListItem\",\"position\":1,\"name\":\"Accueil\",\"item\":\"https:\/\/www.qnde.ca\/fr\/\"},{\"@type\":\"ListItem\",\"position\":2,\"name\":\"Produits\",\"item\":\"https:\/\/www.qnde.ca\/fr\/produits\/\"},{\"@type\":\"ListItem\",\"position\":3,\"name\":\"Marques\",\"item\":\"https:\/\/www.qnde.ca\/fr\/product-category\/marques\/\"},{\"@type\":\"ListItem\",\"position\":4,\"name\":\"REL Inc.\",\"item\":\"https:\/\/www.qnde.ca\/fr\/product-category\/marques\/rel-fr\/\"},{\"@type\":\"ListItem\",\"position\":5,\"name\":\"REL Profusion Lampe XW Lampe DEL UV\"}]},{\"@type\":\"WebSite\",\"@id\":\"https:\/\/www.qnde.ca\/#website\",\"url\":\"https:\/\/www.qnde.ca\/\",\"name\":\"Qualit\u00e9 NDE\",\"description\":\"\u00c9quipements d&#039;essais non destructifs \",\"publisher\":{\"@id\":\"https:\/\/www.qnde.ca\/#organization\"},\"potentialAction\":[{\"@type\":\"SearchAction\",\"target\":{\"@type\":\"EntryPoint\",\"urlTemplate\":\"https:\/\/www.qnde.ca\/?s={search_term_string}\"},\"query-input\":{\"@type\":\"PropertyValueSpecification\",\"valueRequired\":true,\"valueName\":\"search_term_string\"}}],\"inLanguage\":\"fr-FR\"},{\"@type\":\"Organization\",\"@id\":\"https:\/\/www.qnde.ca\/#organization\",\"name\":\"Quality NDT Ltd.\",\"url\":\"https:\/\/www.qnde.ca\/\",\"logo\":{\"@type\":\"ImageObject\",\"inLanguage\":\"fr-FR\",\"@id\":\"https:\/\/www.qnde.ca\/#\/schema\/logo\/image\/\",\"url\":\"https:\/\/www.qnde.ca\/wp-content\/uploads\/2022\/02\/QNDE_logo_RGB-gif.gif\",\"contentUrl\":\"https:\/\/www.qnde.ca\/wp-content\/uploads\/2022\/02\/QNDE_logo_RGB-gif.gif\",\"width\":250,\"height\":64,\"caption\":\"Quality NDT Ltd.\"},\"image\":{\"@id\":\"https:\/\/www.qnde.ca\/#\/schema\/logo\/image\/\"},\"sameAs\":[\"https:\/\/www.linkedin.com\/company\/qnde\/about\/?viewAsMember=true\"]}]}<\/script>\n<!-- \/ Yoast SEO plugin. -->","yoast_head_json":{"title":"REL Profusion Lampe XW Lampe DEL UV &#060; Qualit\u00e9 NDE","description":"Lampe DEL UV Profusion XW 100W, IP68, \u00e9claire jusqu\u2019\u00e0 117 cm, certifi\u00e9e ASTM, avec support articul\u00e9. Garantie 2 ans.","robots":{"index":"index","follow":"follow","max-snippet":"max-snippet:-1","max-image-preview":"max-image-preview:large","max-video-preview":"max-video-preview:-1"},"canonical":"https:\/\/www.qnde.ca\/fr\/produit\/rel-profusion-xw-uv-del\/","twitter_misc":{"Dur\u00e9e de lecture estim\u00e9e":"1 minute"},"schema":{"@context":"https:\/\/schema.org","@graph":[{"@type":["WebPage","ItemPage"],"@id":"https:\/\/www.qnde.ca\/fr\/produit\/rel-profusion-xw-uv-del\/","url":"https:\/\/www.qnde.ca\/fr\/produit\/rel-profusion-xw-uv-del\/","name":"REL Profusion Lampe XW Lampe DEL UV &#060; Qualit\u00e9 NDE","isPartOf":{"@id":"https:\/\/www.qnde.ca\/#website"},"primaryImageOfPage":{"@id":"https:\/\/www.qnde.ca\/fr\/produit\/rel-profusion-xw-uv-del\/#primaryimage"},"image":{"@id":"https:\/\/www.qnde.ca\/fr\/produit\/rel-profusion-xw-uv-del\/#primaryimage"},"thumbnailUrl":"https:\/\/www.qnde.ca\/wp-content\/uploads\/2019\/10\/REL-PROFUSION-XW.png","datePublished":"2019-10-15T13:14:28+00:00","dateModified":"2025-08-11T18:51:08+00:00","description":"Lampe DEL UV Profusion XW 100W, IP68, \u00e9claire jusqu\u2019\u00e0 117 cm, certifi\u00e9e ASTM, avec support articul\u00e9. Garantie 2 ans.","breadcrumb":{"@id":"https:\/\/www.qnde.ca\/fr\/produit\/rel-profusion-xw-uv-del\/#breadcrumb"},"inLanguage":"fr-FR","potentialAction":[{"@type":"ReadAction","target":["https:\/\/www.qnde.ca\/fr\/produit\/rel-profusion-xw-uv-del\/"]}]},{"@type":"ImageObject","inLanguage":"fr-FR","@id":"https:\/\/www.qnde.ca\/fr\/produit\/rel-profusion-xw-uv-del\/#primaryimage","url":"https:\/\/www.qnde.ca\/wp-content\/uploads\/2019\/10\/REL-PROFUSION-XW.png","contentUrl":"https:\/\/www.qnde.ca\/wp-content\/uploads\/2019\/10\/REL-PROFUSION-XW.png","width":432,"height":729},{"@type":"BreadcrumbList","@id":"https:\/\/www.qnde.ca\/fr\/produit\/rel-profusion-xw-uv-del\/#breadcrumb","itemListElement":[{"@type":"ListItem","position":1,"name":"Accueil","item":"https:\/\/www.qnde.ca\/fr\/"},{"@type":"ListItem","position":2,"name":"Produits","item":"https:\/\/www.qnde.ca\/fr\/produits\/"},{"@type":"ListItem","position":3,"name":"Marques","item":"https:\/\/www.qnde.ca\/fr\/product-category\/marques\/"},{"@type":"ListItem","position":4,"name":"REL Inc.","item":"https:\/\/www.qnde.ca\/fr\/product-category\/marques\/rel-fr\/"},{"@type":"ListItem","position":5,"name":"REL Profusion Lampe XW Lampe DEL UV"}]},{"@type":"WebSite","@id":"https:\/\/www.qnde.ca\/#website","url":"https:\/\/www.qnde.ca\/","name":"Qualit\u00e9 NDE","description":"\u00c9quipements d&#039;essais non destructifs ","publisher":{"@id":"https:\/\/www.qnde.ca\/#organization"},"potentialAction":[{"@type":"SearchAction","target":{"@type":"EntryPoint","urlTemplate":"https:\/\/www.qnde.ca\/?s={search_term_string}"},"query-input":{"@type":"PropertyValueSpecification","valueRequired":true,"valueName":"search_term_string"}}],"inLanguage":"fr-FR"},{"@type":"Organization","@id":"https:\/\/www.qnde.ca\/#organization","name":"Quality NDT Ltd.","url":"https:\/\/www.qnde.ca\/","logo":{"@type":"ImageObject","inLanguage":"fr-FR","@id":"https:\/\/www.qnde.ca\/#\/schema\/logo\/image\/","url":"https:\/\/www.qnde.ca\/wp-content\/uploads\/2022\/02\/QNDE_logo_RGB-gif.gif","contentUrl":"https:\/\/www.qnde.ca\/wp-content\/uploads\/2022\/02\/QNDE_logo_RGB-gif.gif","width":250,"height":64,"caption":"Quality NDT Ltd."},"image":{"@id":"https:\/\/www.qnde.ca\/#\/schema\/logo\/image\/"},"sameAs":["https:\/\/www.linkedin.com\/company\/qnde\/about\/?viewAsMember=true"]}]}},"jetpack_sharing_enabled":true,"_links":{"self":[{"href":"https:\/\/www.qnde.ca\/fr\/wp-json\/wp\/v2\/product\/11451","targetHints":{"allow":["GET"]}}],"collection":[{"href":"https:\/\/www.qnde.ca\/fr\/wp-json\/wp\/v2\/product"}],"about":[{"href":"https:\/\/www.qnde.ca\/fr\/wp-json\/wp\/v2\/types\/product"}],"wp:featuredmedia":[{"embeddable":true,"href":"https:\/\/www.qnde.ca\/fr\/wp-json\/wp\/v2\/media\/11456"}],"wp:attachment":[{"href":"https:\/\/www.qnde.ca\/fr\/wp-json\/wp\/v2\/media?parent=11451"}],"wp:term":[{"taxonomy":"product_brand","embeddable":true,"href":"https:\/\/www.qnde.ca\/fr\/wp-json\/wp\/v2\/product_brand?post=11451"},{"taxonomy":"product_cat","embeddable":true,"href":"https:\/\/www.qnde.ca\/fr\/wp-json\/wp\/v2\/product_cat?post=11451"},{"taxonomy":"product_tag","embeddable":true,"href":"https:\/\/www.qnde.ca\/fr\/wp-json\/wp\/v2\/product_tag?post=11451"}],"curies":[{"name":"wp","href":"https:\/\/api.w.org\/{rel}","templated":true}]}}