{"id":10811,"date":"2019-07-18T12:39:35","date_gmt":"2019-07-18T12:39:35","guid":{"rendered":"https:\/\/www.qnde.ca\/?post_type=product&#038;p=10811"},"modified":"2025-08-13T17:00:01","modified_gmt":"2025-08-13T21:00:01","slug":"pistolet-pour-lavage-eau-air","status":"publish","type":"product","link":"https:\/\/www.qnde.ca\/fr\/produit\/pistolet-pour-lavage-eau-air\/","title":{"rendered":"Pistolet pour lavage eau\/air"},"content":{"rendered":"<h3><strong>Pistolet de Lavage Eau\/Air<\/strong><\/h3>\n<h4><strong>Pistolet de Lavage Eau\/Air \u2013 DM100<\/strong><\/h4>\n<p>Le pistolet de lavage est \u00e9quip\u00e9 d\u2019une valve d\u2019arr\u00eat\/r\u00e9gulateur de la pulv\u00e9risation et d\u2019une valve d\u2019arr\u00eat\/r\u00e9gulateur du volume d\u2019air.<\/p>\n<h4><strong>Pistolet de Lavage Eau\/Air avec G\u00e2chette pour l\u2019Air \u2013 DM200<\/strong><\/h4>\n<p>Le pistolet de lavage est \u00e9quip\u00e9 d\u2019une valve d\u2019arr\u00eat\/r\u00e9gulateur de la pulv\u00e9risation et d\u2019une valve d\u2019arr\u00eat\/r\u00e9gulateur du volume d\u2019air avec une g\u00e2chette pour l\u2019air.<\/p>\n<ul>\n<li>DM100: Pistolet de lavage eau\/air. Eau 3\/4&Prime; (GHT), air 1\/4&Prime; (FNPT).<\/li>\n<li>DM200: Pistolet de lavage eau\/air avec g\u00e2chette pour l\u2019air. Eau 3\/4&Prime; (GHT), air 1\/4&Prime; (FNPT).<\/li>\n<li>A30L: Ergonomique pistolet de lavage \u00e0 jet conique, entr\u00e9e FNPT de 1\/4&Prime;.<\/li>\n<li>518992: Pistolet de lavage eau\/air avec g\u00e2chette ergonomique. Eau 3\/4&Prime; (GHT), air 1\/4&Prime; \u00e0 cannelure.<\/li>\n<li>S1\/2HH-25-D: Pistolet de lavage avec g\u00e2chette ergonomique. Eau 3\/4&Prime; (GHT).<\/li>\n<li>I-400: Ensemble de reconstruction de pistolet de lavage eau\/air 518992.<\/li>\n<li>520090: Ergonomique pistolet A30L de lavage \u00e0 jet plat, entr\u00e9e FNPT de 1\/4&Prime;.<\/li>\n<\/ul>\n","protected":false},"excerpt":{"rendered":"<p>Pistolet de Lavage Eau\/Air Pistolet de Lavage Eau\/Air \u2013 DM100 Le pistolet de lavage est \u00e9quip\u00e9 d\u2019une valve d\u2019arr\u00eat\/r\u00e9gulateur de la pulv\u00e9risation et d\u2019une valve d\u2019arr\u00eat\/r\u00e9gulateur du volume d\u2019air. Pistolet de Lavage Eau\/Air avec G\u00e2chette pour l\u2019Air \u2013 DM200 Le pistolet de lavage est \u00e9quip\u00e9 d\u2019une valve d\u2019arr\u00eat\/r\u00e9gulateur de la pulv\u00e9risation et d\u2019une valve d\u2019arr\u00eat\/r\u00e9gulateur [&hellip;]<\/p>\n","protected":false},"featured_media":10813,"template":"","meta":{"_monsterinsights_skip_tracking":false,"_monsterinsights_sitenote_active":false,"_monsterinsights_sitenote_note":"","_monsterinsights_sitenote_category":0},"product_brand":[],"product_cat":[402,123],"product_tag":[],"class_list":{"0":"post-10811","1":"product","2":"type-product","3":"status-publish","4":"has-post-thumbnail","6":"product_cat-autres-marques","7":"product_cat-accessoires-ressuage","9":"first","10":"instock","11":"shipping-taxable","12":"purchasable","13":"product-type-variable"},"yoast_head":"<!-- This site is optimized with the Yoast SEO plugin v23.9 - https:\/\/yoast.com\/wordpress\/plugins\/seo\/ -->\n<title>Pistolet pour lavage eau\/air &#060; Qualit\u00e9 NDE<\/title>\n<meta name=\"description\" content=\"Pistolet de lavage Eau\/Air \u00e9quip\u00e9 d&#039;une valve d&#039;arr\u00eat\/r\u00e9gulateur de pulv\u00e9risation + valve d&#039;arr\u00eat\/r\u00e9gulateur du volume d&#039;air.\" \/>\n<meta name=\"robots\" content=\"index, follow, max-snippet:-1, max-image-preview:large, max-video-preview:-1\" \/>\n<link rel=\"canonical\" href=\"https:\/\/www.qnde.ca\/fr\/produit\/pistolet-pour-lavage-eau-air\/\" \/>\n<meta name=\"twitter:label1\" content=\"Dur\u00e9e de lecture estim\u00e9e\" \/>\n\t<meta name=\"twitter:data1\" content=\"1 minute\" \/>\n<script type=\"application\/ld+json\" class=\"yoast-schema-graph\">{\"@context\":\"https:\/\/schema.org\",\"@graph\":[{\"@type\":[\"WebPage\",\"ItemPage\"],\"@id\":\"https:\/\/www.qnde.ca\/fr\/produit\/pistolet-pour-lavage-eau-air\/\",\"url\":\"https:\/\/www.qnde.ca\/fr\/produit\/pistolet-pour-lavage-eau-air\/\",\"name\":\"Pistolet pour lavage eau\/air &#060; Qualit\u00e9 NDE\",\"isPartOf\":{\"@id\":\"https:\/\/www.qnde.ca\/#website\"},\"primaryImageOfPage\":{\"@id\":\"https:\/\/www.qnde.ca\/fr\/produit\/pistolet-pour-lavage-eau-air\/#primaryimage\"},\"image\":{\"@id\":\"https:\/\/www.qnde.ca\/fr\/produit\/pistolet-pour-lavage-eau-air\/#primaryimage\"},\"thumbnailUrl\":\"https:\/\/www.qnde.ca\/wp-content\/uploads\/2019\/07\/DM-200.jpg\",\"datePublished\":\"2019-07-18T12:39:35+00:00\",\"dateModified\":\"2025-08-13T21:00:01+00:00\",\"description\":\"Pistolet de lavage Eau\/Air \u00e9quip\u00e9 d'une valve d'arr\u00eat\/r\u00e9gulateur de pulv\u00e9risation + valve d'arr\u00eat\/r\u00e9gulateur du volume d'air.\",\"breadcrumb\":{\"@id\":\"https:\/\/www.qnde.ca\/fr\/produit\/pistolet-pour-lavage-eau-air\/#breadcrumb\"},\"inLanguage\":\"fr-FR\",\"potentialAction\":[{\"@type\":\"ReadAction\",\"target\":[\"https:\/\/www.qnde.ca\/fr\/produit\/pistolet-pour-lavage-eau-air\/\"]}]},{\"@type\":\"ImageObject\",\"inLanguage\":\"fr-FR\",\"@id\":\"https:\/\/www.qnde.ca\/fr\/produit\/pistolet-pour-lavage-eau-air\/#primaryimage\",\"url\":\"https:\/\/www.qnde.ca\/wp-content\/uploads\/2019\/07\/DM-200.jpg\",\"contentUrl\":\"https:\/\/www.qnde.ca\/wp-content\/uploads\/2019\/07\/DM-200.jpg\",\"width\":500,\"height\":500,\"caption\":\"DM-200 - Pistolet de lavage eau\/air avec g\u00e2chette pour l\u2019air\"},{\"@type\":\"BreadcrumbList\",\"@id\":\"https:\/\/www.qnde.ca\/fr\/produit\/pistolet-pour-lavage-eau-air\/#breadcrumb\",\"itemListElement\":[{\"@type\":\"ListItem\",\"position\":1,\"name\":\"Accueil\",\"item\":\"https:\/\/www.qnde.ca\/fr\/\"},{\"@type\":\"ListItem\",\"position\":2,\"name\":\"Produits\",\"item\":\"https:\/\/www.qnde.ca\/fr\/produits\/\"},{\"@type\":\"ListItem\",\"position\":3,\"name\":\"Ressuage\",\"item\":\"https:\/\/www.qnde.ca\/fr\/product-category\/ressuage\/\"},{\"@type\":\"ListItem\",\"position\":4,\"name\":\"Accessoires\",\"item\":\"https:\/\/www.qnde.ca\/fr\/product-category\/ressuage\/accessoires-ressuage\/\"},{\"@type\":\"ListItem\",\"position\":5,\"name\":\"Pistolet pour lavage eau\/air\"}]},{\"@type\":\"WebSite\",\"@id\":\"https:\/\/www.qnde.ca\/#website\",\"url\":\"https:\/\/www.qnde.ca\/\",\"name\":\"Qualit\u00e9 NDE\",\"description\":\"\u00c9quipements d&#039;essais non destructifs \",\"publisher\":{\"@id\":\"https:\/\/www.qnde.ca\/#organization\"},\"potentialAction\":[{\"@type\":\"SearchAction\",\"target\":{\"@type\":\"EntryPoint\",\"urlTemplate\":\"https:\/\/www.qnde.ca\/?s={search_term_string}\"},\"query-input\":{\"@type\":\"PropertyValueSpecification\",\"valueRequired\":true,\"valueName\":\"search_term_string\"}}],\"inLanguage\":\"fr-FR\"},{\"@type\":\"Organization\",\"@id\":\"https:\/\/www.qnde.ca\/#organization\",\"name\":\"Quality NDT Ltd.\",\"url\":\"https:\/\/www.qnde.ca\/\",\"logo\":{\"@type\":\"ImageObject\",\"inLanguage\":\"fr-FR\",\"@id\":\"https:\/\/www.qnde.ca\/#\/schema\/logo\/image\/\",\"url\":\"https:\/\/www.qnde.ca\/wp-content\/uploads\/2022\/02\/QNDE_logo_RGB-gif.gif\",\"contentUrl\":\"https:\/\/www.qnde.ca\/wp-content\/uploads\/2022\/02\/QNDE_logo_RGB-gif.gif\",\"width\":250,\"height\":64,\"caption\":\"Quality NDT Ltd.\"},\"image\":{\"@id\":\"https:\/\/www.qnde.ca\/#\/schema\/logo\/image\/\"},\"sameAs\":[\"https:\/\/www.linkedin.com\/company\/qnde\/about\/?viewAsMember=true\"]}]}<\/script>\n<!-- \/ Yoast SEO plugin. -->","yoast_head_json":{"title":"Pistolet pour lavage eau\/air &#060; Qualit\u00e9 NDE","description":"Pistolet de lavage Eau\/Air \u00e9quip\u00e9 d'une valve d'arr\u00eat\/r\u00e9gulateur de pulv\u00e9risation + valve d'arr\u00eat\/r\u00e9gulateur du volume d'air.","robots":{"index":"index","follow":"follow","max-snippet":"max-snippet:-1","max-image-preview":"max-image-preview:large","max-video-preview":"max-video-preview:-1"},"canonical":"https:\/\/www.qnde.ca\/fr\/produit\/pistolet-pour-lavage-eau-air\/","twitter_misc":{"Dur\u00e9e de lecture estim\u00e9e":"1 minute"},"schema":{"@context":"https:\/\/schema.org","@graph":[{"@type":["WebPage","ItemPage"],"@id":"https:\/\/www.qnde.ca\/fr\/produit\/pistolet-pour-lavage-eau-air\/","url":"https:\/\/www.qnde.ca\/fr\/produit\/pistolet-pour-lavage-eau-air\/","name":"Pistolet pour lavage eau\/air &#060; Qualit\u00e9 NDE","isPartOf":{"@id":"https:\/\/www.qnde.ca\/#website"},"primaryImageOfPage":{"@id":"https:\/\/www.qnde.ca\/fr\/produit\/pistolet-pour-lavage-eau-air\/#primaryimage"},"image":{"@id":"https:\/\/www.qnde.ca\/fr\/produit\/pistolet-pour-lavage-eau-air\/#primaryimage"},"thumbnailUrl":"https:\/\/www.qnde.ca\/wp-content\/uploads\/2019\/07\/DM-200.jpg","datePublished":"2019-07-18T12:39:35+00:00","dateModified":"2025-08-13T21:00:01+00:00","description":"Pistolet de lavage Eau\/Air \u00e9quip\u00e9 d'une valve d'arr\u00eat\/r\u00e9gulateur de pulv\u00e9risation + valve d'arr\u00eat\/r\u00e9gulateur du volume d'air.","breadcrumb":{"@id":"https:\/\/www.qnde.ca\/fr\/produit\/pistolet-pour-lavage-eau-air\/#breadcrumb"},"inLanguage":"fr-FR","potentialAction":[{"@type":"ReadAction","target":["https:\/\/www.qnde.ca\/fr\/produit\/pistolet-pour-lavage-eau-air\/"]}]},{"@type":"ImageObject","inLanguage":"fr-FR","@id":"https:\/\/www.qnde.ca\/fr\/produit\/pistolet-pour-lavage-eau-air\/#primaryimage","url":"https:\/\/www.qnde.ca\/wp-content\/uploads\/2019\/07\/DM-200.jpg","contentUrl":"https:\/\/www.qnde.ca\/wp-content\/uploads\/2019\/07\/DM-200.jpg","width":500,"height":500,"caption":"DM-200 - Pistolet de lavage eau\/air avec g\u00e2chette pour l\u2019air"},{"@type":"BreadcrumbList","@id":"https:\/\/www.qnde.ca\/fr\/produit\/pistolet-pour-lavage-eau-air\/#breadcrumb","itemListElement":[{"@type":"ListItem","position":1,"name":"Accueil","item":"https:\/\/www.qnde.ca\/fr\/"},{"@type":"ListItem","position":2,"name":"Produits","item":"https:\/\/www.qnde.ca\/fr\/produits\/"},{"@type":"ListItem","position":3,"name":"Ressuage","item":"https:\/\/www.qnde.ca\/fr\/product-category\/ressuage\/"},{"@type":"ListItem","position":4,"name":"Accessoires","item":"https:\/\/www.qnde.ca\/fr\/product-category\/ressuage\/accessoires-ressuage\/"},{"@type":"ListItem","position":5,"name":"Pistolet pour lavage eau\/air"}]},{"@type":"WebSite","@id":"https:\/\/www.qnde.ca\/#website","url":"https:\/\/www.qnde.ca\/","name":"Qualit\u00e9 NDE","description":"\u00c9quipements d&#039;essais non destructifs ","publisher":{"@id":"https:\/\/www.qnde.ca\/#organization"},"potentialAction":[{"@type":"SearchAction","target":{"@type":"EntryPoint","urlTemplate":"https:\/\/www.qnde.ca\/?s={search_term_string}"},"query-input":{"@type":"PropertyValueSpecification","valueRequired":true,"valueName":"search_term_string"}}],"inLanguage":"fr-FR"},{"@type":"Organization","@id":"https:\/\/www.qnde.ca\/#organization","name":"Quality NDT Ltd.","url":"https:\/\/www.qnde.ca\/","logo":{"@type":"ImageObject","inLanguage":"fr-FR","@id":"https:\/\/www.qnde.ca\/#\/schema\/logo\/image\/","url":"https:\/\/www.qnde.ca\/wp-content\/uploads\/2022\/02\/QNDE_logo_RGB-gif.gif","contentUrl":"https:\/\/www.qnde.ca\/wp-content\/uploads\/2022\/02\/QNDE_logo_RGB-gif.gif","width":250,"height":64,"caption":"Quality NDT Ltd."},"image":{"@id":"https:\/\/www.qnde.ca\/#\/schema\/logo\/image\/"},"sameAs":["https:\/\/www.linkedin.com\/company\/qnde\/about\/?viewAsMember=true"]}]}},"jetpack_sharing_enabled":true,"_links":{"self":[{"href":"https:\/\/www.qnde.ca\/fr\/wp-json\/wp\/v2\/product\/10811","targetHints":{"allow":["GET"]}}],"collection":[{"href":"https:\/\/www.qnde.ca\/fr\/wp-json\/wp\/v2\/product"}],"about":[{"href":"https:\/\/www.qnde.ca\/fr\/wp-json\/wp\/v2\/types\/product"}],"wp:featuredmedia":[{"embeddable":true,"href":"https:\/\/www.qnde.ca\/fr\/wp-json\/wp\/v2\/media\/10813"}],"wp:attachment":[{"href":"https:\/\/www.qnde.ca\/fr\/wp-json\/wp\/v2\/media?parent=10811"}],"wp:term":[{"taxonomy":"product_brand","embeddable":true,"href":"https:\/\/www.qnde.ca\/fr\/wp-json\/wp\/v2\/product_brand?post=10811"},{"taxonomy":"product_cat","embeddable":true,"href":"https:\/\/www.qnde.ca\/fr\/wp-json\/wp\/v2\/product_cat?post=10811"},{"taxonomy":"product_tag","embeddable":true,"href":"https:\/\/www.qnde.ca\/fr\/wp-json\/wp\/v2\/product_tag?post=10811"}],"curies":[{"name":"wp","href":"https:\/\/api.w.org\/{rel}","templated":true}]}}