{"id":43,"date":"2014-09-22T09:12:23","date_gmt":"2014-09-22T13:12:23","guid":{"rendered":"https:\/\/localhost\/flatastic\/?page_id=43"},"modified":"2025-09-23T11:57:45","modified_gmt":"2025-09-23T15:57:45","slug":"home","status":"publish","type":"page","link":"https:\/\/www.qnde.ca\/fr\/","title":{"rendered":"Accueil"},"content":{"rendered":"<div class=\"wpb-content-wrapper\"><p>[vc_row full_width=\u00a0\u00bbstretch_row\u00a0\u00bb full_height=\u00a0\u00bbyes\u00a0\u00bb css=\u00a0\u00bb.vc_custom_1668783230553{margin-top: -100px !important;margin-bottom: -60px !important;}\u00a0\u00bb][vc_column][rev_slider_vc alias=\u00a0\u00bbconstraction\u00a0\u00bb][\/vc_column][\/vc_row][vc_row full_width=\u00a0\u00bbstretch_row_content_no_spaces\u00a0\u00bb css=\u00a0\u00bb.vc_custom_1647959214340{margin-top: 60px !important;}\u00a0\u00bb][vc_column][vc_single_image image=\u00a0\u00bb23312&Prime; img_size=\u00a0\u00bbfull\u00a0\u00bb alignment=\u00a0\u00bbcenter\u00a0\u00bb][\/vc_column][\/vc_row][vc_row css=\u00a0\u00bb.vc_custom_1647369966720{background-color: #e2e2e2 !important;}\u00a0\u00bb][vc_column][vc_empty_space][vc_posts_slider count=\u00a0\u00bb3&Prime; interval=\u00a0\u00bb15&Prime; slides_content=\u00a0\u00bbteaser\u00a0\u00bb slides_title=\u00a0\u00bb1&Prime; thumb_size=\u00a0\u00bbfull\u00a0\u00bb orderby=\u00a0\u00bbmodified\u00a0\u00bb css=\u00a0\u00bb.vc_custom_1663788270275{background-color: #e2e2e2 !important;}\u00a0\u00bb posttypes=\u00a0\u00bbproduct\u00a0\u00bb categories=\u00a0\u00bbCustom LPI Lines\u00a0\u00bb][\/vc_column][\/vc_row][vc_row][vc_column][vc_empty_space][\/vc_column][\/vc_row][vc_row full_width=\u00a0\u00bbstretch_row_content_no_spaces\u00a0\u00bb][vc_column][vc_single_image image=\u00a0\u00bb23307&Prime; img_size=\u00a0\u00bbfull\u00a0\u00bb alignment=\u00a0\u00bbcenter\u00a0\u00bb][\/vc_column][\/vc_row][vc_row][vc_column width=\u00a0\u00bb1\/4&Prime; css=\u00a0\u00bb.vc_custom_1647369570888{background-color: #e2e2e2 !important;}\u00a0\u00bb][vc_empty_space][vc_empty_space][vc_custom_heading text=\u00a0\u00bbNos Services\u00a0\u00bb font_container=\u00a0\u00bbtag:h2|font_size:32|text_align:center\u00a0\u00bb google_fonts=\u00a0\u00bbfont_family:Roboto%3A100%2C100italic%2C300%2C300italic%2Cregular%2Citalic%2C500%2C500italic%2C700%2C700italic%2C900%2C900italic|font_style:100%20light%20regular%3A100%3Anormal\u00a0\u00bb heading_color=\u00a0\u00bb#000000&Prime;][vc_column_text]<\/p>\n<h4><strong>Qualit\u00e9 NDE offre des services suivants:<\/strong><\/h4>\n<ul>\n<li>\n<h4><strong>entretien pr\u00e9ventative<\/strong><\/h4>\n<\/li>\n<li>\n<h4><strong>services de calibration d&rsquo;appareils<\/strong><\/h4>\n<\/li>\n<li>\n<h4><strong>r\u00e9parations au besoins.<\/strong><\/h4>\n<\/li>\n<\/ul>\n<p>[\/vc_column_text][vc_mad_single_image image=\u00a0\u00bb23011&Prime; alignment=\u00a0\u00bbleft\u00a0\u00bb img_size=\u00a0\u00bb513*380&Prime;][vc_empty_space][\/vc_column][vc_column width=\u00a0\u00bb1\/2&Prime; css=\u00a0\u00bb.vc_custom_1647369493063{background-color: #cecece !important;}\u00a0\u00bb][vc_custom_heading text=\u00a0\u00bbQui Sommes-Nous ?\u00a0\u00bb font_container=\u00a0\u00bbtag:h2|font_size:32|text_align:center\u00a0\u00bb google_fonts=\u00a0\u00bbfont_family:Roboto%3A100%2C100italic%2C300%2C300italic%2Cregular%2Citalic%2C500%2C500italic%2C700%2C700italic%2C900%2C900italic|font_style:100%20light%20regular%3A100%3Anormal\u00a0\u00bb text_align=\u00a0\u00bbalign-left\u00a0\u00bb heading_color=\u00a0\u00bb#282523&Prime;][vc_column_text]<\/p>\n<h4 style=\"text-align: center;\"><strong>Qualit\u00e9 NDE distribue, fabrique, r\u00e9pare et con\u00e7oit vos \u00e9quipements et accessoires d&rsquo;essais non destructifs.<\/strong><\/h4>\n<h4 style=\"text-align: center;\"><strong>Notre mission est d&rsquo;offrir un service de qualit\u00e9, rapide et efficace, tout en faisant de vos besoins notre priorit\u00e9.<\/strong><\/h4>\n<p>[\/vc_column_text][vc_mad_single_image image=\u00a0\u00bb39070&Prime; alignment=\u00a0\u00bbcenter\u00a0\u00bb onclick=\u00a0\u00bbcustom_link\u00a0\u00bb img_size=\u00a0\u00bb513*380&Prime; link=\u00a0\u00bbhttps:\/\/www.qnde.ca\/fr\/a-propos\/\u00a0\u00bb][vc_empty_space][vc_empty_space][\/vc_column][vc_column width=\u00a0\u00bb1\/4&Prime; css=\u00a0\u00bb.vc_custom_1647369601370{background-color: #e2e2e2 !important;}\u00a0\u00bb][vc_empty_space][vc_empty_space][vc_custom_heading text=\u00a0\u00bbLiens Rapides\u00a0\u00bb font_container=\u00a0\u00bbtag:h2|font_size:32|text_align:center\u00a0\u00bb google_fonts=\u00a0\u00bbfont_family:Roboto%3A100%2C100italic%2C300%2C300italic%2Cregular%2Citalic%2C500%2C500italic%2C700%2C700italic%2C900%2C900italic|font_style:100%20light%20regular%3A100%3Anormal\u00a0\u00bb text_align=\u00a0\u00bbalign-left\u00a0\u00bb heading_color=\u00a0\u00bb#282523&Prime;][vc_column_text css=\u00a0\u00bb\u00a0\u00bb]<\/p>\n<h4><strong><a href=\"https:\/\/www.qnde.ca\/wp-content\/uploads\/2021\/02\/14279_FR_10.05.20.pdf\" target=\"_blank\" rel=\"noopener noreferrer\">Certificat\u00a0<\/a><a href=\"https:\/\/www.qnde.ca\/wp-content\/uploads\/2023\/10\/Quality-NDE-ISO-9001-Certificate-2023-10-05-to-2026-10-04-French-V2023-10-05.pdf\">ISO 9001:2015<\/a><\/strong><\/h4>\n<h4><strong><a href=\"https:\/\/www.magnaflux.com\/NewsDownloads\/Certifications\/tabid\/431\/Default.aspx\" target=\"_blank\" rel=\"noopener noreferrer\">Certifications de lots Magnaflux<\/a><\/strong><\/h4>\n<h4><strong><a href=\"mailto:services@qnde.ca?subject=Soutien technique\">Soutien technique (service)<\/a><\/strong><\/h4>\n<h4><strong><a href=\"mailto:info@qnde.ca?subject=Demande de prix\">Ventes<\/a><\/strong><\/h4>\n<h4><strong><a href=\"https:\/\/www.qnde.ca\/wp-content\/uploads\/2025\/09\/Q-NDE-Warranty-Garantie-Rev-2025.pdf\">Garantie\u00a0<\/a><\/strong><\/h4>\n<p>[\/vc_column_text][vc_mad_single_image image=\u00a0\u00bb7475&Prime; alignment=\u00a0\u00bbleft\u00a0\u00bb onclick=\u00a0\u00bbcustom_link\u00a0\u00bb img_size=\u00a0\u00bb513*380&Prime; link=\u00a0\u00bbhttps:\/\/www.qnde.ca\/wp-content\/uploads\/2023\/10\/Quality-NDE-ISO-9001-Certificate-2023-10-05-to-2026-10-04-French-V2023-10-05.pdf\u00a0\u00bb][vc_empty_space][\/vc_column][\/vc_row]<\/p>\n<\/div>","protected":false},"excerpt":{"rendered":"<p>[vc_row full_width=\u00a0\u00bbstretch_row\u00a0\u00bb full_height=\u00a0\u00bbyes\u00a0\u00bb css=\u00a0\u00bb.vc_custom_1668783230553{margin-top: -100px !important;margin-bottom: -60px !important;}\u00a0\u00bb][vc_column][rev_slider_vc alias=\u00a0\u00bbconstraction\u00a0\u00bb][\/vc_column][\/vc_row][vc_row full_width=\u00a0\u00bbstretch_row_content_no_spaces\u00a0\u00bb css=\u00a0\u00bb.vc_custom_1647959214340{margin-top: 60px !important;}\u00a0\u00bb][vc_column][vc_single_image image=\u00a0\u00bb23312&Prime; img_size=\u00a0\u00bbfull\u00a0\u00bb alignment=\u00a0\u00bbcenter\u00a0\u00bb][\/vc_column][\/vc_row][vc_row css=\u00a0\u00bb.vc_custom_1647369966720{background-color: #e2e2e2 !important;}\u00a0\u00bb][vc_column][vc_empty_space][vc_posts_slider count=\u00a0\u00bb3&Prime; interval=\u00a0\u00bb15&Prime; slides_content=\u00a0\u00bbteaser\u00a0\u00bb slides_title=\u00a0\u00bb1&Prime; thumb_size=\u00a0\u00bbfull\u00a0\u00bb orderby=\u00a0\u00bbmodified\u00a0\u00bb css=\u00a0\u00bb.vc_custom_1663788270275{background-color: #e2e2e2 !important;}\u00a0\u00bb posttypes=\u00a0\u00bbproduct\u00a0\u00bb categories=\u00a0\u00bbCustom LPI Lines\u00a0\u00bb][\/vc_column][\/vc_row][vc_row][vc_column][vc_empty_space][\/vc_column][\/vc_row][vc_row full_width=\u00a0\u00bbstretch_row_content_no_spaces\u00a0\u00bb][vc_column][vc_single_image image=\u00a0\u00bb23307&Prime; img_size=\u00a0\u00bbfull\u00a0\u00bb alignment=\u00a0\u00bbcenter\u00a0\u00bb][\/vc_column][\/vc_row][vc_row][vc_column width=\u00a0\u00bb1\/4&Prime; css=\u00a0\u00bb.vc_custom_1647369570888{background-color: #e2e2e2 !important;}\u00a0\u00bb][vc_empty_space][vc_empty_space][vc_custom_heading text=\u00a0\u00bbNos Services\u00a0\u00bb font_container=\u00a0\u00bbtag:h2|font_size:32|text_align:center\u00a0\u00bb google_fonts=\u00a0\u00bbfont_family:Roboto%3A100%2C100italic%2C300%2C300italic%2Cregular%2Citalic%2C500%2C500italic%2C700%2C700italic%2C900%2C900italic|font_style:100%20light%20regular%3A100%3Anormal\u00a0\u00bb heading_color=\u00a0\u00bb#000000&Prime;][vc_column_text] Qualit\u00e9 NDE offre des services suivants: entretien pr\u00e9ventative services de [&hellip;]<\/p>\n","protected":false},"author":2,"featured_media":0,"parent":0,"menu_order":0,"comment_status":"closed","ping_status":"closed","template":"","meta":{"_monsterinsights_skip_tracking":false,"_monsterinsights_sitenote_active":false,"_monsterinsights_sitenote_note":"","_monsterinsights_sitenote_category":0,"footnotes":""},"class_list":["post-43","page","type-page","status-publish","hentry"],"yoast_head":"<!-- This site is optimized with the Yoast SEO plugin v23.9 - https:\/\/yoast.com\/wordpress\/plugins\/seo\/ -->\n<title>Accueil &#060; Qualit\u00e9 NDE<\/title>\n<meta name=\"description\" content=\"Qualit\u00e9 NDE - distributeur et fabriquant d&#039;\u00e9quipement d&#039;essais non-destructifs depuis 1975. Contactez-nous pour tout vos besoins NDT.\" \/>\n<meta name=\"robots\" content=\"index, follow, max-snippet:-1, max-image-preview:large, max-video-preview:-1\" \/>\n<link rel=\"canonical\" href=\"https:\/\/www.qnde.ca\/fr\/\" \/>\n<meta name=\"twitter:label1\" content=\"Dur\u00e9e de lecture estim\u00e9e\" \/>\n\t<meta name=\"twitter:data1\" content=\"1 minute\" \/>\n<script type=\"application\/ld+json\" class=\"yoast-schema-graph\">{\"@context\":\"https:\/\/schema.org\",\"@graph\":[{\"@type\":\"WebPage\",\"@id\":\"https:\/\/www.qnde.ca\/fr\/\",\"url\":\"https:\/\/www.qnde.ca\/fr\/\",\"name\":\"Accueil &#060; Qualit\u00e9 NDE\",\"isPartOf\":{\"@id\":\"https:\/\/www.qnde.ca\/#website\"},\"datePublished\":\"2014-09-22T13:12:23+00:00\",\"dateModified\":\"2025-09-23T15:57:45+00:00\",\"description\":\"Qualit\u00e9 NDE - distributeur et fabriquant d'\u00e9quipement d'essais non-destructifs depuis 1975. Contactez-nous pour tout vos besoins NDT.\",\"breadcrumb\":{\"@id\":\"https:\/\/www.qnde.ca\/fr\/#breadcrumb\"},\"inLanguage\":\"fr-FR\",\"potentialAction\":[{\"@type\":\"ReadAction\",\"target\":[\"https:\/\/www.qnde.ca\/fr\/\"]}]},{\"@type\":\"BreadcrumbList\",\"@id\":\"https:\/\/www.qnde.ca\/fr\/#breadcrumb\",\"itemListElement\":[{\"@type\":\"ListItem\",\"position\":1,\"name\":\"Accueil\",\"item\":\"https:\/\/www.qnde.ca\/fr\/\"},{\"@type\":\"ListItem\",\"position\":2,\"name\":\"Accueil\"}]},{\"@type\":\"WebSite\",\"@id\":\"https:\/\/www.qnde.ca\/#website\",\"url\":\"https:\/\/www.qnde.ca\/\",\"name\":\"Qualit\u00e9 NDE\",\"description\":\"\u00c9quipements d&#039;essais non destructifs \",\"publisher\":{\"@id\":\"https:\/\/www.qnde.ca\/#organization\"},\"potentialAction\":[{\"@type\":\"SearchAction\",\"target\":{\"@type\":\"EntryPoint\",\"urlTemplate\":\"https:\/\/www.qnde.ca\/?s={search_term_string}\"},\"query-input\":{\"@type\":\"PropertyValueSpecification\",\"valueRequired\":true,\"valueName\":\"search_term_string\"}}],\"inLanguage\":\"fr-FR\"},{\"@type\":\"Organization\",\"@id\":\"https:\/\/www.qnde.ca\/#organization\",\"name\":\"Quality NDT Ltd.\",\"url\":\"https:\/\/www.qnde.ca\/\",\"logo\":{\"@type\":\"ImageObject\",\"inLanguage\":\"fr-FR\",\"@id\":\"https:\/\/www.qnde.ca\/#\/schema\/logo\/image\/\",\"url\":\"https:\/\/www.qnde.ca\/wp-content\/uploads\/2022\/02\/QNDE_logo_RGB-gif.gif\",\"contentUrl\":\"https:\/\/www.qnde.ca\/wp-content\/uploads\/2022\/02\/QNDE_logo_RGB-gif.gif\",\"width\":250,\"height\":64,\"caption\":\"Quality NDT Ltd.\"},\"image\":{\"@id\":\"https:\/\/www.qnde.ca\/#\/schema\/logo\/image\/\"},\"sameAs\":[\"https:\/\/www.linkedin.com\/company\/qnde\/about\/?viewAsMember=true\"]}]}<\/script>\n<!-- \/ Yoast SEO plugin. -->","yoast_head_json":{"title":"Accueil &#060; Qualit\u00e9 NDE","description":"Qualit\u00e9 NDE - distributeur et fabriquant d'\u00e9quipement d'essais non-destructifs depuis 1975. Contactez-nous pour tout vos besoins NDT.","robots":{"index":"index","follow":"follow","max-snippet":"max-snippet:-1","max-image-preview":"max-image-preview:large","max-video-preview":"max-video-preview:-1"},"canonical":"https:\/\/www.qnde.ca\/fr\/","twitter_misc":{"Dur\u00e9e de lecture estim\u00e9e":"1 minute"},"schema":{"@context":"https:\/\/schema.org","@graph":[{"@type":"WebPage","@id":"https:\/\/www.qnde.ca\/fr\/","url":"https:\/\/www.qnde.ca\/fr\/","name":"Accueil &#060; Qualit\u00e9 NDE","isPartOf":{"@id":"https:\/\/www.qnde.ca\/#website"},"datePublished":"2014-09-22T13:12:23+00:00","dateModified":"2025-09-23T15:57:45+00:00","description":"Qualit\u00e9 NDE - distributeur et fabriquant d'\u00e9quipement d'essais non-destructifs depuis 1975. Contactez-nous pour tout vos besoins NDT.","breadcrumb":{"@id":"https:\/\/www.qnde.ca\/fr\/#breadcrumb"},"inLanguage":"fr-FR","potentialAction":[{"@type":"ReadAction","target":["https:\/\/www.qnde.ca\/fr\/"]}]},{"@type":"BreadcrumbList","@id":"https:\/\/www.qnde.ca\/fr\/#breadcrumb","itemListElement":[{"@type":"ListItem","position":1,"name":"Accueil","item":"https:\/\/www.qnde.ca\/fr\/"},{"@type":"ListItem","position":2,"name":"Accueil"}]},{"@type":"WebSite","@id":"https:\/\/www.qnde.ca\/#website","url":"https:\/\/www.qnde.ca\/","name":"Qualit\u00e9 NDE","description":"\u00c9quipements d&#039;essais non destructifs ","publisher":{"@id":"https:\/\/www.qnde.ca\/#organization"},"potentialAction":[{"@type":"SearchAction","target":{"@type":"EntryPoint","urlTemplate":"https:\/\/www.qnde.ca\/?s={search_term_string}"},"query-input":{"@type":"PropertyValueSpecification","valueRequired":true,"valueName":"search_term_string"}}],"inLanguage":"fr-FR"},{"@type":"Organization","@id":"https:\/\/www.qnde.ca\/#organization","name":"Quality NDT Ltd.","url":"https:\/\/www.qnde.ca\/","logo":{"@type":"ImageObject","inLanguage":"fr-FR","@id":"https:\/\/www.qnde.ca\/#\/schema\/logo\/image\/","url":"https:\/\/www.qnde.ca\/wp-content\/uploads\/2022\/02\/QNDE_logo_RGB-gif.gif","contentUrl":"https:\/\/www.qnde.ca\/wp-content\/uploads\/2022\/02\/QNDE_logo_RGB-gif.gif","width":250,"height":64,"caption":"Quality NDT Ltd."},"image":{"@id":"https:\/\/www.qnde.ca\/#\/schema\/logo\/image\/"},"sameAs":["https:\/\/www.linkedin.com\/company\/qnde\/about\/?viewAsMember=true"]}]}},"jetpack_sharing_enabled":true,"_links":{"self":[{"href":"https:\/\/www.qnde.ca\/fr\/wp-json\/wp\/v2\/pages\/43","targetHints":{"allow":["GET"]}}],"collection":[{"href":"https:\/\/www.qnde.ca\/fr\/wp-json\/wp\/v2\/pages"}],"about":[{"href":"https:\/\/www.qnde.ca\/fr\/wp-json\/wp\/v2\/types\/page"}],"author":[{"embeddable":true,"href":"https:\/\/www.qnde.ca\/fr\/wp-json\/wp\/v2\/users\/2"}],"replies":[{"embeddable":true,"href":"https:\/\/www.qnde.ca\/fr\/wp-json\/wp\/v2\/comments?post=43"}],"version-history":[{"count":46,"href":"https:\/\/www.qnde.ca\/fr\/wp-json\/wp\/v2\/pages\/43\/revisions"}],"predecessor-version":[{"id":45599,"href":"https:\/\/www.qnde.ca\/fr\/wp-json\/wp\/v2\/pages\/43\/revisions\/45599"}],"wp:attachment":[{"href":"https:\/\/www.qnde.ca\/fr\/wp-json\/wp\/v2\/media?parent=43"}],"curies":[{"name":"wp","href":"https:\/\/api.w.org\/{rel}","templated":true}]}}