{"id":1861,"date":"2015-02-19T17:59:31","date_gmt":"2015-02-19T22:59:31","guid":{"rendered":"https:\/\/velikorodnov.com\/dev\/wpflatastic\/?page_id=1861"},"modified":"2021-12-23T16:28:56","modified_gmt":"2021-12-23T21:28:56","slug":"services","status":"publish","type":"page","link":"https:\/\/www.qnde.ca\/fr\/services\/","title":{"rendered":"Services"},"content":{"rendered":"<div class=\"wpb-content-wrapper\"><p>[vc_row][vc_column][vc_row_inner][vc_column_inner width=\u00a0\u00bb2\/3&Prime;][vc_column_text]<\/p>\n<h1><strong>Entretien Pr\u00e9ventif, \u00c9talonnage et<\/strong><\/h1>\n<h1><strong>R\u00e9parations<\/strong><\/h1>\n<p>La plupart des marques et mod\u00e8les d&rsquo;\u00e9quipements sont \u00e9talonn\u00e9s, r\u00e9par\u00e9s, ou entretenus \u00e0 notre laboratoire ou sur place lorsque possible.<\/p>\n<p>Chez Qualit\u00e9 NDE, nos techniciens sont des sp\u00e9cialistes \u00e9lectroniques et sont form\u00e9s en usine pour mieux vous servir. Cela nous permet de vous envoyer rapidement une estimation \u00e9crite pour votre approbation avant la r\u00e9paration. Souvent, nos techniciens sont en mesure de r\u00e9parer l&rsquo;\u00e9quipement que d&rsquo;autres ont jug\u00e9 irr\u00e9parable.<\/p>\n<p>L&rsquo;\u00e9talonnage d&rsquo;\u00e9quipement NDT envoy\u00e9 \u00e0 notre laboratoire est effectu\u00e9 en moins de 3 jours ouvrables (service standard).<\/p>\n<p>Le service d\u2019\u00e9talonnage<strong><em> RUSH (*)<\/em><\/strong> est disponible pour la plupart des \u00e9quipements. Ce service 1 heure vous permet d&rsquo;attendre pendant que nos sp\u00e9cialistes calibrent votre appareil (<em>La limite de temps est une approximation; certains appareils peuvent n\u00e9cessiter un d\u00e9lai suppl\u00e9mentaire. Le temps est pour un appareil<\/em>).<\/p>\n<h2><strong>Syst\u00e8mes \u00e0 Rayons-X<\/strong><\/h2>\n<p>Qualit\u00e9 NDE offre des services d&rsquo;entretien pr\u00e9ventif et de r\u00e9paration (partout au Canada) sur diverses marques et mod\u00e8les de syst\u00e8mes \u00e0 rayons X. Syst\u00e8mes les plus courants: Comet (aka Yxlon, Philips, Andrex), Waygate (aka GE, Seifert, Isovolt), Gulmay, Balteau, Teledyne (ICM), Muller, Golden, Hamamatsu, Thermo et autres.<\/p>\n<p>Nous sommes \u00e9galement en mesure de r\u00e9adapter votre tube \u00e0 rayons X avec un pointeur laser \u00ab\u00a0Cross\u00a0\u00bb permanent (hors du chemin &#8211; Pas de basculement requis). Contactez-nous pour obtenir de l&rsquo;information sur nos autres services de syst\u00e8me de radiologie, tels que; installation compl\u00e8te, certification CSA et\/ou RED Act, \u00e9limination et location de tubes \u00e0 rayons X.<\/p>\n<h2><strong>Chambres \u00e0 Rayons-X<\/strong><\/h2>\n<p>Qualit\u00e9 NDE offre de nombreux services pour les soutes \u00e0 rayons-x. Communiquez avec nous pour obtenir des renseignements sur la construction sur mesure, la mise \u00e0 jour du blindage, les modifications ou la certification de conformit\u00e9 (Sant\u00e9 Canada \/ \u00c9tats-Unis \/ International).<\/p>\n<h2><strong>Lignes de Ressuage<\/strong><\/h2>\n<p>Nos techniciens certifi\u00e9s Magnaflux peuvent ex\u00e9cuter l&rsquo;installation compl\u00e8te, des modifications, des r\u00e9parations, la certification CSA et le refa\u00e7age de b\u00e2che. Pour conna\u00eetre nos options de ligne personnalis\u00e9es, contactez-nous pour discuter de vos besoins et de vos applications.<\/p>\n<h2><strong>\u00c9quipements Magn\u00e9tiques<\/strong><\/h2>\n<p>Nos techniciens certifi\u00e9s peuvent ex\u00e9cuter l&rsquo;installation compl\u00e8te, des modifications, des r\u00e9parations, la certification CSA, remplacement de capot et mise \u00e0 niveaau (b\u00e2che, cadre, mise \u00e0 niveau de style th\u00e9\u00e2tre). Contactez-nous pour discuter de vos besoins et de vos applications.<\/p>\n<h2><strong>Portails Radiologiques<\/strong><\/h2>\n<p>Nos ing\u00e9nieurs peuvent vous aider \u00e0 choisir le bon portail de d\u00e9tection, former votre \u00e9quipe et vous aider \u00e0 traiter les contaminants radioactifs. Nous pouvons vous fournir une installation compl\u00e8te cl\u00e9 en main (pieu filet\u00e9 ou fondation en b\u00e9ton, supports et boulons, \u00e9lectricit\u00e9, alarme externe, formation, etc.).<\/p>\n<p>Nos techniciens certifi\u00e9s peuvent r\u00e9parer sur toutes les marques et mod\u00e8les: RadComm, Exploranium, Thermo, Bicron, Ludlum, etc. Contactez-nous pour discuter de vos besoins et de vos applications.<\/p>\n<h2><strong>Dispositifs d&rsquo;Exposition et Accessoires<\/strong><\/h2>\n<p>Nos employ\u00e9s certifi\u00e9s QSA Global assurent la r\u00e9paration et l&rsquo;entretien de tous les dispositifs d&rsquo;exposition et\/ou accessoires.[\/vc_column_text][\/vc_column_inner][vc_column_inner width=\u00a0\u00bb1\/3&Prime;][vc_column_text]<\/p>\n<p style=\"text-align: center;\"><a href=\"https:\/\/www.qnde.ca\/fr\/services\/quality-nde-calibration-laboratory-radeye-on-our-cesium-cs-137-calibrator\/\"><br \/>\n<img loading=\"lazy\" decoding=\"async\" class=\"aligncenter wp-image-22201\" src=\"https:\/\/www.qnde.ca\/wp-content\/uploads\/2021\/10\/Quality-NDE-calibration-laboratory-RadEye-on-our-Cesium-Cs-137-calibrator-scaled-e1634585454489-1024x860.jpg\" alt=\"Quality NDE calibration laboratory; RadEye on our Cesium Cs-137 calibrator\" width=\"400\" height=\"336\" srcset=\"https:\/\/www.qnde.ca\/wp-content\/uploads\/2021\/10\/Quality-NDE-calibration-laboratory-RadEye-on-our-Cesium-Cs-137-calibrator-scaled-e1634585454489-1024x860.jpg 1024w, https:\/\/www.qnde.ca\/wp-content\/uploads\/2021\/10\/Quality-NDE-calibration-laboratory-RadEye-on-our-Cesium-Cs-137-calibrator-scaled-e1634585454489-423x355.jpg 423w, https:\/\/www.qnde.ca\/wp-content\/uploads\/2021\/10\/Quality-NDE-calibration-laboratory-RadEye-on-our-Cesium-Cs-137-calibrator-scaled-e1634585454489-300x252.jpg 300w, https:\/\/www.qnde.ca\/wp-content\/uploads\/2021\/10\/Quality-NDE-calibration-laboratory-RadEye-on-our-Cesium-Cs-137-calibrator-scaled-e1634585454489-150x126.jpg 150w, https:\/\/www.qnde.ca\/wp-content\/uploads\/2021\/10\/Quality-NDE-calibration-laboratory-RadEye-on-our-Cesium-Cs-137-calibrator-scaled-e1634585454489-768x645.jpg 768w, https:\/\/www.qnde.ca\/wp-content\/uploads\/2021\/10\/Quality-NDE-calibration-laboratory-RadEye-on-our-Cesium-Cs-137-calibrator-scaled-e1634585454489.jpg 1516w\" sizes=\"auto, (max-width: 400px) 100vw, 400px\" \/><\/a><\/p>\n<h3 style=\"text-align: center;\"><em>\u00c9talonnage d\u2019un RadEye.<\/em><\/h3>\n<p>[\/vc_column_text][vc_column_text]<\/p>\n<p style=\"text-align: center;\"><a href=\"https:\/\/www.qnde.ca\/fr\/services\/quality-nde-calibration-laboratory-radeye-on-our-cesium-cs-137-calibrator\/\"><br \/>\n<\/a><a href=\"https:\/\/www.qnde.ca\/fr\/quality-nde-calibration-within-48-hours-radeye-large-batch-140-units\/\"><img loading=\"lazy\" decoding=\"async\" class=\"aligncenter wp-image-22203\" src=\"https:\/\/www.qnde.ca\/wp-content\/uploads\/2021\/10\/Quality-NDE-calibration-within-48-hours-Radeye-large-batch-140-units.jpg\" alt=\"\" width=\"400\" height=\"532\" srcset=\"https:\/\/www.qnde.ca\/wp-content\/uploads\/2021\/10\/Quality-NDE-calibration-within-48-hours-Radeye-large-batch-140-units.jpg 656w, https:\/\/www.qnde.ca\/wp-content\/uploads\/2021\/10\/Quality-NDE-calibration-within-48-hours-Radeye-large-batch-140-units-423x562.jpg 423w, https:\/\/www.qnde.ca\/wp-content\/uploads\/2021\/10\/Quality-NDE-calibration-within-48-hours-Radeye-large-batch-140-units-226x300.jpg 226w, https:\/\/www.qnde.ca\/wp-content\/uploads\/2021\/10\/Quality-NDE-calibration-within-48-hours-Radeye-large-batch-140-units-113x150.jpg 113w, https:\/\/www.qnde.ca\/wp-content\/uploads\/2021\/10\/Quality-NDE-calibration-within-48-hours-Radeye-large-batch-140-units-300x399.jpg 300w\" sizes=\"auto, (max-width: 400px) 100vw, 400px\" \/><\/a><\/p>\n<h3 style=\"text-align: center;\"><em>RadEye &#8211; \u00c9talonnage en 48 heures.<\/em><\/h3>\n<p>[\/vc_column_text][vc_column_text]<\/p>\n<p style=\"text-align: center;\"><a href=\"https:\/\/www.qnde.ca\/fr\/services\/quality-nde-calibration-laboratory-radeye-on-our-cesium-cs-137-calibrator\/\"><br \/>\n<\/a><a href=\"https:\/\/www.qnde.ca\/fr\/quality-nde-cross-laser-pointer-class-2-out-of-the-way-no-flipping-required\/\"><img loading=\"lazy\" decoding=\"async\" class=\"aligncenter wp-image-22205\" src=\"https:\/\/www.qnde.ca\/wp-content\/uploads\/2021\/10\/Quality-NDE-Cross-Laser-Pointer-Class-2-\u2013-out-of-the-way-\u2013-No-flipping-required-1024x768.jpg\" alt=\"\" width=\"400\" height=\"300\" srcset=\"https:\/\/www.qnde.ca\/wp-content\/uploads\/2021\/10\/Quality-NDE-Cross-Laser-Pointer-Class-2-\u2013-out-of-the-way-\u2013-No-flipping-required-1024x768.jpg 1024w, https:\/\/www.qnde.ca\/wp-content\/uploads\/2021\/10\/Quality-NDE-Cross-Laser-Pointer-Class-2-\u2013-out-of-the-way-\u2013-No-flipping-required-scaled-scaled-423x317.jpg 423w, https:\/\/www.qnde.ca\/wp-content\/uploads\/2021\/10\/Quality-NDE-Cross-Laser-Pointer-Class-2-\u2013-out-of-the-way-\u2013-No-flipping-required-300x225.jpg 300w, https:\/\/www.qnde.ca\/wp-content\/uploads\/2021\/10\/Quality-NDE-Cross-Laser-Pointer-Class-2-\u2013-out-of-the-way-\u2013-No-flipping-required-150x113.jpg 150w, https:\/\/www.qnde.ca\/wp-content\/uploads\/2021\/10\/Quality-NDE-Cross-Laser-Pointer-Class-2-\u2013-out-of-the-way-\u2013-No-flipping-required-768x576.jpg 768w, https:\/\/www.qnde.ca\/wp-content\/uploads\/2021\/10\/Quality-NDE-Cross-Laser-Pointer-Class-2-\u2013-out-of-the-way-\u2013-No-flipping-required-1536x1152.jpg 1536w, https:\/\/www.qnde.ca\/wp-content\/uploads\/2021\/10\/Quality-NDE-Cross-Laser-Pointer-Class-2-\u2013-out-of-the-way-\u2013-No-flipping-required-scaled-scaled.jpg 2048w\" sizes=\"auto, (max-width: 400px) 100vw, 400px\" \/><\/a><\/p>\n<h3 style=\"text-align: center;\"><em>Installation pointeur laser \u00ab\u00a0Cross\u00a0\u00bb permanent<br \/>\n<\/em><em style=\"font-size: 16px;\">(hors du chemin &#8211; Pas de basculement requis).<\/em><\/h3>\n<p>[\/vc_column_text][\/vc_column_inner][\/vc_row_inner][\/vc_column][\/vc_row][vc_row][vc_column][vc_column_text]<\/p>\n<h2 style=\"text-align: left;\"><strong>Liste d\u2019\u00e9quipements desservies:<\/strong><\/h2>\n<p>[\/vc_column_text][\/vc_column][\/vc_row][vc_row][vc_column width=\u00a0\u00bb1\/2&Prime;][vc_column_text]<\/p>\n<ul>\n<li>Alarmes et alarmes sonores. *<\/li>\n<li>Appareils \u00e0 rayon-x (toutes les marques et mod\u00e8les).<\/li>\n<li>Bancs magn\u00e9tiques.<\/li>\n<li>Blocs d&rsquo;alimentation &#8211; Inspection magn\u00e9tique.<\/li>\n<li>Blocs de conductivit\u00e9<\/li>\n<li>Capteurs UV (analogue &amp; digital). *<\/li>\n<li>Culasses \u00e9lectomagn\u00e9tiques. *<\/li>\n<li>Densitom\u00e8tres. *<\/li>\n<li>D\u00e9tecteurs de d\u00e9fauts &#8211; Ultrason. *<\/li>\n<li>Dosim\u00e8tre de poche.<\/li>\n<li>Dosim\u00e8tres digitals avec alarme. *<\/li>\n<li>Dosim\u00e8tres sonores, visuel et vibrant ou sonores.<\/li>\n<li>\u00c9quipements de courant de Foucault. *<\/li>\n<li>Gammam\u00e8tres \/ Compteurs Geiger. *<\/li>\n<li>\u00a0\u00bb Gammalarms \u00ab\u00a0. *<\/li>\n<li>Gaussm\u00e8tres (analogue &amp; digital). *<\/li>\n<li>Indicateur de champs magn\u00e9tiques r\u00e9siduels (analogue &amp; digital). *<\/li>\n<li>Lignes de ressuage.<\/li>\n<\/ul>\n<p>[\/vc_column_text][\/vc_column][vc_column width=\u00a0\u00bb1\/2&Prime;][vc_column_text]<\/p>\n<ul>\n<li>Mesureurs d&rsquo;\u00e9paisseur (avec A-Scan). *<\/li>\n<li>Mesureurs d&rsquo;\u00e9paisseur de rev\u00eatement. *<\/li>\n<li>Mesureurs d&rsquo;\u00e9paisseur. *<\/li>\n<li>Mesureurs de conductivit\u00e9 (analogue &amp; digital). *<\/li>\n<li>Minuteries &#8211; programmable.<\/li>\n<li>Minuteries (analogue &amp; digitale). *<\/li>\n<li>Photom\u00e8tres (senseur lumi\u00e8re blanche). *<\/li>\n<li>Portails radiologiques (RadComm, Exploranium, Thermo, SAIC, Ludlum, Bicron, etc.)<\/li>\n<li>Portails radiologiques Exploranium.<\/li>\n<li>Processeurs de film (Agfa, Carestream, Kodak, Fuji &amp; Colenta)<\/li>\n<li>RadComm, \u00e9talonnage avec source.<\/li>\n<li>Radiam\u00e8tres. *<\/li>\n<li>Radiom\u00e8tres (senseur UV). *<\/li>\n<li>S\u00e9choirs pour ligne de p\u00e9n\u00e9trant.<\/li>\n<li>Sondes ultrason (resurfa\u00e7age). *<\/li>\n<li>\u00a0\u00bb Shunt meters \u00a0\u00bb et \u00a0\u00bb shunt bars \u00a0\u00bb (individuellement ou ensemble). *<\/li>\n<li>Testeur \u00a0\u00bb Quick break \u00a0\u00bb chronom\u00e8tre de dur\u00e9e &#8211; Bancs magn\u00e9tiques. *<\/li>\n<\/ul>\n<p>[\/vc_column_text][\/vc_column][\/vc_row][vc_row][vc_column][vc_column_text]<\/p>\n<p style=\"text-align: center;\">Vous n\u2019avez pas trouv\u00e9 ce que vous cherchiez? <a href=\"https:\/\/www.qnde.ca\/fr\/contact\/\">Contactez-nous<\/a>, nous serons heureux de vous conseiller.<\/p>\n<p>[\/vc_column_text][\/vc_column][\/vc_row][vc_row][vc_column width=\u00a0\u00bb1\/2&Prime;][vc_column_text]<\/p>\n<h5 style=\"text-align: center;\"><em><a href=\"https:\/\/www.qnde.ca\/fr\/home\/calibration-tech-2\/\" rel=\"attachment wp-att-11887\"><img loading=\"lazy\" decoding=\"async\" class=\"aligncenter wp-image-11887\" src=\"https:\/\/www.qnde.ca\/wp-content\/uploads\/2019\/10\/Calibration-Tech.jpg\" alt=\"\" width=\"400\" height=\"300\" srcset=\"https:\/\/www.qnde.ca\/wp-content\/uploads\/2019\/10\/Calibration-Tech.jpg 640w, https:\/\/www.qnde.ca\/wp-content\/uploads\/2019\/10\/Calibration-Tech-423x317.jpg 423w, https:\/\/www.qnde.ca\/wp-content\/uploads\/2019\/10\/Calibration-Tech-150x113.jpg 150w, https:\/\/www.qnde.ca\/wp-content\/uploads\/2019\/10\/Calibration-Tech-300x225.jpg 300w\" sizes=\"auto, (max-width: 400px) 100vw, 400px\" \/><\/a><\/em><\/h5>\n<h3 style=\"text-align: center;\"><em>\u00c9talonnage d\u2019un d\u00e9tecteur de d\u00e9fauts Ultrasonic<\/em>.<\/h3>\n<p>[\/vc_column_text][\/vc_column][vc_column width=\u00a0\u00bb1\/2&Prime;][vc_column_text]<\/p>\n<h5 style=\"text-align: center;\"><em><a href=\"https:\/\/www.qnde.ca\/fr\/quality-nde-repair-csa-certification-xray-tube\/\" rel=\"attachment wp-att-11887\"><img loading=\"lazy\" decoding=\"async\" class=\"aligncenter wp-image-22228\" src=\"https:\/\/www.qnde.ca\/wp-content\/uploads\/2021\/10\/Quality-NDE-repair-CSA-certification-Xray-tube-1024x768.jpg\" alt=\"\" width=\"400\" height=\"300\" srcset=\"https:\/\/www.qnde.ca\/wp-content\/uploads\/2021\/10\/Quality-NDE-repair-CSA-certification-Xray-tube-1024x768.jpg 1024w, https:\/\/www.qnde.ca\/wp-content\/uploads\/2021\/10\/Quality-NDE-repair-CSA-certification-Xray-tube-scaled-scaled-423x317.jpg 423w, https:\/\/www.qnde.ca\/wp-content\/uploads\/2021\/10\/Quality-NDE-repair-CSA-certification-Xray-tube-300x225.jpg 300w, https:\/\/www.qnde.ca\/wp-content\/uploads\/2021\/10\/Quality-NDE-repair-CSA-certification-Xray-tube-150x113.jpg 150w, https:\/\/www.qnde.ca\/wp-content\/uploads\/2021\/10\/Quality-NDE-repair-CSA-certification-Xray-tube-768x576.jpg 768w, https:\/\/www.qnde.ca\/wp-content\/uploads\/2021\/10\/Quality-NDE-repair-CSA-certification-Xray-tube-1536x1152.jpg 1536w, https:\/\/www.qnde.ca\/wp-content\/uploads\/2021\/10\/Quality-NDE-repair-CSA-certification-Xray-tube-scaled-scaled.jpg 2048w\" sizes=\"auto, (max-width: 400px) 100vw, 400px\" \/><\/a><\/em><\/h5>\n<h3 style=\"text-align: center;\"><em>R\u00e9paration \/ certification CSA d\u2019un tube \u00e0 rayons-x<\/em>.<\/h3>\n<p>[\/vc_column_text][\/vc_column][\/vc_row][vc_row full_width=\u00a0\u00bbstretch_row\u00a0\u00bb css=\u00a0\u00bb.vc_custom_1429989823128{margin-bottom: 0px !important;padding-top: 35px !important;padding-bottom: 25px !important;background-color: #534c4a !important;}\u00a0\u00bb][vc_column width=\u00a0\u00bb5\/6&Prime; css=\u00a0\u00bb.vc_custom_1427824430095{padding-top: 15px !important;}\u00a0\u00bb][vc_custom_heading text=\u00a0\u00bbVous avez des questions ?\u00a0\u00bb google_fonts=\u00a0\u00bbfont_family:Roboto%3A100%2C100italic%2C300%2C300italic%2Cregular%2Citalic%2C500%2C500italic%2C700%2C700italic%2C900%2C900italic|font_style:400%20regular%3A400%3Anormal\u00a0\u00bb text_align=\u00a0\u00bbalign-left\u00a0\u00bb heading_color=\u00a0\u00bb#ffffff\u00a0\u00bb][\/vc_column][vc_column width=\u00a0\u00bb1\/6&Prime;][vc_button title=\u00a0\u00bbNous joindre\u00a0\u00bb href=\u00a0\u00bbhttps:\/\/www.qnde.ca\/contact\/\u00a0\u00bb][\/vc_column][vc_column][\/vc_column][\/vc_row]<\/p>\n<\/div>","protected":false},"excerpt":{"rendered":"<p>[vc_row][vc_column][vc_row_inner][vc_column_inner width=\u00a0\u00bb2\/3&Prime;][vc_column_text] Entretien Pr\u00e9ventif, \u00c9talonnage et R\u00e9parations La plupart des marques et mod\u00e8les d&rsquo;\u00e9quipements sont \u00e9talonn\u00e9s, r\u00e9par\u00e9s, ou entretenus \u00e0 notre laboratoire ou sur place lorsque possible. Chez Qualit\u00e9 NDE, nos techniciens sont des sp\u00e9cialistes \u00e9lectroniques et sont form\u00e9s en usine pour mieux vous servir. Cela nous permet de vous envoyer rapidement une estimation \u00e9crite [&hellip;]<\/p>\n","protected":false},"author":2,"featured_media":0,"parent":0,"menu_order":0,"comment_status":"closed","ping_status":"closed","template":"","meta":{"_monsterinsights_skip_tracking":false,"_monsterinsights_sitenote_active":false,"_monsterinsights_sitenote_note":"","_monsterinsights_sitenote_category":0,"footnotes":""},"class_list":["post-1861","page","type-page","status-publish","hentry"],"yoast_head":"<!-- This site is optimized with the Yoast SEO plugin v23.9 - https:\/\/yoast.com\/wordpress\/plugins\/seo\/ -->\n<title>Services &#060; Qualit\u00e9 NDE<\/title>\n<meta name=\"description\" content=\"Service professionnel d\u2019\u00e9talonnage et de r\u00e9paration d\u2019\u00e9quipements et accessoires d\u2019essais non-destructifs. Service \u00ab RUSH \u00bb disponible pour plusieurs appareils.\" \/>\n<meta name=\"robots\" content=\"index, follow, max-snippet:-1, max-image-preview:large, max-video-preview:-1\" \/>\n<link rel=\"canonical\" href=\"https:\/\/www.qnde.ca\/fr\/services\/\" \/>\n<meta name=\"twitter:label1\" content=\"Dur\u00e9e de lecture estim\u00e9e\" \/>\n\t<meta name=\"twitter:data1\" content=\"5 minutes\" \/>\n<script type=\"application\/ld+json\" class=\"yoast-schema-graph\">{\"@context\":\"https:\/\/schema.org\",\"@graph\":[{\"@type\":\"WebPage\",\"@id\":\"https:\/\/www.qnde.ca\/fr\/services\/\",\"url\":\"https:\/\/www.qnde.ca\/fr\/services\/\",\"name\":\"Services &#060; Qualit\u00e9 NDE\",\"isPartOf\":{\"@id\":\"https:\/\/www.qnde.ca\/#website\"},\"primaryImageOfPage\":{\"@id\":\"https:\/\/www.qnde.ca\/fr\/services\/#primaryimage\"},\"image\":{\"@id\":\"https:\/\/www.qnde.ca\/fr\/services\/#primaryimage\"},\"thumbnailUrl\":\"https:\/\/www.qnde.ca\/wp-content\/uploads\/2021\/10\/Quality-NDE-calibration-laboratory-RadEye-on-our-Cesium-Cs-137-calibrator-scaled-e1634585454489-1024x860.jpg\",\"datePublished\":\"2015-02-19T22:59:31+00:00\",\"dateModified\":\"2021-12-23T21:28:56+00:00\",\"description\":\"Service professionnel d\u2019\u00e9talonnage et de r\u00e9paration d\u2019\u00e9quipements et accessoires d\u2019essais non-destructifs. Service \u00ab RUSH \u00bb disponible pour plusieurs appareils.\",\"breadcrumb\":{\"@id\":\"https:\/\/www.qnde.ca\/fr\/services\/#breadcrumb\"},\"inLanguage\":\"fr-FR\",\"potentialAction\":[{\"@type\":\"ReadAction\",\"target\":[\"https:\/\/www.qnde.ca\/fr\/services\/\"]}]},{\"@type\":\"ImageObject\",\"inLanguage\":\"fr-FR\",\"@id\":\"https:\/\/www.qnde.ca\/fr\/services\/#primaryimage\",\"url\":\"https:\/\/www.qnde.ca\/wp-content\/uploads\/2021\/10\/Quality-NDE-calibration-laboratory-RadEye-on-our-Cesium-Cs-137-calibrator-scaled-e1634585454489-1024x860.jpg\",\"contentUrl\":\"https:\/\/www.qnde.ca\/wp-content\/uploads\/2021\/10\/Quality-NDE-calibration-laboratory-RadEye-on-our-Cesium-Cs-137-calibrator-scaled-e1634585454489-1024x860.jpg\"},{\"@type\":\"BreadcrumbList\",\"@id\":\"https:\/\/www.qnde.ca\/fr\/services\/#breadcrumb\",\"itemListElement\":[{\"@type\":\"ListItem\",\"position\":1,\"name\":\"Accueil\",\"item\":\"https:\/\/www.qnde.ca\/fr\/\"},{\"@type\":\"ListItem\",\"position\":2,\"name\":\"Services\"}]},{\"@type\":\"WebSite\",\"@id\":\"https:\/\/www.qnde.ca\/#website\",\"url\":\"https:\/\/www.qnde.ca\/\",\"name\":\"Qualit\u00e9 NDE\",\"description\":\"\u00c9quipements d&#039;essais non destructifs \",\"publisher\":{\"@id\":\"https:\/\/www.qnde.ca\/#organization\"},\"potentialAction\":[{\"@type\":\"SearchAction\",\"target\":{\"@type\":\"EntryPoint\",\"urlTemplate\":\"https:\/\/www.qnde.ca\/?s={search_term_string}\"},\"query-input\":{\"@type\":\"PropertyValueSpecification\",\"valueRequired\":true,\"valueName\":\"search_term_string\"}}],\"inLanguage\":\"fr-FR\"},{\"@type\":\"Organization\",\"@id\":\"https:\/\/www.qnde.ca\/#organization\",\"name\":\"Quality NDT Ltd.\",\"url\":\"https:\/\/www.qnde.ca\/\",\"logo\":{\"@type\":\"ImageObject\",\"inLanguage\":\"fr-FR\",\"@id\":\"https:\/\/www.qnde.ca\/#\/schema\/logo\/image\/\",\"url\":\"https:\/\/www.qnde.ca\/wp-content\/uploads\/2022\/02\/QNDE_logo_RGB-gif.gif\",\"contentUrl\":\"https:\/\/www.qnde.ca\/wp-content\/uploads\/2022\/02\/QNDE_logo_RGB-gif.gif\",\"width\":250,\"height\":64,\"caption\":\"Quality NDT Ltd.\"},\"image\":{\"@id\":\"https:\/\/www.qnde.ca\/#\/schema\/logo\/image\/\"},\"sameAs\":[\"https:\/\/www.linkedin.com\/company\/qnde\/about\/?viewAsMember=true\"]}]}<\/script>\n<!-- \/ Yoast SEO plugin. -->","yoast_head_json":{"title":"Services &#060; Qualit\u00e9 NDE","description":"Service professionnel d\u2019\u00e9talonnage et de r\u00e9paration d\u2019\u00e9quipements et accessoires d\u2019essais non-destructifs. Service \u00ab RUSH \u00bb disponible pour plusieurs appareils.","robots":{"index":"index","follow":"follow","max-snippet":"max-snippet:-1","max-image-preview":"max-image-preview:large","max-video-preview":"max-video-preview:-1"},"canonical":"https:\/\/www.qnde.ca\/fr\/services\/","twitter_misc":{"Dur\u00e9e de lecture estim\u00e9e":"5 minutes"},"schema":{"@context":"https:\/\/schema.org","@graph":[{"@type":"WebPage","@id":"https:\/\/www.qnde.ca\/fr\/services\/","url":"https:\/\/www.qnde.ca\/fr\/services\/","name":"Services &#060; Qualit\u00e9 NDE","isPartOf":{"@id":"https:\/\/www.qnde.ca\/#website"},"primaryImageOfPage":{"@id":"https:\/\/www.qnde.ca\/fr\/services\/#primaryimage"},"image":{"@id":"https:\/\/www.qnde.ca\/fr\/services\/#primaryimage"},"thumbnailUrl":"https:\/\/www.qnde.ca\/wp-content\/uploads\/2021\/10\/Quality-NDE-calibration-laboratory-RadEye-on-our-Cesium-Cs-137-calibrator-scaled-e1634585454489-1024x860.jpg","datePublished":"2015-02-19T22:59:31+00:00","dateModified":"2021-12-23T21:28:56+00:00","description":"Service professionnel d\u2019\u00e9talonnage et de r\u00e9paration d\u2019\u00e9quipements et accessoires d\u2019essais non-destructifs. Service \u00ab RUSH \u00bb disponible pour plusieurs appareils.","breadcrumb":{"@id":"https:\/\/www.qnde.ca\/fr\/services\/#breadcrumb"},"inLanguage":"fr-FR","potentialAction":[{"@type":"ReadAction","target":["https:\/\/www.qnde.ca\/fr\/services\/"]}]},{"@type":"ImageObject","inLanguage":"fr-FR","@id":"https:\/\/www.qnde.ca\/fr\/services\/#primaryimage","url":"https:\/\/www.qnde.ca\/wp-content\/uploads\/2021\/10\/Quality-NDE-calibration-laboratory-RadEye-on-our-Cesium-Cs-137-calibrator-scaled-e1634585454489-1024x860.jpg","contentUrl":"https:\/\/www.qnde.ca\/wp-content\/uploads\/2021\/10\/Quality-NDE-calibration-laboratory-RadEye-on-our-Cesium-Cs-137-calibrator-scaled-e1634585454489-1024x860.jpg"},{"@type":"BreadcrumbList","@id":"https:\/\/www.qnde.ca\/fr\/services\/#breadcrumb","itemListElement":[{"@type":"ListItem","position":1,"name":"Accueil","item":"https:\/\/www.qnde.ca\/fr\/"},{"@type":"ListItem","position":2,"name":"Services"}]},{"@type":"WebSite","@id":"https:\/\/www.qnde.ca\/#website","url":"https:\/\/www.qnde.ca\/","name":"Qualit\u00e9 NDE","description":"\u00c9quipements d&#039;essais non destructifs ","publisher":{"@id":"https:\/\/www.qnde.ca\/#organization"},"potentialAction":[{"@type":"SearchAction","target":{"@type":"EntryPoint","urlTemplate":"https:\/\/www.qnde.ca\/?s={search_term_string}"},"query-input":{"@type":"PropertyValueSpecification","valueRequired":true,"valueName":"search_term_string"}}],"inLanguage":"fr-FR"},{"@type":"Organization","@id":"https:\/\/www.qnde.ca\/#organization","name":"Quality NDT Ltd.","url":"https:\/\/www.qnde.ca\/","logo":{"@type":"ImageObject","inLanguage":"fr-FR","@id":"https:\/\/www.qnde.ca\/#\/schema\/logo\/image\/","url":"https:\/\/www.qnde.ca\/wp-content\/uploads\/2022\/02\/QNDE_logo_RGB-gif.gif","contentUrl":"https:\/\/www.qnde.ca\/wp-content\/uploads\/2022\/02\/QNDE_logo_RGB-gif.gif","width":250,"height":64,"caption":"Quality NDT Ltd."},"image":{"@id":"https:\/\/www.qnde.ca\/#\/schema\/logo\/image\/"},"sameAs":["https:\/\/www.linkedin.com\/company\/qnde\/about\/?viewAsMember=true"]}]}},"jetpack_sharing_enabled":true,"_links":{"self":[{"href":"https:\/\/www.qnde.ca\/fr\/wp-json\/wp\/v2\/pages\/1861","targetHints":{"allow":["GET"]}}],"collection":[{"href":"https:\/\/www.qnde.ca\/fr\/wp-json\/wp\/v2\/pages"}],"about":[{"href":"https:\/\/www.qnde.ca\/fr\/wp-json\/wp\/v2\/types\/page"}],"author":[{"embeddable":true,"href":"https:\/\/www.qnde.ca\/fr\/wp-json\/wp\/v2\/users\/2"}],"replies":[{"embeddable":true,"href":"https:\/\/www.qnde.ca\/fr\/wp-json\/wp\/v2\/comments?post=1861"}],"version-history":[{"count":0,"href":"https:\/\/www.qnde.ca\/fr\/wp-json\/wp\/v2\/pages\/1861\/revisions"}],"wp:attachment":[{"href":"https:\/\/www.qnde.ca\/fr\/wp-json\/wp\/v2\/media?parent=1861"}],"curies":[{"name":"wp","href":"https:\/\/api.w.org\/{rel}","templated":true}]}}