{"id":1825,"date":"2015-02-19T11:38:47","date_gmt":"2015-02-19T16:38:47","guid":{"rendered":"https:\/\/velikorodnov.com\/dev\/wpflatastic\/?page_id=1825"},"modified":"2024-05-28T14:28:34","modified_gmt":"2024-05-28T18:28:34","slug":"a-propos","status":"publish","type":"page","link":"https:\/\/www.qnde.ca\/fr\/a-propos\/","title":{"rendered":"\u00c0 propos"},"content":{"rendered":"<div class=\"wpb-content-wrapper\"><p>[vc_row][vc_column width=\u00a0\u00bb1\/2&Prime;][vc_custom_heading text=\u00a0\u00bbQualit\u00e9 NDE : Qui sommes-nous?\u00a0\u00bb font_container=\u00a0\u00bbtag:h1|text_align:left\u00a0\u00bb google_fonts=\u00a0\u00bbfont_family:Roboto%3A100%2C100italic%2C300%2C300italic%2Cregular%2Citalic%2C500%2C500italic%2C700%2C700italic%2C900%2C900italic|font_style:100%20light%20regular%3A100%3Anormal\u00a0\u00bb text_align=\u00a0\u00bbalign-left\u00a0\u00bb][vc_column_text]Depuis 1975, nous nous sommes progressivement d\u00e9velopp\u00e9s pour devenir le plus grand fournisseur d\u2019\u00e9quipement d\u2019essais non destructifs (END) dans l\u2019est du Canada. Avec des bureaux et entrep\u00f4ts au Qu\u00e9bec et en Ontario, nous r\u00e9pondons rapidement et efficacement \u00e0 tous vos besoins. Nous entreposons, vendons, fabriquons, r\u00e9parons et \u00e9talonnons tous les types d&rsquo;\u00e9quipement et accessoires d\u2019essais non destructifs.<\/p>\n<p>Qualit\u00e9 NDE travaille de pair avec vous afin de vous conseiller et trouver les meilleures solutions \u00e0 tous vos besoins en \u00e9quipement d\u2019essais non destructifs (END).[\/vc_column_text][vc_custom_heading text=\u00a0\u00bbNos services\u00a0\u00bb font_container=\u00a0\u00bbtag:h5|text_align:left\u00a0\u00bb google_fonts=\u00a0\u00bbfont_family:Roboto%3A100%2C100italic%2C300%2C300italic%2Cregular%2Citalic%2C500%2C500italic%2C700%2C700italic%2C900%2C900italic|font_style:100%20light%20regular%3A100%3Anormal\u00a0\u00bb text_align=\u00a0\u00bbalign-left\u00a0\u00bb][vc_column_text]<\/p>\n<ul>\n<li class=\"\">Produits pour inspection par ressuage<\/li>\n<li class=\"\">Produits pour inspection par particules magn\u00e9tiques<\/li>\n<li class=\"\">\u00c9quipement de d\u00e9tection de la radioactivit\u00e9<\/li>\n<li>Produits pour la radiographie (Rayon-x, Rayon Gamma)<\/li>\n<li>Essais de fuite<\/li>\n<li>Produits de nettoyage certifi\u00e9s pour utilisation en a\u00e9ronautique<\/li>\n<li>Endoscopie industrielle (borescope, fibroscope, vid\u00e9oscope, etc.)<\/li>\n<li>Machines \u00e0 ultrasons<\/li>\n<li>\u00c9quipement \u00e0 courant de Foucault<\/li>\n<li>Entretien, \u00e9talonnage et r\u00e9paration de vos produits<\/li>\n<li class=\"shover\">Financement disponible sur acceptation du cr\u00e9dit<\/li>\n<\/ul>\n<p>[\/vc_column_text][\/vc_column][vc_column width=\u00a0\u00bb1\/2&Prime;][vc_mad_single_image image=\u00a0\u00bb5154&Prime; alignment=\u00a0\u00bbleft\u00a0\u00bb img_size=\u00a0\u00bb550*339&Prime;][vc_mad_single_image image=\u00a0\u00bb5155&Prime; alignment=\u00a0\u00bbleft\u00a0\u00bb img_size=\u00a0\u00bb550*339&Prime;][\/vc_column][\/vc_row][vc_row][vc_column width=\u00a0\u00bb1\/2&Prime;][vc_mad_single_image image=\u00a0\u00bb7475&Prime; alignment=\u00a0\u00bbcenter\u00a0\u00bb onclick=\u00a0\u00bbcustom_link\u00a0\u00bb img_link_target=\u00a0\u00bb_blank\u00a0\u00bb link=\u00a0\u00bbhttps:\/\/www.qnde.ca\/wp-content\/uploads\/2023\/10\/Quality-NDE-ISO-9001-Certificate-2023-10-05-to-2026-10-04-French-V2023-10-05.pdf\u00a0\u00bb img_size=\u00a0\u00bb140*140&Prime;][\/vc_column][vc_column width=\u00a0\u00bb1\/2&Prime;][vc_mad_single_image image=\u00a0\u00bb3325&Prime; alignment=\u00a0\u00bbcenter\u00a0\u00bb onclick=\u00a0\u00bbcustom_link\u00a0\u00bb img_link_target=\u00a0\u00bb_blank\u00a0\u00bb link=\u00a0\u00bbhttps:\/\/www.astm.org\/\u00a0\u00bb][\/vc_column][\/vc_row]<\/p>\n<\/div>","protected":false},"excerpt":{"rendered":"<p>[vc_row][vc_column width=\u00a0\u00bb1\/2&Prime;][vc_custom_heading text=\u00a0\u00bbQualit\u00e9 NDE : Qui sommes-nous?\u00a0\u00bb font_container=\u00a0\u00bbtag:h1|text_align:left\u00a0\u00bb google_fonts=\u00a0\u00bbfont_family:Roboto%3A100%2C100italic%2C300%2C300italic%2Cregular%2Citalic%2C500%2C500italic%2C700%2C700italic%2C900%2C900italic|font_style:100%20light%20regular%3A100%3Anormal\u00a0\u00bb text_align=\u00a0\u00bbalign-left\u00a0\u00bb][vc_column_text]Depuis 1975, nous nous sommes progressivement d\u00e9velopp\u00e9s pour devenir le plus grand fournisseur d\u2019\u00e9quipement d\u2019essais non destructifs (END) dans l\u2019est du Canada. Avec des bureaux et entrep\u00f4ts au Qu\u00e9bec et en Ontario, nous r\u00e9pondons rapidement et efficacement \u00e0 tous vos besoins. Nous entreposons, vendons, fabriquons, r\u00e9parons [&hellip;]<\/p>\n","protected":false},"author":2,"featured_media":0,"parent":0,"menu_order":0,"comment_status":"closed","ping_status":"closed","template":"","meta":{"_monsterinsights_skip_tracking":false,"_monsterinsights_sitenote_active":false,"_monsterinsights_sitenote_note":"","_monsterinsights_sitenote_category":0,"footnotes":""},"class_list":["post-1825","page","type-page","status-publish","hentry"],"yoast_head":"<!-- This site is optimized with the Yoast SEO plugin v23.9 - https:\/\/yoast.com\/wordpress\/plugins\/seo\/ -->\n<title>\u00c0 propos &#060; Qualit\u00e9 NDE<\/title>\n<meta name=\"robots\" content=\"index, follow, max-snippet:-1, max-image-preview:large, max-video-preview:-1\" \/>\n<link rel=\"canonical\" href=\"https:\/\/www.qnde.ca\/fr\/a-propos\/\" \/>\n<meta name=\"twitter:label1\" content=\"Dur\u00e9e de lecture estim\u00e9e\" \/>\n\t<meta name=\"twitter:data1\" content=\"1 minute\" \/>\n<script type=\"application\/ld+json\" class=\"yoast-schema-graph\">{\"@context\":\"https:\/\/schema.org\",\"@graph\":[{\"@type\":\"WebPage\",\"@id\":\"https:\/\/www.qnde.ca\/fr\/a-propos\/\",\"url\":\"https:\/\/www.qnde.ca\/fr\/a-propos\/\",\"name\":\"\u00c0 propos &#060; Qualit\u00e9 NDE\",\"isPartOf\":{\"@id\":\"https:\/\/www.qnde.ca\/#website\"},\"datePublished\":\"2015-02-19T16:38:47+00:00\",\"dateModified\":\"2024-05-28T18:28:34+00:00\",\"breadcrumb\":{\"@id\":\"https:\/\/www.qnde.ca\/fr\/a-propos\/#breadcrumb\"},\"inLanguage\":\"fr-FR\",\"potentialAction\":[{\"@type\":\"ReadAction\",\"target\":[\"https:\/\/www.qnde.ca\/fr\/a-propos\/\"]}]},{\"@type\":\"BreadcrumbList\",\"@id\":\"https:\/\/www.qnde.ca\/fr\/a-propos\/#breadcrumb\",\"itemListElement\":[{\"@type\":\"ListItem\",\"position\":1,\"name\":\"Accueil\",\"item\":\"https:\/\/www.qnde.ca\/fr\/\"},{\"@type\":\"ListItem\",\"position\":2,\"name\":\"\u00c0 propos\"}]},{\"@type\":\"WebSite\",\"@id\":\"https:\/\/www.qnde.ca\/#website\",\"url\":\"https:\/\/www.qnde.ca\/\",\"name\":\"Qualit\u00e9 NDE\",\"description\":\"\u00c9quipements d&#039;essais non destructifs \",\"publisher\":{\"@id\":\"https:\/\/www.qnde.ca\/#organization\"},\"potentialAction\":[{\"@type\":\"SearchAction\",\"target\":{\"@type\":\"EntryPoint\",\"urlTemplate\":\"https:\/\/www.qnde.ca\/?s={search_term_string}\"},\"query-input\":{\"@type\":\"PropertyValueSpecification\",\"valueRequired\":true,\"valueName\":\"search_term_string\"}}],\"inLanguage\":\"fr-FR\"},{\"@type\":\"Organization\",\"@id\":\"https:\/\/www.qnde.ca\/#organization\",\"name\":\"Quality NDT Ltd.\",\"url\":\"https:\/\/www.qnde.ca\/\",\"logo\":{\"@type\":\"ImageObject\",\"inLanguage\":\"fr-FR\",\"@id\":\"https:\/\/www.qnde.ca\/#\/schema\/logo\/image\/\",\"url\":\"https:\/\/www.qnde.ca\/wp-content\/uploads\/2022\/02\/QNDE_logo_RGB-gif.gif\",\"contentUrl\":\"https:\/\/www.qnde.ca\/wp-content\/uploads\/2022\/02\/QNDE_logo_RGB-gif.gif\",\"width\":250,\"height\":64,\"caption\":\"Quality NDT Ltd.\"},\"image\":{\"@id\":\"https:\/\/www.qnde.ca\/#\/schema\/logo\/image\/\"},\"sameAs\":[\"https:\/\/www.linkedin.com\/company\/qnde\/about\/?viewAsMember=true\"]}]}<\/script>\n<!-- \/ Yoast SEO plugin. -->","yoast_head_json":{"title":"\u00c0 propos &#060; Qualit\u00e9 NDE","robots":{"index":"index","follow":"follow","max-snippet":"max-snippet:-1","max-image-preview":"max-image-preview:large","max-video-preview":"max-video-preview:-1"},"canonical":"https:\/\/www.qnde.ca\/fr\/a-propos\/","twitter_misc":{"Dur\u00e9e de lecture estim\u00e9e":"1 minute"},"schema":{"@context":"https:\/\/schema.org","@graph":[{"@type":"WebPage","@id":"https:\/\/www.qnde.ca\/fr\/a-propos\/","url":"https:\/\/www.qnde.ca\/fr\/a-propos\/","name":"\u00c0 propos &#060; Qualit\u00e9 NDE","isPartOf":{"@id":"https:\/\/www.qnde.ca\/#website"},"datePublished":"2015-02-19T16:38:47+00:00","dateModified":"2024-05-28T18:28:34+00:00","breadcrumb":{"@id":"https:\/\/www.qnde.ca\/fr\/a-propos\/#breadcrumb"},"inLanguage":"fr-FR","potentialAction":[{"@type":"ReadAction","target":["https:\/\/www.qnde.ca\/fr\/a-propos\/"]}]},{"@type":"BreadcrumbList","@id":"https:\/\/www.qnde.ca\/fr\/a-propos\/#breadcrumb","itemListElement":[{"@type":"ListItem","position":1,"name":"Accueil","item":"https:\/\/www.qnde.ca\/fr\/"},{"@type":"ListItem","position":2,"name":"\u00c0 propos"}]},{"@type":"WebSite","@id":"https:\/\/www.qnde.ca\/#website","url":"https:\/\/www.qnde.ca\/","name":"Qualit\u00e9 NDE","description":"\u00c9quipements d&#039;essais non destructifs ","publisher":{"@id":"https:\/\/www.qnde.ca\/#organization"},"potentialAction":[{"@type":"SearchAction","target":{"@type":"EntryPoint","urlTemplate":"https:\/\/www.qnde.ca\/?s={search_term_string}"},"query-input":{"@type":"PropertyValueSpecification","valueRequired":true,"valueName":"search_term_string"}}],"inLanguage":"fr-FR"},{"@type":"Organization","@id":"https:\/\/www.qnde.ca\/#organization","name":"Quality NDT Ltd.","url":"https:\/\/www.qnde.ca\/","logo":{"@type":"ImageObject","inLanguage":"fr-FR","@id":"https:\/\/www.qnde.ca\/#\/schema\/logo\/image\/","url":"https:\/\/www.qnde.ca\/wp-content\/uploads\/2022\/02\/QNDE_logo_RGB-gif.gif","contentUrl":"https:\/\/www.qnde.ca\/wp-content\/uploads\/2022\/02\/QNDE_logo_RGB-gif.gif","width":250,"height":64,"caption":"Quality NDT Ltd."},"image":{"@id":"https:\/\/www.qnde.ca\/#\/schema\/logo\/image\/"},"sameAs":["https:\/\/www.linkedin.com\/company\/qnde\/about\/?viewAsMember=true"]}]}},"jetpack_sharing_enabled":true,"_links":{"self":[{"href":"https:\/\/www.qnde.ca\/fr\/wp-json\/wp\/v2\/pages\/1825","targetHints":{"allow":["GET"]}}],"collection":[{"href":"https:\/\/www.qnde.ca\/fr\/wp-json\/wp\/v2\/pages"}],"about":[{"href":"https:\/\/www.qnde.ca\/fr\/wp-json\/wp\/v2\/types\/page"}],"author":[{"embeddable":true,"href":"https:\/\/www.qnde.ca\/fr\/wp-json\/wp\/v2\/users\/2"}],"replies":[{"embeddable":true,"href":"https:\/\/www.qnde.ca\/fr\/wp-json\/wp\/v2\/comments?post=1825"}],"version-history":[{"count":3,"href":"https:\/\/www.qnde.ca\/fr\/wp-json\/wp\/v2\/pages\/1825\/revisions"}],"predecessor-version":[{"id":33964,"href":"https:\/\/www.qnde.ca\/fr\/wp-json\/wp\/v2\/pages\/1825\/revisions\/33964"}],"wp:attachment":[{"href":"https:\/\/www.qnde.ca\/fr\/wp-json\/wp\/v2\/media?parent=1825"}],"curies":[{"name":"wp","href":"https:\/\/api.w.org\/{rel}","templated":true}]}}